{"id":16485,"date":"2023-11-24T14:16:16","date_gmt":"2023-11-24T14:16:16","guid":{"rendered":"https:\/\/sitechecker.pro\/?page_id=16485"},"modified":"2024-10-09T17:54:51","modified_gmt":"2024-10-09T17:54:51","slug":"h1-tag-requirements-writing-properly","status":"publish","type":"page","link":"https:\/\/sitechecker.pro\/de\/h1-tag-requirements-writing-properly\/","title":{"rendered":"Was ist H1-Tag und Anforderungen f\u00fcr das richtige Schreiben | Sitechecker"},"content":{"rendered":"<p><\/p>\n<h2>Ein Beispiel f\u00fcr einen H1 Tag und Titel Tag in HTML<\/h2>\n<p>&nbsp;<\/p>\n<div class=\"code\"><code>&lt;html&gt;<br \/>\n&lt;head&gt;<br \/>\n&lt;title&gt;What is H1 Tag &amp; How Important Is This For SEO?&lt;\/title&gt;<br \/>\n&lt;\/head&gt;<br \/>\n&lt;body&gt;<br \/>\n<span class=\"html-tag\">&lt;h1&gt;Explore an Importance of H1 Tag and the Requirements of Its Writing<\/span><span class=\"html-tag\">&lt;\/h1&gt;<\/span><br \/>\n&lt;\/body&gt;<br \/>\n&lt;\/html&gt;<br \/>\n<\/code><\/div>\n<p>&nbsp;<\/p>\n<h2>Was ist ein H1 Tag?<\/h2>\n<p>Der H1 Tag ist ein Inhaltsverzeichnis vom Text (es ist wie der Titel eines Buchs oder eines Artikels in einer Zeitung). Auf jeder Seite sollte einer und nur ein H1 Tag sein.<\/p>\n<p>In Sachen Attraktivit\u00e4t f\u00fcr den User ist dieser von gr\u00f6\u00dfter Wichtigkeit. Aber f\u00fcr die SEO-Promotion hat der Titel Meta-Tag ein gr\u00f6\u00dferes Gewicht.<\/p>\n<p>Der Titel ist zugleich ein Seiten-Header aber er ist nicht nur f\u00fcr Leute, sondern auch f\u00fcr Robots. Er wird nicht auf der Seite selbst angezeigt, aber im Browser-Tab und in dem Schnipsel als aktiver Link zur Seite. Der Titel ist eine Alternative, aber der Main-Header f\u00fcr das HTML-Dokument. Wenn dieser fehlt nimmt die Suchmaschine den H1 als Basis und verwendet diesen in ihrer Sichel.<\/p>\n<div class=\"box\">\n<h2 style=\"text-align: center;\">Warum sollte sich der H1 vom Titel unterscheiden?<\/h2>\n<p>Es ist ziemlich wichtig zu verstehen, dass H1 und Titel unterschiedliche Dinge sind. Und sie m\u00fcssen geschickt kombiniert werden. Hier sind die Basics \u00fcber dieses Thema:<br \/>\nDie Vernachl\u00e4ssigung der Regeln hinsichtlich Einzigartigkeit und Relevanz der \u00dcberschriften kann dazu f\u00fchren, dass die Seite einem Filter zum Opfer f\u00e4llt. Zudem begannen Suchmaschinen in j\u00fcngster Vergangenheit besondere Aufmerksamkeit auf die Qualit\u00e4t des Contents und der SEO-Settings zu legen. Dubletten, \u00dcberschneidungen und chaotische Verteilung von \u00dcberschriften, deren Inkonsistenz mit dem Inhalt wird bestraft.<\/p>\n<\/div>\n<p>&nbsp;<\/p>\n<h2>Voraussetzungen f\u00fcr die L\u00e4nge des H1<\/h2>\n<p>Der H1 sollte pr\u00e4gnanter sein als der Titel, die Zahl der Zeichen von 50 aber nicht \u00fcberschreiten. Zugleich ist es keine Katastrophe, wenn die \u00dcberschrift l\u00e4nger ist, wenn es unm\u00f6glich ist, die ganze Wichigkeit des Inhalts in eine geeignete Menge zu stopfen.<br \/>\nBesondere Plugins f\u00fcr WordPress erlauben es, alle Meta direkt im Editor zu analysieren.<\/p>\n<p>&nbsp;<\/p>\n<h2>Regeln f\u00fcr gebildetes Schreiben von H1<\/h2>\n<p>&nbsp;<\/p>\n<ul>\n<li>Muss einzigartig f\u00fcr die ganze Seite und absolut lesbar sein;<\/li>\n<li>Wiederholt nicht den Titel Tag, darf diesem auch nicht widersprechen;<\/li>\n<li>Machen Sie ihn nicht zu lang (Sie k\u00f6nnen einen Titel mit mehr Platz verwenden);<\/li>\n<li>Wir nur einmal pro Seite verwendet;<\/li>\n<li>Relevant zum Text und zeigt semantische Wesentlichkeit des Materials an;<\/li>\n<li>Interessant und attraktiv f\u00fcr den User;<\/li>\n<li>Sie d\u00fcrfen keinen Punkt am Ende setzen und es ist empfohlen, Aufz\u00e4hlungszeichen auf ein Minimum zu reduzieren.<\/li>\n<\/ul>\n<p>&nbsp;<\/p>\n<h2>Verwendung von Schl\u00fcsselw\u00f6rtern<\/h2>\n<p>Die Haupt-Schl\u00fcsselworte sollten allem voran den Titel beinhalten. Aber sie sollten diese auch im H1 verwenden. In beiden F\u00e4llen hier und dort sollten Sie ganz am Beginn verwendet werden. Aber es w\u00e4re besser, wenn die Schl\u00fcsselworte in beiden Tags nicht absolut identisch w\u00e4ren. Sie sollten verschiedene Formen oder verw\u00e4sserte Versionen in H1 und in der Zeile des Titels verwenden.<\/p>\n<p>Manche nehmen alle Schl\u00fcsselworte auf den Beginn der Seite und erstellen eine Struktur der Artikel daraus. Nur zur Erinnerung \u2013 ohne coole Verhaltensfaktoren wird eine Streuung von Schl\u00fcsselworten auf die Untertitel vom Filter f\u00fcr \u201e\u00dcberschw\u00e4nglichkeit\u201c gestraft.<\/p>\n<p id=\"check\">\n<p><\/p>","protected":false},"excerpt":{"rendered":"Ein Beispiel f\u00fcr einen H1 Tag und Titel Tag in HTML &nbsp; &lt;html&gt; &lt;head&gt; &lt;title&gt;What is H1 Tag &amp; How Important Is This For SEO?&lt;\/title&gt; &lt;\/head&gt; &lt;body&gt; &lt;h1&gt;Explore an Importance of H1 Tag and the Requirements of Its Writing&lt;\/h1&gt; &lt;\/body&gt; &lt;\/html&gt; &nbsp; Was ist ein H1 Tag? Der H1 Tag ist ein Inhaltsverzeichnis vom Text&#8230;","protected":false},"author":11474150,"featured_media":3427,"parent":0,"menu_order":0,"comment_status":"closed","ping_status":"closed","template":"pages-templates\/pages-v2.php","meta":[],"categories":[27],"tags":[],"_links":{"self":[{"href":"https:\/\/sitechecker.pro\/de\/wp-json\/wp\/v2\/pages\/16485"}],"collection":[{"href":"https:\/\/sitechecker.pro\/de\/wp-json\/wp\/v2\/pages"}],"about":[{"href":"https:\/\/sitechecker.pro\/de\/wp-json\/wp\/v2\/types\/page"}],"author":[{"embeddable":true,"href":"https:\/\/sitechecker.pro\/de\/wp-json\/wp\/v2\/users\/11474150"}],"replies":[{"embeddable":true,"href":"https:\/\/sitechecker.pro\/de\/wp-json\/wp\/v2\/comments?post=16485"}],"version-history":[{"count":10,"href":"https:\/\/sitechecker.pro\/de\/wp-json\/wp\/v2\/pages\/16485\/revisions"}],"predecessor-version":[{"id":38192,"href":"https:\/\/sitechecker.pro\/de\/wp-json\/wp\/v2\/pages\/16485\/revisions\/38192"}],"wp:featuredmedia":[{"embeddable":true,"href":"https:\/\/sitechecker.pro\/de\/wp-json\/wp\/v2\/media\/3427"}],"wp:attachment":[{"href":"https:\/\/sitechecker.pro\/de\/wp-json\/wp\/v2\/media?parent=16485"}],"wp:term":[{"taxonomy":"category","embeddable":true,"href":"https:\/\/sitechecker.pro\/de\/wp-json\/wp\/v2\/categories?post=16485"},{"taxonomy":"post_tag","embeddable":true,"href":"https:\/\/sitechecker.pro\/de\/wp-json\/wp\/v2\/tags?post=16485"}],"curies":[{"name":"wp","href":"https:\/\/api.w.org\/{rel}","templated":true}]}}