{"id":1531,"date":"2018-02-19T12:06:26","date_gmt":"2018-02-19T12:06:26","guid":{"rendered":"https:\/\/sitechecker.pro\/?page_id=1531"},"modified":"2025-03-27T09:21:03","modified_gmt":"2025-03-27T09:21:03","slug":"domain-authority","status":"publish","type":"page","link":"https:\/\/sitechecker.pro\/de\/domain-authority\/","title":{"rendered":"Website Authority Checker | Kostenloses Tool zur \u00dcberpr\u00fcfung der \u201eAutorit\u00e4t\u201c"},"content":{"rendered":"<p>Um ein Linkprofil aufzubauen, indem Sie Partner- und Spenderseiten verwenden und Backlinks darauf setzen, m\u00fcssen Sie wissen, welche Seiten gut sind und Ihnen nicht schaden. Es gibt viele Websites im Internet. Sind alle gleich gut? Nat\u00fcrlich nicht.<\/p>\n<p>Was sind die Kriterien f\u00fcr die Bewertung von Websites, abgesehen von den offensichtlichsten? Wir werden Sie \u00fcber das <b>Ranking-System<\/b> informieren, das Ihnen hilft, nur qualitativ hochwertige Websites auszuw\u00e4hlen, um Backlinks zu ihnen zu platzieren. Es ist der <a href=\"https:\/\/sitechecker.pro\/moz-rank\/\">MozRank<\/a>. Alle Websites haben unterschiedliche Rankings. Einige sind seri\u00f6s und haben \u201eRespekt und Ansehen\u201c. Andere versuchen noch, Fu\u00df zu fassen. Es gibt nur registrierte Seiten. Dar\u00fcber hinaus m\u00fcssen Sie bedenken, dass Bulk-Sites schwarze Werbemethoden verwenden. Und wenn solche Seiten auf Sie verlinken, k\u00f6nnen Suchmaschinen Sie bestrafen und Ihre <a href=\"https:\/\/sitechecker.pro\/serp\/\">Suchmaschinenpositionierung<\/a> senken.<\/p>\n<p>Alle Seiten haben unterschiedliche Rankings. Das Ranking wird durch die Reinheit der Domain beeinflusst. Viele Inkonsistenzen machen es erforderlich, das Ranking-System zu verbessern und viele Nuancen zu ber\u00fccksichtigen. Es gibt ein solches System namens <b>Domain Authority<\/b> (DA). Dieses System ist sehr n\u00fctzlich, um den Inhalt von Websites zu bewerten. Wenn Sie lange genug mit <b>SEO-Experten<\/b> sprechen, wissen Sie, dass ein Begriff immer wieder auftauchen wird: <b>Domain-Autorit\u00e4t<\/b>. Wie aussagekr\u00e4ftig ist dieses Kriterium? Verwenden Suchmaschinen es beim Ranking? Wie beeinflussen Sie dieses Ranking? Und vor allem, wie \u00fcberpr\u00fcft man das DA-Ranking?<\/p>\n<p>Dieser Artikel beantwortet diese Fragen und zeigt Ihnen, wie Sie die Autorit\u00e4t Ihrer Domain mit unserem neuen <b>Domain Authority Checker<\/b> erh\u00f6hen k\u00f6nnen.<\/p>\n<h2 id=\"ik_What\">Was ist ein Domain Authority Checker?<\/h2>\n<p>Domain Authority Checker von <b>sitechecker.pro<\/b> ist der einfachste Weg, MOZ DA-Websites zu \u00fcberpr\u00fcfen. Der kostenlose und schnelle DA-Checker ist einfach zu bedienen und zeigt Ihnen den genauen DA jeder Website, egal ob es sich um Ihre Website oder die Website Ihres Konkurrenten handelt.<\/p>\n<p>Die Leistungsf\u00e4higkeit des Online-Tools erm\u00f6glicht es Ihnen, das Ranking einer bestimmten URL und die Wahrscheinlichkeit, dass sie gut platziert wird, schnell zu bestimmen. Es ist das beste Programm, um die Rangliste zu \u00fcberpr\u00fcfen. Wir haben das Tool auf einer robusten Plattform aufgebaut.<\/p>\n<p>Alles ist sehr einfach! Einfach ausgedr\u00fcckt, wenn Sie schnell pr\u00fcfen m\u00f6chten, ob Sie sich mit einer Linktausch- und Linkerstellungsseite befassen sollten, dann sind Sie hier genau richtig. Bevor Sie mit der Zusammenarbeit beginnen, \u00fcberpr\u00fcfen Sie, welche Art von Ranking diese Website hat. Und erst wenn Sie sicher sind, dass diese Seite Ihrem Ranking nicht schadet, k\u00f6nnen Sie damit anfangen.<\/p>\n<h2 id=\"ik_Guide\">Verwendung der Dom\u00e4nenautorit\u00e4tspr\u00fcfung: eine Schritt-f\u00fcr-Schritt-Anleitung<\/h2>\n<p>Wie gesagt, mit unserem neuen Tool k\u00f6nnen Sie die Bewertung der Website schnell herausfinden. Und Sie werden nicht glauben, wie komfortabel es zu bedienen ist. Eine ausf\u00fchrliche Anleitung haben wir am Beispiel unserer Seite sitechecker.pro vorbereitet. Finden Sie die Domain-Bewertung Ihrer Konkurrenten oder Partner heraus, denn dies wird Ihnen beim Aufbau einer Social-Media-Werbestrategie helfen. Unser Tool funktioniert online, sodass Sie keine Software auf Ihr Ger\u00e4t herunterladen m\u00fcssen. Werfen wir also einen Blick auf die <b>Anleitung<\/b>.<\/p>\n<h3>Schritt 1: Geben Sie Ihre Domain ein<\/h3>\n<p>Gehen Sie zur Tool-Seite und geben Sie die Domain der Website ein, deren Bewertung Sie herausfinden m\u00f6chten. Starte das Recherche-DIY, indem du auf den blauen Pfeil-Button klickst.<\/p>\n<div class=\"content__img-wrap\"><img src=\"https:\/\/sitechecker.pro\/wp-content\/uploads\/2022\/04\/DA-checker-new-1.jpg\" alt=\"Domain Authority Checker Scannen - Website-Autorit\u00e4t pr\u00fcfen\" class=\"description-img description-img-zoom\" loading=\"lazy\" ><\/div>\n<h3>Schritt 2: Ergebnisanalyse der Dom\u00e4nenautorit\u00e4tspr\u00fcfung<\/h3>\n<p>Wenn der Scan abgeschlossen ist, sehen Sie das Ergebnis des <a href=\"https:\/\/sitechecker.pro\/ahrefs-rank\/\">Domain-Rank<\/a>-Verkehrs. Als n\u00e4chstes sollten Sie das Ergebnis analysieren, welche Aspekte auf Ihrer Website weiter verbessert werden m\u00fcssen, wenn Sie Ihre Website analysiert haben.<\/p>\n<p>Websites mit <b>hochwertigen externen Links<\/b>, wie z. B. Online-Verzeichnisse und Enzyklop\u00e4dien, stufen die Domain-Autorit\u00e4t ein. Verst\u00e4ndlicherweise haben Websites mit weniger externen Links einen niedrigeren DA-Score.<\/p>\n<div class=\"content__img-wrap\"><img src=\"https:\/\/sitechecker.pro\/wp-content\/uploads\/2022\/04\/DA-checker-new-2.jpg\" alt=\"ALT Domain Authority Checker Tool - High Domain Authority Score Test Scanning\" class=\"description-img description-img-zoom\" loading=\"lazy\" ><\/div>\n<p>Unser Domain-Checker-Tool ist ein Vergleichstool. Alle Websites haben unterschiedliche Ergebnisse, was bedeutet, dass sich ihre Platzierungen im Laufe der Zeit \u00e4ndern k\u00f6nnen.<\/p>\n<h2 id=\"ik_authority\">Was ist Dom\u00e4nenautorit\u00e4t?<\/h2>\n<p>Verschiedene Faktoren k\u00f6nnen das Ranking einer Website im Internet beeinflussen. DA ist ein Ranking-Score von <b>MOZ <\/b>, der die Relevanz einer Website f\u00fcr ein bestimmtes Thema und eine bestimmte Suchanfrage beschreibt. Die DA-Bewertung kann von 1 bis 100 reichen. Je h\u00f6her die Autorit\u00e4t der Domain einer Website ist, desto h\u00f6her wird sie von Google bewertet. Dieses System ist mit den Ergebnisseiten von Suchmaschinen verkn\u00fcpft. Je h\u00f6her die Definition, desto h\u00f6her wird die Website in den <b>Suchmaschinenergebnissen<\/b> eingestuft.<\/p>\n<p>Einfach ausgedr\u00fcckt ist die <b>DA einer Website eine Punktzahl<\/b>, die auf die Autorit\u00e4t und Relevanz einer Website hinweist. Verwechseln Sie Website-Namensautorit\u00e4t (Domain-Autorit\u00e4t) nicht mit Seitenautorit\u00e4t. Dies sind verschiedene Rankings zur Bewertung der Qualit\u00e4t einer Website.<\/p>\n<p>Website-DA gibt das Gesamtrankingpotenzial einer gesamten Domain oder Website an, aber die Seitenautorit\u00e4t (<b>PA<\/b>) misst das Rankingpotenzial einer einzelnen Webseite. Beide Metriken ben\u00f6tigen spezifische Tools. Und wir haben beides. \u00dcberpr\u00fcfen Sie die Tool-Seite <a href=\"https:\/\/sitechecker.pro\/page-authority\/\">Page Authority<\/a>.<\/p>\n<h2 id=\"ik_calculate\">Wie wird die Domainautorit\u00e4t berechnet?<\/h2>\n<p>Berechnete Dom\u00e4nenautorit\u00e4t ist ein komplexer Prozess, der die Hauptmerkmale zu einem kombiniert. Zun\u00e4chst wird die Anzahl der eindeutigen <a href=\"https:\/\/sitechecker.pro\/root-domain\/\">Root-Domains<\/a> auf der Website betrachtet. Dieser Indikator ist f\u00fcr alle St\u00e4rken und Schw\u00e4chen der Ressource erforderlich.<\/p>\n<p>Danach ermittelt das Tool ahrefs die Gesamtzahl der <a href=\"https:\/\/sitechecker.pro\/external-links\/\">externen<\/a> Links. Auf diese Weise \u00fcberwacht ein Domain Authority Checker die Zuverl\u00e4ssigkeit und Autorit\u00e4t einer Website im Laufe der Zeit. Sie k\u00f6nnen einfach alle Links nachschlagen und mehr \u00fcber <a href=\"https:\/\/sitechecker.pro\/domain-authority\/#:~:text=all%20links%20on%20a%20website\">alle Links erfahren eine Website<\/a> mit unseren Tools.<\/p>\n<p>Um Ihre Seite wettbewerbsf\u00e4hig zu halten und nur mit guten Seiten zu kooperieren, sollten Sie das Ranking mit unserem Tool st\u00e4ndig \u00fcberpr\u00fcfen.<\/p>\n<h2 id=\"ik_scored\">Wie wird die Domain Authority bewertet?<\/h2>\n<p>Die allgemeine Skala der Dom\u00e4nenautorit\u00e4t reicht von <b>0 bis 100<\/b>. Aber es reicht nicht aus, nur die Zahl zu kennen. Sie m\u00fcssen in der Lage sein, die Daten richtig zu analysieren. Denken Sie daran, dass es viel einfacher ist, Ihre Punktzahl von 15 auf 35 zu verbessern, als auf einem h\u00f6heren Niveau. Anhand dieses Punktes erfahren Sie anhand des Alters Ihrer Website die Autorit\u00e4t in den Augen der Suchmaschinen.<\/p>\n<p>Wenn Sie beispielsweise von 0 auf 25 gegangen sind, ist das eine brandneue, neu erstellte Internetseite, der Google m\u00f6glicherweise nicht sehr vertraut. 0\u201310 ist ein schreckliches Ranking. <b>25\u201350 <\/b>Punkte sind ziemlich gute Websites, nicht gro\u00df, aber sie k\u00f6nnen f\u00fcr Benutzer n\u00fctzlich sein und das Potenzial haben, sich weiterzuentwickeln und eine hohe Punktzahl zu erreichen. Wenn eine Seite mehr als 60 Punkte hat, ist sie eine seri\u00f6se Seite, der man vertraut.<\/p>\n<h2 id=\"ik_important\">Ist Domainautorit\u00e4t wichtig f\u00fcr SEO?<\/h2>\n<p>Ein positiver <b>Domain Authority Score<\/b> sollte nicht Ihr einziges Ziel sein, wenn Sie Ihre Website f\u00fcr Suchmaschinen optimieren. Dieser Indikator ist f\u00fcr Websitebesitzer n\u00fctzlich, um Fehler beim Erstellen eines Linkprofils zu identifizieren. Es garantiert keine Top-Suchmaschinenergebnisse f\u00fcr Ihre Website.<\/p>\n<p>Es lohnt sich, regelm\u00e4\u00dfig Website-Audits durchzuf\u00fchren, um nach Fehlern zu suchen, die die Werbung in den Suchressourcen behindern. Verwenden Sie spezielle Tools, um immer den aktuellen Zustand Ihrer Website und die Anzahl der kritischen Probleme zu kennen, die behoben werden m\u00fcssen.<br \/>\n    <div class=\"blog__conversion blog__conversion-app element__logged_out\">\n        <div class=\"blog__conversion-inner\">\n            <p class=\"title\">Analysieren Sie nicht nur die Domain Authority, sondern die gesamte Website!<\/p>\n            <p class=\"description\">Durchsuchen Sie Ihre Website und finden Sie alle m\u00f6glichen Probleme heraus, die Ihre Benutzer oder die SEO Ihrer Website beeintr\u00e4chtigen k\u00f6nnen.<\/p>\n            <form id=\"audit__form\"\n                  class=\"article__seo-search audit__form Durchsuchen Sie Ihre Website und finden Sie alle m\u00f6glichen Probleme heraus, die Ihre Benutzer oder die SEO Ihrer Website beeintr\u00e4chtigen k\u00f6nnen.\"\n                  action=\"\"\n                  method=\"POST\"\n                  autocomplete=\"off\">\n                <span class=\"error\"><\/span>\n                <div class=\"error__limits\">Something went wrong. Please, try again later.<\/div>\n                <input name=\"url\"\n                       type=\"text\"\n                       placeholder=\"Geben Sie hier Ihre Domain ein\">\n                                <button type=\"submit\"\n                        class=\"sitechecker__text\">\n                    <span>Audit starten<\/span>\n                    <img src=\"\/wp-content\/themes\/sitechecker\/out\/img_design\/loading.svg\"\n                         width=\"31\"\n                         height=\"30\"\n                         class=\"loading\">\n                <\/button>\n            <\/form>\n        <\/div>\n    <\/div>\n    <\/p>\n<h3>Was sagt Google dazu?<\/h3>\n<p>Die Ranking-Algorithmen von Google und die Entscheidung, welche Websites f\u00fcr bestimmte Keywords ranken, sind allen Nutzern ein R\u00e4tsel. Es gibt eine grundlegende Empfehlung f\u00fcr alle Websitebesitzer \u2013 Sie m\u00fcssen Websites in erster Linie f\u00fcr Benutzer erstellen, nicht f\u00fcr Roboter. Google teilt seine Ranking-Faktoren, gibt aber nie genau bekannt, wie es diese Algorithmen verwendet. <b>Google<\/b>-Vertreter bestreiten die Verwendung von \u201eDom\u00e4nenautorit\u00e4t\u201c als Ranking-Metrik. Dennoch haben sie laut Zitat von John Mueller eine Gesamtpunktzahl von DA.<\/p>\n<h3>Was sagen SEO-Experten?<\/h3>\n<p>Spezialisten glauben, dass Domainautorit\u00e4t die genaueste Darstellung von Suchergebnissen ist und warum einige Websites in den Suchergebnissen st\u00e4rker eingestuft werden als andere. Daher besteht ein direkter Zusammenhang zwischen hohen DA-Werten und h\u00f6heren Platzierungen.<\/p>\n<p>SEO-Experte Cyrus Shepard erkl\u00e4rt Domain Authority; \u00fcberpr\u00fcfen Sie das Video:<br \/>\n<iframe title=\"YouTube-Videoplayer\" src=\"https:\/\/www.youtube.com\/embed\/bflrQ3EiDo8\" width=\"770\" height=\"350\" frameborder=\"0\" allowfullscreen=\"allowfullscreen\"><\/iframe><\/p>\n<p><div class=\"front__faq-block\"><div class=\"faq__block-title\">FAQ<\/div><div class=\"panel-group\" id=\"faq-accordion\" itemscope itemtype=\"https:\/\/schema.org\/FAQPage\" role=\"tablist\" aria-multiselectable=\"true\"><div class=\"panel\" itemscope itemtype=\"https:\/\/schema.org\/Question\" itemprop=\"mainEntity\">\n                            <div class=\"panel-heading\" id=\"headingFaq-1\">\n                                <div class=\"panel-title\" data-toggle=\"collapse\" aria-expanded=\"false\" href=\"#collapseFaq-1\">\n                                    <h3 itemprop=\"name\">Was ist ein guter Domain Authority Score?<\/h3>\n                                <\/div>\n                            <\/div>\n                            <div id=\"collapseFaq-1\" class=\"panel-collapse collapse\" itemprop=\"acceptedAnswer\" itemscope itemtype=\"http:\/\/schema.org\/Answer\">\n                                <div class=\"panel-body\" itemprop=\"text\">Die gute oder durchschnittliche Punktzahl f\u00fcr kleine Websites definiert 20 bis 40 Punkte. Eine Website mit einer Punktzahl von 10 bis 20 ist einfacher zu optimieren. Eine Website mit einer niedrigen Punktzahl hat ein paar einfache Optimierungen, um eine h\u00f6here Punktzahl zu erreichen. Sie sollten sich bem\u00fchen, eine m\u00f6glichst hohe Punktzahl f\u00fcr Ihre Website zu erzielen, mehr als 50. Wenn Sie mit anderen Diensten zusammenarbeiten, sollten Sie auch nach einer hohen reservierten Bewertung Ausschau halten.<\/div>\n                            <\/div>\n                        <\/div><div class=\"panel\" itemscope itemtype=\"https:\/\/schema.org\/Question\" itemprop=\"mainEntity\">\n                            <div class=\"panel-heading\" id=\"headingFaq-2\">\n                                <div class=\"panel-title\" data-toggle=\"collapse\" aria-expanded=\"false\" href=\"#collapseFaq-2\">\n                                    <h3 itemprop=\"name\">Warum hat sich mein DA ge\u00e4ndert?<\/h3>\n                                <\/div>\n                            <\/div>\n                            <div id=\"collapseFaq-2\" class=\"panel-collapse collapse\" itemprop=\"acceptedAnswer\" itemscope itemtype=\"http:\/\/schema.org\/Answer\">\n                                <div class=\"panel-body\" itemprop=\"text\">Es kann aus folgenden Gr\u00fcnden betroffen sein:<\/p>\n<ul>\n<li>Root-Link-Domains (die Anzahl eindeutiger Backlinks zu Ihrer Website).<\/li>\n<li>Die Gesamtzahl der eingehenden Links zu Ihrer Website.<\/li>\n<li>Das Spam-Level von Websites, die auf Ihre Website verlinken.<\/li>\n<\/ul>\n<p><\/div>\n                            <\/div>\n                        <\/div><div class=\"panel\" itemscope itemtype=\"https:\/\/schema.org\/Question\" itemprop=\"mainEntity\">\n                            <div class=\"panel-heading\" id=\"headingFaq-3\">\n                                <div class=\"panel-title\" data-toggle=\"collapse\" aria-expanded=\"false\" href=\"#collapseFaq-3\">\n                                    <h3 itemprop=\"name\">Wie beeinflusse ich die Domain Authority?<\/h3>\n                                <\/div>\n                            <\/div>\n                            <div id=\"collapseFaq-3\" class=\"panel-collapse collapse\" itemprop=\"acceptedAnswer\" itemscope itemtype=\"http:\/\/schema.org\/Answer\">\n                                <div class=\"panel-body\" itemprop=\"text\">Sie k\u00f6nnen Ihre Domain Authority am besten steigern, indem Sie Ihre Seite f\u00fcr Suchmaschinen auf deren Algorithmen optimieren. Machen Sie es sich zur Priorit\u00e4t, Ihr Linkprofil aufzubauen. Dies kann erreicht werden, indem man mehr Rechte-Links von anderen ma\u00dfgeblichen Seiten erh\u00e4lt.<\/div>\n                            <\/div>\n                        <\/div><\/div><\/div><\/p>","protected":false},"excerpt":{"rendered":"Um ein Linkprofil aufzubauen, indem Sie Partner- und Spenderseiten verwenden und Backlinks darauf setzen, m\u00fcssen Sie wissen, welche Seiten gut sind und Ihnen nicht schaden. Es gibt viele Websites im Internet. Sind alle gleich gut? Nat\u00fcrlich nicht. Was sind die Kriterien f\u00fcr die Bewertung von Websites, abgesehen von den offensichtlichsten? Wir werden Sie \u00fcber das&#8230;","protected":false},"author":10409641,"featured_media":3749,"parent":0,"menu_order":0,"comment_status":"closed","ping_status":"closed","template":"pages-templates\/pages-minitools.php","meta":[],"categories":[75],"tags":[],"_links":{"self":[{"href":"https:\/\/sitechecker.pro\/de\/wp-json\/wp\/v2\/pages\/1531"}],"collection":[{"href":"https:\/\/sitechecker.pro\/de\/wp-json\/wp\/v2\/pages"}],"about":[{"href":"https:\/\/sitechecker.pro\/de\/wp-json\/wp\/v2\/types\/page"}],"author":[{"embeddable":true,"href":"https:\/\/sitechecker.pro\/de\/wp-json\/wp\/v2\/users\/10409641"}],"replies":[{"embeddable":true,"href":"https:\/\/sitechecker.pro\/de\/wp-json\/wp\/v2\/comments?post=1531"}],"version-history":[{"count":52,"href":"https:\/\/sitechecker.pro\/de\/wp-json\/wp\/v2\/pages\/1531\/revisions"}],"predecessor-version":[{"id":36273,"href":"https:\/\/sitechecker.pro\/de\/wp-json\/wp\/v2\/pages\/1531\/revisions\/36273"}],"wp:featuredmedia":[{"embeddable":true,"href":"https:\/\/sitechecker.pro\/de\/wp-json\/wp\/v2\/media\/3749"}],"wp:attachment":[{"href":"https:\/\/sitechecker.pro\/de\/wp-json\/wp\/v2\/media?parent=1531"}],"wp:term":[{"taxonomy":"category","embeddable":true,"href":"https:\/\/sitechecker.pro\/de\/wp-json\/wp\/v2\/categories?post=1531"},{"taxonomy":"post_tag","embeddable":true,"href":"https:\/\/sitechecker.pro\/de\/wp-json\/wp\/v2\/tags?post=1531"}],"curies":[{"name":"wp","href":"https:\/\/api.w.org\/{rel}","templated":true}]}}