{"id":1526,"date":"2024-02-16T10:56:20","date_gmt":"2024-02-16T10:56:20","guid":{"rendered":"https:\/\/sitechecker.pro\/?page_id=1526"},"modified":"2024-10-11T06:56:32","modified_gmt":"2024-10-11T06:56:32","slug":"domain-age","status":"publish","type":"page","link":"https:\/\/sitechecker.pro\/de\/domain-age\/","title":{"rendered":"Domain-Alter-Checker | \u00dcberpr\u00fcfen Sie das Alter der Website-Domain und mehr \u2611"},"content":{"rendered":"<p><\/p>\n<h2 id=\"par1\">Was ist der Domain Age Checker?<\/h2>\n<p>Der Website Age Checker von <a href=\"https:\/\/sitechecker.pro\/\" target=\"_blank\" rel=\"noopener noreferrer\">Sitechecker<\/a> ist ein Online-SEO-Tool, mit dem das Alter einer <a href=\"https:\/\/sitechecker.pro\/what-is-Domain\/\" target=\"_blank\" rel=\"noopener noreferrer\">domain<\/a> bestimmt werden kann, das als wichtiger Faktor f\u00fcr SEO und <a href=\"https:\/\/sitechecker.pro\/what-is-domain-authority\/\" target=\"_blank\" rel=\"noopener noreferrer\">Domain-Autorit\u00e4t<\/a> gilt. Websites, die 10 Jahre alt oder \u00e4lter sind, werden in der Regel als autorisierter angesehen und haben einen h\u00f6heren SEO-Wert. Es wird empfohlen, vor dem Kauf einer Domain zu pr\u00fcfen, wie alt die Website ist, ihren <a href=\"https:\/\/sitechecker.pro\/blacklist-checker\/\" target=\"_blank\" rel=\"noopener noreferrer\">Ruf<\/a> und ihre Spamhistorie, um sicherzustellen, dass sie Ihren Anforderungen entspricht.<\/p>\n<h3>Wie kann das Tool Sie unterst\u00fctzen?<\/h3>\n<p><strong>\u00dcberwachung des Alters Ihrer Websites: <\/strong>vereinfacht die \u00dcberwachung des Alters Ihrer Websites und liefert m\u00fchelos aktuelle Informationen.<\/p>\n<p><strong>Bewertung potenzieller K\u00e4ufe: <\/strong>bietet umfassende Details \u00fcber das Alter einer Website, <a href=\"https:\/\/sitechecker.pro\/Hosting-checker\/\" target=\"_blank\" rel=\"noopener noreferrer\">hosting<\/a>, <a href=\"https:\/\/sitechecker.pro\/what-is-url-Blacklist\/\" target=\"_blank\" rel=\"noopener noreferrer\">blacklist<\/a>-Status und eine vollst\u00e4ndige Pr\u00fcfung aller Seiten, um fundierte Entscheidungen vor dem Kauf zu treffen.<\/p>\n<p><strong>Bewertung von neu erworbenen Seiten f\u00fcr die Werbung: <\/strong>Um eine effektive Werbestrategie f\u00fcr eine neue Website zu planen, ist es wichtig, ihr Alter und ihren technischen Zustand zu kennen. Dieses Tool liefert schnell genaue Daten \u00fcber das Alter und die potenzielle Domain-Autorit\u00e4t der Site.<\/p>\n<h3>Hauptmerkmale des Tools<\/h3>\n<p><strong>Einheitliches Dashboard: <\/strong>bietet eine zentrale Ansicht f\u00fcr die \u00dcberwachung von SEO-Kennzahlen und zeigt Echtzeitdaten zum Zustand der Website, zur Leistung und zu den Rankings an. Es erm\u00f6glicht anpassbare Widgets, um wichtige Daten zu priorisieren und die SEO-Verwaltung von einer einzigen Schnittstelle aus zu rationalisieren.<\/p>\n<p><strong>Benutzerfreundliches Bedienfeld: <\/strong>ist auf Benutzerfreundlichkeit ausgelegt und eignet sich sowohl f\u00fcr Anf\u00e4nger als auch f\u00fcr Experten. Sie vereinfacht die Navigation durch SEO-Aufgaben mit klaren Anweisungen und visuellen Hilfen, wodurch die Lernkurve verk\u00fcrzt und die Effizienz gesteigert wird.<\/p>\n<p><strong>Komplettes SEO-Toolset: <\/strong>deckt alle Aspekte der SEO-Optimierung ab, einschlie\u00dflich Keyword-Recherche, <a href=\"https:\/\/sitechecker.pro\/on-page-seo-checker\/\" target=\"_blank\" rel=\"noopener noreferrer\">Website-Audits<\/a>, Backlink-Analyse und On-Page-Empfehlungen. Es bietet einen ganzheitlichen Ansatz zur Verbesserung der Website-Leistung durch eine integrierte Suite von Tools.<\/p>\n<h2 id=\"par2\">So verwenden Sie das Tool<\/h2>\n<p>Um das Alter der Website zu pr\u00fcfen, starten Sie einfach die Pr\u00fcfung. Es dauert nur einen Moment, und Sie erhalten zus\u00e4tzlich zur Lebensdauer der Website wertvolle Informationen, die Ihnen helfen, mehr \u00fcber die Webressource zu erfahren.<\/p>\n<h3>Schritt 1: Geben Sie die Domain-Adresse ein<\/h3>\n<div class=\"content__img-wrap\"><img src=\"https:\/\/sitechecker.pro\/wp-content\/uploads\/2024\/02\/domain-age-checker.png\" alt=\"Domain Age Checker\" class=\"description-img description-img-zoom\" loading=\"lazy\" ><\/div>\n<h3>Schritt 2: Ergebnisanalyse<\/h3>\n<p>Nachdem Sie einen Crawl durchgef\u00fchrt haben, k\u00f6nnen Sie auf die Informationsdaten zugreifen, zu denen das Alter, das Erstellungsdatum und das Ablaufdatum geh\u00f6ren.<\/p>\n<div class=\"content__img-wrap\"><img src=\"https:\/\/sitechecker.pro\/wp-content\/uploads\/2024\/02\/domain-age-info.png\" alt=\"Domain Age Info\" class=\"description-img description-img-zoom\" loading=\"lazy\" ><\/div>\n<h2 id=\"par3\">Zusatzfunktionen<\/h2>\n<p>Wenn Sie Ihre Website oder die Webressourcen des Projekts, in das Sie finanziell investieren m\u00f6chten, \u00fcberpr\u00fcfen m\u00f6chten, haben wir gro\u00dfartige M\u00f6glichkeiten f\u00fcr Sie. Nach Abschluss des Website-Crawling-Prozesses wird ein detaillierter Website-Audit-Bericht erstellt, der dabei hilft, bestehende Probleme zu erkennen und den SEO-technischen Zustand der Website zu verstehen. Der Bericht enth\u00e4lt hilfreiche Empfehlungen zur L\u00f6sung der festgestellten Probleme. Dar\u00fcber hinaus kann die Art oder Kategorie des Problems (z. B. Links, Indexierbarkeit, Relevanz des Inhalts) bestimmt werden, um sich auf diejenigen zu konzentrieren, die f\u00fcr die Verbesserung der Gesamtleistung der Website am wichtigsten sind. Auf diese Weise k\u00f6nnen die Benutzer alle bestehenden Probleme effektiv angehen und einen optimalen Erfolg sicherstellen.<\/p>\n<div class=\"content__img-wrap\"><img src=\"https:\/\/sitechecker.pro\/wp-content\/uploads\/2024\/02\/site-audit-results_65cf4eac5a428.png\" alt=\"Site Audit Results\" class=\"description-img description-img-zoom\" loading=\"lazy\" ><\/div>\n<h2 id=\"par4\">Endg\u00fcltige Idee<\/h2>\n<p>Der Free Domain Age Checker ist das Tool zur Bestimmung des Alters einer Domain, einem Schl\u00fcsselfaktor bei der Bewertung von SEO und Domain-Autorit\u00e4t. Es ist besonders n\u00fctzlich f\u00fcr diejenigen, die einen Kauf in Erw\u00e4gung ziehen, da es Einblicke in die Geschichte der Website bietet, einschlie\u00dflich ihres Alters, ihres Rufs und fr\u00fcherer Probleme mit Spam. Dieses Tool berechnet nicht nur das Alter ab dem Registrierungsdatum, sondern hilft auch dabei, fundierte Entscheidungen zu treffen, indem es potenzielle Websites und ihre SEO-Vorteile vergleicht. Mit Funktionen wie einem einheitlichen Dashboard, einer benutzerfreundlichen Oberfl\u00e4che und einem kompletten SEO-Toolset wird der Prozess der Website-Analyse und -Optimierung rationalisiert. Dar\u00fcber hinaus bietet es detaillierte Audit-Berichte zur weiteren Analyse und Verbesserung der SEO und des technischen Zustands einer Website.<\/p>\n<div id=\"par5\"><\/div>\n<p><div class=\"front__faq-block\"><div class=\"faq__block-title\">FAQ<\/div><div class=\"panel-group\" id=\"faq-accordion\" itemscope itemtype=\"https:\/\/schema.org\/FAQPage\" role=\"tablist\" aria-multiselectable=\"true\"><div class=\"panel\" itemscope itemtype=\"https:\/\/schema.org\/Question\" itemprop=\"mainEntity\">\n                            <div class=\"panel-heading\" id=\"headingFaq-1\">\n                                <div class=\"panel-title\" data-toggle=\"collapse\" aria-expanded=\"false\" href=\"#collapseFaq-1\">\n                                    <h3 itemprop=\"name\">Kann der Site Age Checker dabei helfen, abgelaufene Domains zu identifizieren?<\/h3>\n                                <\/div>\n                            <\/div>\n                            <div id=\"collapseFaq-1\" class=\"panel-collapse collapse\" itemprop=\"acceptedAnswer\" itemscope itemtype=\"http:\/\/schema.org\/Answer\">\n                                <div class=\"panel-body\" itemprop=\"text\">Ja, das Tool kann Informationen zu einem Ablaufdatum bereitstellen, was bei der Identifizierung von Websites n\u00fctzlich sein kann, die k\u00fcrzlich abgelaufen sind oder bald ablaufen.<\/div>\n                            <\/div>\n                        <\/div><div class=\"panel\" itemscope itemtype=\"https:\/\/schema.org\/Question\" itemprop=\"mainEntity\">\n                            <div class=\"panel-heading\" id=\"headingFaq-2\">\n                                <div class=\"panel-title\" data-toggle=\"collapse\" aria-expanded=\"false\" href=\"#collapseFaq-2\">\n                                    <h3 itemprop=\"name\">Wie genau ist die von diesem Tool bereitgestellte Berechnung der Website-Lebensdauer?<\/h3>\n                                <\/div>\n                            <\/div>\n                            <div id=\"collapseFaq-2\" class=\"panel-collapse collapse\" itemprop=\"acceptedAnswer\" itemscope itemtype=\"http:\/\/schema.org\/Answer\">\n                                <div class=\"panel-body\" itemprop=\"text\">Der Domain Name Age Detector liefert genaue Informationen \u00fcber das Alter einer Webressource basierend auf ihrem Erstregistrierungsdatum, vorausgesetzt, dass die Registrierungsdetails aktuell und \u00f6ffentlich verf\u00fcgbar sind.<\/div>\n                            <\/div>\n                        <\/div><div class=\"panel\" itemscope itemtype=\"https:\/\/schema.org\/Question\" itemprop=\"mainEntity\">\n                            <div class=\"panel-heading\" id=\"headingFaq-3\">\n                                <div class=\"panel-title\" data-toggle=\"collapse\" aria-expanded=\"false\" href=\"#collapseFaq-3\">\n                                    <h3 itemprop=\"name\">Kann der Domain Age Checker dabei helfen, M\u00f6glichkeiten f\u00fcr den Erwerb abgelaufener oder alternder Domains mit SEO-Wert zu identifizieren?<\/h3>\n                                <\/div>\n                            <\/div>\n                            <div id=\"collapseFaq-3\" class=\"panel-collapse collapse\" itemprop=\"acceptedAnswer\" itemscope itemtype=\"http:\/\/schema.org\/Answer\">\n                                <div class=\"panel-body\" itemprop=\"text\">Ja, durch die Offenlegung des Alters und die Bereitstellung einer Grundlage f\u00fcr weitere Untersuchungen kann der Domain Age Checker dabei helfen, abgelaufene oder veraltete Websites zu identifizieren, die m\u00f6glicherweise noch SEO-Wert f\u00fcr die Akquise haben.<\/div>\n                            <\/div>\n                        <\/div><\/div><\/div><\/p>","protected":false},"excerpt":{"rendered":"Was ist der Domain Age Checker? Der Website Age Checker von Sitechecker ist ein Online-SEO-Tool, mit dem das Alter einer domain bestimmt werden kann, das als wichtiger Faktor f\u00fcr SEO und Domain-Autorit\u00e4t gilt. Websites, die 10 Jahre alt oder \u00e4lter sind, werden in der Regel als autorisierter angesehen und haben einen h\u00f6heren SEO-Wert. Es wird&#8230;","protected":false},"author":10409641,"featured_media":3748,"parent":0,"menu_order":0,"comment_status":"closed","ping_status":"closed","template":"pages-templates\/pages-minitools.php","meta":[],"categories":[73],"tags":[],"_links":{"self":[{"href":"https:\/\/sitechecker.pro\/de\/wp-json\/wp\/v2\/pages\/1526"}],"collection":[{"href":"https:\/\/sitechecker.pro\/de\/wp-json\/wp\/v2\/pages"}],"about":[{"href":"https:\/\/sitechecker.pro\/de\/wp-json\/wp\/v2\/types\/page"}],"author":[{"embeddable":true,"href":"https:\/\/sitechecker.pro\/de\/wp-json\/wp\/v2\/users\/10409641"}],"replies":[{"embeddable":true,"href":"https:\/\/sitechecker.pro\/de\/wp-json\/wp\/v2\/comments?post=1526"}],"version-history":[{"count":58,"href":"https:\/\/sitechecker.pro\/de\/wp-json\/wp\/v2\/pages\/1526\/revisions"}],"predecessor-version":[{"id":34851,"href":"https:\/\/sitechecker.pro\/de\/wp-json\/wp\/v2\/pages\/1526\/revisions\/34851"}],"wp:featuredmedia":[{"embeddable":true,"href":"https:\/\/sitechecker.pro\/de\/wp-json\/wp\/v2\/media\/3748"}],"wp:attachment":[{"href":"https:\/\/sitechecker.pro\/de\/wp-json\/wp\/v2\/media?parent=1526"}],"wp:term":[{"taxonomy":"category","embeddable":true,"href":"https:\/\/sitechecker.pro\/de\/wp-json\/wp\/v2\/categories?post=1526"},{"taxonomy":"post_tag","embeddable":true,"href":"https:\/\/sitechecker.pro\/de\/wp-json\/wp\/v2\/tags?post=1526"}],"curies":[{"name":"wp","href":"https:\/\/api.w.org\/{rel}","templated":true}]}}