{"id":15208,"date":"2021-11-19T17:25:27","date_gmt":"2021-11-19T15:25:27","guid":{"rendered":"https:\/\/sitechecker.pro\/?page_id=15208"},"modified":"2025-08-06T17:01:40","modified_gmt":"2025-08-06T17:01:40","slug":"http-https-redirect","status":"publish","type":"page","link":"https:\/\/sitechecker.pro\/de\/site-audit-issues\/http-https-redirect\/","title":{"rendered":"Wie man HTTP- und HTTPS-Umleitungsprobleme behebt | Sitechecker"},"content":{"rendered":"<p><\/p>\n<h2 id=\"par1\">Was bedeuten HTTP- und HTTPS-Weiterleitungsfehler?<\/h2>\n<p>Ein HTTP- oder HTTPS-Weiterleitungsfehler tritt auf, wenn ein Webserver URL-Anfragen fehlerhaft weiterleitet. Dies f\u00fchrt oft zu Endlosschleifen, falschen Zielen oder Zertifikatsproblemen und verhindert das korrekte Laden der Seite.<\/p>\n<p>URLs, die das HTTP-Protokoll verwenden und <a href=\"https:\/\/sitechecker.pro\/what-are-3xx-status-codes\/\" target=\"_blank\" rel=\"noopener noreferrer\">weiterleiten<\/a> zu Hypertext Transfer Protocol Secure, f\u00fchren h\u00e4ufig zu Weiterleitungsfehlern. Das Hypertext Transfer Protocol ist die Grundlage des Datenaustauschs im World Wide Web. Es handelt sich um ein Client-Server-Protokoll, bei dem der Empf\u00e4nger (z.\u202fB. ein Browser) Anfragen stellt. HTTPS hingegen ist die sichere Version des Hypertext Transfer Protocol, erg\u00e4nzt durch SSL-Verschl\u00fcsselung.<\/p>\n<p>Das bedeutet, dass eine <a href=\"https:\/\/sitechecker.pro\/website-migration-checker\/\"  data-wpil-monitor-id=\"305\">Migration<\/a> zu Problemen bei der Datenabsicherung f\u00fchren kann, wodurch die Weiterleitung fehlschl\u00e4gt. Dies kann aus verschiedenen Gr\u00fcnden geschehen, hat aber immer zur Folge, dass Nutzer die Website nicht erreichen k\u00f6nnen.<\/p>\n<h2 id=\"par2\">Was l\u00f6st dieses Problem aus?<\/h2>\n<p>Probleme beim Wechsel vom Webprotokoll zum sicheren Protokoll k\u00f6nnen durch folgende Gr\u00fcnde verursacht werden:<\/p>\n<ul>\n<li>Unvollst\u00e4ndige \u00dcbertragung oder Umstellung der Website-Domain auf HTTPS<\/li>\n<li>URLs wurden nicht aktualisiert<\/li>\n<li>Verwendung abgelaufener SSL-Zertifikate<\/li>\n<li>Der Webhost unterst\u00fctzt das SSL-Zertifikat nicht<\/li>\n<li>Kein Backup der Website vor der Umstellung auf das sichere Protokoll<\/li>\n<li>Der Server verweigert die SSL-verschl\u00fcsselte Verbindung<\/li>\n<\/ul>\n<h2 id=\"par3\">Wie \u00fcberpr\u00fcft man das Problem?<\/h2>\n<p>Nach erfolgreicher Umstellung von HTTP auf HTTPS wird die Hypertext Transfer Protocol-Seite automatisch auf Hypertext Transfer Protocol Secure weitergeleitet. Um Probleme zu identifizieren, kannst du die URLs selbst testen und \u00fcberpr\u00fcfen. Indexierungswarnungen erscheinen bei Fehlern. Gehe dazu wie folgt vor:<\/p>\n<ul>\n<li>\u00d6ffne den Browser auf dem Host-Computer.<\/li>\n<li>Gib die URL ein, die du f\u00fcr die Weiterleitung pr\u00fcfen m\u00f6chtest.<\/li>\n<li>\u00dcberpr\u00fcfe, ob die Webseite im Browser geladen wird.<\/li>\n<li>Wiederhole diesen Vorgang f\u00fcr jede URL, die du zu Hypertext Transfer Protocol Secure weiterleiten m\u00f6chtest.<\/li>\n<\/ul>\n<p>Der Screenshot aus dem Sitechecker SEO-Tool zeigt die F\u00e4higkeit des Tools, Probleme im Zusammenhang mit HTTP-zu-HTTPS-Weiterleitungen auf einer Website zu erkennen und zu analysieren. Diese Funktion ist entscheidend, um sicherzustellen, dass die Sicherheitsprotokolle deiner Website korrekt implementiert sind \u2013 was wiederum das Vertrauen der Nutzer und das SEO-Ranking beeinflusst. Der markierte Abschnitt zeigt, dass es F\u00e4lle gibt, in denen Seiten von HTTP zu HTTPS und umgekehrt weitergeleitet werden, was zu Sicherheitswarnungen f\u00fchren und sich negativ auf die Wahrnehmung deiner Website durch Suchmaschinen auswirken kann.<\/p>\n<div class=\"content__img-wrap\"><img src=\"https:\/\/sitechecker.pro\/wp-content\/uploads\/2024\/06\/http-https-redirects.png\" alt=\"HTTP and HTTPS Redirects\" class=\"description-img description-img-zoom\" loading=\"lazy\" ><\/div>\n<p>Mit einem Klick auf den Link &#8220;View issue&#8221; erhalten Nutzer eine detaillierte Liste der von Weiterleitungsproblemen betroffenen Seiten.<\/p>\n    <div class=\"blog__conversion blog__conversion-app element__logged_out\">\n        <div class=\"blog__conversion-inner\">\n            <p class=\"title\">Optimiere die Weiterleitungen deiner Website noch heute!<\/p>\n            <p class=\"description\">Finde und behebe HTTP- und HTTPS-Weiterleitungen m\u00fchelos und verbessere die Nutzererfahrung sowie das Vertrauen von Suchmaschinen.<\/p>\n            <form id=\"audit__form\"\n                  class=\"article__seo-search audit__form Finde und behebe HTTP- und HTTPS-Weiterleitungen m\u00fchelos und verbessere die Nutzererfahrung sowie das Vertrauen von Suchmaschinen.\"\n                  action=\"\"\n                  method=\"POST\"\n                  autocomplete=\"off\">\n                <span class=\"error\"><\/span>\n                <div class=\"error__limits\">Something went wrong. Please, try again later.<\/div>\n                <input name=\"url\"\n                       type=\"text\"\n                       placeholder=\"F\u00fcge hier deinen Domainnamen ein\">\n                <input name=\"register_url\" type=\"hidden\" value=\"redirect-checker\">                <button type=\"submit\"\n                        class=\"sitechecker__text\">\n                    <span>Weiterleitungen pr\u00fcfen<\/span>\n                    <img src=\"\/wp-content\/themes\/sitechecker\/out\/img_design\/loading.svg\"\n                         width=\"31\"\n                         height=\"30\"\n                         class=\"loading\">\n                <\/button>\n            <\/form>\n        <\/div>\n    <\/div>\n    \n<h2 id=\"par4\">So behebst du das Problem, wenn HTTP nicht zu HTTPS weiterleitet<\/h2>\n<h3>1. Aktualisiere die .htaccess-Datei (f\u00fcr Apache-Server)<\/h3>\n<p>F\u00fcge folgende Zeilen in deine .htaccess-Datei ein, um Anfragen zum Webprotokoll auf HTTPS umzuleiten:<\/p>\n<div class=\"code\"><code><br \/>\n    RewriteEngine On<br \/>\nRewriteCond %{HTTPS} off<br \/>\nRewriteRule ^(.*)$ https:\/\/%{HTTP_HOST}%{REQUEST_URI} [L,R=301]<br \/>\n<\/code><\/div>\n<h3>2. Nginx-Konfiguration aktualisieren (f\u00fcr Nginx-Server)<\/h3>\n<p>F\u00fcge folgende Zeilen in deine Nginx-Konfigurationsdatei ein (normalerweise unter \/etc\/nginx\/nginx.conf oder \/etc\/nginx\/sites-available\/default):<\/p>\n<div class=\"code\"><code><br \/>\n    server {<br \/>\n        listen 80;<br \/>\n        server_name yourdomain.com www.yourdomain.com;<br \/>\n        return 301 https:\/\/$host$request_uri;<br \/>\n    }<br \/>\n<\/code><\/div>\n<h3>3. SSL-Zertifikate konfigurieren<\/h3>\n<p>Stelle sicher, dass du ein g\u00fcltiges SSL-Zertifikat installiert hast. Du kannst kostenlose Zertifikate z.\u202fB. von Let&#8217;s Encrypt erhalten.<\/p>\n<h3>4. Anwendungseinstellungen aktualisieren<\/h3>\n<p><strong>WordPress:<\/strong> Installiere und aktiviere das Plugin &#8220;Really Simple SSL&#8221;, das die Weiterleitung automatisch \u00fcbernimmt.<\/p>\n<p><strong>Django:<\/strong> Verwende die Einstellung SECURE_SSL_REDIRECT in deiner settings.py-Datei:<br \/>\npython<\/p>\n<div class=\"code\"><code><br \/>\n    SECURE_SSL_REDIRECT = True<br \/>\n<\/code><\/div>\n<p><strong>Express.js:<\/strong> Verwende das Middleware-Tool helmet, um HTTPS zu erzwingen:<\/p>\n<div class=\"code\"><code><br \/>\n    const helmet = require('helmet');<br \/>\n    app.use(helmet({<br \/>\n        hsts: {<br \/>\n            maxAge: 31536000,<br \/>\n            includeSubDomains: true,<br \/>\n            preload: true<br \/>\n        }<br \/>\n    }));<br \/>\n<\/code><\/div>\n<h3>5. DNS-Einstellungen aktualisieren<\/h3>\n<p>Stelle sicher, dass deine DNS-Einstellungen auf die IP-Adresse deines Servers verweisen, auf dem das <a href=\"https:\/\/sitechecker.pro\/ssl-certificate-monitoring\/\"  data-wpil-monitor-id=\"94\">SSL-Zertifikat<\/a> installiert ist.<\/p>\n<h3>6. Server-Firewall und Sicherheitsgruppen pr\u00fcfen<\/h3>\n<p>Stelle sicher, dass Port 443 in der Firewall deines Servers und in Sicherheitsgruppen ge\u00f6ffnet ist.<\/p>\n<h3>7. Konfiguration testen<\/h3>\n<p>Verwende Tools wie SSL Labs&#8217; SSL Test, um sicherzustellen, dass deine SSL-Konfiguration korrekt und sicher ist.<\/p>\n<h3>8. Nutzer informieren und Links aktualisieren<\/h3>\n<p>Aktualisiere alle internen und externen Links auf das sichere Protokoll. Informiere deine Nutzer \u00fcber die \u00c4nderung, um Transparenz zu schaffen.<\/p>\n<p>Wenn du diese Schritte befolgst, kannst du deine Website richtig konfigurieren, um den Datenverkehr auf das sichere Protokoll umzuleiten \u2013 und damit Sicherheit und Vertrauen st\u00e4rken.<\/p>\n<h2 id=\"par5\">Abschlie\u00dfender Gedanke<\/h2>\n<p>Um Hypertext Transfer Protocol- und Hypertext Transfer Protocol Secure-Weiterleitungsfehler zu beheben, die durch fehlerhafte URL-Weiterleitungen verursacht werden, solltest du Konfigurationsdateien aktualisieren: \u00c4ndere die .htaccess-Datei (Apache) oder die Nginx-Konfiguration (Nginx), um die Weiterleitung korrekt einzurichten. Sorge daf\u00fcr, dass g\u00fcltige SSL-Zertifikate installiert sind \u2013 z.\u202fB. \u00fcber Let&#8217;s Encrypt. Aktualisiere Anwendungseinstellungen mithilfe spezifischer Einstellungen oder Plugins f\u00fcr WordPress, Django oder Express.js zur Erzwingung von HTTPS. \u00dcberpr\u00fcfe DNS- und Firewall-Einstellungen, damit DNS zur richtigen IP zeigt und Port 443 offen ist. Teste deine Konfiguration mit Tools wie SSL Labs und aktualisiere alle internen und externen Links auf HTTPS. Mit diesen Ma\u00dfnahmen stellst du eine sichere und zuverl\u00e4ssige Weiterleitung vom Web- zum Sicherheitsprotokoll sicher.<\/p>\n<div id=\"par6\"><\/div>\n<p><div class=\"front__faq-block\"><div class=\"faq__block-title\">FAQ<\/div><div class=\"panel-group\" id=\"faq-accordion\" itemscope itemtype=\"https:\/\/schema.org\/FAQPage\" role=\"tablist\" aria-multiselectable=\"true\"><div class=\"panel\" itemscope itemtype=\"https:\/\/schema.org\/Question\" itemprop=\"mainEntity\">\n                            <div class=\"panel-heading\" id=\"headingFaq-1\">\n                                <div class=\"panel-title\" data-toggle=\"collapse\" aria-expanded=\"false\" href=\"#collapseFaq-1\">\n                                    <h3 itemprop=\"name\">Was bedeuten HTTP- und HTTPS-Weiterleitungsfehler?<\/h3>\n                                <\/div>\n                            <\/div>\n                            <div id=\"collapseFaq-1\" class=\"panel-collapse collapse\" itemprop=\"acceptedAnswer\" itemscope itemtype=\"http:\/\/schema.org\/Answer\">\n                                <div class=\"panel-body\" itemprop=\"text\">Ein HTTP- oder HTTPS-Weiterleitungsfehler tritt auf, wenn ein Server URL-Anfragen falsch weiterleitet. Dies kann zu Endlosschleifen, falschen Zielen oder Zertifikatsproblemen f\u00fchren und verhindert das korrekte Laden von Seiten.<\/div>\n                            <\/div>\n                        <\/div><div class=\"panel\" itemscope itemtype=\"https:\/\/schema.org\/Question\" itemprop=\"mainEntity\">\n                            <div class=\"panel-heading\" id=\"headingFaq-2\">\n                                <div class=\"panel-title\" data-toggle=\"collapse\" aria-expanded=\"false\" href=\"#collapseFaq-2\">\n                                    <h3 itemprop=\"name\">Was verursacht Probleme bei der Weiterleitung von HTTP zu HTTPS?<\/h3>\n                                <\/div>\n                            <\/div>\n                            <div id=\"collapseFaq-2\" class=\"panel-collapse collapse\" itemprop=\"acceptedAnswer\" itemscope itemtype=\"http:\/\/schema.org\/Answer\">\n                                <div class=\"panel-body\" itemprop=\"text\">Diese Probleme k\u00f6nnen durch unvollst\u00e4ndige Domain-Umstellung, fehlende URL-Aktualisierungen, abgelaufene SSL-Zertifikate, fehlende Hosting-Unterst\u00fctzung f\u00fcr SSL, fehlende Backups vor der Umstellung oder Serververweigerung der SSL-Verbindung verursacht werden.<\/div>\n                            <\/div>\n                        <\/div><div class=\"panel\" itemscope itemtype=\"https:\/\/schema.org\/Question\" itemprop=\"mainEntity\">\n                            <div class=\"panel-heading\" id=\"headingFaq-3\">\n                                <div class=\"panel-title\" data-toggle=\"collapse\" aria-expanded=\"false\" href=\"#collapseFaq-3\">\n                                    <h3 itemprop=\"name\">Wie pr\u00fcfe ich, ob es ein Problem bei der Weiterleitung von Hypertext Transfer Protocol zu HTTPS gibt?<\/h3>\n                                <\/div>\n                            <\/div>\n                            <div id=\"collapseFaq-3\" class=\"panel-collapse collapse\" itemprop=\"acceptedAnswer\" itemscope itemtype=\"http:\/\/schema.org\/Answer\">\n                                <div class=\"panel-body\" itemprop=\"text\">Gib die URL im Browser ein und \u00fcberpr\u00fcfe, ob die Seite korrekt geladen wird. Wiederhole diesen Schritt f\u00fcr alle URLs, die du weiterleiten m\u00f6chtest. Indexierungswarnungen k\u00f6nnen erscheinen, wenn Probleme vorliegen.<\/div>\n                            <\/div>\n                        <\/div><div class=\"panel\" itemscope itemtype=\"https:\/\/schema.org\/Question\" itemprop=\"mainEntity\">\n                            <div class=\"panel-heading\" id=\"headingFaq-4\">\n                                <div class=\"panel-title\" data-toggle=\"collapse\" aria-expanded=\"false\" href=\"#collapseFaq-4\">\n                                    <h3 itemprop=\"name\">Wie kann ich sicherstellen, dass mein SSL-Zertifikat g\u00fcltig ist?<\/h3>\n                                <\/div>\n                            <\/div>\n                            <div id=\"collapseFaq-4\" class=\"panel-collapse collapse\" itemprop=\"acceptedAnswer\" itemscope itemtype=\"http:\/\/schema.org\/Answer\">\n                                <div class=\"panel-body\" itemprop=\"text\">Erhalte ein kostenloses SSL-Zertifikat \u00fcber Let's Encrypt oder eine andere vertrauensw\u00fcrdige Zertifizierungsstelle und stelle sicher, dass es korrekt auf dem Server installiert ist.<\/div>\n                            <\/div>\n                        <\/div><div class=\"panel\" itemscope itemtype=\"https:\/\/schema.org\/Question\" itemprop=\"mainEntity\">\n                            <div class=\"panel-heading\" id=\"headingFaq-5\">\n                                <div class=\"panel-title\" data-toggle=\"collapse\" aria-expanded=\"false\" href=\"#collapseFaq-5\">\n                                    <h3 itemprop=\"name\">Wie aktualisiere ich die Anwendungseinstellungen in WordPress zur Erzwingung von HTTPS?<\/h3>\n                                <\/div>\n                            <\/div>\n                            <div id=\"collapseFaq-5\" class=\"panel-collapse collapse\" itemprop=\"acceptedAnswer\" itemscope itemtype=\"http:\/\/schema.org\/Answer\">\n                                <div class=\"panel-body\" itemprop=\"text\">Installiere und aktiviere das Plugin 'Really Simple SSL', das die Umleitung automatisch \u00fcbernimmt.<\/div>\n                            <\/div>\n                        <\/div><\/div><\/div><br \/>\n<\/p>","protected":false},"excerpt":{"rendered":"Was bedeuten HTTP- und HTTPS-Weiterleitungsfehler? Ein HTTP- oder HTTPS-Weiterleitungsfehler tritt auf, wenn ein Webserver URL-Anfragen fehlerhaft weiterleitet. Dies f\u00fchrt oft zu Endlosschleifen, falschen Zielen oder Zertifikatsproblemen und verhindert das korrekte Laden der Seite. URLs, die das HTTP-Protokoll verwenden und weiterleiten zu Hypertext Transfer Protocol Secure, f\u00fchren h\u00e4ufig zu Weiterleitungsfehlern. Das Hypertext Transfer Protocol ist die&#8230;","protected":false},"author":11474150,"featured_media":14416,"parent":0,"menu_order":0,"comment_status":"closed","ping_status":"closed","template":"pages-templates\/pages-v2.php","meta":[],"categories":[43],"tags":[],"_links":{"self":[{"href":"https:\/\/sitechecker.pro\/de\/wp-json\/wp\/v2\/pages\/15208"}],"collection":[{"href":"https:\/\/sitechecker.pro\/de\/wp-json\/wp\/v2\/pages"}],"about":[{"href":"https:\/\/sitechecker.pro\/de\/wp-json\/wp\/v2\/types\/page"}],"author":[{"embeddable":true,"href":"https:\/\/sitechecker.pro\/de\/wp-json\/wp\/v2\/users\/11474150"}],"replies":[{"embeddable":true,"href":"https:\/\/sitechecker.pro\/de\/wp-json\/wp\/v2\/comments?post=15208"}],"version-history":[{"count":3,"href":"https:\/\/sitechecker.pro\/de\/wp-json\/wp\/v2\/pages\/15208\/revisions"}],"predecessor-version":[{"id":38201,"href":"https:\/\/sitechecker.pro\/de\/wp-json\/wp\/v2\/pages\/15208\/revisions\/38201"}],"wp:featuredmedia":[{"embeddable":true,"href":"https:\/\/sitechecker.pro\/de\/wp-json\/wp\/v2\/media\/14416"}],"wp:attachment":[{"href":"https:\/\/sitechecker.pro\/de\/wp-json\/wp\/v2\/media?parent=15208"}],"wp:term":[{"taxonomy":"category","embeddable":true,"href":"https:\/\/sitechecker.pro\/de\/wp-json\/wp\/v2\/categories?post=15208"},{"taxonomy":"post_tag","embeddable":true,"href":"https:\/\/sitechecker.pro\/de\/wp-json\/wp\/v2\/tags?post=15208"}],"curies":[{"name":"wp","href":"https:\/\/api.w.org\/{rel}","templated":true}]}}