{"id":15068,"date":"2021-11-16T10:00:25","date_gmt":"2021-11-16T08:00:25","guid":{"rendered":"https:\/\/sitechecker.pro\/?page_id=15068"},"modified":"2026-03-04T18:16:18","modified_gmt":"2026-03-04T18:16:18","slug":"website-local-rank-checker-estimate-rank-stats-channels-date","status":"publish","type":"page","link":"https:\/\/sitechecker.pro\/de\/local-rank-tracker\/","title":{"rendered":"Lokaler Rangpr\u00fcfer und Tracker"},"content":{"rendered":"<p><\/p>\n<h2 id=\"par1\">Was ist das Local Rank Tracker Tool?<\/h2>\n<p>Der lokale <a href=\"https:\/\/sitechecker.pro\/rank-tracker\/\" target=\"_blank\" rel=\"noopener noreferrer\">Rank Tracker<\/a> von <a href=\"https:\/\/sitechecker. pro\/\" target=\"_blank\" rel=\"noopener noreferrer\">Sitechecker<\/a> ist ein spezielles Tool, mit dem Sie die Keyword-Positionen Ihrer Website in lokalen Suchergebnissen bewerten k\u00f6nnen. Damit erhalten Sie sowohl aktuelle als auch historische Daten zum Ranking Ihrer Website in verschiedenen Suchmaschinen (Google, Bing, Yahoo). Das Tool eignet sich besonders gut zur Analyse der Website-Leistung an bestimmten geografischen Standorten und bietet Erkenntnisse sowohl f\u00fcr Desktop- als auch f\u00fcr mobile Suchen. Es hilft Ihnen, die allgemeine lokale Sichtbarkeit von Websites und bestimmten URLs zu verstehen, das Suchvolumen f\u00fcr Keywords mit Rang zu verfolgen und die lokale Suchkonkurrenz zu bewerten. So verbessern Sie Ihre lokale SEO-Marketingstrategie.<\/p>\n<h3>Der Website-Lokal-Ranking-Checker kann Ihnen in vielerlei Hinsicht helfen<\/h3>\n<p><strong>Lokaler SEO-Fokus:<\/strong> Bietet Geolokalisierung f\u00fcr regionale Kunden und gezielte Leistungsanalyse in bestimmten St\u00e4dten oder Regionen.<\/p>\n<p><strong>Lokales Multi-Ranking: <\/strong>Erm\u00f6glicht die gleichzeitige Verfolgung von Keyword-Rankings \u00fcber mehrere lokale Regionen hinweg.<\/p>\n<p><strong>\u00dcberpr\u00fcfung der aktuellen Position:<\/strong> Verfolgt Ihr aktuelles Keyword-Ranking und vergleicht es mit dem Ihrer Mitbewerber, was f\u00fcr die Entwicklung erfolgreicher SEO-Strategien unerl\u00e4sslich ist.<\/p>\n<p><strong>Ziel-Keyword-Upload: <\/strong>Erm\u00f6glicht das Hochladen von Ziel-Keywords entweder \u00fcber eine Feldeingabe oder manuell.<\/p>\n<p><strong>Keyword-Vorschl\u00e4ge: <\/strong>Bietet verwandte Keyword-Vorschl\u00e4ge zusammen mit Suchvolumina, was Ihr organisches Ranking unterst\u00fctzt und die Reichweite Ihrer Website vergr\u00f6\u00dfert.<\/p>\n<p><strong>Mobile vs. Desktop-Daten:<\/strong> Bietet separate Tracking-Daten f\u00fcr mobile und Desktop-Suchen.<\/p>\n<p><strong>Anpassbare H\u00e4ufigkeitsberichte: <\/strong>Datenanalyse nach Tagen, Wochen und Monaten.<\/p>\n<p><strong>Konkurrenzanalyse: <\/strong>Erm\u00f6glicht die Verfolgung und den Vergleich der Keywords der Konkurrenz.<\/p>\n<p><strong>Detaillierte SERP-Statistiken:<\/strong> Bietet eine detaillierte SERP-Analyse f\u00fcr ein umfassendes Verst\u00e4ndnis der Keyword-Positionen.<\/p>\n<p><strong>Umfassendes Ranking-Dashboard: <\/strong>Verf\u00fcgt \u00fcber ein einheitliches Dashboard f\u00fcr den einfachen Zugriff auf wichtige Daten und Analysen.<\/p>\n<p><strong>Sichtbarkeitsanalyse: <\/strong>Gibt wertvolle Einblicke sowohl in die allgemeine Sichtbarkeit der Website als auch in die Leistung einzelner Seiten.<\/p>\n<p><strong>Benutzerdefinierte Berichte: <\/strong>Erm\u00f6glicht den Export von Daten in verschiedenen Formaten (.csv, .pdf, Looker Studio) zur Berichterstellung und Weitergabe.<\/p>\n<h3>Hauptfunktionen des Local SEO Rank Checker<\/h3>\n<p><strong>Einheitliches Dashboard. <\/strong>Ein einheitliches Dashboard bietet eine einheitliche Ansicht der technischen SEO-Daten und erleichtert so die Verfolgung und Verwaltung ihrer Leistung.<\/p>\n<p><strong>Benutzerfreundliche Oberfl\u00e4che. <\/strong>Die benutzerfreundliche Oberfl\u00e4che erleichtert die Verwendung von Sitechecker, auch wenn Sie kein technischer Experte sind.<\/p>\n<p><strong>Komplettes SEO-Toolset. <\/strong>Der Local SEO Rank Checker ist Teil eines vollst\u00e4ndigen SEO-Toolsets, das Ihnen dabei helfen kann, die lokale SEO-Strategie Ihrer Website zu verbessern.<\/p>\n<h2 id=\"par2\">Wie verwende ich den Local Rank Tracker?<\/h2>\n<h3>Schritt 1: Geben Sie die URL Ihrer Website ein<\/h3>\n<div class=\"content__img-wrap\"><img src=\"https:\/\/sitechecker.pro\/wp-content\/uploads\/2023\/12\/keyword-local-rank-tracker.png\" alt=\"Keyword Local Rank Tracker\" class=\"description-img description-img-zoom\" loading=\"lazy\" ><\/div>\n<div class=\"important-block\">Um Ergebnisse zu erhalten und 14 Tage lang Zugriff auf die Funktionen von Sitechecker zu erhalten, starten Sie Ihre KOSTENLOSE Testversion. Die Anmeldung ist ganz einfach mit Ihrem E-Mail-, Google- oder Facebook-Konto. Es ist keine Kreditkarte erforderlich.<\/div>\n<h3>Schritt 2: Keywords f\u00fcr das Tracking hinzuf\u00fcgen und verwalten<\/h3>\n<p>Mithilfe von drei einfachen Ans\u00e4tzen k\u00f6nnen Sie Ihre gew\u00fcnschten Keywords schnell ausw\u00e4hlen und mit der Verfolgung beginnen: Keyword-Empfehlungen erhalten, Daten aus der Google Search Console (GSC) nutzen oder Keywords aus einer Excel-Datei importieren.<\/p>\n<div class=\"content__img-wrap\"><img src=\"https:\/\/sitechecker.pro\/wp-content\/uploads\/2024\/01\/1-keywords_adding-1.png\" alt=\"Hinzuf\u00fcgen von Schl\u00fcsselw\u00f6rtern\" class=\"description-img description-img-zoom\" loading=\"lazy\" ><\/div>\n<p>Nutzen Sie die vorgeschlagene Liste mit Schl\u00fcsselw\u00f6rtern, die wir umgehend erstellen, unter Ber\u00fccksichtigung der Suchanfragen, f\u00fcr die Sie bereits Platzierungen auf den Search Engine Results Pages (SERP) haben:<\/p>\n<div class=\"content__img-wrap\"><img src=\"https:\/\/sitechecker.pro\/wp-content\/uploads\/2024\/01\/2-Keyword_Suggestion-1.png\" alt=\"Keywords Suggestion\" class=\"description-img description-img-zoom\" loading=\"lazy\" ><\/div>\n<p>Um Schl\u00fcsselw\u00f6rter aus der Google Search Console zu importieren, w\u00e4hlen Sie die Option \u201eGoogle Search Console\u201c. Anschlie\u00dfend erscheint ein Dialogfenster, in dem Sie aufgefordert werden, eine Verbindung sowohl mit der Google Search Console als auch mit Analytics herzustellen.<\/p>\n<div class=\"content__img-wrap\"><img src=\"https:\/\/sitechecker.pro\/wp-content\/uploads\/2024\/01\/3-Connect-Google-Account.-1.png\" alt=\"Google-Konto verbinden\" class=\"description-img description-img-zoom\" loading=\"lazy\" ><\/div>\n<p>Dadurch kann unser Tool Keywords aus der Google Search Console zusammen mit Ihren aktuellen Ranking-Daten importieren und nahtlos in Ihre Tracking-Liste integrieren:<\/p>\n<div class=\"content__img-wrap\"><img src=\"https:\/\/sitechecker.pro\/wp-content\/uploads\/2024\/01\/4-High-potential-from-GSC-1.png\" alt=\"Keywords mit hohem Potenzial von GSC\" class=\"description-img description-img-zoom\" loading=\"lazy\" ><\/div>\n<p>Um eine Reihe Ihrer eigenen Schl\u00fcsselw\u00f6rter aus einer Excel-Tabelle einzubinden, verwenden Sie die Schaltfl\u00e4che \u201eExcel-Datei\u201c. Das Tool bietet ein benutzerfreundliches Format, das das Hinzuf\u00fcgen einer erheblichen Anzahl spezifischer Abfragen zur Anpassung und Nachverfolgung vereinfacht:<\/p>\n<div class=\"content__img-wrap\"><img src=\"https:\/\/sitechecker.pro\/wp-content\/uploads\/2024\/01\/5-Import-keywords-1.png\" alt=\"Schl\u00fcsselw\u00f6rter aus Excel-Datei importieren\" class=\"description-img description-img-zoom\" loading=\"lazy\" ><\/div>\n<p>Nebenbei haben Sie die Kontrolle \u00fcber die Suchmaschineneinstellungen. Sie k\u00f6nnen Ihr Ziel angeben und Suchmaschinenpr\u00e4ferenzen, Standorte, Sprachen und Ger\u00e4tepr\u00e4ferenzen wie Desktop oder Mobilger\u00e4t verfeinern.<\/p>\n<div class=\"content__img-wrap\"><img src=\"https:\/\/sitechecker.pro\/wp-content\/uploads\/2024\/01\/6-Locations-settings-1.png\" alt=\"Standorteinstellung\" class=\"description-img description-img-zoom\" loading=\"lazy\" ><\/div>\n<p>Wenn alles eingerichtet ist, klicken Sie auf \u201eHinzuf\u00fcgen\u201c.<\/p>\n<p>Mit der Funktion \u201eSchl\u00fcsselw\u00f6rter verwalten\u201c unten k\u00f6nnen Sie die Schl\u00fcsselw\u00f6rter in Gruppen kategorisieren und sie basierend auf Ihrer Werbestrategie nach Seiten organisieren.<\/p>\n<div class=\"content__img-wrap\"><img src=\"https:\/\/sitechecker.pro\/wp-content\/uploads\/2024\/01\/7-Manage-keywords-1.png\" alt=\"Keywords-Block verwalten\" class=\"description-img description-img-zoom\" loading=\"lazy\" ><\/div>\n<h3>Schritt 3:Ergebnis<\/h3>\n<p>Sobald Sie die Tracking-Keywords hinzugef\u00fcgt haben, k\u00f6nnen Sie diese im Detail analysieren.<\/p>\n<p>Im Bedienfeld gibt es zwei Registerkarten: \u201eSchl\u00fcsselw\u00f6rter\u201c und \u201eSeiten\u201c. Auf der Registerkarte \u201eSchl\u00fcsselw\u00f6rter\u201c wird eine Liste mit Schl\u00fcsselw\u00f6rtern angezeigt, zusammen mit Optionen zum Filtern nach Ger\u00e4ten, Volumen, Positionen, L\u00e4ndern und Sprachen. Oben rechts befindet sich au\u00dferdem ein Datumsbereich, der den Zeitrahmen f\u00fcr die angezeigten Daten angibt.<\/p>\n<p>Oben gibt es Optionen zum Hinzuf\u00fcgen von Schl\u00fcsselw\u00f6rtern und zum Exportieren der Daten. In jeder Keyword-Zeile werden Symbole zur Suchmaschinenkompatibilit\u00e4t angezeigt und Daten zu Suchmaschinenergebnissen wie SERP-Funktionen, URLs und CPCs f\u00fcr jedes Keyword bereitgestellt.<\/p>\n<div class=\"content__img-wrap\"><img src=\"https:\/\/sitechecker.pro\/wp-content\/uploads\/2023\/12\/rank-tracker-keywords-pages.png\" alt=\"Rank Tracker Keywords Seiten\" class=\"description-img description-img-zoom\" loading=\"lazy\" ><\/div>\n<p>Das Tool bietet ein umfassendes Dashboard zur SEO-Leistungs\u00fcberwachung in Echtzeit, zur Kategorisierung von Keyword-Positionen sowie zur Bereitstellung von Sichtbarkeitsmetriken und Indexierungsverfolgung. Mit seiner interaktiven Zeitleiste erm\u00f6glicht der Local Rank Tracker die Trendbeobachtung und einstellbare Zeitintervalle und hilft so, die Online-Sichtbarkeit Ihrer Unternehmenswebsite zu optimieren.<\/p>\n<div class=\"content__img-wrap\"><img src=\"https:\/\/sitechecker.pro\/wp-content\/uploads\/2023\/12\/keywords-dashboard-1.png\" alt=\"Keywords-Dashboard\" class=\"description-img description-img-zoom\" loading=\"lazy\" ><\/div>\n<p>Die Keyword-Performance-Tracking-Schnittstelle von Local Rank Analyzer zeigt sorgf\u00e4ltig Schl\u00fcsseldaten wie das URL-Ranking f\u00fcr eine Suchanfrage, das Suchvolumen des Keywords, seinen aktuellen Stand in den organischen Suchergebnissen und Sichtbarkeitsmetriken an. Es stellt au\u00dferdem die Cost-per-Click-Werte (CPC) bereit und zeigt mit einem Symbol an, ob das Keyword in SERP-Funktionen wie Quick Answers oder Featured Snippets rankt.<\/p>\n<div class=\"content__img-wrap\"><img src=\"https:\/\/sitechecker.pro\/wp-content\/uploads\/2023\/12\/results-export.png\" alt=\"Ergebnisexport\" class=\"description-img description-img-zoom\" loading=\"lazy\" ><\/div>\n<h2 id=\"par3\">Zus\u00e4tzliche Funktionen des lokalen SERP-Checkers<\/h2>\n<p>Durch Klicken auf die Schaltfl\u00e4che \u201eSERP\u201c neben einer bestimmten Abfrage wird das entsprechende Diagramm ge\u00f6ffnet.<\/p>\n<p>Das kostenlose Tool \u201eLocal Rank Tracker\u201c zeigt ein dynamisches Diagramm an, das die Ranking-Bewegungen verschiedener URLs f\u00fcr ein bestimmtes Keyword \u00fcber ausgew\u00e4hlte Zeitr\u00e4ume verfolgt. Jede durch eindeutige Farbcodes gekennzeichnete Zeile im Diagramm korreliert mit den entsprechenden URLs im Seitenbereich. Aus diesem Grund k\u00f6nnen Sie die Seitenleistung f\u00fcr diese Abfrage problemlos vergleichen. Dieses Tool erstreckt sich \u00fcber die Zeitachse und bietet die M\u00f6glichkeit, ein bestimmtes Datum zu vergr\u00f6\u00dfern und eine detailliertere Analyse einer bestimmten URL durchzuf\u00fchren.<\/p>\n<div class=\"content__img-wrap\"><img src=\"https:\/\/sitechecker.pro\/wp-content\/uploads\/2023\/12\/keyword-serp-statistics-1.png\" alt=\"Keyword SERP Statistics\" class=\"description-img description-img-zoom\" loading=\"lazy\" ><\/div>\n<p>Mit zus\u00e4tzlichen Filtern f\u00fcr Datum und Seite verbessert diese Funktion die SEO-\u00dcberwachungs- und Planungsm\u00f6glichkeiten erheblich.<\/p>\n<p><iframe width=\"700\" height=\"350\" src=\"https:\/\/www.youtube.com\/embed\/fBNqAgIao9A?si=QVTs1TxMMSK3icd5&amp;start=47\" title=\"YouTube-Videoplayer\" frameborder=\"0\" erlauben =\"Beschleunigungsmesser; automatische Wiedergabe; Schreiben in die Zwischenablage; verschl\u00fcsselte Medien; Gyroskop; Bild-in-Bild; Webfreigabe\" Allowfullscreen><\/iframe><\/p>\n<h2 id=\"par4\">Endg\u00fcltige Idee<\/h2>\n<p>Das Local Keyword Ranking Tool ist ein umfassendes SEO-Tool, das ein differenziertes Verst\u00e4ndnis der lokalen Suchleistung einer Website liefert. Es bietet ein robustes Dashboard zur Echtzeitverfolgung von Keyword-Rankings, Sichtbarkeitsmetriken und SERP-Funktionen mit der Flexibilit\u00e4t, Rankings auch \u00fcber verschiedene Ger\u00e4te und geografische Standorte hinweg zu verfolgen. Mit der M\u00f6glichkeit, Ihre Google Search Console f\u00fcr angereicherte Daten zu verkn\u00fcpfen, Abfragen hinzuzuf\u00fcgen und zu analysieren und detaillierte Berichte zu erstellen, liefert dieses Tool Unternehmen die n\u00f6tigen Erkenntnisse, um ihre Online-Pr\u00e4senz effektiv zu strategisieren und zu optimieren. Seine benutzerfreundliche Oberfl\u00e4che und die umfassende Suite an SEO-Tools machen es zu einem unsch\u00e4tzbaren Vorteil f\u00fcr alle, die ihre Sichtbarkeit in der Suche und ihre SEO-Bem\u00fchungen verbessern m\u00f6chten.<\/p>\n<div id=\"par5\"><\/div>\n<p><div class=\"front__faq-block\"><div class=\"faq__block-title\">FAQ<\/div><div class=\"panel-group\" id=\"faq-accordion\" itemscope itemtype=\"https:\/\/schema.org\/FAQPage\" role=\"tablist\" aria-multiselectable=\"true\"><div class=\"panel\" itemscope itemtype=\"https:\/\/schema.org\/Question\" itemprop=\"mainEntity\">\n                            <div class=\"panel-heading\" id=\"headingFaq-1\">\n                                <div class=\"panel-title\" data-toggle=\"collapse\" aria-expanded=\"false\" href=\"#collapseFaq-1\">\n                                    <h3 itemprop=\"name\">Kann der Local Rank Tracker Schl\u00fcsselw\u00f6rter f\u00fcr verschiedene Sprachen und regionale Suchrankings nach Schl\u00fcsselw\u00f6rtern und L\u00e4ndern verfolgen?<\/h3>\n                                <\/div>\n                            <\/div>\n                            <div id=\"collapseFaq-1\" class=\"panel-collapse collapse\" itemprop=\"acceptedAnswer\" itemscope itemtype=\"http:\/\/schema.org\/Answer\">\n                                <div class=\"panel-body\" itemprop=\"text\">Ja, mit dem Tool k\u00f6nnen Sie Sucheinstellungen anpassen, indem Sie Suchbegriffe nach Land und Sprache verwenden, sodass Sie Standorte durchsuchen und Schl\u00fcsselw\u00f6rter f\u00fcr verschiedene Sprachen und Regionen verfolgen k\u00f6nnen.<\/div>\n                            <\/div>\n                        <\/div><div class=\"panel\" itemscope itemtype=\"https:\/\/schema.org\/Question\" itemprop=\"mainEntity\">\n                            <div class=\"panel-heading\" id=\"headingFaq-2\">\n                                <div class=\"panel-title\" data-toggle=\"collapse\" aria-expanded=\"false\" href=\"#collapseFaq-2\">\n                                    <h3 itemprop=\"name\">Ist das Local SEO Cheal-Paket, das sich ideal f\u00fcr Unternehmen eignet, die ihre SEO-Leistung an mehreren Standorten oder bestimmten St\u00e4dten oder Regionen analysieren und optimieren m\u00f6chten.<\/h3>\n                                <\/div>\n                            <\/div>\n                            <div id=\"collapseFaq-2\" class=\"panel-collapse collapse\" itemprop=\"acceptedAnswer\" itemscope itemtype=\"http:\/\/schema.org\/Answer\">\n                                <div class=\"panel-body\" itemprop=\"text\"><\/div>\n                            <\/div>\n                        <\/div><div class=\"panel\" itemscope itemtype=\"https:\/\/schema.org\/Question\" itemprop=\"mainEntity\">\n                            <div class=\"panel-heading\" id=\"headingFaq-3\">\n                                <div class=\"panel-title\" data-toggle=\"collapse\" aria-expanded=\"false\" href=\"#collapseFaq-3\">\n                                    <h3 itemprop=\"name\">Wie oft kann ich meine Rankings mit Local Rank Tracker \u00fcberpr\u00fcfen?<\/h3>\n                                <\/div>\n                            <\/div>\n                            <div id=\"collapseFaq-3\" class=\"panel-collapse collapse\" itemprop=\"acceptedAnswer\" itemscope itemtype=\"http:\/\/schema.org\/Answer\">\n                                <div class=\"panel-body\" itemprop=\"text\">Das Tool unterst\u00fctzt anpassbare H\u00e4ufigkeitspr\u00fcfungen, sodass Sie Rankings t\u00e4glich, w\u00f6chentlich oder monatlich \u00fcberwachen oder sogar auf historische Daten f\u00fcr eine umfassendere Trendanalyse zugreifen k\u00f6nnen.<\/div>\n                            <\/div>\n                        <\/div><div class=\"panel\" itemscope itemtype=\"https:\/\/schema.org\/Question\" itemprop=\"mainEntity\">\n                            <div class=\"panel-heading\" id=\"headingFaq-4\">\n                                <div class=\"panel-title\" data-toggle=\"collapse\" aria-expanded=\"false\" href=\"#collapseFaq-4\">\n                                    <h3 itemprop=\"name\">Stellt der Local Rank Tracker Daten zur lokalen Suchsichtbarkeit sowohl f\u00fcr Desktop- als auch f\u00fcr mobile Suchen bereit?<\/h3>\n                                <\/div>\n                            <\/div>\n                            <div id=\"collapseFaq-4\" class=\"panel-collapse collapse\" itemprop=\"acceptedAnswer\" itemscope itemtype=\"http:\/\/schema.org\/Answer\">\n                                <div class=\"panel-body\" itemprop=\"text\">Ja, es bietet separate Tracking-Daten f\u00fcr mobile und Desktop-Suchen und erkennt das unterschiedliche Suchverhalten auf verschiedenen Ger\u00e4ten.<\/div>\n                            <\/div>\n                        <\/div><\/div><\/div><\/p>","protected":false},"excerpt":{"rendered":"Was ist das Local Rank Tracker Tool? Der lokale Rank Tracker von Sitechecker ist ein spezielles Tool, mit dem Sie die Keyword-Positionen Ihrer Website in lokalen Suchergebnissen bewerten k\u00f6nnen. Damit erhalten Sie sowohl aktuelle als auch historische Daten zum Ranking Ihrer Website in verschiedenen Suchmaschinen (Google, Bing, Yahoo). Das Tool eignet sich besonders gut zur&#8230;","protected":false},"author":10409641,"featured_media":15167,"parent":0,"menu_order":0,"comment_status":"closed","ping_status":"closed","template":"pages-templates\/pages-minitools.php","meta":[],"categories":[75],"tags":[],"_links":{"self":[{"href":"https:\/\/sitechecker.pro\/de\/wp-json\/wp\/v2\/pages\/15068"}],"collection":[{"href":"https:\/\/sitechecker.pro\/de\/wp-json\/wp\/v2\/pages"}],"about":[{"href":"https:\/\/sitechecker.pro\/de\/wp-json\/wp\/v2\/types\/page"}],"author":[{"embeddable":true,"href":"https:\/\/sitechecker.pro\/de\/wp-json\/wp\/v2\/users\/10409641"}],"replies":[{"embeddable":true,"href":"https:\/\/sitechecker.pro\/de\/wp-json\/wp\/v2\/comments?post=15068"}],"version-history":[{"count":20,"href":"https:\/\/sitechecker.pro\/de\/wp-json\/wp\/v2\/pages\/15068\/revisions"}],"predecessor-version":[{"id":39556,"href":"https:\/\/sitechecker.pro\/de\/wp-json\/wp\/v2\/pages\/15068\/revisions\/39556"}],"wp:featuredmedia":[{"embeddable":true,"href":"https:\/\/sitechecker.pro\/de\/wp-json\/wp\/v2\/media\/15167"}],"wp:attachment":[{"href":"https:\/\/sitechecker.pro\/de\/wp-json\/wp\/v2\/media?parent=15068"}],"wp:term":[{"taxonomy":"category","embeddable":true,"href":"https:\/\/sitechecker.pro\/de\/wp-json\/wp\/v2\/categories?post=15068"},{"taxonomy":"post_tag","embeddable":true,"href":"https:\/\/sitechecker.pro\/de\/wp-json\/wp\/v2\/tags?post=15068"}],"curies":[{"name":"wp","href":"https:\/\/api.w.org\/{rel}","templated":true}]}}