{"id":1489,"date":"2018-02-09T16:40:49","date_gmt":"2018-02-09T16:40:49","guid":{"rendered":"https:\/\/sitechecker.pro\/?page_id=1489"},"modified":"2025-05-29T14:02:55","modified_gmt":"2025-05-29T14:02:55","slug":"google-index","status":"publish","type":"page","link":"https:\/\/sitechecker.pro\/de\/google-index\/","title":{"rendered":"Google Index Checker: Indexierungsmenge und -dynamik \u2611"},"content":{"rendered":"<p><\/p>\n<h2 id=\"par1\">Was ist der Google Index Checker?<\/h2>\n<p>Der Indexing Checker von <a href=\"https:\/\/sitechecker.pro\/\" target=\"_blank\" rel=\"noopener noreferrer\">Sitechecker<\/a> ist ein Onlinetool, mit dem Benutzer den Indexstatus einer Website oder einzelner Seiten pr\u00fcfen k\u00f6nnen. Es bietet Einblicke in indexierte Seiten, Meta-Noindex-Tags und Crawlability-Probleme. Sie k\u00f6nnen alle Seiten analysieren oder einen Sofortbericht f\u00fcr eine einzelne Seite testen.<\/p>\n<h3>Wie das Tool Ihnen helfen kann<\/h3>\n<p><strong>Sofortindexpr\u00fcfung: <\/strong>\u00fcberpr\u00fcft schnell, ob Google eine Website oder Seite indexiert.<\/p>\n<p><strong>Indexierungsprobleme identifizieren: <\/strong>erkennt Seiten, die aufgrund technischer Fehler, Meta-Noindex-Tags oder anderer SEO-Probleme nicht indexiert sind.<\/p>\n<p><strong>Site-\u00c4nderungen \u00fcberwachen: <\/strong>bietet kontinuierliches Tracking und Warnungen \u00fcber Crawlability-\u00c4nderungen und hilft Benutzern, eine starke Onlinepr\u00e4senz aufrechtzuerhalten.<\/p>\n<h3>Hauptfunktionen des Tools<\/h3>\n<p><strong>Vereinheitlichtes Dashboard: <\/strong>bietet einen zentralen Hub zur \u00dcberwachung der Website-Gesundheit, der SEO-Leistung und des Crawling-Status an einem Ort.<\/p>\n<p><strong>Benutzerfreundliche Oberfl\u00e4che: <\/strong>entwickelt f\u00fcr Anf\u00e4nger und Experten, bietet intuitive Navigation, klare Einblicke und umsetzbare Empfehlungen.<\/p>\n<p><strong>Komplettes SEO-Toolset: <\/strong>beinhaltet Site-Audits, Rangverfolgung, On-Page-SEO-Checks und \u00dcberwachung von Crawling-Status\u00e4nderungen zur Verbesserung der Suchsichtbarkeit.<\/p>\n<h2 id=\"par2\">So verwenden Sie das Tool<\/h2>\n<p>Sie k\u00f6nnen ein vollst\u00e4ndiges Site-Audit durchf\u00fchren oder eine sofortige Seitenpr\u00fcfung ausf\u00fchren. W\u00e4hlen Sie einfach die Option aus, die Ihren Anforderungen am besten entspricht, und f\u00fchren Sie das Audit aus.<\/p>\n<div class=\"content__img-wrap\"><img src=\"https:\/\/sitechecker.pro\/wp-content\/uploads\/2025\/02\/choose-audit-option.png\" alt=\"Audit-Option ausw\u00e4hlen\" class=\"description-img description-img-zoom\" loading=\"lazy\" ><\/div>\n<h2 id=\"par3\">Vollst\u00e4ndige Site-Index-Pr\u00fcfung<\/h2>\n<h3>Schritt 1: W\u00e4hlen Sie eine Site-Check-Option<\/h3>\n<div class=\"content__img-wrap\"><img src=\"https:\/\/sitechecker.pro\/wp-content\/uploads\/2025\/02\/check-site-index.png\" alt=\"Site-Index pr\u00fcfen\" class=\"description-img description-img-zoom\" loading=\"lazy\" ><\/div>\n<div class=\"important-block\">Um Ergebnisse zu erhalten und 14 Tage lang auf die Funktionen von Sitechecker zuzugreifen, starten Sie Ihre KOSTENLOSE Testversion. Die Anmeldung ist ganz einfach mit Ihrem E-Mail-, Google- oder Facebook-Konto. Es ist keine Kreditkarte erforderlich.<\/div>\n<h3>Schritt 2: Ergebnisse erhalten<\/h3>\n<p>Erhalten Sie eine detaillierte Analyse der Crawlbarkeit Ihrer Site, einschlie\u00dflich kritischer SEO-Probleme, Warnungen, M\u00f6glichkeiten und \u00c4nderungen des Crawling-Status. Identifizieren Sie blockierte Seiten, fehlende Tags und technische Fehler, die die Suchsichtbarkeit beeintr\u00e4chtigen, mit umsetzbaren Korrekturen.<\/p>\n<div class=\"content__img-wrap\"><img src=\"https:\/\/sitechecker.pro\/wp-content\/uploads\/2025\/02\/check-indexability-issues.png\" alt=\"Indexierbarkeitsprobleme pr\u00fcfen\" class=\"description-img description-img-zoom\" loading=\"lazy\" ><\/div>\n<h3>Zus\u00e4tzliche Funktionen<\/h3>\n<p>Gewinnen Sie umfassende SEO-Einblicke \u00fcber Crawling-Status\u00e4nderungen hinaus, einschlie\u00dflich kritischer Fehler, Warnungen, Chancen und der allgemeinen Website-Gesundheit. Analysieren Sie betroffene Seiten nach Kategorie, erkennen Sie technische Probleme und greifen Sie auf detaillierte Berichte mit umsetzbaren Korrekturen zu, um die Suchleistung zu optimieren.<\/p>\n<div class=\"content__img-wrap\"><img src=\"https:\/\/sitechecker.pro\/wp-content\/uploads\/2025\/02\/site-audit-issues.png\" alt=\"Site Audit Issues\" class=\"description-img description-img-zoom\" loading=\"lazy\" ><\/div>\n<h2 id=\"par4\">Google Page Index Checker<\/h2>\n<h3>Schritt 1: W\u00e4hlen Sie eine Seitenpr\u00fcfungsoption<\/h3>\n<div class=\"content__img-wrap\"><img src=\"https:\/\/sitechecker.pro\/wp-content\/uploads\/2025\/02\/check-page-index.png\" alt=\"Check Page Index\" class=\"description-img description-img-zoom\" loading=\"lazy\" ><\/div>\n<h3>Schritt 2: Erhalten Sie die Ergebnisse<\/h3>\n<p>Erhalten Sie sofortige Einblicke in die Crawlbarkeit einer Seite, einschlie\u00dflich Statuscodes, Meta-Tags, Robots.txt-Einstellungen und Noindex-Anweisungen. Identifizieren Sie Crawling-Statusprobleme und stellen Sie sicher, dass Suchmaschinen Ihre Seite richtig crawlen und bewerten k\u00f6nnen.<\/p>\n<div class=\"content__img-wrap\"><img src=\"https:\/\/sitechecker.pro\/wp-content\/uploads\/2025\/02\/check-indexation.png\" alt=\"Indexierung pr\u00fcfen\" class=\"description-img description-img-zoom\" loading=\"lazy\" ><\/div>\n<p>Um alle Funktionen des Tools zu erkunden, gehen Sie zum Abschnitt Site Audit. Dort k\u00f6nnen Sie die Demoversion ansehen und sehen, welche technischen SEO-Aufgaben Sitechecker l\u00f6sen kann.<\/p>\n<div class=\"content__img-wrap\"><img src=\"https:\/\/sitechecker.pro\/wp-content\/uploads\/2025\/02\/site-audit.png\" alt=\"Site Audit\" class=\"description-img description-img-zoom\" loading=\"lazy\" ><\/div>\n<h3>Zus\u00e4tzliche Funktionen der Seitenpr\u00fcfung<\/h3>\n<p>Erhalten Sie eine umfassende SEO-Analyse \u00fcber den Crawling-Status hinaus, einschlie\u00dflich kritischer Probleme, Warnungen und Leistungseinblicke. Identifizieren Sie defekte Links, langsame Seitengeschwindigkeit, L\u00fccken bei der Inhaltsoptimierung und strukturierte Datenfehler. Greifen Sie auf detaillierte Empfehlungen zu, um die Sichtbarkeit zu verbessern, die Benutzererfahrung zu verbessern und das Suchranking zu steigern.<\/p>\n<div class=\"content__img-wrap\"><img src=\"https:\/\/sitechecker.pro\/wp-content\/uploads\/2025\/02\/issues-overview.png\" alt=\"Problem\u00fcbersicht\" class=\"description-img description-img-zoom\" loading=\"lazy\" ><\/div>\n<h2 id=\"par5\">Abschlie\u00dfende Idee<\/h2>\n<p>Der Google Indexing Checker hilft Benutzern bei der Analyse der Crawlbarkeit von Websites und Seiten und identifiziert SEO-Probleme, die die Suchsichtbarkeit beeintr\u00e4chtigen. Er bietet sofortige Seitenpr\u00fcfungen oder vollst\u00e4ndige Site-Audits und erkennt Indexierungsfehler, Meta-Noindex-Tags und technische Probleme. Mit einem einheitlichen Dashboard, einer benutzerfreundlichen Oberfl\u00e4che und einem vollst\u00e4ndigen SEO-Toolset bietet er kontinuierliches Tracking, Leistungseinblicke und umsetzbare Korrekturen. Benutzer k\u00f6nnen auf detaillierte Berichte zu Indexierung, Site-Gesundheit und Inhaltsoptimierung zugreifen.<\/p>\n<div id=\"par6\"><\/div>\n<p><div class=\"front__faq-block\"><div class=\"faq__block-title\">FAQ<\/div><div class=\"panel-group\" id=\"faq-accordion\" itemscope itemtype=\"https:\/\/schema.org\/FAQPage\" role=\"tablist\" aria-multiselectable=\"true\"><div class=\"panel\" itemscope itemtype=\"https:\/\/schema.org\/Question\" itemprop=\"mainEntity\">\n                            <div class=\"panel-heading\" id=\"headingFaq-1\">\n                                <div class=\"panel-title\" data-toggle=\"collapse\" aria-expanded=\"false\" href=\"#collapseFaq-1\">\n                                    <h3 itemprop=\"name\">Welchen Einfluss hat die Google-Indizierung auf die Sichtbarkeit einer Website?<\/h3>\n                                <\/div>\n                            <\/div>\n                            <div id=\"collapseFaq-1\" class=\"panel-collapse collapse\" itemprop=\"acceptedAnswer\" itemscope itemtype=\"http:\/\/schema.org\/Answer\">\n                                <div class=\"panel-body\" itemprop=\"text\">Die Google-Indizierung bestimmt, ob die Seiten einer Website in Suchergebnissen erscheinen. Wenn eine Seite nicht indiziert ist, kann sie \u00fcber die Google-Suche nicht gefunden werden.<\/div>\n                            <\/div>\n                        <\/div><div class=\"panel\" itemscope itemtype=\"https:\/\/schema.org\/Question\" itemprop=\"mainEntity\">\n                            <div class=\"panel-heading\" id=\"headingFaq-2\">\n                                <div class=\"panel-title\" data-toggle=\"collapse\" aria-expanded=\"false\" href=\"#collapseFaq-2\">\n                                    <h3 itemprop=\"name\">Kann das Tool erkennen, warum eine Seite nicht indiziert ist?<\/h3>\n                                <\/div>\n                            <\/div>\n                            <div id=\"collapseFaq-2\" class=\"panel-collapse collapse\" itemprop=\"acceptedAnswer\" itemscope itemtype=\"http:\/\/schema.org\/Answer\">\n                                <div class=\"panel-body\" itemprop=\"text\">Ja, es erkennt technische Fehler, Meta-Noindex-Tags und Crawling-Einschr\u00e4nkungen, die das Crawling verhindern k\u00f6nnen.<\/div>\n                            <\/div>\n                        <\/div><div class=\"panel\" itemscope itemtype=\"https:\/\/schema.org\/Question\" itemprop=\"mainEntity\">\n                            <div class=\"panel-heading\" id=\"headingFaq-3\">\n                                <div class=\"panel-title\" data-toggle=\"collapse\" aria-expanded=\"false\" href=\"#collapseFaq-3\">\n                                    <h3 itemprop=\"name\">Wie oft sollte ich den Indexstatus meiner Website \u00fcberpr\u00fcfen?<\/h3>\n                                <\/div>\n                            <\/div>\n                            <div id=\"collapseFaq-3\" class=\"panel-collapse collapse\" itemprop=\"acceptedAnswer\" itemscope itemtype=\"http:\/\/schema.org\/Answer\">\n                                <div class=\"panel-body\" itemprop=\"text\">Regelm\u00e4\u00dfige \u00dcberpr\u00fcfungen werden empfohlen, insbesondere nach Inhaltsaktualisierungen, Website-Migrationen oder SEO-Optimierungen.<\/div>\n                            <\/div>\n                        <\/div><div class=\"panel\" itemscope itemtype=\"https:\/\/schema.org\/Question\" itemprop=\"mainEntity\">\n                            <div class=\"panel-heading\" id=\"headingFaq-4\">\n                                <div class=\"panel-title\" data-toggle=\"collapse\" aria-expanded=\"false\" href=\"#collapseFaq-4\">\n                                    <h3 itemprop=\"name\">Unterst\u00fctzt das Tool die Nachverfolgung von Indexierungs\u00e4nderungen im Laufe der Zeit?<\/h3>\n                                <\/div>\n                            <\/div>\n                            <div id=\"collapseFaq-4\" class=\"panel-collapse collapse\" itemprop=\"acceptedAnswer\" itemscope itemtype=\"http:\/\/schema.org\/Answer\">\n                                <div class=\"panel-body\" itemprop=\"text\">Ja, es bietet kontinuierliche \u00dcberwachung und Warnungen bei \u00c4nderungen der Crawling-F\u00e4higkeit, um die Suchsichtbarkeit aufrechtzuerhalten.<\/div>\n                            <\/div>\n                        <\/div><div class=\"panel\" itemscope itemtype=\"https:\/\/schema.org\/Question\" itemprop=\"mainEntity\">\n                            <div class=\"panel-heading\" id=\"headingFaq-5\">\n                                <div class=\"panel-title\" data-toggle=\"collapse\" aria-expanded=\"false\" href=\"#collapseFaq-5\">\n                                    <h3 itemprop=\"name\">Was passiert, wenn meine Seite nicht indiziert ist?<\/h3>\n                                <\/div>\n                            <\/div>\n                            <div id=\"collapseFaq-5\" class=\"panel-collapse collapse\" itemprop=\"acceptedAnswer\" itemscope itemtype=\"http:\/\/schema.org\/Answer\">\n                                <div class=\"panel-body\" itemprop=\"text\">Das Tool schl\u00e4gt Korrekturen vor, wie etwa das Anpassen von Meta-Tags, das Aktualisieren von robots.txt und die Verbesserung der Site-Struktur, um die Sichtbarkeit zu verbessern.<\/div>\n                            <\/div>\n                        <\/div><\/div><\/div><\/p>","protected":false},"excerpt":{"rendered":"Was ist der Google Index Checker? Der Indexing Checker von Sitechecker ist ein Onlinetool, mit dem Benutzer den Indexstatus einer Website oder einzelner Seiten pr\u00fcfen k\u00f6nnen. Es bietet Einblicke in indexierte Seiten, Meta-Noindex-Tags und Crawlability-Probleme. Sie k\u00f6nnen alle Seiten analysieren oder einen Sofortbericht f\u00fcr eine einzelne Seite testen. Wie das Tool Ihnen helfen kann Sofortindexpr\u00fcfung:&#8230;","protected":false},"author":10409641,"featured_media":3426,"parent":0,"menu_order":0,"comment_status":"closed","ping_status":"closed","template":"pages-templates\/pages-minitools-3.php","meta":[],"categories":[73],"tags":[],"_links":{"self":[{"href":"https:\/\/sitechecker.pro\/de\/wp-json\/wp\/v2\/pages\/1489"}],"collection":[{"href":"https:\/\/sitechecker.pro\/de\/wp-json\/wp\/v2\/pages"}],"about":[{"href":"https:\/\/sitechecker.pro\/de\/wp-json\/wp\/v2\/types\/page"}],"author":[{"embeddable":true,"href":"https:\/\/sitechecker.pro\/de\/wp-json\/wp\/v2\/users\/10409641"}],"replies":[{"embeddable":true,"href":"https:\/\/sitechecker.pro\/de\/wp-json\/wp\/v2\/comments?post=1489"}],"version-history":[{"count":8,"href":"https:\/\/sitechecker.pro\/de\/wp-json\/wp\/v2\/pages\/1489\/revisions"}],"predecessor-version":[{"id":37213,"href":"https:\/\/sitechecker.pro\/de\/wp-json\/wp\/v2\/pages\/1489\/revisions\/37213"}],"wp:featuredmedia":[{"embeddable":true,"href":"https:\/\/sitechecker.pro\/de\/wp-json\/wp\/v2\/media\/3426"}],"wp:attachment":[{"href":"https:\/\/sitechecker.pro\/de\/wp-json\/wp\/v2\/media?parent=1489"}],"wp:term":[{"taxonomy":"category","embeddable":true,"href":"https:\/\/sitechecker.pro\/de\/wp-json\/wp\/v2\/categories?post=1489"},{"taxonomy":"post_tag","embeddable":true,"href":"https:\/\/sitechecker.pro\/de\/wp-json\/wp\/v2\/tags?post=1489"}],"curies":[{"name":"wp","href":"https:\/\/api.w.org\/{rel}","templated":true}]}}