{"id":1484,"date":"2018-02-09T15:11:40","date_gmt":"2018-02-09T15:11:40","guid":{"rendered":"https:\/\/sitechecker.pro\/?page_id=1484"},"modified":"2025-02-21T16:14:56","modified_gmt":"2025-02-21T16:14:56","slug":"check-cost","status":"publish","type":"page","link":"https:\/\/sitechecker.pro\/de\/check-cost\/","title":{"rendered":"Website-Preis-Pr\u00fcfer | Website-Wert berechnen \u2611"},"content":{"rendered":"<p><\/p>\n<h2 id=\"par1\">Was ist der Website Price Checker?<\/h2>\n<p>Der Site Price Checker von <a href=\"https:\/\/sitechecker.pro\/\" target=\"_blank\" rel=\"noopener noreferrer\">Sitechecker<\/a> ist ein Online-Tool, das den potenziellen Wert einer Website anhand des organischen Traffic-Werts sch\u00e4tzt. Dieses Tool analysiert den organischen Traffic einer Website als Schl\u00fcsselmetrik zur Ermittlung eines gesch\u00e4tzten Geldwerts.<\/p>\n<h3>Wie der Website Worth Calculator Ihnen helfen kann<\/h3>\n<p><strong>Website-Kostensch\u00e4tzung: <\/strong>berechnet den potenziellen Marktpreis einer Website anhand des Traffics und des Monetarisierungspotenzials.<\/p>\n<p><strong>Traffic- und SEO-Analyse: <\/strong>wertet Besucherzahlen, Suchmaschinen-Rankings und On-Page-SEO-Faktoren aus, um die Leistung einer Website zu bestimmen.<\/p>\n<p><strong>Einblicke in das Monetarisierungspotenzial: <\/strong>sch\u00e4tzt m\u00f6gliche Einnahmen aus Werbung, Affiliate-Marketing oder E-Commerce anhand von Web-Engagement und Engagement-Metriken.<\/p>\n<h3>Hauptfunktionen des Website Value Estimator<\/h3>\n<p><strong>Vereinheitlichtes Dashboard: <\/strong>bietet eine zentrale Ansicht aller SEO-Kennzahlen, einschlie\u00dflich Site-Gesundheit und Besuchereinblicke, sodass Benutzer mehrere Aspekte der SEO \u00fcber eine einzige Schnittstelle verwalten k\u00f6nnen.<\/p>\n<p><strong>Benutzerfreundliche Schnittstelle: <\/strong>entwickelt f\u00fcr Anf\u00e4nger und Experten, bietet intuitive Navigation, klare Datenvisualisierung und umsetzbare Empfehlungen zur m\u00fchelosen Verbesserung der Website-Leistung.<\/p>\n<p><strong>Komplettes SEO-Toolset: <\/strong>umfasst umfassende SEO-Funktionen wie Site-Audits, Rangverfolgung, Keyword-Analyse und Echtzeit-Problemerkennung zur Verbesserung der Sichtbarkeit und der Suchrankings.<\/p>\n<h2 id=\"par2\">So verwenden Sie den Website Value Checker<\/h2>\n<h3>Schritt 1: Geben Sie die Domain-URL ein und klicken Sie auf die Schaltfl\u00e4che \u201eKosten pr\u00fcfen\u201c<\/h3>\n<div class=\"content__img-wrap\"><img src=\"https:\/\/sitechecker.pro\/wp-content\/uploads\/2025\/02\/website-price-checker.png\" alt=\"Website Price Checker\" class=\"description-img description-img-zoom\" loading=\"lazy\" ><\/div>\n<h3>Schritt 2: Erhalten Sie die Ergebnisse<\/h3>\n<p>Erhalten Sie sofort wichtige Kennzahlen, einschlie\u00dflich gesch\u00e4tztem organischem Traffic, Web-Engagement-Wert und Keyword-Rankings, die f\u00fcr die Bestimmung des Werts einer Website entscheidend sind.<\/p>\n<div class=\"content__img-wrap\"><img src=\"https:\/\/sitechecker.pro\/wp-content\/uploads\/2025\/02\/website-price-checker-results.png\" alt=\"Website Price Checker Results\" class=\"description-img description-img-zoom\" loading=\"lazy\" ><\/div>\n<h4>Traffic Value<\/h4>\n<p>Stellt den potenziellen Geldwert des organischen Traffics basierend auf CPC-Daten (Cost-per-Click) dar und gibt an, wie viel dieser Traffic kosten w\u00fcrde, wenn er durch bezahlte Werbung akquiriert w\u00fcrde. Ein h\u00f6herer Traffic-Wert deutet auf ein starkes Monetarisierungspotenzial hin.<\/p>\n<h4>Keyword-Ranking<\/h4>\n<p>Zeigt, wie gut eine Domain f\u00fcr hochwertige Keywords in Suchergebnissen rankt. Starke Rankings f\u00fcr wettbewerbsf\u00e4hige Keywords erh\u00f6hen die Sichtbarkeit, ziehen mehr Besucher an und steigern den Marktwert.<\/p>\n<p>Diese Erkenntnisse helfen Eigent\u00fcmern, K\u00e4ufern und SEO-Experten, die Rentabilit\u00e4t und das langfristige Wachstumspotenzial einer Site einzusch\u00e4tzen.<\/p>\n<h2 id=\"par3\">Fazit<\/h2>\n<p>Der Website Price Calculator ist ein leistungsstarkes Tool, das eine schnelle und zuverl\u00e4ssige Sch\u00e4tzung des Werts einer Site basierend auf organischem Traffic und Monetarisierungspotenzial bietet. Benutzer k\u00f6nnen wertvolle Einblicke in die Leistung, Rentabilit\u00e4t und Wachstumschancen einer Website gewinnen, indem sie wichtige Kennzahlen wie den Web-Engagement-Wert und die Keyword-Rankings analysieren.<\/p>\n<div id=\"par4\"><\/div>\n<p><div class=\"front__faq-block\"><div class=\"faq__block-title\">FAQ<\/div><div class=\"panel-group\" id=\"faq-accordion\" itemscope itemtype=\"https:\/\/schema.org\/FAQPage\" role=\"tablist\" aria-multiselectable=\"true\"><div class=\"panel\" itemscope itemtype=\"https:\/\/schema.org\/Question\" itemprop=\"mainEntity\">\n                            <div class=\"panel-heading\" id=\"headingFaq-1\">\n                                <div class=\"panel-title\" data-toggle=\"collapse\" aria-expanded=\"false\" href=\"#collapseFaq-1\">\n                                    <h3 itemprop=\"name\">Wie genau ist die Domain-Kostensch\u00e4tzung?<\/h3>\n                                <\/div>\n                            <\/div>\n                            <div id=\"collapseFaq-1\" class=\"panel-collapse collapse\" itemprop=\"acceptedAnswer\" itemscope itemtype=\"http:\/\/schema.org\/Answer\">\n                                <div class=\"panel-body\" itemprop=\"text\">Die Sch\u00e4tzung basiert auf dem organischen Traffic-Wert, den Keyword-Rankings und SEO-Faktoren. Obwohl sie einen starken Ma\u00dfstab bietet, k\u00f6nnen die tats\u00e4chlichen Verkaufspreise aufgrund zus\u00e4tzlicher Faktoren wie Markenbekanntheit und Einnahmequellen variieren.<\/div>\n                            <\/div>\n                        <\/div><div class=\"panel\" itemscope itemtype=\"https:\/\/schema.org\/Question\" itemprop=\"mainEntity\">\n                            <div class=\"panel-heading\" id=\"headingFaq-2\">\n                                <div class=\"panel-title\" data-toggle=\"collapse\" aria-expanded=\"false\" href=\"#collapseFaq-2\">\n                                    <h3 itemprop=\"name\">Analysiert das Tool bezahlten Traffic oder nur organischen Traffic?<\/h3>\n                                <\/div>\n                            <\/div>\n                            <div id=\"collapseFaq-2\" class=\"panel-collapse collapse\" itemprop=\"acceptedAnswer\" itemscope itemtype=\"http:\/\/schema.org\/Answer\">\n                                <div class=\"panel-body\" itemprop=\"text\">Der Website Price Checker konzentriert sich ausschlie\u00dflich auf organischen Traffic und seinen gesch\u00e4tzten Wert basierend auf CPC-Daten. Bezahlter Werbe-Traffic wird nicht ber\u00fccksichtigt.<\/div>\n                            <\/div>\n                        <\/div><div class=\"panel\" itemscope itemtype=\"https:\/\/schema.org\/Question\" itemprop=\"mainEntity\">\n                            <div class=\"panel-heading\" id=\"headingFaq-3\">\n                                <div class=\"panel-title\" data-toggle=\"collapse\" aria-expanded=\"false\" href=\"#collapseFaq-3\">\n                                    <h3 itemprop=\"name\">Kann ich den Wert jeder Website \u00fcberpr\u00fcfen?<\/h3>\n                                <\/div>\n                            <\/div>\n                            <div id=\"collapseFaq-3\" class=\"panel-collapse collapse\" itemprop=\"acceptedAnswer\" itemscope itemtype=\"http:\/\/schema.org\/Answer\">\n                                <div class=\"panel-body\" itemprop=\"text\">Ja, Sie k\u00f6nnen jede \u00f6ffentliche Website analysieren, solange sie \u00fcber messbare organische Web-Engagement-Daten verf\u00fcgt. Private oder neu erstellte Websites mit minimalem Traffic liefern m\u00f6glicherweise keine Ergebnisse.<\/div>\n                            <\/div>\n                        <\/div><div class=\"panel\" itemscope itemtype=\"https:\/\/schema.org\/Question\" itemprop=\"mainEntity\">\n                            <div class=\"panel-heading\" id=\"headingFaq-4\">\n                                <div class=\"panel-title\" data-toggle=\"collapse\" aria-expanded=\"false\" href=\"#collapseFaq-4\">\n                                    <h3 itemprop=\"name\">Wie oft sollte ich den Wert meiner Website pr\u00fcfen?<\/h3>\n                                <\/div>\n                            <\/div>\n                            <div id=\"collapseFaq-4\" class=\"panel-collapse collapse\" itemprop=\"acceptedAnswer\" itemscope itemtype=\"http:\/\/schema.org\/Answer\">\n                                <div class=\"panel-body\" itemprop=\"text\">Es wird empfohlen, regelm\u00e4\u00dfig zu pr\u00fcfen, insbesondere nach gr\u00f6\u00dferen SEO-Updates, Verkehrs\u00e4nderungen oder Inhaltsverbesserungen, um Wachstum und Monetarisierungspotenzial zu verfolgen.<\/div>\n                            <\/div>\n                        <\/div><div class=\"panel\" itemscope itemtype=\"https:\/\/schema.org\/Question\" itemprop=\"mainEntity\">\n                            <div class=\"panel-heading\" id=\"headingFaq-5\">\n                                <div class=\"panel-title\" data-toggle=\"collapse\" aria-expanded=\"false\" href=\"#collapseFaq-5\">\n                                    <h3 itemprop=\"name\">Wie ermittelt das Tool einen Verkehrswert?<\/h3>\n                                <\/div>\n                            <\/div>\n                            <div id=\"collapseFaq-5\" class=\"panel-collapse collapse\" itemprop=\"acceptedAnswer\" itemscope itemtype=\"http:\/\/schema.org\/Answer\">\n                                <div class=\"panel-body\" itemprop=\"text\">Es berechnet den Verkehrswert basierend auf der gesch\u00e4tzten Anzahl organischer Besucher und den Kosten pro Klick (CPC) von bewerteten Schl\u00fcsselw\u00f6rtern und spiegelt wider, wie viel der Verkehr durch bezahlte Anzeigen kosten w\u00fcrde.<\/div>\n                            <\/div>\n                        <\/div><div class=\"panel\" itemscope itemtype=\"https:\/\/schema.org\/Question\" itemprop=\"mainEntity\">\n                            <div class=\"panel-heading\" id=\"headingFaq-6\">\n                                <div class=\"panel-title\" data-toggle=\"collapse\" aria-expanded=\"false\" href=\"#collapseFaq-6\">\n                                    <h3 itemprop=\"name\">Kann ich mehrere Websites vergleichen?<\/h3>\n                                <\/div>\n                            <\/div>\n                            <div id=\"collapseFaq-6\" class=\"panel-collapse collapse\" itemprop=\"acceptedAnswer\" itemscope itemtype=\"http:\/\/schema.org\/Answer\">\n                                <div class=\"panel-body\" itemprop=\"text\">W\u00e4hrend das Tool Dom\u00e4nen einzeln analysiert, k\u00f6nnen Sie mehrere Dom\u00e4nen manuell pr\u00fcfen, um ihre gesch\u00e4tzten Werte und SEO-Leistung zu vergleichen.<\/div>\n                            <\/div>\n                        <\/div><\/div><\/div><\/p>","protected":false},"excerpt":{"rendered":"Was ist der Website Price Checker? Der Site Price Checker von Sitechecker ist ein Online-Tool, das den potenziellen Wert einer Website anhand des organischen Traffic-Werts sch\u00e4tzt. Dieses Tool analysiert den organischen Traffic einer Website als Schl\u00fcsselmetrik zur Ermittlung eines gesch\u00e4tzten Geldwerts. Wie der Website Worth Calculator Ihnen helfen kann Website-Kostensch\u00e4tzung: berechnet den potenziellen Marktpreis einer&#8230;","protected":false},"author":10409641,"featured_media":3747,"parent":0,"menu_order":0,"comment_status":"closed","ping_status":"closed","template":"pages-templates\/pages-minitools-3.php","meta":[],"categories":[73],"tags":[],"_links":{"self":[{"href":"https:\/\/sitechecker.pro\/de\/wp-json\/wp\/v2\/pages\/1484"}],"collection":[{"href":"https:\/\/sitechecker.pro\/de\/wp-json\/wp\/v2\/pages"}],"about":[{"href":"https:\/\/sitechecker.pro\/de\/wp-json\/wp\/v2\/types\/page"}],"author":[{"embeddable":true,"href":"https:\/\/sitechecker.pro\/de\/wp-json\/wp\/v2\/users\/10409641"}],"replies":[{"embeddable":true,"href":"https:\/\/sitechecker.pro\/de\/wp-json\/wp\/v2\/comments?post=1484"}],"version-history":[{"count":6,"href":"https:\/\/sitechecker.pro\/de\/wp-json\/wp\/v2\/pages\/1484\/revisions"}],"predecessor-version":[{"id":35658,"href":"https:\/\/sitechecker.pro\/de\/wp-json\/wp\/v2\/pages\/1484\/revisions\/35658"}],"wp:featuredmedia":[{"embeddable":true,"href":"https:\/\/sitechecker.pro\/de\/wp-json\/wp\/v2\/media\/3747"}],"wp:attachment":[{"href":"https:\/\/sitechecker.pro\/de\/wp-json\/wp\/v2\/media?parent=1484"}],"wp:term":[{"taxonomy":"category","embeddable":true,"href":"https:\/\/sitechecker.pro\/de\/wp-json\/wp\/v2\/categories?post=1484"},{"taxonomy":"post_tag","embeddable":true,"href":"https:\/\/sitechecker.pro\/de\/wp-json\/wp\/v2\/tags?post=1484"}],"curies":[{"name":"wp","href":"https:\/\/api.w.org\/{rel}","templated":true}]}}