{"id":14761,"date":"2021-10-26T22:41:22","date_gmt":"2021-10-26T20:41:22","guid":{"rendered":"https:\/\/sitechecker.pro\/?page_id=14761"},"modified":"2025-04-22T17:03:17","modified_gmt":"2025-04-22T17:03:17","slug":"fix-non-canonical-url-sitemap","status":"publish","type":"page","link":"https:\/\/sitechecker.pro\/de\/site-audit-issues\/fix-non-canonical-url-sitemap\/","title":{"rendered":"Wie man nicht-kanonische Seiten in der Sitemap korrigiert | Sitechecker"},"content":{"rendered":"<p><\/p>\n<h2 id=\"par1\">Was ist eine nicht-kanonische URL in einer Sitemap?<\/h2>\n<p>Eine &#8220;Nicht-kanonische URL in meiner Sitemap&#8221; bezieht sich auf eine Situation, in der URLs, die in der Sitemap Ihrer Website aufgef\u00fchrt sind, nicht die kanonischen Versionen dieser Seiten sind. <a href=\"https:\/\/sitechecker.pro\/what-is-canonical-url\/\" target=\"_blank\" rel=\"noopener noreferrer\">Kanonische URLs<\/a> sind die bevorzugten Versionen einer Gruppe von doppelten oder sehr \u00e4hnlichen Seiten auf Ihrer Website. Die kanonische URL ist diejenige, die Sie m\u00f6chten, dass Suchmaschinen als die Haupt- oder autoritative Version der Seite betrachten.<\/p>\n<p>Wenn eine nicht-kanonische Seite in Ihrer Sitemap enthalten ist, kann der HTML-Quellcode der Seite ein kanonisches Link-Element enthalten, das auf eine andere URL verweist als die, die in der Sitemap aufgef\u00fchrt ist. So k\u00f6nnte es aussehen:<\/p>\n<p><strong>Beispielszenario<\/strong><\/p>\n<p>Sitemap : <i>https:\/\/example.com\/page-a<\/i><br \/>\nKanonisch : <i>https:\/\/example.com\/page-b<\/i><\/p>\n<p>HTML-Quellcode von <i>https:\/\/example.com\/page-a<\/i><\/p>\n<div class=\"code\"><code><br \/>\n  &lt;!DOCTYPE html&gt;<br \/>\n&lt;html lang=\"en\"&gt;<br \/>\n&lt;head&gt;<br \/>\n    &lt;meta charset=\"UTF-8\"&gt;<br \/>\n    &lt;meta name=\"viewport\" content=\"width=device-width, initial-scale=1.0\"&gt;<br \/>\n    &lt;title&gt;Page A&lt;\/title&gt;<br \/>\n    &lt;!-- Kanonischer Tag verweist auf Seite B --&gt;<br \/>\n    &lt;link rel=\"canonical\" href=\"https:\/\/example.com\/page-b\"&gt;<br \/>\n&lt;\/head&gt;<br \/>\n&lt;body&gt;<br \/>\n    &lt;h1&gt;Dies ist Seite A&lt;\/h1&gt;<br \/>\n    &lt;p&gt;Inhalt von Seite A...&lt;\/p&gt;<br \/>\n&lt;\/body&gt;<br \/>\n&lt;\/html&gt;<br \/>\n<\/code><\/div>\n<h3>Gezeigte Probleme<\/h3>\n<p>1. <strong>Sitemap-URL: <\/strong>Die Sitemap enth\u00e4lt <i>https:\/\/example.com\/page-a<\/i>.<\/p>\n<p>2. <strong>Kanonischer Tag: <\/strong>Der HTML-Code von <i>https:\/\/example.com\/page-a<\/i> enth\u00e4lt einen kanonischen Link zu <i>https:\/\/example.com\/page-b<\/i><\/p>\n<h3>Folgen<\/h3>\n<p>1. <strong>Verwirrung f\u00fcr Suchmaschinen.<\/strong> Suchmaschinen sehen <i>https:\/\/example.com\/page-a<\/i> in der Sitemap, werden aber durch den kanonischen Tag angewiesen, <i>https:\/\/example.com\/page-b<\/i> als autoritative Version zu betrachten.<\/p>\n<p>2. <strong>Doppelter Inhalt.<\/strong> Suchmaschinen k\u00f6nnten <i>https:\/\/example.com\/page-a<\/i> als doppelte Inhalte behandeln und sie m\u00f6glicherweise nicht wie gew\u00fcnscht indexieren oder bewerten.<\/p>\n<h3>Korrekte Vorgehensweise<\/h3>\n<p>Um dies zu beheben, sollten Sie sicherstellen, dass die Seite in Ihrer Sitemap auch die kanonische URL ist.<\/p>\n<h3>Aktualisierte Sitemap<\/h3>\n<div class=\"code\"><code><br \/>\n  &lt;urlset xmlns=\"http:\/\/www.sitemaps.org\/schemas\/sitemap\/0.9\"&gt;<br \/>\n    &lt;url&gt;<br \/>\n        &lt;loc&gt;https:\/\/example.com\/page-b&lt;\/loc&gt;<br \/>\n        &lt;lastmod&gt;2023-06-01&lt;\/lastmod&gt;<br \/>\n        &lt;priority&gt;0.8&lt;\/priority&gt;<br \/>\n    &lt;\/url&gt;<br \/>\n&lt;\/urlset&gt;<br \/>\n<\/code><\/div>\n<p>HTML-Quellcode von <i>https:\/\/example.com\/page-b<\/i><\/p>\n<div class=\"code\"><code><br \/>\n  &lt;!DOCTYPE html&gt;<br \/>\n  &lt;html lang=\"en\"&gt;<br \/>\n  &lt;head&gt;<br \/>\n      &lt;meta charset=\"UTF-8\"&gt;<br \/>\n      &lt;meta name=\"viewport\" content=\"width=device-width, initial-scale=1.0\"&gt;<br \/>\n      &lt;title&gt;Page B&lt;\/title&gt;<br \/>\n      &lt;!-- Kanonischer Tag verweist auf sich selbst --&gt;<br \/>\n      &lt;link rel=\"canonical\" href=\"https:\/\/example.com\/page-b\"&gt;<br \/>\n  &lt;\/head&gt;<br \/>\n  &lt;body&gt;<br \/>\n      &lt;h1&gt;Dies ist Seite B&lt;\/h1&gt;<br \/>\n      &lt;p&gt;Inhalt von Seite B...&lt;\/p&gt;<br \/>\n  &lt;\/body&gt;<br \/>\n  &lt;\/html&gt;<br \/>\n<\/code><\/div>\n<p>Indem Sie sicherstellen, dass die URL in der Sitemap mit dem kanonischen Link \u00fcbereinstimmt, geben Sie Suchmaschinen eine klare Orientierung und helfen ihnen, Ihre Inhalte korrekt zu indexieren und zu bewerten.<\/p>\n<h2 id=\"par2\">Was l\u00f6st dieses Problem aus?<\/h2>\n<p>Mehrere Faktoren k\u00f6nnen dazu f\u00fchren, dass nicht-kanonische URLs in Ihrer Sitemap erscheinen. Hier sind einige h\u00e4ufige Ausl\u00f6ser:<\/p>\n<h3>1. Mehrere Versionen einer Seite<\/h3>\n<ul>\n<li>HTTP vs. HTTPS: Sowohl <i>http:\/\/example.com<\/i> als auch <i>https:\/\/example.com<\/i> k\u00f6nnen existieren.<\/li>\n<li>WWW vs. Nicht-WWW: Sowohl <i>http:\/\/www.example.com<\/i> als auch <i>http:\/\/example.com<\/i> k\u00f6nnen erreichbar sein.<\/li>\n<li>Schr\u00e4gstriche am Ende: Sowohl <i>http:\/\/example.com\/page<\/i> als auch <i>http:\/\/example.com\/page\/<\/i> k\u00f6nnen existieren.<\/li>\n<\/ul>\n<h3>2. URL-Parameter<\/h3>\n<p>Seiten k\u00f6nnen mit verschiedenen URL-Parametern aufgerufen werden (z.\u202fB. <i>http:\/\/example.com\/page?ref=google<\/i> vs. <i>http:\/\/example.com\/page<\/i>). Auch wenn der Inhalt derselbe ist, k\u00f6nnen unterschiedliche Links f\u00fcr Tracking- oder Session-Zwecke existieren.<\/p>\n<h3>3. Konfiguration des Content-Management-Systems (CMS)<\/h3>\n<p>Einige CMS-Systeme k\u00f6nnen mehrere URLs f\u00fcr denselben Inhalt erzeugen, je nachdem, wie Seiten verlinkt oder kategorisiert werden. Zum Beispiel kann WordPress unterschiedliche URLs f\u00fcr denselben Beitrag basierend auf Kategorie- oder Tag-Archiven erzeugen.<\/p>\n<h3>4. Seitennummerierung (Pagination)<\/h3>\n<p>Paginierter Inhalt kann unterschiedliche URLs f\u00fcr dieselbe kanonische Seite erzeugen (z.\u202fB. <i>http:\/\/example.com\/page\/2<\/i> mit einem kanonischen Link zu <i>http:\/\/example.com\/page<\/i>).<\/p>\n<h3>5. Doppelte Inhalte<\/h3>\n<p>Beabsichtigte oder unbeabsichtigte Duplikate von Inhalten auf verschiedenen URLs k\u00f6nnen dazu f\u00fchren, dass mehrere Versionen desselben Inhalts auf Ihrer Website verf\u00fcgbar sind.<\/p>\n<h3>6. Falsch konfigurierte kanonische Tags<\/h3>\n<p>Fehlkonfigurierte kanonische Tags k\u00f6nnen auf die falsche URL verweisen, wodurch die Sitemap-URL von der beabsichtigten kanonischen URL abweicht.<\/p>\n<h3>7. Automatisierte Sitemap-Generatoren<\/h3>\n<p>Einige automatisierte Tools zur Erstellung von Sitemaps f\u00fcgen m\u00f6glicherweise URLs hinzu, ohne die kanonischen Tags korrekt zu ber\u00fccksichtigen, was zu Abweichungen f\u00fchrt.<\/p>\n<h3>8. Manuelle Fehler in der Sitemap<\/h3>\n<p>Wenn Sitemaps manuell erstellt oder bearbeitet werden, k\u00f6nnen menschliche Fehler dazu f\u00fchren, dass nicht-kanonische URLs aufgenommen werden.<\/p>\n<h2 id=\"par3\">Wie kann man das \u00fcberpr\u00fcfen?<\/h2>\n<h3>1. Sitechecker SEO Audit Tool<\/h3>\n<p>In unserem Site Audit-Bereich unter \u201eIndexierbarkeit\u201c finden Sie verschiedene \u201eKanonische\u201c Probleme. Diese Funktion unseres Tools wurde entwickelt, um Ihnen zu helfen, mehrere kanonische Probleme aufzudecken und zu beheben, die die SEO-Leistung Ihrer Website beeintr\u00e4chtigen k\u00f6nnten. Das Tool identifiziert verschiedene Probleme wie kanonische Tags, die auf nicht-HTTPS-Links verweisen, fehlende Canonicals oder Canonicals mit \u201enoindex, nofollow\u201c.<\/p>\n<div class=\"content__img-wrap\"><img src=\"https:\/\/sitechecker.pro\/wp-content\/uploads\/2024\/05\/canonical-issues.png\" alt=\"Canonical Issues\" class=\"description-img description-img-zoom\" loading=\"lazy\" ><\/div>\n<p>Durch Klicken auf \u201eProblem anzeigen\u201c f\u00fcr jede Kategorie erhalten Sie eine detaillierte Liste von Seiten, die von diesen spezifischen kanonischen Problemen betroffen sind.<\/p>\n<div class=\"content__img-wrap\"><img src=\"https:\/\/sitechecker.pro\/wp-content\/uploads\/2024\/05\/canonical-issues-page-list.png\" alt=\"Canonical Issues Page List\" class=\"description-img description-img-zoom\" loading=\"lazy\" ><\/div>\n    <div class=\"blog__conversion blog__conversion-app element__logged_out\">\n        <div class=\"blog__conversion-inner\">\n            <p class=\"title\">Optimiere dein SEO mit korrekten Canonical Tags!<\/p>\n            <p class=\"description\">Entdecke die Vorteile korrekt gesetzter Canonical-Tags mit unserem benutzerfreundlichen Canonical Tag Checker.<\/p>\n            <form id=\"audit__form\"\n                  class=\"article__seo-search audit__form Entdecke die Vorteile korrekt gesetzter Canonical-Tags mit unserem benutzerfreundlichen Canonical Tag Checker.\"\n                  action=\"\"\n                  method=\"POST\"\n                  autocomplete=\"off\">\n                <span class=\"error\"><\/span>\n                <div class=\"error__limits\">Something went wrong. Please, try again later.<\/div>\n                <input name=\"url\"\n                       type=\"text\"\n                       placeholder=\"Gib hier deinen Domainnamen ein\">\n                <input name=\"register_url\" type=\"hidden\" value=\"canonical-url\">                <button type=\"submit\"\n                        class=\"sitechecker__text\">\n                    <span>Canonical pr\u00fcfen<\/span>\n                    <img src=\"\/wp-content\/themes\/sitechecker\/out\/img_design\/loading.svg\"\n                         width=\"31\"\n                         height=\"30\"\n                         class=\"loading\">\n                <\/button>\n            <\/form>\n        <\/div>\n    <\/div>\n    \n<h3>2. Google Search Console<\/h3>\n<ol>\n<li><a href=\"https:\/\/sitechecker.pro\/upload-sitemap-to-google-search-console\/\"  data-wpil-monitor-id=\"331\">Lade deine Sitemap<\/a> in der Google Search Console hoch.<\/li>\n<div class=\"content__img-wrap\"><img src=\"https:\/\/sitechecker.pro\/wp-content\/uploads\/2024\/06\/upload-sitemap-gsc.png\" alt=\"Upload Sitemap GSC\" class=\"description-img description-img-zoom\" loading=\"lazy\" ><\/div>\n<li>Gehe im <a href=\"https:\/\/support.google.com\/webmasters\/answer\/7440203#valid-status\" target=\"_blank\" rel=\"nofollow noopener noreferrer\">Bereich \u201eIndex\u201c<\/a> zu \u201eSitemaps\u201c, um zu sehen, ob es Probleme mit den URLs gibt.<\/li>\n<li>Nutze den \u201eAbdeckung\u201c-Bericht, um Unterschiede zwischen den eingereichten und indexierten Links zu identifizieren.<\/li>\n<\/ol>\n<p><iframe width=\"700\" height=\"350\" src=\"https:\/\/www.youtube.com\/embed\/L0UqvdHJaXE?si=_mpBIjWiJuoJXdtO\" title=\"YouTube video player\" frameborder=\"0\" allow=\"accelerometer; autoplay; clipboard-write; encrypted-media; gyroscope; picture-in-picture; web-share\" referrerpolicy=\"strict-origin-when-cross-origin\" allowfullscreen><\/iframe><\/p>\n<h3>3. Manuelle \u00dcberpr\u00fcfung<\/h3>\n<h4>Sitemap herunterladen und pr\u00fcfen<\/h4>\n<ul>\n<li>Lade deine Sitemap-Datei herunter (normalerweise unter https:\/\/example.com\/sitemap.xml).<\/li>\n<li>\u00dcberpr\u00fcfe manuell eine Stichprobe der Links in der Sitemap im Vergleich zu den kanonischen Seiten, die im HTML-Quellcode dieser Seiten angegeben sind.<\/li>\n<\/ul>\n<h4>Seitenquelltext anzeigen<\/h4>\n<ul>\n<li>\u00d6ffne den HTML-Quelltext der in deiner Sitemap gelisteten Links.<\/li>\n<li>Suche nach dem Tag &lt;link rel=&#8221;canonical&#8221; href=&#8221;URL&#8221;&gt;.<\/li>\n<li>Stelle sicher, dass der Link im Canonical-Tag mit dem Link in der Sitemap \u00fcbereinstimmt.<\/li>\n<\/ul>\n<h3>4. Automatisierte Skripte<\/h3>\n<p>Du kannst automatisierte Skripte verwenden, um nach nicht-kanonischen Links zu suchen. Hier ist ein einfaches Python-Skript unter Verwendung der Bibliotheken requests und <a href=\"https:\/\/en.wikipedia.org\/wiki\/Beautiful_Soup_(HTML_parser)\" target=\"_blank\" rel=\"noopener noreferrer\">BeautifulSoup<\/a>:<\/p>\n<div class=\"code\"><code><br \/>\n  import requests<br \/>\nfrom bs4 import BeautifulSoup<\/p>\n<p>def get_canonical_url(page_url):<br \/>\n    response = requests.get(page_url)<br \/>\n    soup = BeautifulSoup(response.content, 'html.parser')<br \/>\n    canonical_link = soup.find('link', rel='canonical')<br \/>\n    if canonical_link:<br \/>\n        return canonical_link['href']<br \/>\n    return None<\/p>\n<p>def check_sitemap(sitemap_url):<br \/>\n    response = requests.get(sitemap_url)<br \/>\n    soup = BeautifulSoup(response.content, 'xml')<br \/>\n    urls = [loc.text for loc in soup.find_all('loc')]<\/p>\n<p>    for url in urls:<br \/>\n        canonical_url = get_canonical_url(url)<br \/>\n        if canonical_url and canonical_url != url:<br \/>\n            print(f\"Nicht-kanonische URL gefunden:\\n Sitemap-URL: {url}\\n Kanonische URL: {canonical_url}\")<br \/>\nsitemap_url = 'https:\/\/example.com\/sitemap.xml'<br \/>\ncheck_sitemap(sitemap_url)<br \/>\n<\/code><\/div>\n<p>Mit diesen Methoden kannst du nicht-kanonische Links in deiner Sitemap effektiv identifizieren und beheben, um deine SEO-Leistung zu verbessern und Suchmaschinen klare Orientierung zu geben.<\/p>\n<h2 id=\"par4\">Vermeidung und Behebung des Problems<\/h2>\n<p>Um das Problem nicht-kanonischer Seiten in Ihrer Sitemap zu vermeiden und zu beheben, sollten Sie mehrere Best Practices befolgen.<\/p>\n<p>Zun\u00e4chst sollten Sie sicherstellen, dass jede Seite auf Ihrer Website ein kanonisches Tag enth\u00e4lt. Das bedeutet, dass Sie das Tag &lt;link rel=&#8221;canonical&#8221; href=&#8221;URL&#8221;&gt; im HTML jeder Seite einf\u00fcgen und auf die kanonische Version der Seite verweisen.<\/p>\n<p>Als N\u00e4chstes sollten Sie eine konsistente URL-Struktur auf Ihrer gesamten Website einhalten. Das umfasst die Standardisierung der Verwendung von HTTP gegen\u00fcber HTTPS, die Entscheidung, ob \u201ewww\u201c in Ihren URLs verwendet wird, und die Konsistenz bei abschlie\u00dfenden Schr\u00e4gstrichen.<\/p>\n<p>Eine korrekte Konfiguration Ihres Content Management Systems (CMS) ist ebenfalls entscheidend. Stellen Sie sicher, dass Ihr CMS konsistente Seiten erzeugt und mit doppeltem Inhalt richtig umgeht.<\/p>\n<p>Die Verwendung von 301-Weiterleitungen ist eine weitere wirksame Strategie. Implementieren Sie diese Weiterleitungen, um Nutzer und Suchmaschinen von nicht-kanonischen Seiten zu ihren kanonischen Gegenst\u00fccken zu leiten. Dies hilft, Linkautorit\u00e4t zu konsolidieren und Probleme mit doppeltem Inhalt zu vermeiden.<\/p>\n<p>\u00dcberpr\u00fcfen Sie auch, wie Ihre Sitemap generiert wird. Nutzen Sie zuverl\u00e4ssige Tools zur Erstellung von Sitemaps, die kanonische Tags und Einstellungen ber\u00fccksichtigen. Pr\u00fcfen und aktualisieren Sie Ihre Sitemap regelm\u00e4\u00dfig auf Richtigkeit.<\/p>\n<p>Schlie\u00dflich ist eine regelm\u00e4\u00dfige \u00dcberwachung und Pr\u00fcfung Ihrer Website unerl\u00e4sslich. Verwenden Sie <a href=\"https:\/\/sitechecker.pro\/\" target=\"_blank\" rel=\"noopener noreferrer\">Sitechecker<\/a>, um Ihre Website regelm\u00e4\u00dfig auf nicht-kanonische URLs zu \u00fcberpr\u00fcfen und auftretende Probleme umgehend zu beheben.<\/p>\n<p>Wenn Sie diese Ma\u00dfnahmen befolgen, stellen Sie sicher, dass Ihre Sitemap die kanonischen Seiten Ihrer Website korrekt widerspiegelt. Das verbessert Ihre SEO-Leistung und reduziert die Verwirrung bei Suchmaschinen.<\/p>\n<h2 id=\"par5\">Abschlie\u00dfender Gedanke<\/h2>\n<p>Ein \u201eNicht-kanonischer Link in meiner Sitemap\u201c bezieht sich auf URLs in Ihrer Sitemap, die nicht die kanonischen Versionen sind. Kanonische URLs sind die bevorzugten Versionen von Seiten, die Sie von Suchmaschinen indexieren lassen m\u00f6chten. Wenn ein nicht-kanonischer Link in Ihrer Sitemap enthalten ist, kann der HTML-Code der Seite auf eine andere kanonische Seite verweisen, was bei Suchmaschinen zu Verwirrung und m\u00f6glichen Problemen mit doppeltem Inhalt f\u00fchrt. Um dies zu beheben, stellen Sie sicher, dass Ihre Sitemap nur kanonische Seiten enth\u00e4lt, standardisieren Sie Ihre URL-Strukturen, konfigurieren Sie Ihr CMS korrekt, verwenden Sie 301-Weiterleitungen und pr\u00fcfen Sie Ihre Website regelm\u00e4\u00dfig mit SEO-Tools, um die Genauigkeit zu gew\u00e4hrleisten und die SEO-Leistung zu verbessern.<\/p>\n<div id=\"par6\"><\/div>\n<p><div class=\"front__faq-block\"><div class=\"faq__block-title\">FAQ<\/div><div class=\"panel-group\" id=\"faq-accordion\" itemscope itemtype=\"https:\/\/schema.org\/FAQPage\" role=\"tablist\" aria-multiselectable=\"true\"><div class=\"panel\" itemscope itemtype=\"https:\/\/schema.org\/Question\" itemprop=\"mainEntity\">\n                            <div class=\"panel-heading\" id=\"headingFaq-1\">\n                                <div class=\"panel-title\" data-toggle=\"collapse\" aria-expanded=\"false\" href=\"#collapseFaq-1\">\n                                    <h3 itemprop=\"name\">K\u00f6nnen URL-Parameter nicht-kanonische URL-Probleme verursachen?<\/h3>\n                                <\/div>\n                            <\/div>\n                            <div id=\"collapseFaq-1\" class=\"panel-collapse collapse\" itemprop=\"acceptedAnswer\" itemscope itemtype=\"http:\/\/schema.org\/Answer\">\n                                <div class=\"panel-body\" itemprop=\"text\">Ja, URL-Parameter k\u00f6nnen mehrere Versionen einer Seite erzeugen, was zu Problemen mit nicht-kanonischen Seiten f\u00fchrt, wenn sie nicht korrekt verwaltet werden.<\/div>\n                            <\/div>\n                        <\/div><div class=\"panel\" itemscope itemtype=\"https:\/\/schema.org\/Question\" itemprop=\"mainEntity\">\n                            <div class=\"panel-heading\" id=\"headingFaq-2\">\n                                <div class=\"panel-title\" data-toggle=\"collapse\" aria-expanded=\"false\" href=\"#collapseFaq-2\">\n                                    <h3 itemprop=\"name\">Was sind einige h\u00e4ufige Ausl\u00f6ser f\u00fcr nicht-kanonische Links in einer Sitemap?<\/h3>\n                                <\/div>\n                            <\/div>\n                            <div id=\"collapseFaq-2\" class=\"panel-collapse collapse\" itemprop=\"acceptedAnswer\" itemscope itemtype=\"http:\/\/schema.org\/Answer\">\n                                <div class=\"panel-body\" itemprop=\"text\">H\u00e4ufige Ausl\u00f6ser sind mehrere Versionen einer Seite (HTTP\/HTTPS, WWW\/nicht-WWW), Link-Parameter, CMS-Konfigurationen, Paginierung, doppelter Inhalt, falsch konfigurierte kanonische Tags und Fehler bei der automatischen oder manuellen Erstellung von Sitemaps.<\/div>\n                            <\/div>\n                        <\/div><div class=\"panel\" itemscope itemtype=\"https:\/\/schema.org\/Question\" itemprop=\"mainEntity\">\n                            <div class=\"panel-heading\" id=\"headingFaq-3\">\n                                <div class=\"panel-title\" data-toggle=\"collapse\" aria-expanded=\"false\" href=\"#collapseFaq-3\">\n                                    <h3 itemprop=\"name\">Was ist eine 301-Weiterleitung und wie hilft sie bei nicht-kanonischen Seiten?<\/h3>\n                                <\/div>\n                            <\/div>\n                            <div id=\"collapseFaq-3\" class=\"panel-collapse collapse\" itemprop=\"acceptedAnswer\" itemscope itemtype=\"http:\/\/schema.org\/Answer\">\n                                <div class=\"panel-body\" itemprop=\"text\">Eine 301-Weiterleitung ist eine permanente Weiterleitung von einer Seite zu einer anderen. Sie hilft, indem sie Nutzer und Suchmaschinen von nicht-kanonischen Seiten zu ihren kanonischen Versionen leitet, die Linkautorit\u00e4t konsolidiert und doppelte Inhalte verhindert.<\/div>\n                            <\/div>\n                        <\/div><\/div><\/div><\/p>","protected":false},"excerpt":{"rendered":"Was ist eine nicht-kanonische URL in einer Sitemap? Eine &#8220;Nicht-kanonische URL in meiner Sitemap&#8221; bezieht sich auf eine Situation, in der URLs, die in der Sitemap Ihrer Website aufgef\u00fchrt sind, nicht die kanonischen Versionen dieser Seiten sind. Kanonische URLs sind die bevorzugten Versionen einer Gruppe von doppelten oder sehr \u00e4hnlichen Seiten auf Ihrer Website. Die&#8230;","protected":false},"author":10409641,"featured_media":14450,"parent":0,"menu_order":0,"comment_status":"closed","ping_status":"closed","template":"pages-templates\/pages-v2.php","meta":[],"categories":[43],"tags":[],"_links":{"self":[{"href":"https:\/\/sitechecker.pro\/de\/wp-json\/wp\/v2\/pages\/14761"}],"collection":[{"href":"https:\/\/sitechecker.pro\/de\/wp-json\/wp\/v2\/pages"}],"about":[{"href":"https:\/\/sitechecker.pro\/de\/wp-json\/wp\/v2\/types\/page"}],"author":[{"embeddable":true,"href":"https:\/\/sitechecker.pro\/de\/wp-json\/wp\/v2\/users\/10409641"}],"replies":[{"embeddable":true,"href":"https:\/\/sitechecker.pro\/de\/wp-json\/wp\/v2\/comments?post=14761"}],"version-history":[{"count":6,"href":"https:\/\/sitechecker.pro\/de\/wp-json\/wp\/v2\/pages\/14761\/revisions"}],"predecessor-version":[{"id":38161,"href":"https:\/\/sitechecker.pro\/de\/wp-json\/wp\/v2\/pages\/14761\/revisions\/38161"}],"wp:featuredmedia":[{"embeddable":true,"href":"https:\/\/sitechecker.pro\/de\/wp-json\/wp\/v2\/media\/14450"}],"wp:attachment":[{"href":"https:\/\/sitechecker.pro\/de\/wp-json\/wp\/v2\/media?parent=14761"}],"wp:term":[{"taxonomy":"category","embeddable":true,"href":"https:\/\/sitechecker.pro\/de\/wp-json\/wp\/v2\/categories?post=14761"},{"taxonomy":"post_tag","embeddable":true,"href":"https:\/\/sitechecker.pro\/de\/wp-json\/wp\/v2\/tags?post=14761"}],"curies":[{"name":"wp","href":"https:\/\/api.w.org\/{rel}","templated":true}]}}