{"id":1446,"date":"2018-02-07T10:31:31","date_gmt":"2018-02-07T10:31:31","guid":{"rendered":"https:\/\/sitechecker.pro\/?page_id=1446"},"modified":"2026-02-19T14:39:30","modified_gmt":"2026-02-19T14:39:30","slug":"knowledge-base","status":"publish","type":"page","link":"https:\/\/sitechecker.pro\/de\/blog\/","title":{"rendered":"SEO Blog von Sitechecker: Schnelle Suchmaschinenoptimierung"},"content":{"rendered":"<p><a href=\"https:\/\/sitechecker.pro\/de\/seo-strategy\/\">SEO Strategie: Definition, Arten und eine Schritt-f\u00fcr-Schritt Anleitung f\u00fcr die Erzeugung<\/a><\/p>\n<p><a href=\"https:\/\/sitechecker.pro\/de\/robots-tester\/\">Robots.txt Tester: Erfahren Sie die Hauptm\u00f6glichkeiten des Einsatzes einer Datei robots.txt<\/a><\/p>\n<p><a href=\"https:\/\/sitechecker.pro\/de\/google-bot\/\">Googlebot Optimierung: Entdecken Sie 6 Strategien, um Ihre Site besser zu optimieren<\/a><\/p>\n<p><a href=\"https:\/\/sitechecker.pro\/de\/open-graph\/\">Was sind Open Graph Tags und wie verwendet man sie effizient?<\/a><\/p>\n<p><a href=\"https:\/\/sitechecker.pro\/de\/meta-title\/\">\u00dcberpr\u00fcfen Sie einen Meta Titel Tag f\u00fcr eine bestimmte URL: Finden Sie Seiten mit fehlenden Titeln<\/a><\/p>\n<p><a href=\"https:\/\/sitechecker.pro\/de\/meta-tag-description\/\">Was ist ein Meta Description Tag und wie schreibt man ihn passend?<\/a><\/p>\n<p><a href=\"https:\/\/sitechecker.pro\/de\/h1-tag\/\">Was ist der H1 Tag und wie wichtig ist er f\u00fcr SEO?<\/a><\/p>\n<p><a href=\"https:\/\/sitechecker.pro\/de\/alt-tags\/\">Was ist ein Bild Alt Text (Alt Tags) und wie verwendet man es bei SEO?<\/a><\/p>\n<p><a href=\"https:\/\/sitechecker.pro\/de\/canonical-url\/\">Kanonischer URL Tag: Definition und alle Situationen, wenn Sie diesen brauchen<\/a><\/p>\n<p><a href=\"https:\/\/sitechecker.pro\/de\/301-redirect\/\">301 Weiterleitung \/ Weiterleitung: Definition, Typen, Methode und wie man es f\u00fcr eine Website aufsetzt<\/a><\/p>\n<p><a href=\"https:\/\/sitechecker.pro\/de\/404-error\/\">404 Error: der Leitfaden \u00fcber die Hintergr\u00fcnde der Seite, wie man den Fehler findet und behebt<\/a><\/p>","protected":false},"excerpt":{"rendered":"SEO Strategie: Definition, Arten und eine Schritt-f\u00fcr-Schritt Anleitung f\u00fcr die Erzeugung Robots.txt Tester: Erfahren Sie die Hauptm\u00f6glichkeiten des Einsatzes einer Datei robots.txt Googlebot Optimierung: Entdecken Sie 6 Strategien, um Ihre Site besser zu optimieren Was sind Open Graph Tags und wie verwendet man sie effizient? \u00dcberpr\u00fcfen Sie einen Meta Titel Tag f\u00fcr eine bestimmte URL:&#8230;","protected":false},"author":10504980,"featured_media":6846,"parent":0,"menu_order":0,"comment_status":"closed","ping_status":"closed","template":"knowledge_base-tmp.php","meta":[],"categories":[],"tags":[],"_links":{"self":[{"href":"https:\/\/sitechecker.pro\/de\/wp-json\/wp\/v2\/pages\/1446"}],"collection":[{"href":"https:\/\/sitechecker.pro\/de\/wp-json\/wp\/v2\/pages"}],"about":[{"href":"https:\/\/sitechecker.pro\/de\/wp-json\/wp\/v2\/types\/page"}],"author":[{"embeddable":true,"href":"https:\/\/sitechecker.pro\/de\/wp-json\/wp\/v2\/users\/10504980"}],"replies":[{"embeddable":true,"href":"https:\/\/sitechecker.pro\/de\/wp-json\/wp\/v2\/comments?post=1446"}],"version-history":[{"count":72,"href":"https:\/\/sitechecker.pro\/de\/wp-json\/wp\/v2\/pages\/1446\/revisions"}],"predecessor-version":[{"id":39356,"href":"https:\/\/sitechecker.pro\/de\/wp-json\/wp\/v2\/pages\/1446\/revisions\/39356"}],"wp:featuredmedia":[{"embeddable":true,"href":"https:\/\/sitechecker.pro\/de\/wp-json\/wp\/v2\/media\/6846"}],"wp:attachment":[{"href":"https:\/\/sitechecker.pro\/de\/wp-json\/wp\/v2\/media?parent=1446"}],"wp:term":[{"taxonomy":"category","embeddable":true,"href":"https:\/\/sitechecker.pro\/de\/wp-json\/wp\/v2\/categories?post=1446"},{"taxonomy":"post_tag","embeddable":true,"href":"https:\/\/sitechecker.pro\/de\/wp-json\/wp\/v2\/tags?post=1446"}],"curies":[{"name":"wp","href":"https:\/\/api.w.org\/{rel}","templated":true}]}}