{"id":142,"date":"2017-11-14T14:42:08","date_gmt":"2017-11-14T14:42:08","guid":{"rendered":"http:\/\/test.wp.sitechecker.pro\/?page_id=142"},"modified":"2026-02-16T17:06:10","modified_gmt":"2026-02-16T17:06:10","slug":"meta-tag-description","status":"publish","type":"page","link":"https:\/\/sitechecker.pro\/de\/meta-tag-description\/","title":{"rendered":"Meta Description Length Checker | Test any URL on Website \u2611"},"content":{"rendered":"<p><\/p>\n<h2 id=\"par1\">Was ist der Meta Tag Description Length Checker?<\/h2>\n<p>Der Meta Tag Description Length Checker von <a href=\"https:\/\/sitechecker.pro\/\" target=\"_blank\" rel=\"noopener noreferrer\">Sitechecker<\/a> ist ein Tool zur Analyse der L\u00e4nge von Meta-Beschreibungs-Tags auf einer Webseite oder einer gesamten Website. Es hilft Ihnen sicherzustellen, dass Meta-Beschreibungen den Richtlinien f\u00fcr optimale L\u00e4nge entsprechen, um die SEO-Leistung und die Sichtbarkeit in Suchergebnissen zu verbessern. Indem es Beschreibungen identifiziert, die zu kurz, zu lang oder fehlen, optimiert dieses Tool Ihre Metadaten f\u00fcr bessere Suchmaschinen-Rankings und Benutzerinteraktion.<\/p>\n<h3>Wie das Tool Ihnen helfen kann<\/h3>\n<p><strong>Analyse der Meta-Beschreibungsl\u00e4nge: <\/strong>\u00fcberpr\u00fcft, ob Meta-Beschreibungen innerhalb der empfohlenen Zeichenbegrenzungen liegen, um sicherzustellen, dass sie weder zu kurz noch zu lang f\u00fcr eine optimale SEO-Leistung sind.<\/p>\n<p><strong>Massenseitenscan: <\/strong>erm\u00f6glicht Benutzern die Analyse von Metabeschreibungen auf mehreren Seiten einer Website und identifiziert Seiten mit fehlenden, zu kurzen oder zu langen Beschreibungen.<\/p>\n<p><strong>Sofortige Berichterstellung: <\/strong>bietet schnelle Einblicke in Probleme mit Metabeschreibungen und hilft Benutzern, sofortige Anpassungen vorzunehmen, um die Sichtbarkeit in Suchmaschinen zu verbessern.<\/p>\n<h3>Hauptfunktionen des Tools<\/h3>\n<p><strong>Vereinheitlichtes Dashboard: <\/strong>bietet einen zentralen Hub, an dem Benutzer die Website-Gesundheit, SEO-Leistung und Echtzeit-Audit-Ergebnisse an einem Ort \u00fcberwachen k\u00f6nnen, was einen effizienten Arbeitsablauf und einfachen Zugriff auf wichtige Erkenntnisse gew\u00e4hrleistet.<\/p>\n<p><strong>Benutzerfreundliche Oberfl\u00e4che: <\/strong>das Tool wurde mit Einfachheit und Klarheit entwickelt und bietet eine intuitive Erfahrung, sodass es f\u00fcr Anf\u00e4nger und SEO-Profis ohne technisches Fachwissen zug\u00e4nglich ist.<\/p>\n<p><strong>Komplettes SEO-Toolset: <\/strong>umfasst eine vollst\u00e4ndige Palette an SEO-Tools wie Website-Auditing, Rangverfolgung und On-Page-Analyse, die Benutzern helfen, ihre Websites umfassend f\u00fcr eine bessere Suchmaschinenleistung zu optimieren.<\/p>\n<h2 id=\"par2\">So verwenden Sie das Tool<\/h2>\n<p>Um das Tool zu verwenden, w\u00e4hlen Sie zwischen der Analyse einer einzelnen Seite f\u00fcr einen Sofortbericht oder aller Seiten. Klicken Sie auf \u201eAudit starten\u201c, um einen Bericht zu erstellen, der Metabeschreibungen hervorhebt, die zu kurz, zu lang oder fehlend sind.<\/p>\n<h2 id=\"par3\">Testen Sie die Beschreibungsl\u00e4nge aller Seiten<\/h2>\n<h3>Schritt 1: W\u00e4hlen Sie eine Option zum Testen aller Seiten<\/h3>\n<div class=\"content__img-wrap\"><img src=\"https:\/\/sitechecker.pro\/wp-content\/uploads\/2025\/02\/check-description-all-pages.png\" alt=\"Testen Sie die Beschreibungsl\u00e4nge aller Seiten\" class=\"description-img description-img-zoom\" loading=\"lazy\" ><\/div>\n<div class=\"important-block\">Um Ergebnisse zu erhalten und 14 Tage lang auf die Funktionen von Sitechecker zuzugreifen, starten Sie Ihre KOSTENLOSE Testversion. Die Anmeldung ist ganz einfach mit Ihrem E-Mail-, Google- oder Facebook-Konto. Es ist keine Kreditkarte erforderlich.<\/div>\n<h3>Schritt 2: Ergebnisanalyse<\/h3>\n<p>Identifizieren Sie sofort Seiten mit Metabeschreibungen, die zu kurz, zu lang oder fehlend sind. Erhalten Sie detaillierte Empfehlungen, sehen Sie sich betroffene Seiten an und wenden Sie In-Code-Korrekturen an, um Ihre SEO-Leistung zu optimieren.<\/p>\n<div class=\"content__img-wrap\"><img src=\"https:\/\/sitechecker.pro\/wp-content\/uploads\/2025\/02\/description-length-issues.png\" alt=\"Description Length Issues\" class=\"description-img description-img-zoom\" loading=\"lazy\" ><\/div>\n<h3>Zus\u00e4tzliche Funktionen des Tools<\/h3>\n<p>Neben der Meta-Beschreibungsanalyse erhalten Sie Zugriff auf detaillierte Berichte zu kritischen SEO-Problemen, Website-Gesundheit, Indexierbarkeit und Inhaltsrelevanz. Verfolgen Sie Warnungen, Chancen und Website-Scores, um die Leistung zu optimieren und die Suchsichtbarkeit zu verbessern.<\/p>\n<div class=\"content__img-wrap\"><img src=\"https:\/\/sitechecker.pro\/wp-content\/uploads\/2025\/02\/site-audit-issues_67bdd1f07818c.png\" alt=\"Site Audit Issues\" class=\"description-img description-img-zoom\" loading=\"lazy\" ><\/div>\n<h2 id=\"par4\">Testen Sie die L\u00e4nge der Meta-Beschreibung der Seite<\/h2>\n<h3>Schritt 1: Klicken Sie auf die Seitenpr\u00fcfung<\/h3>\n<div class=\"content__img-wrap\"><img src=\"https:\/\/sitechecker.pro\/wp-content\/uploads\/2025\/02\/check-description-one-page.png\" alt=\"Testen Sie die L\u00e4nge der Meta-Beschreibung der Seite\" class=\"description-img description-img-zoom\" loading=\"lazy\" ><\/div>\n<h3>Schritt 2: Erhalten Sie die Ergebnisse<\/h3>\n<p>Das Tool crawlt Ihre Webseite und extrahiert Daten aus dem Meta-Beschreibungstag Ihrer URL. Dieser Vorgang dauert nur wenige Sekunden. Danach k\u00f6nnen Sie die Ergebnisse anzeigen, einschlie\u00dflich der Anzahl der Seitenbeschreibungen, des Metatexts und der L\u00e4nge.<\/p>\n<div class=\"content__img-wrap\"><img src=\"https:\/\/sitechecker.pro\/wp-content\/uploads\/2025\/02\/description-check-results.png\" alt=\"Beschreibungspr\u00fcfungsergebnisse\" class=\"description-img description-img-zoom\" loading=\"lazy\" ><\/div>\n<p>Besuchen Sie den Abschnitt Site Audit, um die vollst\u00e4ndigen Funktionen des Tools zu erkunden. Probieren Sie die Demoversion aus, um zu sehen, wie Sitechecker wichtige technische SEO-Probleme erkennt und behebt.<\/p>\n<div class=\"content__img-wrap\"><img src=\"https:\/\/sitechecker.pro\/wp-content\/uploads\/2025\/02\/sitechecker-site-audit.png\" alt=\"Sitechecker Site Audit\" class=\"description-img description-img-zoom\" loading=\"lazy\" ><\/div>\n<h3>Zus\u00e4tzliche Funktionen der Meta-Beschreibungsl\u00e4ngenanalyse<\/h3>\n<p>Erhalten Sie eine detaillierte Analyse kritischer Probleme, strukturierter Daten, Bilder und PageSpeed-Leistung. Klicken Sie auf das Seitennavigationsmen\u00fc, um die Problem\u00fcbersicht, strukturierte Daten, Bilder, Suchoptimierung, Links und PageSpeed \u200b\u200bInsights zu \u00fcberpr\u00fcfen.<\/p>\n<div class=\"content__img-wrap\"><img src=\"https:\/\/sitechecker.pro\/wp-content\/uploads\/2025\/02\/issues-overview_67bdd1edc76a7.png\" alt=\"Problem\u00fcbersicht\" class=\"description-img description-img-zoom\" loading=\"lazy\" ><\/div>\n<h2 id=\"par5\">Abschlie\u00dfende Idee<\/h2>\n<p>Der Meta Tag Description Length Checker analysiert Meta-Beschreibungen auf einer Webseite oder einer gesamten Website und stellt sicher, dass sie optimale SEO-Richtlinien erf\u00fcllen. Er erkennt fehlende, kurze oder lange Beschreibungen und bietet sofortige Berichte f\u00fcr schnelle Korrekturen. Benutzer k\u00f6nnen mehrere Seiten scannen, wichtige SEO-Probleme \u00fcberpr\u00fcfen und Metadaten f\u00fcr bessere Rankings optimieren. Mit einem einheitlichen Dashboard, einer benutzerfreundlichen Oberfl\u00e4che und einem vollst\u00e4ndigen SEO-Toolset vereinfacht das Tool Website-Audits. Probieren Sie die Site Audit-Funktion aus, um detaillierte Einblicke zu erhalten, einschlie\u00dflich strukturierter Daten, PageSpeed \u200b\u200bund Indexierbarkeit.<\/p>\n<div id=\"par6\"><\/div>\n<p><div class=\"front__faq-block\"><div class=\"faq__block-title\">FAQ<\/div><div class=\"panel-group\" id=\"faq-accordion\" itemscope itemtype=\"https:\/\/schema.org\/FAQPage\" role=\"tablist\" aria-multiselectable=\"true\"><div class=\"panel\" itemscope itemtype=\"https:\/\/schema.org\/Question\" itemprop=\"mainEntity\">\n                            <div class=\"panel-heading\" id=\"headingFaq-1\">\n                                <div class=\"panel-title\" data-toggle=\"collapse\" aria-expanded=\"false\" href=\"#collapseFaq-1\">\n                                    <h3 itemprop=\"name\">Was ist die ideale L\u00e4nge f\u00fcr eine Meta-Beschreibung?<\/h3>\n                                <\/div>\n                            <\/div>\n                            <div id=\"collapseFaq-1\" class=\"panel-collapse collapse\" itemprop=\"acceptedAnswer\" itemscope itemtype=\"http:\/\/schema.org\/Answer\">\n                                <div class=\"panel-body\" itemprop=\"text\">Die empfohlene L\u00e4nge f\u00fcr eine Meta-Beschreibung liegt zwischen 150 und 160 Zeichen, um sicherzustellen, dass sie in den Suchergebnissen vollst\u00e4ndig angezeigt wird, ohne abgeschnitten zu werden.<\/div>\n                            <\/div>\n                        <\/div><div class=\"panel\" itemscope itemtype=\"https:\/\/schema.org\/Question\" itemprop=\"mainEntity\">\n                            <div class=\"panel-heading\" id=\"headingFaq-2\">\n                                <div class=\"panel-title\" data-toggle=\"collapse\" aria-expanded=\"false\" href=\"#collapseFaq-2\">\n                                    <h3 itemprop=\"name\">Kann dieses Tool fehlende Meta-Beschreibungen erkennen?<\/h3>\n                                <\/div>\n                            <\/div>\n                            <div id=\"collapseFaq-2\" class=\"panel-collapse collapse\" itemprop=\"acceptedAnswer\" itemscope itemtype=\"http:\/\/schema.org\/Answer\">\n                                <div class=\"panel-body\" itemprop=\"text\">Ja, das Tool scannt Webseiten und identifiziert fehlende, zu kurze oder zu lange Meta-Beschreibungen und hilft Ihnen, diese f\u00fcr eine bessere SEO-Leistung zu optimieren.<\/div>\n                            <\/div>\n                        <\/div><div class=\"panel\" itemscope itemtype=\"https:\/\/schema.org\/Question\" itemprop=\"mainEntity\">\n                            <div class=\"panel-heading\" id=\"headingFaq-3\">\n                                <div class=\"panel-title\" data-toggle=\"collapse\" aria-expanded=\"false\" href=\"#collapseFaq-3\">\n                                    <h3 itemprop=\"name\">Bietet das Tool Echtzeit-Einblicke?<\/h3>\n                                <\/div>\n                            <\/div>\n                            <div id=\"collapseFaq-3\" class=\"panel-collapse collapse\" itemprop=\"acceptedAnswer\" itemscope itemtype=\"http:\/\/schema.org\/Answer\">\n                                <div class=\"panel-body\" itemprop=\"text\">Ja, das Tool generiert nach dem Scannen Ihrer Seite sofort einen Bericht, sodass Sie etwaige Probleme mit den Meta-Beschreibungen schnell anzeigen und beheben k\u00f6nnen.<\/div>\n                            <\/div>\n                        <\/div><div class=\"panel\" itemscope itemtype=\"https:\/\/schema.org\/Question\" itemprop=\"mainEntity\">\n                            <div class=\"panel-heading\" id=\"headingFaq-4\">\n                                <div class=\"panel-title\" data-toggle=\"collapse\" aria-expanded=\"false\" href=\"#collapseFaq-4\">\n                                    <h3 itemprop=\"name\">Kann ich mehrere Seiten gleichzeitig analysieren?<\/h3>\n                                <\/div>\n                            <\/div>\n                            <div id=\"collapseFaq-4\" class=\"panel-collapse collapse\" itemprop=\"acceptedAnswer\" itemscope itemtype=\"http:\/\/schema.org\/Answer\">\n                                <div class=\"panel-body\" itemprop=\"text\">Ja, mit der Funktion zum Scannen von Massenseiten k\u00f6nnen Sie die Meta-Beschreibungen Ihrer gesamten Website \u00fcberpr\u00fcfen und in einer Pr\u00fcfung Probleme auf mehreren Seiten identifizieren.<\/div>\n                            <\/div>\n                        <\/div><div class=\"panel\" itemscope itemtype=\"https:\/\/schema.org\/Question\" itemprop=\"mainEntity\">\n                            <div class=\"panel-heading\" id=\"headingFaq-5\">\n                                <div class=\"panel-title\" data-toggle=\"collapse\" aria-expanded=\"false\" href=\"#collapseFaq-5\">\n                                    <h3 itemprop=\"name\">Wie verbessert dieses Tool das SEO-Ranking?<\/h3>\n                                <\/div>\n                            <\/div>\n                            <div id=\"collapseFaq-5\" class=\"panel-collapse collapse\" itemprop=\"acceptedAnswer\" itemscope itemtype=\"http:\/\/schema.org\/Answer\">\n                                <div class=\"panel-body\" itemprop=\"text\">Indem das Tool sicherstellt, dass die Meta-Beschreibungen die Richtlinien zur optimalen L\u00e4nge einhalten, relevante Schl\u00fcsselw\u00f6rter enthalten und richtig strukturiert sind, verbessert es die Sichtbarkeit in Suchmaschinen und die Klickrate (CTR).<\/div>\n                            <\/div>\n                        <\/div><div class=\"panel\" itemscope itemtype=\"https:\/\/schema.org\/Question\" itemprop=\"mainEntity\">\n                            <div class=\"panel-heading\" id=\"headingFaq-6\">\n                                <div class=\"panel-title\" data-toggle=\"collapse\" aria-expanded=\"false\" href=\"#collapseFaq-6\">\n                                    <h3 itemprop=\"name\">Welche anderen SEO-Einblicke bietet dieses Tool?<\/h3>\n                                <\/div>\n                            <\/div>\n                            <div id=\"collapseFaq-6\" class=\"panel-collapse collapse\" itemprop=\"acceptedAnswer\" itemscope itemtype=\"http:\/\/schema.org\/Answer\">\n                                <div class=\"panel-body\" itemprop=\"text\">\u00dcber die Analyse der Meta-Beschreibungen hinaus bietet das Tool Einblicke in die Website-Gesundheit, Indexierbarkeit, strukturierte Daten, PageSpeed  und Inhaltsrelevanz.<\/div>\n                            <\/div>\n                        <\/div><\/div><\/div><\/p>","protected":false},"excerpt":{"rendered":"Was ist der Meta Tag Description Length Checker? Der Meta Tag Description Length Checker von Sitechecker ist ein Tool zur Analyse der L\u00e4nge von Meta-Beschreibungs-Tags auf einer Webseite oder einer gesamten Website. Es hilft Ihnen sicherzustellen, dass Meta-Beschreibungen den Richtlinien f\u00fcr optimale L\u00e4nge entsprechen, um die SEO-Leistung und die Sichtbarkeit in Suchergebnissen zu verbessern. Indem&#8230;","protected":false},"author":10409641,"featured_media":3439,"parent":0,"menu_order":0,"comment_status":"closed","ping_status":"closed","template":"pages-templates\/pages-minitools-3.php","meta":[],"categories":[70],"tags":[],"_links":{"self":[{"href":"https:\/\/sitechecker.pro\/de\/wp-json\/wp\/v2\/pages\/142"}],"collection":[{"href":"https:\/\/sitechecker.pro\/de\/wp-json\/wp\/v2\/pages"}],"about":[{"href":"https:\/\/sitechecker.pro\/de\/wp-json\/wp\/v2\/types\/page"}],"author":[{"embeddable":true,"href":"https:\/\/sitechecker.pro\/de\/wp-json\/wp\/v2\/users\/10409641"}],"replies":[{"embeddable":true,"href":"https:\/\/sitechecker.pro\/de\/wp-json\/wp\/v2\/comments?post=142"}],"version-history":[{"count":100,"href":"https:\/\/sitechecker.pro\/de\/wp-json\/wp\/v2\/pages\/142\/revisions"}],"predecessor-version":[{"id":39300,"href":"https:\/\/sitechecker.pro\/de\/wp-json\/wp\/v2\/pages\/142\/revisions\/39300"}],"wp:featuredmedia":[{"embeddable":true,"href":"https:\/\/sitechecker.pro\/de\/wp-json\/wp\/v2\/media\/3439"}],"wp:attachment":[{"href":"https:\/\/sitechecker.pro\/de\/wp-json\/wp\/v2\/media?parent=142"}],"wp:term":[{"taxonomy":"category","embeddable":true,"href":"https:\/\/sitechecker.pro\/de\/wp-json\/wp\/v2\/categories?post=142"},{"taxonomy":"post_tag","embeddable":true,"href":"https:\/\/sitechecker.pro\/de\/wp-json\/wp\/v2\/tags?post=142"}],"curies":[{"name":"wp","href":"https:\/\/api.w.org\/{rel}","templated":true}]}}