{"id":1407,"date":"2018-02-05T12:02:10","date_gmt":"2018-02-05T12:02:10","guid":{"rendered":"https:\/\/sitechecker.pro\/?page_id=1407"},"modified":"2025-08-07T12:21:51","modified_gmt":"2025-08-07T12:21:51","slug":"xml-sitemap","status":"publish","type":"page","link":"https:\/\/sitechecker.pro\/de\/xml-sitemap\/","title":{"rendered":"Sitemap Checker: Testen Sie, ob Ihre XML-Sitemap gefunden wird \u1408"},"content":{"rendered":"<p><\/p>\n<h2 id=\"par1\">Was ist ein Sitemap-Pr\u00fcfer?<\/h2>\n<p>Der XML-Sitemap-Finder ist ein Tool, mit dem Sie \u00fcberpr\u00fcfen k\u00f6nnen, ob eine Website \u00fcber eine XML-Sitemap verf\u00fcgt.<\/p>\n<p>Mit dem Google Sitemap Checker k\u00f6nnen Sie \u00fcberpr\u00fcfen, ob Ihre Website \u00fcber eine <a href=\"https:\/\/sitechecker.pro\/what-is-sitemap\/\" target=\"_blank\" rel=\"noopener noreferrer\">XML-Website-Map<\/a> verf\u00fcgt und etwaige Fehler erkennen. Wenn das Tool Fehler findet, sagt es Ihnen, wie Sie sie beheben k\u00f6nnen.<\/p>\n<h3>Der XML-Sitemap-Checker kann Ihnen in mehreren Schl\u00fcsselbereichen helfen:<\/h3>\n<ul>\n<li>Es pr\u00fcft das Vorhandensein einer XML-Datei auf Ihrer Website.<\/li>\n<li>Er erkennt alle Probleme innerhalb Ihrer Website-Map-XML-Datei.<\/li>\n<li>Es verbessert die Effizienz, mit der Suchmaschinen Ihre Website indizieren.<\/li>\n<\/ul>\n<h3>Hauptmerkmale von Sitemap Tester<\/h3>\n<p><strong>Einheitliches Dashboard. <\/strong>Ein einheitliches Dashboard bietet eine einzige Ansicht der technischen SEO-Daten und macht es einfach, ihre Leistung zu verfolgen und zu verwalten.<\/p>\n<p><strong>Benutzerfreundliche Oberfl\u00e4che. <\/strong>Die benutzerfreundliche Oberfl\u00e4che macht es einfach, Sitechecker zu verwenden, auch wenn Sie kein technischer Experte sind.<\/p>\n<p><strong>Komplettes SEO-Toolset. <\/strong>Das Sitemap Lookup Tool ist Teil eines kompletten SEO-Toolsatzes, der Ihnen helfen kann, das Ranking Ihrer Website in den Suchmaschinenergebnisseiten (SERPs) zu verbessern.<\/p>\n<h2 id=\"par2\">Verwendung der XML-Sitemap-Suche<\/h2>\n<p>Gl\u00fccklicherweise m\u00fcssen Sie den Code Ihrer Website nicht manuell \u00fcberpr\u00fcfen, um herauszufinden, ob die Datei, in der die wichtigsten Seiten einer Website aufgef\u00fchrt sind, vorhanden ist. Mit Hilfe des Sitemap-Detektors k\u00f6nnen Sie jede beliebige Website \u00fcberpr\u00fcfen, um diese Informationen zu erhalten.<\/p>\n<h3>Schritt 1: Geben Sie Ihren Domainnamen ein<\/h3>\n<p>Der erste Schritt ist die Eingabe der URL Ihrer Website:<\/p>\n<div class=\"content__img-wrap\"><img src=\"https:\/\/sitechecker.pro\/wp-content\/uploads\/2023\/11\/xml-sitemap-checker.png\" alt=\"XML Sitemap Checker\" class=\"description-img description-img-zoom\" loading=\"lazy\" ><\/div>\n<div class=\"important-block\">Um Ergebnisse und Zugang zu den Funktionen von Sitechecker&apos;s f\u00fcr 14 Tage zu erhalten, starten Sie Ihre KOSTENLOSE Testversion. Die Anmeldung erfolgt ganz einfach \u00fcber Ihr E-Mail-, Google- oder Facebook-Konto. Eine Kreditkarte ist nicht erforderlich.<\/div>\n<h3>Schritt 2: Interpretieren der Ergebnisse des Sitemap-Testers<\/h3>\n<p>Der von Ihnen durchgef\u00fchrte Scan generiert eine Website-\u00dcberpr\u00fcfung f\u00fcr die von Ihnen eingegebene Domain. In der Kategorie &#8220;XML-Sitemaps&#8221; finden Sie Probleme, die zum Crawlen von Nicht-200-URLs oder fehlenden Seiten mit Suchverkehr in XML-Maps f\u00fchren k\u00f6nnen. Klicken Sie auf ein Problem, um die betroffenen Seiten, Anleitungen zur Fehlerbehebung und Anweisungen im Code anzuzeigen.<\/p>\n<div class=\"content__img-wrap\"><img src=\"https:\/\/sitechecker.pro\/wp-content\/uploads\/2023\/11\/sitemap-checker-results.png\" alt=\"Sitemap Checker Results\" class=\"description-img description-img-zoom\" loading=\"lazy\" ><\/div>\n<p>Mit dem Sitemap-Pr\u00fcfer k\u00f6nnen Sie Sitemap-Fehler erkennen und erhalten Anleitungen zu deren Behebung, um die Auswirkungen von Sitemap-Fehlern auf Ihre Indexierung zu verringern:<\/p>\n<ul>\n<li>Nicht-2xx-Statuscode-URL in der Sitemap (<a href=\"https:\/\/sitechecker.pro\/what-are-3xx-status-codes\/\" target=\"_blank\" rel=\"noopener noreferrer\">3xx redirects<\/a>, <a href=\"https:\/\/sitechecker.pro\/site-audit-issues\/page-sitemap-timed\/\" target=\"_blank\" rel=\"noopener noreferrer\">5xx server errors<\/a>, <a href=\"https:\/\/sitechecker.pro\/what-are-4xx-status-codes\/\" target=\"_blank\" rel=\"noopener noreferrer\">4xx errors<\/a>)<\/li>\n<li><a href=\"https:\/\/sitechecker.pro\/site-audit-issues\/noindex-page-sitemap\/\" target=\"_blank\" rel=\"noopener noreferrer\">Noindex URL<\/a> und Disallowed URL<\/li>\n<li><a href=\"https:\/\/sitechecker.pro\/site-audit-issues\/robots-without-link-xml-sitemap\/\" target=\"_blank\" rel=\"noopener noreferrer\">Robots.txt-Datei ohne Link zur XML-Sitemap<\/a>, URL in mehreren XML-Dateien, <a href=\"https:\/\/sitechecker.pro\/site-audit-issues\/sitemap-xml-files-large\/\" target=\"_blank\" rel=\"noopener noreferrer\">zu gro\u00dfe Sitemap.xml-Datei<\/a>, usw.<\/li>\n<\/ul>\n<div class=\"content__img-wrap\"><img src=\"https:\/\/sitechecker.pro\/wp-content\/uploads\/2023\/11\/sitemap-checker-view-issue.png\" alt=\"Sitemap Checker View Issue\" class=\"description-img description-img-zoom\" loading=\"lazy\" ><\/div>\n<p>Dar\u00fcber hinaus bieten wir spezielle Funktionen f\u00fcr den Fall, dass Sie nicht sicher sind, ob alle Seiten in Ihrer Sitemap enthalten sind, oder wenn Sie unser Tool einfach als XML-Sitemap-Validator verwenden m\u00f6chten. Verwenden Sie die Registerkarten &#8220;Export&#8221; und &#8220;Sitemap generieren&#8221;, um die Arten von URLs nach Statuscode auszuw\u00e4hlen, die in Ihre Karte aufgenommen werden sollen.<\/p>\n<div class=\"content__img-wrap\"><img src=\"https:\/\/sitechecker.pro\/wp-content\/uploads\/2023\/11\/generate-sitemap.png\" alt=\"Sitemap generieren\" class=\"description-img description-img-zoom\" loading=\"lazy\" ><\/div>\n<h3>Zus\u00e4tzliche Funktionen des XML-Sitemap-Checkers<\/h3>\n<p>Nach dem Crawlen der Website erhalten Sie au\u00dferdem einen umfassenden Website-Audit-Bericht, in dem alle potenziellen Probleme hervorgehoben und Anweisungen zu ihrer Behebung gegeben werden. Der Bericht ist nach Problemtyp oder Kategorie sortiert, so dass Sie die f\u00fcr den Erfolg Ihrer Website wichtigsten Probleme effizient angehen k\u00f6nnen.<\/p>\n<div class=\"content__img-wrap\"><img src=\"https:\/\/sitechecker.pro\/wp-content\/uploads\/2023\/11\/sitemap-checker-issues-list.png\" alt=\"Sitemap Checker Issues List\" class=\"description-img description-img-zoom\" loading=\"lazy\" ><\/div>\n<p>Durch Klicken auf die Schaltfl\u00e4che &#8216;Alle Seiten anzeigen&#8217; k\u00f6nnen Sie Probleme auf einzelnen Seiten identifizieren. Sortieren Sie die Probleme nach Priorit\u00e4ten oder Kategorien oder f\u00fcgen Sie manuell Daten zu den Seiten hinzu, die Sie interessieren.<\/p>\n<div class=\"content__img-wrap\"><img src=\"https:\/\/sitechecker.pro\/wp-content\/uploads\/2023\/11\/sitemap-checker-all-html-pages.png\" alt=\"Sitemap-Pr\u00fcfer Alle HTML-Seiten\" class=\"description-img description-img-zoom\" loading=\"lazy\" ><\/div>\n<h2 id=\"par3\">Schlussgedanke<\/h2>\n<p>Der Website-Sitemap-Checker ist ein Tool, mit dem sichergestellt werden kann, dass eine Website \u00fcber eine XML-Datei verf\u00fcgt, etwaige Fehler identifiziert werden und die Effizienz der Website bei der Indizierung durch Suchmaschinen verbessert werden kann. Es bietet eine benutzerfreundliche Oberfl\u00e4che in einem einheitlichen Dashboard f\u00fcr eine einfache SEO-Verwaltung, als Teil eines kompletten SEO-Toolsets. Das Tool vereinfacht den Prozess der \u00dcberpr\u00fcfung einer Sitemap durch Eingabe eines Domainnamens und Analyse der Ergebnisse, die einen umfassenden Audit-Bericht mit detaillierten Anweisungen zur Behebung festgestellter Probleme enthalten. Dies hilft bei der Pflege einer gut strukturierten und SEO-optimierten Website.<\/p>\n<div id=\"par4\"><\/div>\n<p><div class=\"front__faq-block\"><div class=\"faq__block-title\">FAQ<\/div><div class=\"panel-group\" id=\"faq-accordion\" itemscope itemtype=\"https:\/\/schema.org\/FAQPage\" role=\"tablist\" aria-multiselectable=\"true\"><div class=\"panel\" itemscope itemtype=\"https:\/\/schema.org\/Question\" itemprop=\"mainEntity\">\n                            <div class=\"panel-heading\" id=\"headingFaq-1\">\n                                <div class=\"panel-title\" data-toggle=\"collapse\" aria-expanded=\"false\" href=\"#collapseFaq-1\">\n                                    <h3 itemprop=\"name\">Wie \u00fcberpr\u00fcfe ich die Sitemap in XML?<\/h3>\n                                <\/div>\n                            <\/div>\n                            <div id=\"collapseFaq-1\" class=\"panel-collapse collapse\" itemprop=\"acceptedAnswer\" itemscope itemtype=\"http:\/\/schema.org\/Answer\">\n                                <div class=\"panel-body\" itemprop=\"text\">Verwenden Sie ein kostenloses Tool zum \u00dcberpr\u00fcfen der Sitemap online oder rufen Sie <strong>Ihredomain.com\/sitemap.xml<\/strong> in Ihrem Webbrowser auf.<\/div>\n                            <\/div>\n                        <\/div><div class=\"panel\" itemscope itemtype=\"https:\/\/schema.org\/Question\" itemprop=\"mainEntity\">\n                            <div class=\"panel-heading\" id=\"headingFaq-2\">\n                                <div class=\"panel-title\" data-toggle=\"collapse\" aria-expanded=\"false\" href=\"#collapseFaq-2\">\n                                    <h3 itemprop=\"name\">Wie \u00fcberpr\u00fcfe ich Fehler in der Sitemap?<\/h3>\n                                <\/div>\n                            <\/div>\n                            <div id=\"collapseFaq-2\" class=\"panel-collapse collapse\" itemprop=\"acceptedAnswer\" itemscope itemtype=\"http:\/\/schema.org\/Answer\">\n                                <div class=\"panel-body\" itemprop=\"text\">Verwenden Sie Webmaster-Tools wie Sitechecker Sitemap detector oder Google Search Console, um Fehler in Ihrem Index oder Ihrer Sitemap zu erkennen und zu beheben.<\/div>\n                            <\/div>\n                        <\/div><div class=\"panel\" itemscope itemtype=\"https:\/\/schema.org\/Question\" itemprop=\"mainEntity\">\n                            <div class=\"panel-heading\" id=\"headingFaq-3\">\n                                <div class=\"panel-title\" data-toggle=\"collapse\" aria-expanded=\"false\" href=\"#collapseFaq-3\">\n                                    <h3 itemprop=\"name\">Gibt es eine Begrenzung f\u00fcr die Anzahl der URLs, die ich in meine XML-Datei aufnehmen kann?<\/h3>\n                                <\/div>\n                            <\/div>\n                            <div id=\"collapseFaq-3\" class=\"panel-collapse collapse\" itemprop=\"acceptedAnswer\" itemscope itemtype=\"http:\/\/schema.org\/Answer\">\n                                <div class=\"panel-body\" itemprop=\"text\">Ja, eine einzelne XML-Datei kann Links zu maximal 50.000 URLs enthalten. Wenn Ihre Website gr\u00f6\u00dfer ist, m\u00fcssen Sie mehrere Sitemapdateien erstellen und diese miteinander verkn\u00fcpfen.<\/div>\n                            <\/div>\n                        <\/div><\/div><\/div><\/p>","protected":false},"excerpt":{"rendered":"Was ist ein Sitemap-Pr\u00fcfer? Der XML-Sitemap-Finder ist ein Tool, mit dem Sie \u00fcberpr\u00fcfen k\u00f6nnen, ob eine Website \u00fcber eine XML-Sitemap verf\u00fcgt. Mit dem Google Sitemap Checker k\u00f6nnen Sie \u00fcberpr\u00fcfen, ob Ihre Website \u00fcber eine XML-Website-Map verf\u00fcgt und etwaige Fehler erkennen. Wenn das Tool Fehler findet, sagt es Ihnen, wie Sie sie beheben k\u00f6nnen. Der XML-Sitemap-Checker&#8230;","protected":false},"author":10409641,"featured_media":3440,"parent":0,"menu_order":0,"comment_status":"closed","ping_status":"closed","template":"pages-templates\/pages-minitools.php","meta":[],"categories":[73],"tags":[],"_links":{"self":[{"href":"https:\/\/sitechecker.pro\/de\/wp-json\/wp\/v2\/pages\/1407"}],"collection":[{"href":"https:\/\/sitechecker.pro\/de\/wp-json\/wp\/v2\/pages"}],"about":[{"href":"https:\/\/sitechecker.pro\/de\/wp-json\/wp\/v2\/types\/page"}],"author":[{"embeddable":true,"href":"https:\/\/sitechecker.pro\/de\/wp-json\/wp\/v2\/users\/10409641"}],"replies":[{"embeddable":true,"href":"https:\/\/sitechecker.pro\/de\/wp-json\/wp\/v2\/comments?post=1407"}],"version-history":[{"count":44,"href":"https:\/\/sitechecker.pro\/de\/wp-json\/wp\/v2\/pages\/1407\/revisions"}],"predecessor-version":[{"id":38179,"href":"https:\/\/sitechecker.pro\/de\/wp-json\/wp\/v2\/pages\/1407\/revisions\/38179"}],"wp:featuredmedia":[{"embeddable":true,"href":"https:\/\/sitechecker.pro\/de\/wp-json\/wp\/v2\/media\/3440"}],"wp:attachment":[{"href":"https:\/\/sitechecker.pro\/de\/wp-json\/wp\/v2\/media?parent=1407"}],"wp:term":[{"taxonomy":"category","embeddable":true,"href":"https:\/\/sitechecker.pro\/de\/wp-json\/wp\/v2\/categories?post=1407"},{"taxonomy":"post_tag","embeddable":true,"href":"https:\/\/sitechecker.pro\/de\/wp-json\/wp\/v2\/tags?post=1407"}],"curies":[{"name":"wp","href":"https:\/\/api.w.org\/{rel}","templated":true}]}}