{"id":1396,"date":"2018-02-05T10:24:46","date_gmt":"2018-02-05T10:24:46","guid":{"rendered":"https:\/\/sitechecker.pro\/?page_id=1396"},"modified":"2024-10-09T15:52:54","modified_gmt":"2024-10-09T15:52:54","slug":"search-engines","status":"publish","type":"page","link":"https:\/\/sitechecker.pro\/de\/search-engines\/","title":{"rendered":"Beste Unzensierte Suchmaschine: Verbessern Sie Ihren Rechercheprozess"},"content":{"rendered":"<p>Die j\u00fcngsten Verbesserungen, die Sie ber\u00fchrt haben werden, sind sogenannte Schwerpunkte, wo das System sich an Schl\u00fcsselworten orientiert. Es findet mehr Websites gem\u00e4\u00df Ihrer Anfrage, wobei die Sites mit schlechterer Quantit\u00e4t und gr\u00f6\u00dferem informativem Inhalt h\u00e4ufig ans Ende der Liste gedr\u00e4ngt werden. Einiges des wertvollen Inhalts wird von den <a href=\"https:\/\/sitechecker.pro\/de\/serp\/\">Suchmaschinen-Ergebnisseiten<\/a> gel\u00f6scht. Das ist bitter, deprimierend und auch irritierend, weil Google eine gr\u00f6\u00dfere Monopolstellung \u00fcber die Suchmaschinen hat, w\u00e4hrend viele der anderen in einigen Aspekten besser und effektiver sind.<\/p>\n<p>Nun suchen vermehrt Leute, die von dem farbenfrohen Suchsystem m\u00fcde sind, auf der Suche nach etwas Frischen und Neuen, das nicht jeden Schritt \u00fcberwacht und die Benutzer mit Tonnen von sinnloser Werbung \u00fcberh\u00e4uft. Deshalb muss eine Person verstehen, was die Kernkompetenzen einer Suchmaschine sind. Das ist Algorithmus, der das Web nach korrespondierenden Treffern durchsucht.<\/p>\n<p>Das Prinhip ist recht einfach und einfach anpassbar. Es gibt einige Optionen, die statt Google verwendet werden k\u00f6nnen und jede davon kann mit besonderen Eigenschaften punkten.<\/p>\n<p>Genau jetzt sollte der Benutzer sich von allen Stereotypen und Vorurteilen l\u00f6sen, die meinen, dass Google die beste Variante ist, wenn es darum geht, etwas im endlosen Labyrith des Internet zu finden. Halten Sie die Augen nach etwas Neuem offen, und diese Liste der alternativen Suchmaschinen wird f\u00fcr neue M\u00f6glichkeiten bei der Suche garantieren.<\/p>\n<h2><a href=\"https:\/\/www.bing.com\/\">Bing<\/a><\/h2>\n<p>&nbsp;<\/p>\n<p>Neben vielen Variationen der Google-Alternativen Ideen ist Bin am n\u00e4chsten dran, die Popularit\u00e4t von Mr. G. zu erreichen. Jetzt sind es 16% der loyalen Benutzer. Diese Suchmaschine geh\u00f6rt alleine der Microsoft Suchmaschine, die speziell f\u00fcr Windows Systeme entwickelt wurde und f\u00fcr alle in \u00f6ffentlichen Domains verwendet werden kann. Was ist so gut daran?<\/p>\n<p>Es hat einige dezente Video-Suchm\u00f6glichkeiten, die besser sind als die von Google.<\/p>\n<p>Es gibt mehr Auto-Ausf\u00fclloptionen, w\u00e4hrend der Benutzer die Suche formuliert.<\/p>\n<p>Es verfolgt mehr Verbindungen zwischen separaten Websites. Es ist einfacher, \u00e4hnliche Seiten zu finden.<\/p>\n<p>Zudem bietet Bing Yahoo-Suchsysteme mit Rechenservern.<\/p>\n<p>&nbsp;<\/p>\n<h2><a href=\"https:\/\/yandex.com\/\">Yandex<\/a><\/h2>\n<p>&nbsp;<\/p>\n<p>Benutzer nennen es das Russische \u00c4quivalent zu Google, weil es ein \u00e4hnliches Interfacer hat und einige andere Dienste. Dieser Service ist als der beste logische Algorithmus bekannt, der Ergebnisse mit weiteren Funktionen augibt.<\/p>\n<p>&nbsp;<\/p>\n<h2><a href=\"https:\/\/duckduckgo.com\/\">DuckDuckGo<\/a><\/h2>\n<p>&nbsp;<\/p>\n<p>Hier ist eine weitere popul\u00e4re Suchvariante, die bei einigen bekannten Browsern wie Firefox vorinstalliert ist. Es ist eine sehr sinnvolle Option f\u00fcr jene, die nicht wollen, dass ihre Daten verfolgt werden. Es wird f\u00fcr gew\u00f6hnlich mit Google verglichen \u2013 das man gemeinhin mit \u201ebig Brother is Watching you\u201c betitelt. Weil Google verfolgt jede Eingabe und jeden Schritt von Ihnen.<\/p>\n<p>&nbsp;<\/p>\n<h2><a href=\"http:\/\/boardreader.com\/\">Boardreader<\/a><\/h2>\n<p>&nbsp;<\/p>\n<p>Menschen, die sich f\u00fcr un\u00fcbliche Suchmaschinen interessieren werden diese m\u00f6gen. Sie wurde als einfaches Message-Board entwickelt, das die Ergebnisse exklusiv in Foren aus aller Welt durchsucht, wo echte Menschen ihre Erfahrungen hinsichtlich besonderer Themen teilen.<\/p>\n<p>&nbsp;<\/p>\n<h2><a href=\"http:\/\/www.dogpile.com\/\">Dogpile<\/a><\/h2>\n<p>&nbsp;<\/p>\n<p>Dogpile ist ein echter Datenkombinierer, weil er die Suchergebnisse der drei bekanntesten Suchsysteme kombiniert: Google, Yandex und Yahoo \u2013 und die besten Ergebnisse daraus herausfiltert. Die Einfachheit des Interfaces erlaubt es Ihnen, sich auf die Suche zu konzentrieren, w\u00e4hrend Werbung einfach ausgeschaltet wird \u2013 von selbst durch dieses m\u00e4chtige Tool.<\/p>\n<p>&nbsp;<\/p>\n<h2><a href=\"https:\/\/search.creativecommons.org\/\">Creative Commons Search<\/a><\/h2>\n<p>&nbsp;<\/p>\n<p>Creative Commons Search oder CC Search als Abk\u00fcrzung ist eine unglaublich anonyme Suchmaschine wenn es um einzigartige copyrightlose Materialien geht, die f\u00fcr pers\u00f6nlichen Gebrauch gespeichert werden. Der Anwender kann das Material hinsichtlich Thema ausw\u00e4hlen und auch in derr bequemsten Art und Weise kategorisieren. Wenn jemand plant, eine pers\u00f6nliche Webseite zu erzeugen, ist das ein exzellenter Ort, um Designermaterial zu finden.<\/p>\n<p>&nbsp;<\/p>\n<h2><a href=\"https:\/\/giphy.com\/\">Giphy<\/a><\/h2>\n<p>&nbsp;<\/p>\n<p>F\u00fcr Menschen, die von GIF-Arts entz\u00fcckt sind, ist das die perfekte Suchmachine. Sie wurde speziell f\u00fcr die Suche nach Miniatur-Bild-Videos entwickelt. Sie k\u00f6nnen positive Emotionen erleben, wenn Sie lustige Katzen oder unglaubliche Situationen in einer Endlosschleife sehen. Diese unzensierte Suchmachine wird wunderbare Momente in das Leben der Benutzer bringen.<\/p>\n<p>&nbsp;<\/p>\n<h2><a href=\"https:\/\/www.quora.com\/\">Quora<\/a><\/h2>\n<p>&nbsp;<\/p>\n<p>Quora ist mehr so etwas wie ein Informationsportal als eine Suchmaschine. Hier kann man mit Menschen \u00fcber verschiedene Themen diskutieren und bekommt Antworten von Menschen aus aller Welt, wenn man wichtige Fragen hat. Mehr noch: Es gibt eine spezielle Kategorie von thematisierten Fragen, die bereits fr\u00fcher gestellt wurden. Und man kann \u00e4hnliche Dinge in den verweisenden Seiten finden.<\/p>\n<p>&nbsp;<\/p>\n<h2><a href=\"https:\/\/vimeo.com\/\">Vimeo<\/a><\/h2>\n<p>&nbsp;<\/p>\n<p>YouTube ist aus dem Hause Google und gef\u00fcllt mit Tonnen von Werbung. VImeo ist eine popul\u00e4re Alternative, die extrem komfortabel zu verwenden ist, indem es auf einem einfachen Video-Sharing-System beruht. Das Beste daran ist, dass es komplett frei von Werbung ist und eine riesige Auswahl von HD Videos bietet.<\/p>\n<p>&nbsp;<\/p>\n<h2><a href=\"https:\/\/www.wolframalpha.com\/\">WolframAlpha<\/a><\/h2>\n<p>&nbsp;<\/p>\n<p>Menschen, die passionierte Computersystemfreaks sind, f\u00fchlen sich bei dieser Suchmaschine daheim. Es ist ein besonderer Dienst der wie eine gigantische Computer-Wissensdatenbank ist, die auf alle Fragen, die mit der digitalen Welt zu tun haben, eine Antwort wei\u00df.<\/p>\n<p>&nbsp;<\/p>\n<h2><a href=\"https:\/\/www.startpage.com\/\">StartPage<\/a><\/h2>\n<p>&nbsp;<\/p>\n<p>Menschen, die besonders skeptisch hinsichtlich Privatsph\u00e4re sind und die geheime Datentransferpolitik von Google nicht m\u00f6gen, werden diesen anonymen Dienst m\u00f6gen, der es nicht nur erlaubt, eine totale Suche durchzuf\u00fchren, sondern auch Ihre Daten wie <a href=\"https:\/\/sitechecker.pro\/de\/ip-checker\/\">IP<\/a> und MAC-Adresse im System versteckt. Sie erlaubt die Eingabe einer beliebigen Website durch einen speziellen Proxyserver und hinterl\u00e4sst keine Spuren der Benutzeranwesenheit auf der Website.<\/p>\n<p>&nbsp;<\/p>\n<h2><a href=\"https:\/\/www.ask.com\/\">Ask.com<\/a><\/h2>\n<p>&nbsp;<\/p>\n<p>Hier ist ein weiterer universeller Sucher. Dieser Dienst vereint alle popul\u00e4ren Suchsysteme und steuert sie \u00fcber eine besondere Themenseite, wo Benutzer die interessantesten Suchergebnisse als Lesezeichen abspeichern k\u00f6nnen. Mehr noch k\u00f6nnen Sie Menschen nach weitere Ratschl\u00e4ge befragen.<\/p>\n<p>&nbsp;<\/p>\n<h2><a href=\"https:\/\/www.slideshare.net\/\">SlideShare<\/a><\/h2>\n<p>&nbsp;<\/p>\n<p>Brauchen Sie Pr\u00e4sentationen oder Material, um eine solche zu erzeugen? SlideShare wird eine exzellente Quelle f\u00fcr n\u00fctzliches Material sein. Sie hat eine Sammlung von Diashows, die allen registrierten Benutzern zur Verf\u00fcgung steht und regelm\u00e4\u00dfig erneuert wird.<\/p>\n<p>Wir hoffen stark, dass sich nach dem Lesen dieser Suchmaschinenlisten mehr Menschen einige Benutzer durchringen, neue Wege zu beschreiten, wenn es um das Finden von wichtigen Informationen, wie auch Videos, Audiodateien oder Texten geht. Es gibt immer etwas, was wir lernen k\u00f6nnen. Und neue M\u00f6glichkeiten werden erscheinen. Und es ist immer gut, diese zu testen, und vielleicht wird es irgendwann weitere sch\u00f6ne M\u00f6glichkeiten f\u00fcr zuk\u00fcnftige Suchen geben.<\/p>","protected":false},"excerpt":{"rendered":"Die j\u00fcngsten Verbesserungen, die Sie ber\u00fchrt haben werden, sind sogenannte Schwerpunkte, wo das System sich an Schl\u00fcsselworten orientiert. Es findet mehr Websites gem\u00e4\u00df Ihrer Anfrage, wobei die Sites mit schlechterer Quantit\u00e4t und gr\u00f6\u00dferem informativem Inhalt h\u00e4ufig ans Ende der Liste gedr\u00e4ngt werden. Einiges des wertvollen Inhalts wird von den Suchmaschinen-Ergebnisseiten gel\u00f6scht. Das ist bitter, deprimierend&#8230;","protected":false},"author":11474150,"featured_media":3438,"parent":0,"menu_order":0,"comment_status":"closed","ping_status":"closed","template":"pages-templates\/pages-v2.php","meta":[],"categories":[31],"tags":[],"_links":{"self":[{"href":"https:\/\/sitechecker.pro\/de\/wp-json\/wp\/v2\/pages\/1396"}],"collection":[{"href":"https:\/\/sitechecker.pro\/de\/wp-json\/wp\/v2\/pages"}],"about":[{"href":"https:\/\/sitechecker.pro\/de\/wp-json\/wp\/v2\/types\/page"}],"author":[{"embeddable":true,"href":"https:\/\/sitechecker.pro\/de\/wp-json\/wp\/v2\/users\/11474150"}],"replies":[{"embeddable":true,"href":"https:\/\/sitechecker.pro\/de\/wp-json\/wp\/v2\/comments?post=1396"}],"version-history":[{"count":61,"href":"https:\/\/sitechecker.pro\/de\/wp-json\/wp\/v2\/pages\/1396\/revisions"}],"predecessor-version":[{"id":33792,"href":"https:\/\/sitechecker.pro\/de\/wp-json\/wp\/v2\/pages\/1396\/revisions\/33792"}],"wp:featuredmedia":[{"embeddable":true,"href":"https:\/\/sitechecker.pro\/de\/wp-json\/wp\/v2\/media\/3438"}],"wp:attachment":[{"href":"https:\/\/sitechecker.pro\/de\/wp-json\/wp\/v2\/media?parent=1396"}],"wp:term":[{"taxonomy":"category","embeddable":true,"href":"https:\/\/sitechecker.pro\/de\/wp-json\/wp\/v2\/categories?post=1396"},{"taxonomy":"post_tag","embeddable":true,"href":"https:\/\/sitechecker.pro\/de\/wp-json\/wp\/v2\/tags?post=1396"}],"curies":[{"name":"wp","href":"https:\/\/api.w.org\/{rel}","templated":true}]}}