{"id":1291,"date":"2018-01-23T10:43:33","date_gmt":"2018-01-23T10:43:33","guid":{"rendered":"https:\/\/sitechecker.pro\/?page_id=1291"},"modified":"2025-02-24T13:05:38","modified_gmt":"2025-02-24T13:05:38","slug":"open-graph","status":"publish","type":"page","link":"https:\/\/sitechecker.pro\/de\/open-graph\/","title":{"rendered":"Open Graph Checker \u2611 Validieren &#038; Vorpr\u00fcfen von OG-Tags"},"content":{"rendered":"<p><\/p>\n<h2 id=\"par1\">Was ist der Open Graph Validator?<\/h2>\n<p>Der Open Graph Checker von <a href=\"https:\/\/sitechecker.pro\/\" target=\"_blank\" rel=\"noopener noreferrer\">Sitechecker<\/a> analysiert Open Graph-Tags, um eine ordnungsgem\u00e4\u00dfe Generierung von Social-Media-Snippets sicherzustellen. Er bietet eine Einzelseitenpr\u00fcfung zur sofortigen Tag-Verifizierung und eine Site-weite Pr\u00fcfung, um fehlende Tags und Snippet-Probleme zu erkennen und eine kontinuierliche \u00dcberwachung zu erm\u00f6glichen.<\/p>\n<h3>Wie das Tool Ihnen helfen kann<\/h3>\n<p><strong>Open Graph-Implementierung \u00fcberpr\u00fcfen: <\/strong>stellt sicher, dass OG-Tags f\u00fcr optimales Teilen in sozialen Medien richtig eingerichtet sind.<\/p>\n<p><strong>Fehlende oder falsche Tags erkennen: <\/strong>Identifizieren Sie fehlende, unvollst\u00e4ndige oder falsch konfigurierte Open Graph-Tags, die sich auf Linkvorschauen auswirken.<\/p>\n<p><strong>Social-Media-Snippet-Leistung analysieren: <\/strong>testet, wie Webseiten auf Social-Media-Plattformen angezeigt werden, und hebt Probleme hervor, die sich auf das Engagement auswirken k\u00f6nnen.<\/p>\n<h3>Hauptfunktionen des Tools<\/h3>\n<p><strong>Vereinheitlichtes Dashboard: <\/strong>Bietet eine zentrale Ansicht der Website-Leistung, SEO-Metriken und Problemverfolgung an einem Ort.<\/p>\n<p><strong>Benutzerfreundliche Oberfl\u00e4che: <\/strong>Entwickelt f\u00fcr eine einfache Nutzung mit intuitiver Navigation, klaren Berichten und umsetzbaren Erkenntnissen.<\/p>\n<p><strong>Komplettes SEO-Toolset: <\/strong>Bietet eine vollst\u00e4ndige Suite von SEO-Tools, einschlie\u00dflich Website-Audits, Rangverfolgung und Website-\u00dcberwachung.<\/p>\n<h2 id=\"par2\">So verwenden Sie den Open Graph Tester<\/h2>\n<p>Um das Tool zu verwenden, w\u00e4hlen Sie zun\u00e4chst eine Audit-Option aus. W\u00e4hlen Sie \u201eOpen Graph auf einer Seite testen\u201c f\u00fcr eine sofortige \u00dcberpr\u00fcfung einer bestimmten URL oder \u201eOpen Graph auf allen Seiten testen\u201c, um Ihre gesamte Website zu scannen. Klicken Sie nach der Auswahl auf \u201eAudit starten\u201c, um OG-Tags zu analysieren und Probleme zu erkennen, die sich auf Social-Media-Vorschauen auswirken.<\/p>\n<h2 id=\"par3\">Open Graphs auf allen Seiten testen<\/h2>\n<h3>Schritt 1: W\u00e4hlen Sie die Pr\u00fcfoption \u201eOpen Graph auf allen Seiten testen\u201c<\/h3>\n<div class=\"content__img-wrap\"><img src=\"https:\/\/sitechecker.pro\/wp-content\/uploads\/2025\/02\/test-open-graph-all-pages.png\" alt=\"Open Graph auf allen Seiten testen\" class=\"description-img description-img-zoom\" loading=\"lazy\" ><\/div>\n<div class=\"important-block\">Um Ergebnisse zu erhalten und 14 Tage lang auf die Funktionen von Sitechecker zuzugreifen, starten Sie Ihre KOSTENLOSE Testversion. Die Anmeldung ist ganz einfach mit Ihrem E-Mail-, Google- oder Facebook-Konto. Sie ben\u00f6tigen keine Kreditkarte.<\/div>\n<h3>Schritt 2: Erhalten Sie die Ergebnisse<\/h3>\n<p>Erhalten Sie sofortige Einblicke in die Darstellung Ihrer Seiten in sozialen Medien. Identifizieren Sie fehlende oder falsche Open Graph-Tags, sehen Sie sich in der Vorschau an, wie Links beim Teilen aussehen, und erhalten Sie umsetzbare Empfehlungen zur Optimierung der Interaktions- und Klickraten.<\/p>\n<div class=\"content__img-wrap\"><img src=\"https:\/\/sitechecker.pro\/wp-content\/uploads\/2025\/02\/fix-social-media-issues.png\" alt=\"Social-Media-Probleme beheben\" class=\"description-img description-img-zoom\" loading=\"lazy\" ><\/div>\n<h3>Zus\u00e4tzliche Funktionen des Tools<\/h3>\n<p>Decken Sie kritische SEO-Probleme auf, die die Sichtbarkeit und das Benutzererlebnis Ihrer Website beeintr\u00e4chtigen. Analysieren Sie kategorisierte Problembereiche, darunter Social-Media-Pr\u00e4senz, Indexierbarkeit, Seitengeschwindigkeit, Sicherheit und mehr. Erhalten Sie Einblicke in betroffene Seiten, priorisieren Sie Korrekturen und optimieren Sie Ihre Website f\u00fcr bessere Leistung und Engagement.<\/p>\n<div class=\"content__img-wrap\"><img src=\"https:\/\/sitechecker.pro\/wp-content\/uploads\/2025\/02\/site-audit-issues_67bc52cd4af2b.png\" alt=\"Site Audit Issues\" class=\"description-img description-img-zoom\" loading=\"lazy\" ><\/div>\n<h2 id=\"par4\">Open Graph auf der Seite testen<\/h2>\n<h3>Schritt 1: Sobald Sie die gew\u00fcnschte Option ausgew\u00e4hlt haben, klicken Sie auf \u201eAudit starten\u201c, um fortzufahren<\/h3>\n<div class=\"content__img-wrap\"><img src=\"https:\/\/sitechecker.pro\/wp-content\/uploads\/2025\/02\/test-open-graph-one-page.png\" alt=\"Open Graph One Page testen\" class=\"description-img description-img-zoom\" loading=\"lazy\" ><\/div>\n<h3>Schritt 2: Ergebnisse abrufen<\/h3>\n<p>\u00dcberpr\u00fcfen Sie sofort, ob OG-Markup auf einer Seite vorhanden ist. Erkennen Sie fehlende Tags, stellen Sie eine ordnungsgem\u00e4\u00dfe Vorschaugenerierung f\u00fcr soziale Medien sicher und optimieren Sie die Inhaltsfreigabe f\u00fcr eine bessere Plattforminteraktion.<\/p>\n<div class=\"content__img-wrap\"><img src=\"https:\/\/sitechecker.pro\/wp-content\/uploads\/2025\/02\/open-graph-results.png\" alt=\"Open Graph Results\" class=\"description-img description-img-zoom\" loading=\"lazy\" ><\/div>\n<p>Entfesseln Sie das volle Potenzial von Sitechecker, indem Sie den Abschnitt Site Audit erkunden. Probieren Sie die Demoversion aus, um zu sehen, wie kritische technische SEO-Probleme effizient erkannt und behoben werden.<\/p>\n<div class=\"content__img-wrap\"><img src=\"https:\/\/sitechecker.pro\/wp-content\/uploads\/2025\/02\/site-audit_67bc52ca5722d.png\" alt=\"Site Audit\" class=\"description-img description-img-zoom\" loading=\"lazy\" ><\/div>\n<h3>Zus\u00e4tzliche Funktionen des Seitenaudits<\/h3>\n<p>Erhalten Sie einen umfassenden \u00dcberblick \u00fcber die SEO-Gesundheit Ihrer Seite, einschlie\u00dflich Warnungen und kritischer Probleme. Identifizieren Sie Probleme wie fehlende robots.txt, PageSpeed-Einblicke und L\u00fccken bei der Inhaltsoptimierung. Navigieren Sie problemlos durch strukturierte Daten, Links und Suchleistung, um die Sichtbarkeit der Site und das Benutzererlebnis zu verbessern.<\/p>\n<div class=\"content__img-wrap\"><img src=\"https:\/\/sitechecker.pro\/wp-content\/uploads\/2025\/02\/issues-overview_67bc52c3c3117.png\" alt=\"Problem\u00fcbersicht\" class=\"description-img description-img-zoom\" loading=\"lazy\" ><\/div>\n<h2 id=\"par5\">Abschlie\u00dfende Idee<\/h2>\n<p>Der Open Graph Checker ist ein leistungsstarkes Tool, um sicherzustellen, dass die Social-Media-Snippets Ihrer Website richtig optimiert sind. Ob Sie nun eine schnelle Einzelseitenpr\u00fcfung oder eine umfassende Site-weite Pr\u00fcfung durchf\u00fchren, er hilft dabei, fehlende oder falsche Open Graph-Tags zu identifizieren, zeigt in der Vorschau an, wie Links beim Teilen angezeigt werden, und bietet umsetzbare Empfehlungen zur Verbesserung der Interaktions- und Klickraten.<\/p>\n<div id=\"par6\"><\/div>\n<p><div class=\"front__faq-block\"><div class=\"faq__block-title\">FAQ<\/div><div class=\"panel-group\" id=\"faq-accordion\" itemscope itemtype=\"https:\/\/schema.org\/FAQPage\" role=\"tablist\" aria-multiselectable=\"true\"><div class=\"panel\" itemscope itemtype=\"https:\/\/schema.org\/Question\" itemprop=\"mainEntity\">\n                            <div class=\"panel-heading\" id=\"headingFaq-1\">\n                                <div class=\"panel-title\" data-toggle=\"collapse\" aria-expanded=\"false\" href=\"#collapseFaq-1\">\n                                    <h3 itemprop=\"name\">Kann ich Open Graph-Tags f\u00fcr eine einzelne Seite und eine ganze Website testen?<\/h3>\n                                <\/div>\n                            <\/div>\n                            <div id=\"collapseFaq-1\" class=\"panel-collapse collapse\" itemprop=\"acceptedAnswer\" itemscope itemtype=\"http:\/\/schema.org\/Answer\">\n                                <div class=\"panel-body\" itemprop=\"text\">Ja, Sie k\u00f6nnen zwischen einer Einzelseitenpr\u00fcfung zur sofortigen \u00dcberpr\u00fcfung von Open Graph-Tags oder einer vollst\u00e4ndigen Site-Pr\u00fcfung w\u00e4hlen, um fehlende Tags und Snippet-Probleme auf allen Seiten zu erkennen.<\/div>\n                            <\/div>\n                        <\/div><div class=\"panel\" itemscope itemtype=\"https:\/\/schema.org\/Question\" itemprop=\"mainEntity\">\n                            <div class=\"panel-heading\" id=\"headingFaq-2\">\n                                <div class=\"panel-title\" data-toggle=\"collapse\" aria-expanded=\"false\" href=\"#collapseFaq-2\">\n                                    <h3 itemprop=\"name\">Bietet Sitechecker Empfehlungen zur Behebung von Open Graph-Problemen?<\/h3>\n                                <\/div>\n                            <\/div>\n                            <div id=\"collapseFaq-2\" class=\"panel-collapse collapse\" itemprop=\"acceptedAnswer\" itemscope itemtype=\"http:\/\/schema.org\/Answer\">\n                                <div class=\"panel-body\" itemprop=\"text\">Ja, es bietet umsetzbare Erkenntnisse und schrittweise Korrekturen, um Ihre OG-Implementierung f\u00fcr bessere Social Media-Vorschauen zu optimieren.<\/div>\n                            <\/div>\n                        <\/div><div class=\"panel\" itemscope itemtype=\"https:\/\/schema.org\/Question\" itemprop=\"mainEntity\">\n                            <div class=\"panel-heading\" id=\"headingFaq-3\">\n                                <div class=\"panel-title\" data-toggle=\"collapse\" aria-expanded=\"false\" href=\"#collapseFaq-3\">\n                                    <h3 itemprop=\"name\">Kann ich mit Sitechecker laufende Open Graph-Probleme verfolgen?<\/h3>\n                                <\/div>\n                            <\/div>\n                            <div id=\"collapseFaq-3\" class=\"panel-collapse collapse\" itemprop=\"acceptedAnswer\" itemscope itemtype=\"http:\/\/schema.org\/Answer\">\n                                <div class=\"panel-body\" itemprop=\"text\">Ja, das Tool bietet kontinuierliche \u00dcberwachung und Warnungen f\u00fcr OG- und andere SEO-Probleme und hilft Ihnen so, eine optimale Site-Leistung aufrechtzuerhalten.<\/div>\n                            <\/div>\n                        <\/div><\/div><\/div><\/p>","protected":false},"excerpt":{"rendered":"Was ist der Open Graph Validator? Der Open Graph Checker von Sitechecker analysiert Open Graph-Tags, um eine ordnungsgem\u00e4\u00dfe Generierung von Social-Media-Snippets sicherzustellen. Er bietet eine Einzelseitenpr\u00fcfung zur sofortigen Tag-Verifizierung und eine Site-weite Pr\u00fcfung, um fehlende Tags und Snippet-Probleme zu erkennen und eine kontinuierliche \u00dcberwachung zu erm\u00f6glichen. Wie das Tool Ihnen helfen kann Open Graph-Implementierung \u00fcberpr\u00fcfen:&#8230;","protected":false},"author":10409641,"featured_media":3349,"parent":0,"menu_order":0,"comment_status":"closed","ping_status":"closed","template":"pages-templates\/pages-minitools-3.php","meta":[],"categories":[70],"tags":[],"_links":{"self":[{"href":"https:\/\/sitechecker.pro\/de\/wp-json\/wp\/v2\/pages\/1291"}],"collection":[{"href":"https:\/\/sitechecker.pro\/de\/wp-json\/wp\/v2\/pages"}],"about":[{"href":"https:\/\/sitechecker.pro\/de\/wp-json\/wp\/v2\/types\/page"}],"author":[{"embeddable":true,"href":"https:\/\/sitechecker.pro\/de\/wp-json\/wp\/v2\/users\/10409641"}],"replies":[{"embeddable":true,"href":"https:\/\/sitechecker.pro\/de\/wp-json\/wp\/v2\/comments?post=1291"}],"version-history":[{"count":66,"href":"https:\/\/sitechecker.pro\/de\/wp-json\/wp\/v2\/pages\/1291\/revisions"}],"predecessor-version":[{"id":35675,"href":"https:\/\/sitechecker.pro\/de\/wp-json\/wp\/v2\/pages\/1291\/revisions\/35675"}],"wp:featuredmedia":[{"embeddable":true,"href":"https:\/\/sitechecker.pro\/de\/wp-json\/wp\/v2\/media\/3349"}],"wp:attachment":[{"href":"https:\/\/sitechecker.pro\/de\/wp-json\/wp\/v2\/media?parent=1291"}],"wp:term":[{"taxonomy":"category","embeddable":true,"href":"https:\/\/sitechecker.pro\/de\/wp-json\/wp\/v2\/categories?post=1291"},{"taxonomy":"post_tag","embeddable":true,"href":"https:\/\/sitechecker.pro\/de\/wp-json\/wp\/v2\/tags?post=1291"}],"curies":[{"name":"wp","href":"https:\/\/api.w.org\/{rel}","templated":true}]}}