{"id":12897,"date":"2024-02-16T09:46:17","date_gmt":"2024-02-16T09:46:17","guid":{"rendered":"https:\/\/sitechecker.pro\/?page_id=12897"},"modified":"2024-09-05T08:45:05","modified_gmt":"2024-09-05T08:45:05","slug":"expired-domain-checker","status":"publish","type":"page","link":"https:\/\/sitechecker.pro\/de\/expired-domain-checker\/","title":{"rendered":"Domain-Ablaufpr\u00fcfung | Finden Sie das Ablaufdatum der Website-Domain \u2611"},"content":{"rendered":"<p><\/p>\n<h2 id=\"par1\">Was ist der Domain-Ablaufpr\u00fcfer?<\/h2>\n<p>Der Domain-Ablaufpr\u00fcfer von <a href=\"https:\/\/sitechecker.pro\/\" target=\"_blank\" rel=\"noopener noreferrer\">Sitechecker<\/a> wurde entwickelt, um den Status von Domains zu verfolgen und zu \u00fcberwachen, mit besonderem Augenmerk auf deren Ablaufdatum. Dieses proaktive Tool stellt die kontinuierliche Online-Pr\u00e4senz von Websites sicher und vermeidet Serviceunterbrechungen, die durch das Auslaufen von Domains verursacht werden. Dar\u00fcber hinaus hilft es bei der Erkennung und Behebung von Sicherheitsl\u00fccken auf Ihrer Website und verbessert so die allgemeine Web-Sicherheit.<\/p>\n<h3>Wie kann der Website Expiry Checker Sie unterst\u00fctzen?<\/h3>\n<p><strong>Verhindern des Domain-Ablaufs: <\/strong>Zeigen Sie, dass Ihre Domain abl\u00e4uft und stellen Sie sicher, dass Sie gen\u00fcgend Zeit haben, sie zu erneuern. Dadurch wird verhindert, dass Ihre Website offline geht, und Ihre Online-Pr\u00e4senz und Glaubw\u00fcrdigkeit bleiben erhalten.<\/p>\n<p><strong>Identifizierung von Sicherheitsl\u00fccken: <\/strong>identifiziert Sicherheitsprobleme im Zusammenhang mit Ihrer Website, so dass Sie diese umgehend beheben k\u00f6nnen und Ihre Website sicher bleibt.<\/p>\n<p><strong>Effizientes Domain-Management: <\/strong>vereinfacht die \u00dcberwachung, indem es eine zentrale Plattform bereitstellt, um die Ablaufdaten und den Sicherheitsstatus all Ihrer Websites im Auge zu behalten.<\/p>\n<h3>Hauptmerkmale des Tools<\/h3>\n<p><strong>Einheitliches Dashboard: <\/strong>fasst Daten aus verschiedenen SEO-Metriken und Website-Leistungsindikatoren in einer einzigen, zusammenh\u00e4ngenden Ansicht zusammen. So k\u00f6nnen Sie den SEO-Zustand Ihrer Website leicht \u00fcberwachen, den Fortschritt im Laufe der Zeit verfolgen und Bereiche, die Aufmerksamkeit erfordern, schnell identifizieren.<\/p>\n<p><strong>Benutzerfreundliches Bedienfeld: <\/strong>Das Programm wurde so konzipiert, dass es f\u00fcr Benutzer aller Kenntnisstufen zug\u00e4nglich ist, vom Anf\u00e4nger bis zum erfahrenen SEO-Profi. Die intuitive Oberfl\u00e4che vereinfacht die Navigation durch die Funktionen des Tools und erleichtert die Durchf\u00fchrung umfassender SEO-Audits, die Verfolgung von Rankings und die Umsetzung von Optimierungsstrategien.<\/p>\n<p><strong>Komplettes SEO-Toolset: <\/strong>bietet eine umfassende Suite von SEO-Tools, die alle Aspekte der Suchmaschinenoptimierung abdecken. Dazu geh\u00f6ren Website-Gesundheitspr\u00fcfungen zur Identifizierung technischer SEO-Probleme, On-Page-SEO-Analysen zur Optimierung von Inhalten und Meta-Tags, Backlink-Tracking zur \u00dcberwachung und Analyse Ihrer Linkbuilding-Bem\u00fchungen, Positions-Tracking zur \u00dcberwachung der Keyword-Rankings in verschiedenen Suchmaschinen und Site-Monitoring, um Sie auf alle \u00c4nderungen aufmerksam zu machen, die sich auf Ihre SEO-Leistung auswirken k\u00f6nnten.<\/p>\n<h2 id=\"par2\">So verwenden Sie das Tool<\/h2>\n<p>Um den Status Ihrer Domain effektiv zu verwalten, erstellen Sie einfach ein Konto. Geben Sie die Adresse Ihrer Website ein, um die \u00dcberpr\u00fcfung zu starten. Neben der Verfolgung des Ablaufdatums identifiziert unser Tool auch sicherheitsrelevante Probleme auf Ihrer Website und erm\u00f6glicht die rechtzeitige Erkennung und Behebung von Schwachstellen.<\/p>\n<h3>Schritt 1: Geben Sie die URL-Adresse Ihrer Domain ein<\/h3>\n<div class=\"content__img-wrap\"><img src=\"https:\/\/sitechecker.pro\/wp-content\/uploads\/2024\/02\/domain-expiry-checker.png\" alt=\"Domain Expiry Checker\" class=\"description-img description-img-zoom\" loading=\"lazy\" ><\/div>\n<div class=\"important-block\">Um Ergebnisse zu erhalten und 14 Tage lang Zugriff auf die Sitechecker-Funktionen zu erhalten, starten Sie Ihre KOSTENLOSE Testversion. Die Anmeldung ist ganz einfach mit Ihrem E-Mail-, Google- oder Facebook-Konto. Es ist keine Kreditkarte erforderlich.<\/div>\n<h3>Schritt 2: Ergebnisse erhalten<\/h3>\n<p>Das Tool bietet eine Schnittstelle zur Website- und Sicherheitsanalyse eines Website-Audit-Tools. Die wichtigste Funktion ist die Erinnerung an den Ablauf der Domain, um eine rechtzeitige Erneuerung zu f\u00f6rdern und Ausfallzeiten der Website zu vermeiden. Die Schnittstelle zeigt auch eine Analyse von Sicherheitsproblemen und identifiziert potenzielle Schwachstellen, die die Sicherheit der Website und der Benutzerdaten gef\u00e4hrden k\u00f6nnten.<\/p>\n<div class=\"content__img-wrap\"><img src=\"https:\/\/sitechecker.pro\/wp-content\/uploads\/2024\/02\/domain-expire-date.png\" alt=\"Domain Expire Date\" class=\"description-img description-img-zoom\" loading=\"lazy\" ><\/div>\n<p>Das Tool zeigt ein Domain-Informationspanel an, das die wichtigsten Details der Website hervorhebt. Dazu geh\u00f6ren das Erstellungs- und Ablaufdatum der Domain, ihr Alter und Hosting-Details wie der Provider, der Server und der IP-Standort.<\/p>\n<div class=\"content__img-wrap\"><img src=\"https:\/\/sitechecker.pro\/wp-content\/uploads\/2024\/02\/domain-info.png\" alt=\"Domain Info\" class=\"description-img description-img-zoom\" loading=\"lazy\" ><\/div>\n<h2 id=\"par3\">Zusatzfunktionen<\/h2>\n<p>Das Tool liefert eine Leistungskennzahl in Form eines Website-Scores, der einen schnellen \u00dcberblick \u00fcber den Zustand der Site\\ auf der Grundlage der Auditergebnisse gibt. Diese Punktzahl ergibt sich aus der Bewertung mehrerer Aspekte, einschlie\u00dflich der Anzahl der vom Tool gecrawlten Seiten, die den Umfang der w\u00e4hrend der Analyse bewerteten Inhalte der Website widerspiegelt.<\/p>\n<p>Dar\u00fcber hinaus unterteilt das Tool die Probleme der Website in verschiedene Kategorien, die sich auf SEO und den Zustand der Website beziehen. Es bietet L\u00f6sungen f\u00fcr die Behebung der festgestellten Probleme an. Diese Klassifizierung hilft den Nutzern, bestimmte Bereiche zu identifizieren, die verbessert werden m\u00fcssen, wie z. B. die Relevanz der Inhalte oder die Seitengeschwindigkeit, um die Leistung ihrer Website in den Suchergebnissen und die Nutzererfahrung zu verbessern.<\/p>\n<div class=\"content__img-wrap\"><img src=\"https:\/\/sitechecker.pro\/wp-content\/uploads\/2024\/02\/site-audit-issues.png\" alt=\"Site Audit Issues\" class=\"description-img description-img-zoom\" loading=\"lazy\" ><\/div>\n<h2 id=\"par4\">Endg\u00fcltige Idee<\/h2>\n<p>Der Domain Validity Checker ist ein umfassendes Tool, das daf\u00fcr sorgt, dass Websites aktiv bleiben, indem es die Eigent\u00fcmer \u00fcber bevorstehende Domain-Ablaufzeiten informiert und Sicherheitsschwachstellen aufdeckt. Es vereinfacht die Website-Verwaltung mit einem einheitlichen Dashboard, das einen klaren \u00dcberblick \u00fcber den SEO-Status und die Leistungsindikatoren bietet. Mit seiner benutzerfreundlichen Oberfl\u00e4che ist das Tool sowohl f\u00fcr Anf\u00e4nger als auch f\u00fcr SEO-Experten geeignet und bietet eine vollst\u00e4ndige Suite von SEO-Tools f\u00fcr eine gr\u00fcndliche Pr\u00fcfung der Online-Pr\u00e4senz. Geben Sie einfach Ihre Webadresse ein, und das Tool hebt wichtige Details wie Hosting-Informationen und das Alter der Website hervor und schl\u00e4gt L\u00f6sungen f\u00fcr alle gefundenen Probleme vor.<\/p>\n<div id=\"par5\"><\/div>\n<p><div class=\"front__faq-block\"><div class=\"faq__block-title\">FAQ<\/div><div class=\"panel-group\" id=\"faq-accordion\" itemscope itemtype=\"https:\/\/schema.org\/FAQPage\" role=\"tablist\" aria-multiselectable=\"true\"><div class=\"panel\" itemscope itemtype=\"https:\/\/schema.org\/Question\" itemprop=\"mainEntity\">\n                            <div class=\"panel-heading\" id=\"headingFaq-1\">\n                                <div class=\"panel-title\" data-toggle=\"collapse\" aria-expanded=\"false\" href=\"#collapseFaq-1\">\n                                    <h3 itemprop=\"name\">Wie verbessert ein Domain Expiry Checker die Website-Sicherheit?<\/h3>\n                                <\/div>\n                            <\/div>\n                            <div id=\"collapseFaq-1\" class=\"panel-collapse collapse\" itemprop=\"acceptedAnswer\" itemscope itemtype=\"http:\/\/schema.org\/Answer\">\n                                <div class=\"panel-body\" itemprop=\"text\">Durch die Identifizierung von Sicherheitsl\u00fccken im Zusammenhang mit einer Domain erm\u00f6glicht der Checker Webmastern, Probleme proaktiv anzugehen und so die Integrit\u00e4t und Vertrauensw\u00fcrdigkeit der Website zu wahren.<\/div>\n                            <\/div>\n                        <\/div><div class=\"panel\" itemscope itemtype=\"https:\/\/schema.org\/Question\" itemprop=\"mainEntity\">\n                            <div class=\"panel-heading\" id=\"headingFaq-2\">\n                                <div class=\"panel-title\" data-toggle=\"collapse\" aria-expanded=\"false\" href=\"#collapseFaq-2\">\n                                    <h3 itemprop=\"name\">Kann das Domain Expiry Checker Tool mehrere Domains gleichzeitig verarbeiten?<\/h3>\n                                <\/div>\n                            <\/div>\n                            <div id=\"collapseFaq-2\" class=\"panel-collapse collapse\" itemprop=\"acceptedAnswer\" itemscope itemtype=\"http:\/\/schema.org\/Answer\">\n                                <div class=\"panel-body\" itemprop=\"text\">Ja, das Tool ist darauf ausgelegt, mehrere Websites \u00fcber ein einziges Dashboard zu verwalten und zu \u00fcberwachen, was es ideal f\u00fcr Benutzer mit mehreren Websites macht.<\/div>\n                            <\/div>\n                        <\/div><div class=\"panel\" itemscope itemtype=\"https:\/\/schema.org\/Question\" itemprop=\"mainEntity\">\n                            <div class=\"panel-heading\" id=\"headingFaq-3\">\n                                <div class=\"panel-title\" data-toggle=\"collapse\" aria-expanded=\"false\" href=\"#collapseFaq-3\">\n                                    <h3 itemprop=\"name\">Welche Sicherheitsprobleme kann die Domain Expiry Lookup erkennen?<\/h3>\n                                <\/div>\n                            <\/div>\n                            <div id=\"collapseFaq-3\" class=\"panel-collapse collapse\" itemprop=\"acceptedAnswer\" itemscope itemtype=\"http:\/\/schema.org\/Answer\">\n                                <div class=\"panel-body\" itemprop=\"text\">Das Tool kann eine Reihe von Sicherheitsproblemen erkennen, von h\u00e4ufigen Schwachstellen wie Problemen mit SSL-Zertifikaten bis hin zu komplexeren Problemen wie der Anf\u00e4lligkeit f\u00fcr XSS- oder Clickjacking-Angriffe.<\/div>\n                            <\/div>\n                        <\/div><\/div><\/div><\/p>","protected":false},"excerpt":{"rendered":"Was ist der Domain-Ablaufpr\u00fcfer? Der Domain-Ablaufpr\u00fcfer von Sitechecker wurde entwickelt, um den Status von Domains zu verfolgen und zu \u00fcberwachen, mit besonderem Augenmerk auf deren Ablaufdatum. Dieses proaktive Tool stellt die kontinuierliche Online-Pr\u00e4senz von Websites sicher und vermeidet Serviceunterbrechungen, die durch das Auslaufen von Domains verursacht werden. Dar\u00fcber hinaus hilft es bei der Erkennung und&#8230;","protected":false},"author":10504980,"featured_media":13003,"parent":0,"menu_order":0,"comment_status":"closed","ping_status":"closed","template":"pages-templates\/pages-minitools.php","meta":[],"categories":[73],"tags":[],"_links":{"self":[{"href":"https:\/\/sitechecker.pro\/de\/wp-json\/wp\/v2\/pages\/12897"}],"collection":[{"href":"https:\/\/sitechecker.pro\/de\/wp-json\/wp\/v2\/pages"}],"about":[{"href":"https:\/\/sitechecker.pro\/de\/wp-json\/wp\/v2\/types\/page"}],"author":[{"embeddable":true,"href":"https:\/\/sitechecker.pro\/de\/wp-json\/wp\/v2\/users\/10504980"}],"replies":[{"embeddable":true,"href":"https:\/\/sitechecker.pro\/de\/wp-json\/wp\/v2\/comments?post=12897"}],"version-history":[{"count":14,"href":"https:\/\/sitechecker.pro\/de\/wp-json\/wp\/v2\/pages\/12897\/revisions"}],"predecessor-version":[{"id":33302,"href":"https:\/\/sitechecker.pro\/de\/wp-json\/wp\/v2\/pages\/12897\/revisions\/33302"}],"wp:featuredmedia":[{"embeddable":true,"href":"https:\/\/sitechecker.pro\/de\/wp-json\/wp\/v2\/media\/13003"}],"wp:attachment":[{"href":"https:\/\/sitechecker.pro\/de\/wp-json\/wp\/v2\/media?parent=12897"}],"wp:term":[{"taxonomy":"category","embeddable":true,"href":"https:\/\/sitechecker.pro\/de\/wp-json\/wp\/v2\/categories?post=12897"},{"taxonomy":"post_tag","embeddable":true,"href":"https:\/\/sitechecker.pro\/de\/wp-json\/wp\/v2\/tags?post=12897"}],"curies":[{"name":"wp","href":"https:\/\/api.w.org\/{rel}","templated":true}]}}