{"id":1217,"date":"2023-05-03T14:04:13","date_gmt":"2023-05-03T14:04:13","guid":{"rendered":"https:\/\/sitechecker.pro\/?page_id=1217"},"modified":"2025-06-20T10:38:00","modified_gmt":"2025-06-20T10:38:00","slug":"anchor-text","status":"publish","type":"page","link":"https:\/\/sitechecker.pro\/de\/anchor-text\/","title":{"rendered":"Was ist ein Ankertext und warum ist er so wichtig f\u00fcr Ihre SEO-Strategie?"},"content":{"rendered":"<p><\/p>\n<h2>Was ist ein Link Ankertext?<\/h2>\n<p>&nbsp;<\/p>\n<p>Innere Optimierung erfordert den Kauf von Links anderer Webquellen \u2013 das ist der passende Ort, um Anker korrekt zu setzen. Das ist wichtig, weil diese Elemente eine direkte Auswirkung auf den Rang der beworbenen Seite haben.\u00a0Verwechseln Sie keine Backlinks,\u00a0internen\u00a0\u00a0 und\u00a0<a href=\"https:\/\/sitechecker.pro\/de\/external-links\/\">externen\u00a0Links<\/a>. Lassen Sie zuallererst auf die Basics der Terminologie eingehen.<\/p>\n<p>Ein Anker ist eine Textstelle, wo der User der Website (platziert zwischen den Tags\u2026) gesehen werden kann. Ist er aktiviert, kann der Besucher zur vorgegebenen Web-Ressource wechseln.<\/p>\n<p>&nbsp;<\/p>\n<div class=\"code\"><code>&lt;a href=\"url site\"&gt;anchor&lt;\/a&gt;<br \/>\n&lt;a href=\"https:\/\/sitechecker.pro\/external-links\/\"&gt;external links&lt;\/a&gt;<\/code><\/div>\n<p>&nbsp;<\/p>\n<p>Was ist nun ein Ankertext? Es ist eine anklickbare Textphrase, die aus Stichworten oder einem Satz besteht und direkt zum angesprochenen Ziel der Website f\u00fchrt. Noch bevor man diese Webressource besucht, erf\u00e4hrt man, worum es bei der Site geht. Nichtsdestotrotz kann er nicht die vollst\u00e4ndige Webadresse der Site sehen. Sie ist hinter \u201cunter dem Text\u201d versteckt, was etwas Anderes ist und zu einem sp\u00e4teren Zeitpunkt behandelt wird.<\/p>\n<p>Ankerlinks sind die Schl\u00fcsselworte, die zum Inhalt der bestimmten Site f\u00fchren. Sie werden verwendet, um einen einfachen Link f\u00fcr die thematische Site zu ersetzen, wobei Teile des Texts mit dem behandelten Thema versehen sind.<\/p>\n<h2>Wof\u00fcr verwenden wir Ankerlinks und was ist deren Auswirkung?<\/h2>\n<p>&nbsp;<\/p>\n<p>Der anklickbare Text, der ein Ankerlink ist, hat eine Auswirkung auf den Rang der Site im <a href=\"https:\/\/sitechecker.pro\/de\/serp\/\">SERP<\/a>, was von Suchsystemen angeboten ist. Denn er erh\u00f6ht das dynamische Gewicht der Seite zu der gef\u00fchrt wird.<\/p>\n<p>Das dynamische Gewicht ist ein Webranking der Ankerlinks. Es entsteht durch aktive Hyperlinks und h\u00e4ngt direkt vom Ankertext ab: Je relevanter dieser ist, desto mehr dynamisches Gewicht wird vom Link weitergeleitet. Somit kann man sagen, das dynamische Gewicht h\u00e4ngt komplett vom Text im Anker ab. Je offensichtlicher die Relation zwischen Text und Suchanfrage, desto gr\u00f6\u00dfer das dynamische Gewicht des Links. Der Link sollte Benutzer dazu f\u00fchren, alle beworbenen Seiten zu besuchen.<\/p>\n<p>Die <a href=\"https:\/\/sitechecker.pro\/de\/google-bot\/\">Suchroboter<\/a> ber\u00fccksichtigen diese Links immer. Deshalb sollte man sie kaufen. Sie m\u00fcssen passende Ankertexte ausw\u00e4hlen, weil es einen direkten Einfluss auf Ihr Web-Ranking hat, das Suchsysteme ausgeben. Deshalb hilft eine gut gew\u00e4hlte Phrase, es in die TOP-Listen von Suchsystemen zu schaffen. Es funktioniert!<\/p>\n<p>Das Hinzuf\u00fcgen von Links zur Ressource ist ein wichtiger Schritt im ganzen Optimierungsprozess, der effizient vom gew\u00e4hlten Text abh\u00e4ngt. Die Linkerstellung und Optimierung sind zwei Stufen der Site-Werbung und darf nicht vernachl\u00e4ssigt werden!<\/p>\n<p>Diese Art von Links ist hervorragend geeignet f\u00fcr das innere Interlinking, weil sie Elemente f\u00fcr Seiten der gleichen Web-Ressource vereinen. Sie sind auf mehreren Ebenen hilfreich: Sie helfen dem Benutzer die gew\u00fcnschten Seiten einer Website zu finden; Dazu k\u00f6nnen Suchbots die Seite indizieren, ebenso auf zweitem oder noch h\u00f6herem Level. Sie vereinfachen die Arbeit des Webmasters, die Gewichtung innerhalb einer Webressource festzulegen.<\/p>\n<p>&nbsp;<\/p>\n<h2>Arten von Ankern. Beschreibung und Beispiele<\/h2>\n<p>&nbsp;<\/p>\n<p>Selbstverst\u00e4ndlich sollten Sie einen einzigartigen Anker verwenden. Identische Link-Ankertexte verw\u00e4ssern den Anker und verringern die Signifikanz des Links als Ganzes. Tun Sie Ihr Bestes, um einzigartig zu sein!<\/p>\n<p>Die Arten von Ankern, die Sie vorfinden:<\/p>\n<ul>\n<li><strong>Exact match anchors \/ Exakt \u00fcbereinstimmende Anker.<\/strong> Diese Art wird von verschiedenen Suchanfragen repr\u00e4sentiert ohne dass W\u00f6rter hinzugef\u00fcgt werden (Beispielsweise, \u201cAnkerlink\u201d).<\/li>\n<li><strong>Partial match anchors \/ Teilweise \u00fcbereinstimmende Anker.<\/strong> Neben den direkten Suchanfragen kann diese Art von Ankern erg\u00e4nzende W\u00f6rter beinhalten (Beispiel daf\u00fcr: \u201cWas ist ein Ankerlink\u201d).<\/li>\n<\/ul>\n<p>Wenn Sie eine Optimierung der Webressource anstreben, fokussieren Sie nicht nur auf einen wohlbekannten Typen, auch wenn er zu guten Ergebnissen f\u00fchrt. Seien Sie flexibel! Machen Sie Ihre Anker variabler! Um Anker variabler zu machen, unterbrechen Sie die Hauptsuchanfragen durch Synonyme und Beiworte.<\/p>\n<div class=\"box\">Prinzipiell sollten Sie darauf achten, dass Sie keine orthografische Fehler, Fehler in Sachen Punktation machen und dass die Lesbarkeit gegeben sein muss, damit Suchsysteme die Wortansammlungen nicht als Spam deklarieren.<\/div>\n<h2>Welche Arten von Textankern sind f\u00fcr die Promotion besser und warum?<\/h2>\n<p>&nbsp;<\/p>\n<p>Es gibt keine eindeutig klare Antwort auf diese Frage, wie die ideale Wahl des Ankertyps aussehen soll. Sie k\u00f6nnen versuchen, konkurrierende Webressourcen dahingehend zu durchforsten. Unternehmen Sie ein gewisses Experiment, um die effizientesten Arten festzustellen. Die Wahrheit ist, dass Sie f\u00fcr die effizienteste Websitepromotion beide Arten, direkte und partielle Ankerlinks verwenden m\u00fcssen.<\/p>\n<p>Eine weitere Sache, die Sie ber\u00fccksichtigen sollten, ist, dass Anker verwendet werden sollten, um einen vereinfachten \u00dcbergang zwischen Seiten mit dem gleichen Inhalt zu erm\u00f6glichen. Ein sehr sinnvoller Tipp! Dazu, wenn Sie direkte und partielle Anker verwenden, teilen Sie das statische Gewicht auf die anderen Seiten Ihrer Site auf.<\/p>\n<h2>Wo f\u00fchrt man einen Ankerlink an?<\/h2>\n<p>&nbsp;<\/p>\n<p>Nun da Sie wissen, was ein Ankerlink ist, ist es an der Zeit, etwas Neues zu lernen: Ankertextlinks passen nicht \u00fcberall hin. Wenn Sie eine Gelegenheit ausschlie\u00dfen, m\u00fcssen Sie einen einfachen Originallink zu Ihrer Ressource einf\u00fcgen.<\/p>\n<p>Das sind die Orte, wo Sie Ankerlinks verwenden k\u00f6nnen:<\/p>\n<ul>\n<li><strong>Sitekataloge<\/strong>. Als eine Regel gilt, dass Sitekataloge nach Informationen fragen, die Name und Adresse der Ressource betreffen, die ein Link zu Ihrer Ressource werden.<\/li>\n<li><strong>Blogkommentare<\/strong>. Die Wichtigkeit von Blogs erlaubt Ver\u00f6ffentlichung der Siteadresse und dem Text, der den Link unter Ihren Kommentaren pr\u00e4sentiert.<\/li>\n<li><strong>Linkaustausch<\/strong>. Wenn Sie Links mit anderen Benutzern teilen, schlie\u00dfen Sie Titel, Adresse und Beschreibung mit ein, wobei der Titel der Text des Ankers ist, der Ihren Benutzer zur bestimmten Ressouce f\u00fchrt.<\/li>\n<\/ul>\n<h2>Wo w\u00e4hlt man Ankerlinks?<\/h2>\n<p>&nbsp;<\/p>\n<p>Es gibt viele Konzepte f\u00fcr die Bildung von Ankerlinks. Die h\u00e4ufigsten sind:<\/p>\n<ul>\n<li><strong>Automatisches Linkbuilding.<\/strong> Im Netz finden Sie viele Dienstleister f\u00fcr unabh\u00e4ngige Site-Promotion. Wenn Sie diese Ressourcen verwenden, k\u00f6nnen Sie Anker f\u00fcr Ihre Website ausw\u00e4hlen. Um das Ergebnis zu bekommen, m\u00fcssen Sie Ihre Schl\u00fcsselworte und den Namen der Ressource in die Basis geben. Den Rest erledigt ein Generator f\u00fcr Sie.<\/li>\n<li><strong>Unabh\u00e4ngige Ankerbildung oder Bestellung durch einen Copywriter.<\/strong> Selbstverst\u00e4ndlich gibt es immer die M\u00f6glichkeit, den besten Text selbst zu finden. Aber das k\u00f6nnen Sie auch einen Copywriter tun lassen. Beschreiben Sie die technischen Notwendigkeiten so gut wie m\u00f6glich! Im Web finden Sie viele Plattformen, wo Sie Qualit\u00e4tsinhalte f\u00fcr Ihre Website ordern k\u00f6nnen.<\/li>\n<li><strong>Ankererstellung basierend auf der Replikation jeder Anfrage durch andere Websites, die mit Ihren Inhalten verwandt sind.<\/strong> Der Algorithmus ist sehr einfach. Sie f\u00fcgen Ihre Suchanfrage in die Suchzeile, besuchen die Ressourcen an der Spitze der Ergebnisse, suchen nach S\u00e4tzen, die Ihre Anfrage erf\u00fcllen und nehmen diese her, um Ihre eigene zu erstellen.<\/li>\n<\/ul>\n<h2>Was ist kein Ankerlink?<\/h2>\n<p>&nbsp;<\/p>\n<p>Das ist der Typ von Links, die kein Schl\u00fcsselwort beinhalten (im Gegensatz zu Ankertextlinks).<\/p>\n<p>Beispiele daf\u00fcr sind:<\/p>\n<p>Die Siteadresse (sehr oft werden sie ben\u00fctzt, um zur Homepage der Internetressource zu leiten)<\/p>\n<p>Zum Beispiel:<\/p>\n<div class=\"code\"><code>&lt;a href=\"https:\/\/sitechecker.pro\/\"&gt;https:\/\/sitechecker.pro\/&lt;\/a&gt;<\/code><\/div>\n<p>Alternativer Text, der sich von Schl\u00fcsselworten unterscheidet. Solche Links beinhalten W\u00f6rter wie \u201chier\u201d, \u201clesen Sie auch\u201d oder \u00e4hnliche. Beispielsweise:<\/p>\n<div class=\"code\"><code>&lt;a href=\"https:\/\/sitechecker.pro\/\"&gt;https:\/\/sitechecker.pro\/&lt;\/a&gt;<\/code><\/div>\n<p>&nbsp;<\/p>\n<h2>Wie k\u00f6nnen Nicht-Ankerlinks hilfreich sein?<\/h2>\n<p>&nbsp;<\/p>\n<p>Solche Links werden oft verwendet, um die Linkmasse der Website zu unterbrechen. Vor nicht allzu langer Zeit hat Google angek\u00fcndigt, dass Ankerlinks kommerziell behandelt werden und dass diese dann weniger wichtig wahrgenommen werden. Auf der anderen Seite bringt es nichts, nur mit Nicht-Ankerlinks Werbung f\u00fcr Webressourcen zu machen. Deshalb sollten Sie nicht ausschlie\u00dflich auf diese Art von Ankertexttypen vertrauen.<\/p>\n<p>Nicht-Ankerlinks bieten:<\/p>\n<ul>\n<li>Lang andauernde Effizienz;<\/li>\n<li>Sicherheit wegen der Nat\u00fcrlichkeit;<\/li>\n<li>Einen Boost der Vertrauensw\u00fcrdigkeit der Ressource.<\/li>\n<\/ul>\n<p>Die Linkmasse muss aus Ankertextlinks und solchen, die keine enthalten, bestehen. Es ist w\u00e4rmstens empfohlen, auch andere Anker einzuschlie\u00dfen. Nat\u00fcrlich ist dies zeitaufw\u00e4ndig und viel Arbeit, aber das beste Ergebnis ist Ihren Einsatz wert.<\/p>\n<h2>Wie bekommt man kostenlose Ankerlinks?<\/h2>\n<p>&nbsp;<\/p>\n<p>Mit etwas Einsatz k\u00f6nnen Sie damit zurechtkommen. Aber Sie m\u00fcssen Zeit aufbringen! Wie k\u00f6nnen Sie das anstellen? Sie m\u00fcssen das Web durchsurfen, Links zu Seiten verschiedener Quellen auf Ihrer Site hinterlassen. Verwenden Sie soziale Netzwerke, Blogs, Foren und andere Plattformen.<\/p>\n<p>Der zweite Ansatz ist nat\u00fcrlicher und deshalb empfehlenswerter. Demnach hinterlassen Benutzer Links zu Ihrer Quelle auf anderen Websites, wie in Blogs, Foren und sozialen Netzwerken. Solche Links haben den langlebigsten Effekt, weil sie \u201clive\u201d sind und deshalb mehr Besucher anlocken, die weitere Werbung bringen k\u00f6nnen. Was m\u00fcssen Sie daf\u00fcr tun? Die wichtigste Voraussetzung ist Einzigartigkeit des Contents. Wenn das Material auf Ihrer Website f\u00fcr Benutzer sinnvoll ist, wird die Website bald von einem gr\u00f6\u00dferen Publikum bemerkt und die Zahl der Ankertextlinks und den ohne Anker, die zu Ihrer Site f\u00fchren, wird schnell wachsen (und nat\u00fcrlich \u2013 was von gr\u00f6\u00dfter Wichtigkeit ist!).\u00a0Sie k\u00f6nnen auch jederzeit versuchen, <a href=\"https:\/\/sitechecker.pro\/de\/backlinks-generator\/\">kostenlose backlinks<\/a> zu Ihrer Website zu generieren.<\/p>","protected":false},"excerpt":{"rendered":"Was ist ein Link Ankertext? &nbsp; Innere Optimierung erfordert den Kauf von Links anderer Webquellen \u2013 das ist der passende Ort, um Anker korrekt zu setzen. Das ist wichtig, weil diese Elemente eine direkte Auswirkung auf den Rang der beworbenen Seite haben.\u00a0Verwechseln Sie keine Backlinks,\u00a0internen\u00a0\u00a0 und\u00a0externen\u00a0Links. Lassen Sie zuallererst auf die Basics der Terminologie eingehen&#8230;.","protected":false},"author":10718706,"featured_media":3420,"parent":0,"menu_order":0,"comment_status":"closed","ping_status":"closed","template":"pages-templates\/pages-v2.php","meta":[],"categories":[27],"tags":[],"_links":{"self":[{"href":"https:\/\/sitechecker.pro\/de\/wp-json\/wp\/v2\/pages\/1217"}],"collection":[{"href":"https:\/\/sitechecker.pro\/de\/wp-json\/wp\/v2\/pages"}],"about":[{"href":"https:\/\/sitechecker.pro\/de\/wp-json\/wp\/v2\/types\/page"}],"author":[{"embeddable":true,"href":"https:\/\/sitechecker.pro\/de\/wp-json\/wp\/v2\/users\/10718706"}],"replies":[{"embeddable":true,"href":"https:\/\/sitechecker.pro\/de\/wp-json\/wp\/v2\/comments?post=1217"}],"version-history":[{"count":62,"href":"https:\/\/sitechecker.pro\/de\/wp-json\/wp\/v2\/pages\/1217\/revisions"}],"predecessor-version":[{"id":37521,"href":"https:\/\/sitechecker.pro\/de\/wp-json\/wp\/v2\/pages\/1217\/revisions\/37521"}],"wp:featuredmedia":[{"embeddable":true,"href":"https:\/\/sitechecker.pro\/de\/wp-json\/wp\/v2\/media\/3420"}],"wp:attachment":[{"href":"https:\/\/sitechecker.pro\/de\/wp-json\/wp\/v2\/media?parent=1217"}],"wp:term":[{"taxonomy":"category","embeddable":true,"href":"https:\/\/sitechecker.pro\/de\/wp-json\/wp\/v2\/categories?post=1217"},{"taxonomy":"post_tag","embeddable":true,"href":"https:\/\/sitechecker.pro\/de\/wp-json\/wp\/v2\/tags?post=1217"}],"curies":[{"name":"wp","href":"https:\/\/api.w.org\/{rel}","templated":true}]}}