{"id":1208,"date":"2018-01-19T10:25:11","date_gmt":"2018-01-19T10:25:11","guid":{"rendered":"https:\/\/sitechecker.pro\/?page_id=1208"},"modified":"2025-02-12T11:56:07","modified_gmt":"2025-02-12T11:56:07","slug":"broken-links","status":"publish","type":"page","link":"https:\/\/sitechecker.pro\/de\/broken-links\/","title":{"rendered":"Kostenloser Broken Link Checker: 404-Fehler-Test-Tool \u1408"},"content":{"rendered":"<p><\/p>\n<h2 id=\"par1\">Was ist ein 404-Seiten-Pr\u00fcfer?<\/h2>\n<p>Ein 404-Link-Pr\u00fcfer ist eine Softwarel\u00f6sung, die Websites mit defekten oder toten Links hilft. Diese Hyperlinks f\u00fchren, wenn sie angeklickt werden, zu nicht verf\u00fcgbaren Seiten oder <a href=\"https:\/\/sitechecker.pro\/what-is-404-status-code\/\" target=\"_blank\" rel=\"noopener noreferrer\">404-Fehlern<\/a>, was sich negativ auf die Benutzerfreundlichkeit und die Suchmaschinenoptimierung auswirkt. Suchmaschinen k\u00f6nnen Websites mit vielen inaktiven Links als schlecht gepflegt einstufen.<\/p>\n<h3>Unser kostenloses Online-Total-Link-Checker-Tool hilft Ihnen dabei,<\/h3>\n<p><strong>\u00dcberpr\u00fcfung von toten Hyperlinks: <\/strong>Das Tool \u00fcberpr\u00fcft Ihre Website oder Ihren Blog auf tote Links und bietet bis zu 150 kostenlose \u00dcberpr\u00fcfungen und unbegrenzte \u00dcberpr\u00fcfungen bei kostenpflichtigen Pl\u00e4nen.<\/p>\n<p><strong>Fehlercode-Berichterstattung: <\/strong>Das Tool meldet Fehlercodes f\u00fcr defekte URLs, einschlie\u00dflich 404- und <a href=\"https:\/\/sitechecker.pro\/what-is-502-status-code\/\" target=\"_blank\" rel=\"noopener noreferrer\">502-Fehler<\/a>, sowie <a href=\"https:\/\/sitechecker.pro\/301-redirect\/\" target=\"_blank\" rel=\"noopener noreferrer\">301-Weiterleitungen<\/a>.<\/p>\n<p><strong>Broken Link Outreach Funktionen: <\/strong>Bietet Broken Link Outreach-Funktionen, die Ihnen helfen, hochwertige Links f\u00fcr Ihre Website zu gewinnen.<\/p>\n<p><strong>Scannen von internen und externen Hyperlinks: <\/strong>Das Tool scannt sowohl <a href=\"https:\/\/sitechecker.pro\/interne-links\/\" target=\"_blank\" rel=\"noopener noreferrer\">internal<\/a> als auch <a href=\"https:\/\/sitechecker.pro\/externe-links\/\" target=\"_blank\" rel=\"noopener noreferrer\">external<\/a> Hyperlinks auf Ihrer Website.<\/p>\n<p><strong>Fehleridentifikation und Optimierungsvorschl\u00e4ge: <\/strong>Es identifiziert Fehler und gibt Vorschl\u00e4ge zur Optimierung Ihrer Website.<\/p>\n<p><strong>Regelm\u00e4\u00dfige \u00dcberwachung und sofortige Behebung: <\/strong>Es \u00fcberwacht regelm\u00e4\u00dfig <a href=\"https:\/\/sitechecker.pro\/404-errors-monitoring\/\" target=\"_blank\" rel=\"noopener noreferrer\">die Website auf neue defekte Links<\/a> und behebt diese umgehend.<\/p>\n<h3>Hauptmerkmale des 404-Site-Checkers<\/h3>\n<p><strong>Unified Dashboard: <\/strong>Bietet eine zentrale Plattform f\u00fcr die Verfolgung aller SEO-Metriken und Leistungsindikatoren, die einen umfassenden \u00dcberblick f\u00fcr eine einfache Fortschritts\u00fcberwachung und Entscheidungsfindung bietet.<\/p>\n<p><strong>User-friendly Interface: <\/strong>Die f\u00fcr Anf\u00e4nger und Profis konzipierte Oberfl\u00e4che ist intuitiv und einfach und erm\u00f6glicht einen leichten Zugang zu den Funktionen und klaren Datenvisualisierungen.<\/p>\n<p><strong>Komplettes SEO-Toolset: <\/strong>Enth\u00e4lt eine breite Palette von <a href=\"https:\/\/sitechecker.pro\/On-Page-seo-checker\/\" target=\"_blank\" rel=\"noopener noreferrer\">on-page<\/a>&#8211; und Off-Page-SEO-Tools, wie Site-Audits, Keyword-Recherche, Backlink-Analyse, Content-Optimierung und technische SEO-Einblicke, die jeden Aspekt des SEO-Managements abdecken.<\/p>\n<h2 id=\"par2\">Domain und Distinct URL Check-Funktionen des kostenlosen Website-Fehlerpr\u00fcfers<\/h2>\n<p>F\u00fcr die \u00dcberpr\u00fcfung von 404-Fehlern auf einer Website stehen zwei Optionen zur Verf\u00fcgung: domainweite oder seitenbezogene Pr\u00fcfungen. Die Domain-Pr\u00fcfung, f\u00fcr die eine Kontoregistrierung erforderlich ist, eignet sich ideal f\u00fcr eine umfassende Analyse, bei der alle Links auf der Website erfasst werden, um alle toten URLs aufzusp\u00fcren. Diese Methode ist gr\u00fcndlich und erm\u00f6glicht einen umfassenden \u00dcberblick \u00fcber den Zustand der Links einer Website.<\/p>\n<p>Der URL-Check, der ohne Kontoanmeldung verf\u00fcgbar ist, ist dagegen auf die Untersuchung einer einzelnen Seite zugeschnitten. Dieser Ansatz eignet sich am besten, wenn Sie sich auf eine bestimmte Seite konzentrieren und alle Links und zugeh\u00f6rigen Informationen wie HTTP-Statuscodes \u00fcberpr\u00fcfen m\u00f6chten. Je nach Bedarf geben Sie entweder eine Domain oder eine bestimmte URL ein und klicken dann auf die Schaltfl\u00e4che &#8220;Find broken links&#8221;, um die Analyse zu starten. Das Tool beginnt dann, die relevanten Websitedaten entsprechend auszuwerten.<\/p>\n<div class=\"content__img-wrap\"><img src=\"https:\/\/sitechecker.pro\/wp-content\/uploads\/2024\/08\/1-broken-links-selector.png\" alt=\"Website Broken Link Checker\" class=\"description-img description-img-zoom\" loading=\"lazy\" ><\/div>\n<h2 id=\"par3\">Domain pr\u00fcfen<\/h2>\n<h3>Schritt 1: W\u00e4hlen Sie &#8220;Domain pr\u00fcfen&#8221;, geben Sie Ihre URL ein und klicken Sie auf die Schaltfl\u00e4che &#8220;Defekte Links finden&#8221;, um die Pr\u00fcfung zu starten<\/h3>\n<div class=\"content__img-wrap\"><img src=\"https:\/\/sitechecker.pro\/wp-content\/uploads\/2024\/08\/2-broken-link-selector.png\" alt=\"Domain Check Broken Link Checker\" class=\"description-img description-img-zoom\" loading=\"lazy\" ><\/div>\n<div class=\"important-block\">Um die Ergebnisse und den Zugang zu den Funktionen von Sitechecker&apos;s f\u00fcr 14 Tage zu erhalten, starten Sie Ihre KOSTENLOSE Testversion. Die Anmeldung erfolgt ganz einfach \u00fcber Ihr E-Mail-, Google- oder Facebook-Konto. Es wird keine Kreditkarte ben\u00f6tigt.<\/div>\n<h3>Schritt 2: Ergebnisanalyse<\/h3>\n<p>Das Scannen einer Dom\u00e4ne wird mit einer kostenlosen Pr\u00fcfung der gesamten Website geliefert. Sie k\u00f6nnen 404-URLs identifizieren und ihre Position auf jeder CMS-Plattform, wie WordPress, Joomla, Drupal usw., bestimmen.<\/p>\n<p>Unser Crawler findet die Liste der URLs mit <a href=\"https:\/\/sitechecker.pro\/what-are-4xx-status-codes\/\" target=\"_blank\" rel=\"noopener noreferrer\">4xx-Statuscodes<\/a> heraus, auf die andere Seiten Ihrer Website verweisen. Das hilft Ihnen, das Problem der inaktiven URLs f\u00fcr die gesamte Website zu beheben und festzustellen, ob die neuen toten Hyperlinks erscheinen werden.<\/p>\n<div class=\"content__img-wrap\"><img src=\"https:\/\/sitechecker.pro\/wp-content\/uploads\/2024\/01\/4xx-client-errors-issue.png\" alt=\"4xx Client Errors Issue\" class=\"description-img description-img-zoom\" loading=\"lazy\" ><\/div>\n<p>Wenn Sie auf &#8220;Problem anzeigen&#8221; klicken, erhalten Sie eine Liste der URLs, bei denen das Problem auftritt, eine Schaltfl\u00e4che, mit der Sie die internen Verweise f\u00fcr die defekten Seiten herausfinden k\u00f6nnen, sowie Anweisungen zur Behebung:<\/p>\n<div class=\"content__img-wrap\"><img src=\"https:\/\/sitechecker.pro\/wp-content\/uploads\/2024\/01\/4xx-client-errors-view-issue.png\" alt=\"4xx Client Errors View Issue\" class=\"description-img description-img-zoom\" loading=\"lazy\" ><\/div>\n<h3>Zus\u00e4tzliche Funktionen des Domain\/Website Broken Link Scanner<\/h3>\n<p>Wenn Sie auf &#8220;Alle HTML-Seiten&#8221; klicken, erhalten Sie die vollst\u00e4ndige Liste der URLs Ihrer Website und anderer interner Probleme auf Ihrer Website. Die Probleme sind nach Kategorien und Typen geordnet, und Sie k\u00f6nnen leicht zwischen ihnen wechseln. Die Typen sind Kritische Probleme, Warnungen, Gelegenheiten und Hinweise. Kategorien sind z. B. Links, Indexierbarkeit, Relevanz des Inhalts usw. Das macht es viel einfacher, sich auf die Behebung der Probleme zu konzentrieren, die den gr\u00f6\u00dften Einfluss auf den Erfolg Ihrer Website haben.<\/p>\n<div class=\"content__img-wrap\"><img src=\"https:\/\/sitechecker.pro\/wp-content\/uploads\/2024\/01\/all-html-pages-by-category.png\" alt=\"All HTML Pages by Category\" class=\"description-img description-img-zoom\" loading=\"lazy\" ><\/div>\n<p>Bei Bedarf k\u00f6nnen Sie nach den URLs filtern oder zus\u00e4tzliche Daten f\u00fcr die Seiten einrichten, die Ihnen die Arbeit mit ihnen erleichtern.<\/p>\n<div class=\"content__img-wrap\"><img src=\"https:\/\/sitechecker.pro\/wp-content\/uploads\/2024\/01\/all-html-pages-manage-columns.png\" alt=\"All HTML Pages Manage Columns\" class=\"description-img description-img-zoom\" loading=\"lazy\" ><\/div>\n<p>Dar\u00fcber hinaus k\u00f6nnen Sie die Crawler-Ergebnisse herunterladen und in PDF- oder CSV-Dateien oder in Google Sheets exportieren oder sie bei Bedarf einfach kopieren.<\/p>\n<div class=\"content__img-wrap\"><img src=\"https:\/\/sitechecker.pro\/wp-content\/uploads\/2024\/01\/export-data.png\" alt=\"Export Data\" class=\"description-img description-img-zoom\" loading=\"lazy\" ><\/div>\n<p>Das Herunterladen und Exportieren von Crawler-Ergebnissen in verschiedenen Formaten ist f\u00fcr Freiberufler und SEO-Manager von Vorteil, da sie vielseitige Daten f\u00fcr Analysen und Manipulationen zur Verf\u00fcgung stellen.<\/p>\n<p>Diese Funktion erm\u00f6glicht die effiziente Erstellung von Berichten f\u00fcr Kunden oder Interessengruppen und erleichtert die klare Kommunikation von Ergebnissen und zuk\u00fcnftigen Strategien.<\/p>\n<p>Wenn Daten in Google Sheets exportiert werden, wird die Zusammenarbeit vereinfacht und ein teambasierter Ansatz gef\u00f6rdert. Und schlie\u00dflich bietet die M\u00f6glichkeit, Daten direkt zu kopieren, sofortigen Zugriff auf wichtige Informationen, was die Analyse und die Integration mit anderen digitalen Tools vereinfacht.<\/p>\n<h4>Regelm\u00e4\u00dfiges automatisches Crawlen der Website und automatische Benachrichtigung bei der Entdeckung m\u00f6glicher Fehler<\/h4>\n<p>Profitieren Sie von unseren regelm\u00e4\u00dfigen automatischen Website-Crawlern, die routinem\u00e4\u00dfige Scans durchf\u00fchren, um potenzielle Fehler auf Ihrer Website zu erkennen. Mit einer konsequenten \u00dcberpr\u00fcfung der Website auf 404-Fehler alle drei Tage k\u00f6nnen Sie allen Problemen, die die Leistung Ihrer Website beeintr\u00e4chtigen k\u00f6nnten, zuvorkommen.<\/p>\n<div class=\"content__img-wrap\"><img src=\"https:\/\/sitechecker.pro\/wp-content\/uploads\/2024\/01\/auto-crawler.png\" alt=\"Auto Crawler\" class=\"description-img description-img-zoom\" loading=\"lazy\" ><\/div>\n<h2 id=\"par4\">Seite pr\u00fcfen<\/h2>\n<h3>Schritt 1: W\u00e4hlen Sie &#8220;Seite pr\u00fcfen&#8221;, geben Sie Ihre URL ein, und klicken Sie auf die Schaltfl\u00e4che &#8220;Defekte Links suchen&#8221;, um die Pr\u00fcfung zu starten<\/h3>\n<div class=\"content__img-wrap\"><img src=\"https:\/\/sitechecker.pro\/wp-content\/uploads\/2024\/08\/3-broken-link-selector.png\" alt=\"Page Check Broken Link Checker\" class=\"description-img description-img-zoom\" loading=\"lazy\" ><\/div>\n<h3>Schritt 2: Interpretation der Ergebnisse des 404-Webseiten-Detektors \u00fcber Page Check<\/h3>\n<p>Ein Abschnitt listet externe und interne Links auf und zeigt die entsprechenden Statuscodes an, die den Zustand der einzelnen Links kennzeichnen. In der Spalte Antwortcodes sehen Sie eine Liste der Links, die einen 404-Fehler zur\u00fcckgegeben haben, sofern sie zug\u00e4nglich sind.<\/p>\n<p>Der zentrale Bereich zeigt eine Momentaufnahme des SEO-Zustands einer Webseite mit einer Bewertung und wichtigen Details wie Statuscode und Seitengr\u00f6\u00dfe. Auf der Ergebnisseite werden ausgehende, interne und Subdomain-Links zusammen mit ihren Antwortcodes angezeigt, so dass Sie einen 404-Fehler leicht identifizieren k\u00f6nnen, unabh\u00e4ngig davon, ob er auf einer externen Website, Ihrer Hauptsite oder einer Subdomain auftritt.<\/p>\n<div class=\"content__img-wrap\"><img src=\"https:\/\/sitechecker.pro\/wp-content\/uploads\/2024\/01\/on-page-seo-checker.png\" alt=\"On Page Seo Checker\" class=\"description-img description-img-zoom\" loading=\"lazy\" ><\/div>\n<div class=\"content__img-wrap\"><img src=\"https:\/\/sitechecker.pro\/wp-content\/uploads\/2024\/01\/internal-subdomain-links.png\" alt=\"Internal Subdomain Links\" class=\"description-img description-img-zoom\" loading=\"lazy\" ><\/div>\n<p>Wenn Sie Ihre gesamte Website und nicht nur eine einzelne Seite pr\u00fcfen m\u00f6chten, w\u00e4hlen Sie &#8220;Vollst\u00e4ndige Website-Pr\u00fcfung durchf\u00fchren&#8221; oder lesen Sie den ersten Abschnitt dieses Leitfadens zur \u00dcberpr\u00fcfung der Dom\u00e4ne.<\/p>\n<p>Das Tool verf\u00fcgt \u00fcber ein Demoprojekt, das seine F\u00e4higkeiten veranschaulicht. Durch die Auswahl von &#8220;Site Audit&#8221; k\u00f6nnen Benutzer die Funktionen erkunden und verstehen, wie das Tool die SEO ihrer Website verbessern kann.<\/p>\n<div class=\"content__img-wrap\"><img src=\"https:\/\/sitechecker.pro\/wp-content\/uploads\/2024\/01\/run-full-site-audit-1.png\" alt=\"Run Full Site Audit\" class=\"description-img description-img-zoom\" loading=\"lazy\" ><\/div>\n<h3>Zus\u00e4tzliche Funktionen des Tools<\/h3>\n<p>Der Broken Link Checker verbessert die SEO durch die Verbesserung der Inhaltsqualit\u00e4t, die Strukturierung von Daten f\u00fcr die Suchmaschinenoptimierung, die Web-Optimierung von Bildern, die Bereitstellung von Einblicken in die Suchleistung und die Bewertung der Ladegeschwindigkeit, um die Benutzerfreundlichkeit und die Platzierung in Suchmaschinen zu verbessern.<\/p>\n<div class=\"content__img-wrap\"><img src=\"https:\/\/sitechecker.pro\/wp-content\/uploads\/2024\/01\/issues-overview-1.png\" alt=\"Issues Overview\" class=\"description-img description-img-zoom\" loading=\"lazy\" ><\/div>\n<h2 id=\"par5\">Sitechecker Chrome-Erweiterung zum Aufsp\u00fcren fehlerhafter Links<\/h2>\n<p>Sie haben auch die M\u00f6glichkeit, eine kurze Analyse der Webseite durchzuf\u00fchren und den Status des Codes zu \u00fcberpr\u00fcfen, indem Sie die Browsererweiterung verwenden.<\/p>\n<p><a href=\"https:\/\/chrome.google.com\/webstore\/detail\/website-seo-checker-free\/nljcdkjpjnhlilgepggmmagnmebhadnk\" target=\"_blank\" rel=\"nofollow noopener noreferrer\">Die Chrome-Erweiterung von Sitechecker<\/a> ist ein Tool zum Erkennen und Reparieren ung\u00fcltiger Hyperlinks. Nach der Installation in Ihrem Chrome-Browser k\u00f6nnen Sie ganz einfach jede Webseite scannen und alle Links auf ihre G\u00fcltigkeit hin analysieren.<\/p>\n<div class=\"content__img-wrap\"><img src=\"https:\/\/sitechecker.pro\/wp-content\/uploads\/2024\/01\/sitecheckers-extension.png\" alt=\"Sitechecker's Extension\" class=\"description-img description-img-zoom\" loading=\"lazy\" ><\/div>\n<p>Das Tool klassifiziert Links auf der Grundlage ihrer HTTP-Statuscodes, hebt problematische Links hervor und bietet sogar L\u00f6sungen f\u00fcr deren Behebung an.<\/p>\n<p>F\u00fcr ein detaillierteres Verst\u00e4ndnis k\u00f6nnen Sie sich ein Tutorial auf unserem Sitechecker-YouTube-Kanal ansehen, in dem wir das Konzept defekter Links und ihre m\u00f6glichen Auswirkungen erkl\u00e4ren und Anleitungen zu ihrer Behebung geben:<\/p>\n<p><iframe title=\"YouTube video player\" src=\"https:\/\/www.youtube.com\/embed\/bxpEtw6oOwY?si=opSzDXD-SH1fq4s0\" width=\"700\" height=\"350\" frameborder=\"0\" allowfullscreen=\"allowfullscreen\"><\/iframe><\/p>\n<h2 id=\"par6\">Schlussgedanken<\/h2>\n<p>Der 404-Fehler-Checker ist ein umfassendes Software-Tool, das entwickelt wurde, um die SEO-Leistung und die Nutzererfahrung zu verbessern, indem es 404-Fehler-Links identifiziert und behebt. Das Tool f\u00fchrt detaillierte Scans durch, bietet Optimierungsvorschl\u00e4ge und liefert umsetzbare Berichte \u00fcber problematische URLs. Au\u00dferdem f\u00fchrt es regelm\u00e4\u00dfige automatische Crawls zur st\u00e4ndigen \u00dcberwachung durch.<\/p>\n<p>Mit seiner benutzerfreundlichen Oberfl\u00e4che, zwei Pr\u00fcfmethoden f\u00fcr eine vollst\u00e4ndige oder spezifische Website-Analyse und einer Chrome-Erweiterung f\u00fcr Echtzeit-Pr\u00fcfungen ist es ein wertvolles Hilfsmittel f\u00fcr die proaktive Website-Optimierung und -Wartung. Dar\u00fcber hinaus erleichtert die M\u00f6glichkeit, Daten in verschiedenen Formaten herunterzuladen und zu exportieren, die weitere Analyse und die Zusammenarbeit im Team.<\/p>\n<div id=\"par7\"><\/div>\n<p><div class=\"front__faq-block\"><div class=\"faq__block-title\">FAQ<\/div><div class=\"panel-group\" id=\"faq-accordion\" itemscope itemtype=\"https:\/\/schema.org\/FAQPage\" role=\"tablist\" aria-multiselectable=\"true\"><div class=\"panel\" itemscope itemtype=\"https:\/\/schema.org\/Question\" itemprop=\"mainEntity\">\n                            <div class=\"panel-heading\" id=\"headingFaq-1\">\n                                <div class=\"panel-title\" data-toggle=\"collapse\" aria-expanded=\"false\" href=\"#collapseFaq-1\">\n                                    <h3 itemprop=\"name\">Wie pr\u00fcft man, ob eine URL defekt ist?<\/h3>\n                                <\/div>\n                            <\/div>\n                            <div id=\"collapseFaq-1\" class=\"panel-collapse collapse\" itemprop=\"acceptedAnswer\" itemscope itemtype=\"http:\/\/schema.org\/Answer\">\n                                <div class=\"panel-body\" itemprop=\"text\">Sie k\u00f6nnen pr\u00fcfen, ob eine Web-URL defekt ist, indem Sie das 404-URL-Checker-Tool verwenden. Geben Sie einfach die zu \u00fcberpr\u00fcfende URL ein, und das Tool wird alle defekten oder toten Links identifizieren.<\/div>\n                            <\/div>\n                        <\/div><div class=\"panel\" itemscope itemtype=\"https:\/\/schema.org\/Question\" itemprop=\"mainEntity\">\n                            <div class=\"panel-heading\" id=\"headingFaq-2\">\n                                <div class=\"panel-title\" data-toggle=\"collapse\" aria-expanded=\"false\" href=\"#collapseFaq-2\">\n                                    <h3 itemprop=\"name\">Ist Broken Link Checker kostenlos?<\/h3>\n                                <\/div>\n                            <\/div>\n                            <div id=\"collapseFaq-2\" class=\"panel-collapse collapse\" itemprop=\"acceptedAnswer\" itemscope itemtype=\"http:\/\/schema.org\/Answer\">\n                                <div class=\"panel-body\" itemprop=\"text\">Ja, das 404 Page Checker Tool kann w\u00e4hrend der Testphase (14 Tage) kostenlos verwendet werden.<\/div>\n                            <\/div>\n                        <\/div><div class=\"panel\" itemscope itemtype=\"https:\/\/schema.org\/Question\" itemprop=\"mainEntity\">\n                            <div class=\"panel-heading\" id=\"headingFaq-3\">\n                                <div class=\"panel-title\" data-toggle=\"collapse\" aria-expanded=\"false\" href=\"#collapseFaq-3\">\n                                    <h3 itemprop=\"name\">Wie repariere ich einen defekten URL-Link?<\/h3>\n                                <\/div>\n                            <\/div>\n                            <div id=\"collapseFaq-3\" class=\"panel-collapse collapse\" itemprop=\"acceptedAnswer\" itemscope itemtype=\"http:\/\/schema.org\/Answer\">\n                                <div class=\"panel-body\" itemprop=\"text\">Um einen defekten URL-Link zu reparieren, m\u00fcssen Sie ihn zun\u00e4chst identifizieren. Nach der Identifizierung stellen Sie entweder den verlinkten Inhalt wieder her oder ersetzen die unerreichbare Webadresse durch eine g\u00fcltige.<\/div>\n                            <\/div>\n                        <\/div><div class=\"panel\" itemscope itemtype=\"https:\/\/schema.org\/Question\" itemprop=\"mainEntity\">\n                            <div class=\"panel-heading\" id=\"headingFaq-4\">\n                                <div class=\"panel-title\" data-toggle=\"collapse\" aria-expanded=\"false\" href=\"#collapseFaq-4\">\n                                    <h3 itemprop=\"name\">Wie \u00fcberpr\u00fcfe ich, ob ein Link g\u00fcltig ist?<\/h3>\n                                <\/div>\n                            <\/div>\n                            <div id=\"collapseFaq-4\" class=\"panel-collapse collapse\" itemprop=\"acceptedAnswer\" itemscope itemtype=\"http:\/\/schema.org\/Answer\">\n                                <div class=\"panel-body\" itemprop=\"text\">Unser Broken Link Finder Tool kann einen Link \u00fcberpr\u00fcfen. Geben Sie die URL ein, die Sie \u00fcberpr\u00fcfen m\u00f6chten, und das Tool best\u00e4tigt, ob die Seite funktioniert oder nicht.<\/div>\n                            <\/div>\n                        <\/div><\/div><\/div><\/p>","protected":false},"excerpt":{"rendered":"Was ist ein 404-Seiten-Pr\u00fcfer? Ein 404-Link-Pr\u00fcfer ist eine Softwarel\u00f6sung, die Websites mit defekten oder toten Links hilft. Diese Hyperlinks f\u00fchren, wenn sie angeklickt werden, zu nicht verf\u00fcgbaren Seiten oder 404-Fehlern, was sich negativ auf die Benutzerfreundlichkeit und die Suchmaschinenoptimierung auswirkt. Suchmaschinen k\u00f6nnen Websites mit vielen inaktiven Links als schlecht gepflegt einstufen. Unser kostenloses Online-Total-Link-Checker-Tool hilft&#8230;","protected":false},"author":10409641,"featured_media":3422,"parent":0,"menu_order":0,"comment_status":"closed","ping_status":"closed","template":"pages-templates\/pages-minitools-3.php","meta":[],"categories":[72],"tags":[],"_links":{"self":[{"href":"https:\/\/sitechecker.pro\/de\/wp-json\/wp\/v2\/pages\/1208"}],"collection":[{"href":"https:\/\/sitechecker.pro\/de\/wp-json\/wp\/v2\/pages"}],"about":[{"href":"https:\/\/sitechecker.pro\/de\/wp-json\/wp\/v2\/types\/page"}],"author":[{"embeddable":true,"href":"https:\/\/sitechecker.pro\/de\/wp-json\/wp\/v2\/users\/10409641"}],"replies":[{"embeddable":true,"href":"https:\/\/sitechecker.pro\/de\/wp-json\/wp\/v2\/comments?post=1208"}],"version-history":[{"count":223,"href":"https:\/\/sitechecker.pro\/de\/wp-json\/wp\/v2\/pages\/1208\/revisions"}],"predecessor-version":[{"id":36962,"href":"https:\/\/sitechecker.pro\/de\/wp-json\/wp\/v2\/pages\/1208\/revisions\/36962"}],"wp:featuredmedia":[{"embeddable":true,"href":"https:\/\/sitechecker.pro\/de\/wp-json\/wp\/v2\/media\/3422"}],"wp:attachment":[{"href":"https:\/\/sitechecker.pro\/de\/wp-json\/wp\/v2\/media?parent=1208"}],"wp:term":[{"taxonomy":"category","embeddable":true,"href":"https:\/\/sitechecker.pro\/de\/wp-json\/wp\/v2\/categories?post=1208"},{"taxonomy":"post_tag","embeddable":true,"href":"https:\/\/sitechecker.pro\/de\/wp-json\/wp\/v2\/tags?post=1208"}],"curies":[{"name":"wp","href":"https:\/\/api.w.org\/{rel}","templated":true}]}}