{"id":1148,"date":"2018-01-10T09:47:14","date_gmt":"2018-01-10T09:47:14","guid":{"rendered":"https:\/\/sitechecker.pro\/?page_id=1148"},"modified":"2025-02-04T19:05:57","modified_gmt":"2025-02-04T19:05:57","slug":"mobile-friendly-test","status":"publish","type":"page","link":"https:\/\/sitechecker.pro\/de\/mobile-friendly-test\/","title":{"rendered":"Mobile-Friendly Test | Seien Sie bereit f\u00fcr Mobile-first in Google \u2611"},"content":{"rendered":"<p><\/p>\n<h2 id=\"par1\">Was ist der Mobile-Friendly-Test?<\/h2>\n<p>Der Mobile-Friendly-Test von <a href=\"https:\/\/sitechecker.pro\/\" target=\"_blank\" rel=\"noopener noreferrer\">Sitechecker<\/a> bewertet, wie gut eine Webseite oder eine ganze Website auf Mobilger\u00e4ten funktioniert. Er bietet eine vollst\u00e4ndige Pr\u00fcfung aller Seiten, um Viewport-Daten zu \u00fcberpr\u00fcfen, nicht unterst\u00fctzte Browser-Plugins zu erkennen, Probleme mit der Mobilfreundlichkeit zu identifizieren und eine kontinuierliche \u00dcberwachung oder einen sofortigen Bericht f\u00fcr eine einzelne Seite bereitzustellen, der Viewport-Daten analysiert.<\/p>\n<h3>Wie das Tool Ihnen helfen kann<\/h3>\n<p><strong>Mobilfreundlichkeit aller Website-Seiten: <\/strong>identifiziert Viewport-Probleme, nicht unterst\u00fctzte Browser-Plugins und andere Usability-Probleme mit kontinuierlicher \u00dcberwachung (erfordert ein kostenloses Konto).<\/p>\n<p><strong>Mobile-Test f\u00fcr einzelne Seiten: <\/strong>analysiert eine bestimmte Webseite auf Viewport-Konfiguration und grundlegende Mobilkompatibilit\u00e4t.<\/p>\n<p><strong>Detaillierter Bericht zur mobilen Benutzerfreundlichkeit: <\/strong>bietet klare Einblicke und Empfehlungen zur Verbesserung der mobilen Leistung, der Benutzererfahrung und der SEO-Rankings.<\/p>\n<h3>Hauptfunktionen des Tools<\/h3>\n<p><strong>Einheitliches Dashboard: <\/strong>bietet eine zentrale Ansicht der Website-Leistung, SEO-Probleme und Analysen, sodass alle Website-Audits einfach an einem Ort \u00fcberwacht und verwaltet werden k\u00f6nnen.<\/p>\n<p><strong>Benutzerfreundliche Oberfl\u00e4che: <\/strong>entwickelt f\u00fcr Anf\u00e4nger und Experten und bietet intuitive Navigation, klare Berichte und umsetzbare Einblicke, ohne dass tiefe technische Kenntnisse erforderlich sind.<\/p>\n<p><strong>Komplettes SEO-Toolset: <\/strong>umfasst Website-Audits, Keyword-Tracking, Tests der Mobilfreundlichkeit und andere wichtige Tools zur Optimierung der Website-Leistung und der Suchmaschinen-Rankings.<\/p>\n<h2 id=\"par2\">So verwenden Sie das Tool<\/h2>\n<p>Um den Test auf Mobilfreundlichkeit zu verwenden, w\u00e4hlen Sie die Art des Audits aus, das Sie ben\u00f6tigen. W\u00e4hlen Sie \u201eMobile Benutzerfreundlichkeit f\u00fcr alle Seiten\u201c f\u00fcr eine umfassende Website-Analyse oder \u201eMobile Benutzerfreundlichkeit der Seite\u201c f\u00fcr einen sofortigen Einzelseitenbericht. Klicken Sie nach Auswahl einer Option auf die Schaltfl\u00e4che \u201eAudit starten\u201c, um die Analyse zu starten.<\/p>\n<div class=\"content__img-wrap\"><img src=\"https:\/\/sitechecker.pro\/wp-content\/uploads\/2025\/02\/choose-audit-option-1.png\" alt=\"Audit-Option ausw\u00e4hlen\" class=\"description-img description-img-zoom\" loading=\"lazy\" ><\/div>\n<h2 id=\"par3\">Test der mobilen Benutzerfreundlichkeit der Website<\/h2>\n<h3>Schritt 1: Geben Sie die URL-Adresse der Domain ein<\/h3>\n<div class=\"content__img-wrap\"><img src=\"https:\/\/sitechecker.pro\/wp-content\/uploads\/2025\/02\/mobile-friendliness-all-pages.png\" alt=\"Mobile Benutzerfreundlichkeit aller Seiten\" class=\"description-img description-img-zoom\" loading=\"lazy\" ><\/div>\n<div class=\"important-block\">Um Ergebnisse zu erhalten und 14 Tage lang auf die Funktionen von Sitechecker zuzugreifen, starten Sie Ihre KOSTENLOSE Testversion. Die Anmeldung ist ganz einfach mit Ihrem E-Mail-, Google- oder Facebook-Konto. Es ist keine Kreditkarte erforderlich.<\/div>\n<h3>Schritt 2: Ergebnisse abrufen<\/h3>\n<p>Identifizieren Sie Probleme, die die mobile Benutzerfreundlichkeit Ihrer Website beeintr\u00e4chtigen, darunter schlechte Benutzererfahrung, Navigationsprobleme und Anzeigeinkonsistenzen. Erhalten Sie umsetzbare Erkenntnisse, betroffene Seiten und schrittweise Korrekturen, um Ihre Website f\u00fcr eine nahtlose mobile Leistung zu optimieren.<\/p>\n<div class=\"content__img-wrap\"><img src=\"https:\/\/sitechecker.pro\/wp-content\/uploads\/2025\/02\/mobile-friendliness-issues.png\" alt=\"Mobile Friendliness Issues\" class=\"description-img description-img-zoom\" loading=\"lazy\" ><\/div>\n<h3>Zus\u00e4tzliche Funktionen des Tools<\/h3>\n<p>Gehen Sie mit einem vollst\u00e4ndigen Website-Audit \u00fcber die mobile Benutzerfreundlichkeit hinaus. Erhalten Sie detaillierte Berichte zu kritischen Fehlern, Warnungen und Optimierungsm\u00f6glichkeiten. Analysieren Sie Indexierungsprobleme, Inhaltsrelevanz, Sicherheitsl\u00fccken, doppelte Inhalte und Seitengeschwindigkeit. Filtern, priorisieren und l\u00f6sen Sie Probleme ganz einfach mit umsetzbaren Empfehlungen f\u00fcr eine vollst\u00e4ndig optimierte Website.<\/p>\n<div class=\"content__img-wrap\"><img src=\"https:\/\/sitechecker.pro\/wp-content\/uploads\/2025\/02\/site-audit-issues-1.png\" alt=\"Site Audit Issues\" class=\"description-img description-img-zoom\" loading=\"lazy\" ><\/div>\n<h2 id=\"par4\">Testen Sie die Mobilfreundlichkeit der Seite<\/h2>\n<h3>Schritt 1: W\u00e4hlen Sie die Pr\u00fcfung der Mobilfreundlichkeit der Seite aus und starten Sie die Pr\u00fcfung<\/h3>\n<div class=\"content__img-wrap\"><img src=\"https:\/\/sitechecker.pro\/wp-content\/uploads\/2025\/02\/mobile-friendliness-one-page.png\" alt=\"Mobile Friendliness One Page\" class=\"description-img description-img-zoom\" loading=\"lazy\" ><\/div>\n<h3>Schritt 2: Erhalten Sie die Ergebnisse<\/h3>\n<p>Analysieren Sie die Mobilfreundlichkeit und Leistung Ihrer Webseite mit Google PageSpeed \u200b\u200bInsights in Echtzeit. Identifizieren Sie kritische Ladeprobleme, Geschwindigkeitsengp\u00e4sse und Optimierungsm\u00f6glichkeiten, um die Benutzererfahrung und das Suchranking zu verbessern. Erhalten Sie umsetzbare Empfehlungen, um die Reaktionsf\u00e4higkeit und Ladezeiten auf allen Ger\u00e4ten zu verbessern.<\/p>\n<div class=\"content__img-wrap\"><img src=\"https:\/\/sitechecker.pro\/wp-content\/uploads\/2025\/02\/mobile-pagespeed-insights.png\" alt=\"Mobile PageSpeed  Insights\" class=\"description-img description-img-zoom\" loading=\"lazy\" ><\/div>\n<p>Entdecken Sie die vollst\u00e4ndigen Funktionen des Tools im Abschnitt Site Audit. Erkunden Sie die Demoversion, um zu sehen, wie Sitechecker wichtige technische SEO-Herausforderungen bew\u00e4ltigt und die Leistung Ihrer Website optimiert.<\/p>\n<div class=\"content__img-wrap\"><img src=\"https:\/\/sitechecker.pro\/wp-content\/uploads\/2025\/02\/site-audit-1.png\" alt=\"Site Audit\" class=\"description-img description-img-zoom\" loading=\"lazy\" ><\/div>\n<h3>Zus\u00e4tzliche Funktionen des Mobile-Friendly-Tests von Google<\/h3>\n<p>Gewinnen Sie mit einer detaillierten Problem\u00fcbersicht tiefere Einblicke \u00fcber die Mobilfreundlichkeit hinaus. Identifizieren Sie kritische Fehler, Warnungen und Leistungsengp\u00e4sse wie langsame Ladezeiten, defekte Links und Indexierungsprobleme. Das Seitennavigationsfeld optimiert SEO-Verbesserungen durch Optimierung der Geschwindigkeit, Behebung von Fehlern, Verfeinerung von Inhalten, Validierung des Schemas, Verbesserung von Bildern, Analyse von Schl\u00fcsselw\u00f6rtern usw.<\/p>\n<div class=\"content__img-wrap\"><img src=\"https:\/\/sitechecker.pro\/wp-content\/uploads\/2025\/02\/issues-overview-1.png\" alt=\"Problem\u00fcbersicht\" class=\"description-img description-img-zoom\" loading=\"lazy\" ><\/div>\n<h2 id=\"par5\">Abschlie\u00dfende Idee<\/h2>\n<p>Der Website Mobile Friendly Test bewertet die mobile Leistung Ihrer Website, erkennt Probleme mit der Benutzerfreundlichkeit und bietet umsetzbare L\u00f6sungen. Er bietet eine vollst\u00e4ndige Site-Pr\u00fcfung oder eine Einzelseitenanalyse sowie eine umfassende SEO-Pr\u00fcfung zur Identifizierung von Indexierungs-, Sicherheits- und Geschwindigkeitsproblemen. Mit einem benutzerfreundlichen Dashboard optimiert er SEO-Verbesserungen, um Rankings und Benutzererfahrung zu verbessern.<\/p>\n<div id=\"par6\"><\/div>\n<p><div class=\"front__faq-block\"><div class=\"faq__block-title\">FAQ<\/div><div class=\"panel-group\" id=\"faq-accordion\" itemscope itemtype=\"https:\/\/schema.org\/FAQPage\" role=\"tablist\" aria-multiselectable=\"true\"><div class=\"panel\" itemscope itemtype=\"https:\/\/schema.org\/Question\" itemprop=\"mainEntity\">\n                            <div class=\"panel-heading\" id=\"headingFaq-1\">\n                                <div class=\"panel-title\" data-toggle=\"collapse\" aria-expanded=\"false\" href=\"#collapseFaq-1\">\n                                    <h3 itemprop=\"name\">Was analysiert der Mobile-Friendly Checker au\u00dfer den Ansichtsfenstereinstellungen?<\/h3>\n                                <\/div>\n                            <\/div>\n                            <div id=\"collapseFaq-1\" class=\"panel-collapse collapse\" itemprop=\"acceptedAnswer\" itemscope itemtype=\"http:\/\/schema.org\/Answer\">\n                                <div class=\"panel-body\" itemprop=\"text\">Er erkennt nicht unterst\u00fctzte Browser-Plugins, Navigationsprobleme und Anzeigeinkonsistenzen und sorgt so f\u00fcr eine nahtlose mobile Erfahrung.<\/div>\n                            <\/div>\n                        <\/div><div class=\"panel\" itemscope itemtype=\"https:\/\/schema.org\/Question\" itemprop=\"mainEntity\">\n                            <div class=\"panel-heading\" id=\"headingFaq-2\">\n                                <div class=\"panel-title\" data-toggle=\"collapse\" aria-expanded=\"false\" href=\"#collapseFaq-2\">\n                                    <h3 itemprop=\"name\">Wie hilft das Tool bei der Suchmaschinenoptimierung \u00fcber die Mobilfreundlichkeit hinaus?<\/h3>\n                                <\/div>\n                            <\/div>\n                            <div id=\"collapseFaq-2\" class=\"panel-collapse collapse\" itemprop=\"acceptedAnswer\" itemscope itemtype=\"http:\/\/schema.org\/Answer\">\n                                <div class=\"panel-body\" itemprop=\"text\">Es bietet eine vollst\u00e4ndige Website-Pr\u00fcfung und analysiert Indizierung, doppelte Inhalte, Sicherheitsl\u00fccken, Seitengeschwindigkeit und defekte Links.<\/div>\n                            <\/div>\n                        <\/div><div class=\"panel\" itemscope itemtype=\"https:\/\/schema.org\/Question\" itemprop=\"mainEntity\">\n                            <div class=\"panel-heading\" id=\"headingFaq-3\">\n                                <div class=\"panel-title\" data-toggle=\"collapse\" aria-expanded=\"false\" href=\"#collapseFaq-3\">\n                                    <h3 itemprop=\"name\">Kann ich die mobile Leistung im Zeitverlauf verfolgen?<\/h3>\n                                <\/div>\n                            <\/div>\n                            <div id=\"collapseFaq-3\" class=\"panel-collapse collapse\" itemprop=\"acceptedAnswer\" itemscope itemtype=\"http:\/\/schema.org\/Answer\">\n                                <div class=\"panel-body\" itemprop=\"text\">Ja, mit einem kostenlosen Konto ist eine kontinuierliche \u00dcberwachung verf\u00fcgbar, die Ihnen hilft, Probleme proaktiv zu verfolgen und zu l\u00f6sen.<\/div>\n                            <\/div>\n                        <\/div><div class=\"panel\" itemscope itemtype=\"https:\/\/schema.org\/Question\" itemprop=\"mainEntity\">\n                            <div class=\"panel-heading\" id=\"headingFaq-4\">\n                                <div class=\"panel-title\" data-toggle=\"collapse\" aria-expanded=\"false\" href=\"#collapseFaq-4\">\n                                    <h3 itemprop=\"name\">Wie beginne ich mit der Verwendung des Mobile-Friendly Test Tools?<\/h3>\n                                <\/div>\n                            <\/div>\n                            <div id=\"collapseFaq-4\" class=\"panel-collapse collapse\" itemprop=\"acceptedAnswer\" itemscope itemtype=\"http:\/\/schema.org\/Answer\">\n                                <div class=\"panel-body\" itemprop=\"text\">Geben Sie die URL Ihrer Website ein, w\u00e4hlen Sie eine Pr\u00fcfung der gesamten Website oder einer einzelnen Seite aus und klicken Sie auf \u201ePr\u00fcfung starten\u201c, um sofortige Einblicke und Empfehlungen zu erhalten.<\/div>\n                            <\/div>\n                        <\/div><\/div><\/div><\/p>","protected":false},"excerpt":{"rendered":"Was ist der Mobile-Friendly-Test? Der Mobile-Friendly-Test von Sitechecker bewertet, wie gut eine Webseite oder eine ganze Website auf Mobilger\u00e4ten funktioniert. Er bietet eine vollst\u00e4ndige Pr\u00fcfung aller Seiten, um Viewport-Daten zu \u00fcberpr\u00fcfen, nicht unterst\u00fctzte Browser-Plugins zu erkennen, Probleme mit der Mobilfreundlichkeit zu identifizieren und eine kontinuierliche \u00dcberwachung oder einen sofortigen Bericht f\u00fcr eine einzelne Seite bereitzustellen,&#8230;","protected":false},"author":10409641,"featured_media":3433,"parent":0,"menu_order":0,"comment_status":"closed","ping_status":"closed","template":"pages-templates\/pages-minitools-3.php","meta":[],"categories":[74],"tags":[],"_links":{"self":[{"href":"https:\/\/sitechecker.pro\/de\/wp-json\/wp\/v2\/pages\/1148"}],"collection":[{"href":"https:\/\/sitechecker.pro\/de\/wp-json\/wp\/v2\/pages"}],"about":[{"href":"https:\/\/sitechecker.pro\/de\/wp-json\/wp\/v2\/types\/page"}],"author":[{"embeddable":true,"href":"https:\/\/sitechecker.pro\/de\/wp-json\/wp\/v2\/users\/10409641"}],"replies":[{"embeddable":true,"href":"https:\/\/sitechecker.pro\/de\/wp-json\/wp\/v2\/comments?post=1148"}],"version-history":[{"count":57,"href":"https:\/\/sitechecker.pro\/de\/wp-json\/wp\/v2\/pages\/1148\/revisions"}],"predecessor-version":[{"id":35299,"href":"https:\/\/sitechecker.pro\/de\/wp-json\/wp\/v2\/pages\/1148\/revisions\/35299"}],"wp:featuredmedia":[{"embeddable":true,"href":"https:\/\/sitechecker.pro\/de\/wp-json\/wp\/v2\/media\/3433"}],"wp:attachment":[{"href":"https:\/\/sitechecker.pro\/de\/wp-json\/wp\/v2\/media?parent=1148"}],"wp:term":[{"taxonomy":"category","embeddable":true,"href":"https:\/\/sitechecker.pro\/de\/wp-json\/wp\/v2\/categories?post=1148"},{"taxonomy":"post_tag","embeddable":true,"href":"https:\/\/sitechecker.pro\/de\/wp-json\/wp\/v2\/tags?post=1148"}],"curies":[{"name":"wp","href":"https:\/\/api.w.org\/{rel}","templated":true}]}}