{"id":1138,"date":"2018-01-10T08:14:39","date_gmt":"2018-01-10T08:14:39","guid":{"rendered":"https:\/\/sitechecker.pro\/?page_id=1138"},"modified":"2025-08-06T22:13:08","modified_gmt":"2025-08-06T22:13:08","slug":"what-is-favicon","status":"publish","type":"page","link":"https:\/\/sitechecker.pro\/de\/what-is-favicon\/","title":{"rendered":"Favicon-Pr\u00fcfer \u2013 \u00dcberpr\u00fcfe dein Website-Favicon online!"},"content":{"rendered":"<p><\/p>\n<h2 id=\"par1\">Was ist der Favicon-Tester?<\/h2>\n<p>Das Website Favicon Checker Tool von <a href=\"https:\/\/sitechecker.pro\/\" target=\"_blank\" rel=\"noopener noreferrer\">Sitechecker<\/a> hilft Ihnen beim Testen und \u00dcberwachen des Favicons einer Website, stellt sicher, dass die Datei favicon.ico vorhanden ist und ordnungsgem\u00e4\u00df funktioniert, verfolgt Favicon-bezogene Probleme und identifiziert Probleme mit dem Site-Bild, mit der Option f\u00fcr eine detaillierte \u00dcberwachung oder sofortige Berichte, je nach ausgew\u00e4hltem Pr\u00fcftyp.<\/p>\n<h3>Wie das Tool Ihnen helfen kann<\/h3>\n<p><strong>Favicon.ico-Dateipr\u00fcfung: <\/strong>\u00dcberpr\u00fcft das Vorhandensein und die ordnungsgem\u00e4\u00dfe Konfiguration der Datei favicon.ico f\u00fcr eine Website.<\/p>\n<p><strong>\u00dcberwachung von Favicon-Problemen: <\/strong>Verfolgt und identifiziert kontinuierlich Probleme im Zusammenhang mit dem Site-Browser-Bild, um sicherzustellen, dass es in allen Browsern ordnungsgem\u00e4\u00df funktioniert.<\/p>\n<p><strong>Analyse von Site-Bildproblemen: <\/strong>Erkennt und \u00fcberwacht umfassendere Site-Bildprobleme und bietet Einblicke zur Optimierung und Fehlerbehebung.<\/p>\n<h3>Hauptfunktionen des Tools<\/h3>\n<p><strong>Einheitliches Dashboard: <\/strong>zentralisierte Plattform zur \u00dcberwachung und Analyse von Website-Leistungsmetriken.<\/p>\n<p><strong>Benutzerfreundliche Oberfl\u00e4che: <\/strong>intuitives Design f\u00fcr Benutzer aller F\u00e4higkeitsstufen, wodurch Tools und Einblicke leicht zug\u00e4nglich sind.<\/p>\n<p><strong>Komplettes SEO-Toolset: <\/strong>beinhaltet On-Page-SEO-Audits, Rang\u00fcberwachung und Echtzeit-Problemerkennung zur Verbesserung der Website-Optimierung.<\/p>\n<h2 id=\"par2\">So verwenden Sie das Tool<\/h2>\n<p>Mit diesem Selektor k\u00f6nnen Sie eine Audit-Option zum Testen von Favicons ausw\u00e4hlen. Sie k\u00f6nnen entweder das Favicon f\u00fcr Ihre eigene Site mit detaillierter \u00dcberwachung und Problemverfolgung testen (erfordert ein kostenloses Konto) oder eine schnelle Favicon-Pr\u00fcfung f\u00fcr eine andere Site durchf\u00fchren, um sofort einen Bericht zu erstellen.<\/p>\n<h2 id=\"par3\">Der eigene Domain-Test<\/h2>\n<p>Wenn Sie den eigenen Domain-Test ausw\u00e4hlen, k\u00f6nnen Sie eine detaillierte Pr\u00fcfung durchf\u00fchren, die die \u00dcberpr\u00fcfung der Datei favicon.ico, die \u00dcberwachung von Favicon-Problemen, die Identifizierung von Site-Bildproblemen und die fortlaufende Problemverfolgung umfasst.<\/p>\n<h3>Schritt 1: W\u00e4hlen Sie die Option \u201eIhre Site\u201c<\/h3>\n<div class=\"content__img-wrap\"><img src=\"https:\/\/sitechecker.pro\/wp-content\/uploads\/2025\/01\/test-favicon-for-your-site.png\" alt=\"Testen Sie Favicon f\u00fcr Ihre Site\" class=\"description-img description-img-zoom\" loading=\"lazy\" ><\/div>\n<div class=\"important-block\">Um Ergebnisse und 14 Tage lang Zugriff auf die Funktionen von Sitechecker zu erhalten, starten Sie Ihre KOSTENLOSE Testversion. Die Anmeldung ist ganz einfach mit Ihrem E-Mail-, Google- oder Facebook-Konto. Es ist keine Kreditkarte erforderlich.<\/div>\n<h3>Schritt 2: Ergebnisse abrufen<\/h3>\n<p>Die Tab-Symbolpr\u00fcfung bietet Einblicke in die Verf\u00fcgbarkeit, ordnungsgem\u00e4\u00dfe Konfiguration und Anzeige des Browsersymbols Ihrer Site, stellt sicher, dass es ordnungsgem\u00e4\u00df funktioniert, und hebt alle damit verbundenen Probleme zur schnellen L\u00f6sung hervor.<\/p>\n<div class=\"content__img-wrap\"><img src=\"https:\/\/sitechecker.pro\/wp-content\/uploads\/2025\/01\/favicon-availability.png\" alt=\"Favicon-Verf\u00fcgbarkeit pr\u00fcfen\" class=\"description-img description-img-zoom\" loading=\"lazy\" ><\/div>\n<h3>Zus\u00e4tzliche Funktionen<\/h3>\n<p>Die Browsersymbolpr\u00fcfung bietet zus\u00e4tzliche Einblicke in wichtige SEO-Kennzahlen, einschlie\u00dflich der allgemeinen Website-Gesundheit, kategorisierter Problemaufschl\u00fcsselungen (z. B. Inhaltsrelevanz, Links, Indexierbarkeit) und der Anzahl der betroffenen Seiten, und hilft so dabei, siteweite Optimierungsaufgaben effektiv zu priorisieren und zu l\u00f6sen.<\/p>\n<div class=\"content__img-wrap\"><img src=\"https:\/\/sitechecker.pro\/wp-content\/uploads\/2025\/01\/site-audit-issues-list-1.png\" alt=\"Site Audit Issues List\" class=\"description-img description-img-zoom\" loading=\"lazy\" ><\/div>\n<h2 id=\"par4\">Favicon-Test f\u00fcr eine andere Website<\/h2>\n<p>Mit dieser Option k\u00f6nnen Sie das Website-Symbol f\u00fcr eine andere Website schnell testen. Sie erhalten einen sofortigen Bericht, der das Vorhandensein und die ordnungsgem\u00e4\u00dfe Konfiguration der Datei image.ico best\u00e4tigt.<\/p>\n<h3>Schritt 1: W\u00e4hlen Sie die Option zum Testen einer anderen Website<\/h3>\n<div class=\"content__img-wrap\"><img src=\"https:\/\/sitechecker.pro\/wp-content\/uploads\/2025\/01\/test-favicon-for-another-site.png\" alt=\"Favicon f\u00fcr eine andere Website testen\" class=\"description-img description-img-zoom\" loading=\"lazy\" ><\/div>\n<h3>Schritt 2: Ergebnisse erhalten<\/h3>\n<p>Die Website-Symbolpr\u00fcfung bietet Informationen dar\u00fcber, ob f\u00fcr die Website ein ICO-Dateisatz festgelegt ist, wodurch das richtige Branding und die Sichtbarkeit in Browser-Tabs und Lesezeichen sichergestellt werden.<\/p>\n<div class=\"content__img-wrap\"><img src=\"https:\/\/sitechecker.pro\/wp-content\/uploads\/2025\/01\/on-page-seo-checker-favicon.png\" alt=\"On Page SEO Checker Favicon\" class=\"description-img description-img-zoom\" loading=\"lazy\" ><\/div>\n<h3>Zus\u00e4tzliche Funktionen<\/h3>\n<p>Greifen Sie \u00fcber den Abschnitt \u201eSeitennavigation\u201c auf detaillierte Einblicke zu, darunter Inhaltsoptimierung, strukturierte Daten, Bildleistung, Suchoptimierung, Linkanalyse und PageSpeed-Einblicke, um wichtige Probleme effizient zu identifizieren und zu l\u00f6sen.<\/p>\n<div class=\"content__img-wrap\"><img src=\"https:\/\/sitechecker.pro\/wp-content\/uploads\/2025\/01\/issues-overview-2.png\" alt=\"Problem\u00fcbersicht\" class=\"description-img description-img-zoom\" loading=\"lazy\" ><\/div>\n<h2 id=\"par5\">Abschlie\u00dfende Idee<\/h2>\n<p>Der Favicon Checker ist ein unverzichtbares Tool zur Website-Optimierung, das eine ordnungsgem\u00e4\u00dfe Favicon-Konfiguration und nahtlose Funktionalit\u00e4t in allen Browsern gew\u00e4hrleistet. Er bietet umfassende \u00dcberwachung und sofortige Berichte, sodass Benutzer Favicon-bezogene Probleme effektiv identifizieren und l\u00f6sen k\u00f6nnen. Mit zus\u00e4tzlichen Einblicken in SEO-Metriken, Website-Gesundheit und Optimierungsaufgaben unterst\u00fctzt das Tool ein verbessertes Branding und Benutzererlebnis. Ob Sie eine detaillierte Pr\u00fcfung Ihrer Website durchf\u00fchren oder schnell eine andere testen, der Favicon Checker bietet eine benutzerfreundliche und leistungsstarke L\u00f6sung, um optimale Website-Leistung und Sichtbarkeit aufrechtzuerhalten.<\/p>\n<div id=\"par6\"><\/div>\n<p><div class=\"front__faq-block\"><div class=\"faq__block-title\">FAQ<\/div><div class=\"panel-group\" id=\"faq-accordion\" itemscope itemtype=\"https:\/\/schema.org\/FAQPage\" role=\"tablist\" aria-multiselectable=\"true\"><div class=\"panel\" itemscope itemtype=\"https:\/\/schema.org\/Question\" itemprop=\"mainEntity\">\n                            <div class=\"panel-heading\" id=\"headingFaq-1\">\n                                <div class=\"panel-title\" data-toggle=\"collapse\" aria-expanded=\"false\" href=\"#collapseFaq-1\">\n                                    <h3 itemprop=\"name\">Kann der Favicon Finder die Leistung von Tab-Symbolen im Zeitverlauf verfolgen?<\/h3>\n                                <\/div>\n                            <\/div>\n                            <div id=\"collapseFaq-1\" class=\"panel-collapse collapse\" itemprop=\"acceptedAnswer\" itemscope itemtype=\"http:\/\/schema.org\/Answer\">\n                                <div class=\"panel-body\" itemprop=\"text\">Ja, die Favicon-Suche bietet eine kontinuierliche \u00dcberwachung, um eine gleichbleibende Leistung sicherzustellen und Probleme zu erkennen, sobald sie auftreten.<\/div>\n                            <\/div>\n                        <\/div><div class=\"panel\" itemscope itemtype=\"https:\/\/schema.org\/Question\" itemprop=\"mainEntity\">\n                            <div class=\"panel-heading\" id=\"headingFaq-2\">\n                                <div class=\"panel-title\" data-toggle=\"collapse\" aria-expanded=\"false\" href=\"#collapseFaq-2\">\n                                    <h3 itemprop=\"name\">Unterst\u00fctzt das Tool das Testen von Tab-Symbolen in mobilen Browsern?<\/h3>\n                                <\/div>\n                            <\/div>\n                            <div id=\"collapseFaq-2\" class=\"panel-collapse collapse\" itemprop=\"acceptedAnswer\" itemscope itemtype=\"http:\/\/schema.org\/Answer\">\n                                <div class=\"panel-body\" itemprop=\"text\">Ja, der Favicon Checker stellt sicher, dass Ihr Tab-Symbol in verschiedenen Browsern, einschlie\u00dflich mobilen, korrekt angezeigt wird.<\/div>\n                            <\/div>\n                        <\/div><div class=\"panel\" itemscope itemtype=\"https:\/\/schema.org\/Question\" itemprop=\"mainEntity\">\n                            <div class=\"panel-heading\" id=\"headingFaq-3\">\n                                <div class=\"panel-title\" data-toggle=\"collapse\" aria-expanded=\"false\" href=\"#collapseFaq-3\">\n                                    <h3 itemprop=\"name\">Welche zus\u00e4tzlichen SEO-Funktionen bietet das Tool?<\/h3>\n                                <\/div>\n                            <\/div>\n                            <div id=\"collapseFaq-3\" class=\"panel-collapse collapse\" itemprop=\"acceptedAnswer\" itemscope itemtype=\"http:\/\/schema.org\/Answer\">\n                                <div class=\"panel-body\" itemprop=\"text\">Das Tool umfasst On-Page-SEO-Audits, Rang\u00fcberwachung, Problemerkennung und detaillierte Einblicke in die Integrit\u00e4t und Leistung der Website.<\/div>\n                            <\/div>\n                        <\/div><div class=\"panel\" itemscope itemtype=\"https:\/\/schema.org\/Question\" itemprop=\"mainEntity\">\n                            <div class=\"panel-heading\" id=\"headingFaq-4\">\n                                <div class=\"panel-title\" data-toggle=\"collapse\" aria-expanded=\"false\" href=\"#collapseFaq-4\">\n                                    <h3 itemprop=\"name\">Kann ich das Tool verwenden, um die allgemeine Bildleistung auf meiner Website zu analysieren?<\/h3>\n                                <\/div>\n                            <\/div>\n                            <div id=\"collapseFaq-4\" class=\"panel-collapse collapse\" itemprop=\"acceptedAnswer\" itemscope itemtype=\"http:\/\/schema.org\/Answer\">\n                                <div class=\"panel-body\" itemprop=\"text\">Ja, das Tool hilft dabei, umfassendere bildbezogene Probleme auf Ihrer Website zu erkennen und zu \u00fcberwachen, um die visuelle Leistung zu optimieren.<\/div>\n                            <\/div>\n                        <\/div><div class=\"panel\" itemscope itemtype=\"https:\/\/schema.org\/Question\" itemprop=\"mainEntity\">\n                            <div class=\"panel-heading\" id=\"headingFaq-5\">\n                                <div class=\"panel-title\" data-toggle=\"collapse\" aria-expanded=\"false\" href=\"#collapseFaq-5\">\n                                    <h3 itemprop=\"name\">Welche Erkenntnisse bietet die Browser-Site-Bildpr\u00fcfung f\u00fcr eine andere Website?<\/h3>\n                                <\/div>\n                            <\/div>\n                            <div id=\"collapseFaq-5\" class=\"panel-collapse collapse\" itemprop=\"acceptedAnswer\" itemscope itemtype=\"http:\/\/schema.org\/Answer\">\n                                <div class=\"panel-body\" itemprop=\"text\">Das Tool \u00fcberpr\u00fcft das Vorhandensein und die korrekte Konfiguration der Datei favicon.ico und stellt so die richtige Markenbildung und Sichtbarkeit in Browser-Tabs und Lesezeichen sicher.<\/div>\n                            <\/div>\n                        <\/div><\/div><\/div><\/p>","protected":false},"excerpt":{"rendered":"Was ist der Favicon-Tester? Das Website Favicon Checker Tool von Sitechecker hilft Ihnen beim Testen und \u00dcberwachen des Favicons einer Website, stellt sicher, dass die Datei favicon.ico vorhanden ist und ordnungsgem\u00e4\u00df funktioniert, verfolgt Favicon-bezogene Probleme und identifiziert Probleme mit dem Site-Bild, mit der Option f\u00fcr eine detaillierte \u00dcberwachung oder sofortige Berichte, je nach ausgew\u00e4hltem Pr\u00fcftyp&#8230;.","protected":false},"author":10409641,"featured_media":3424,"parent":0,"menu_order":0,"comment_status":"closed","ping_status":"closed","template":"pages-templates\/pages-minitools-3.php","meta":[],"categories":[73],"tags":[],"_links":{"self":[{"href":"https:\/\/sitechecker.pro\/de\/wp-json\/wp\/v2\/pages\/1138"}],"collection":[{"href":"https:\/\/sitechecker.pro\/de\/wp-json\/wp\/v2\/pages"}],"about":[{"href":"https:\/\/sitechecker.pro\/de\/wp-json\/wp\/v2\/types\/page"}],"author":[{"embeddable":true,"href":"https:\/\/sitechecker.pro\/de\/wp-json\/wp\/v2\/users\/10409641"}],"replies":[{"embeddable":true,"href":"https:\/\/sitechecker.pro\/de\/wp-json\/wp\/v2\/comments?post=1138"}],"version-history":[{"count":53,"href":"https:\/\/sitechecker.pro\/de\/wp-json\/wp\/v2\/pages\/1138\/revisions"}],"predecessor-version":[{"id":38147,"href":"https:\/\/sitechecker.pro\/de\/wp-json\/wp\/v2\/pages\/1138\/revisions\/38147"}],"wp:featuredmedia":[{"embeddable":true,"href":"https:\/\/sitechecker.pro\/de\/wp-json\/wp\/v2\/media\/3424"}],"wp:attachment":[{"href":"https:\/\/sitechecker.pro\/de\/wp-json\/wp\/v2\/media?parent=1138"}],"wp:term":[{"taxonomy":"category","embeddable":true,"href":"https:\/\/sitechecker.pro\/de\/wp-json\/wp\/v2\/categories?post=1138"},{"taxonomy":"post_tag","embeddable":true,"href":"https:\/\/sitechecker.pro\/de\/wp-json\/wp\/v2\/tags?post=1138"}],"curies":[{"name":"wp","href":"https:\/\/api.w.org\/{rel}","templated":true}]}}