{"id":1133,"date":"2020-07-08T14:32:58","date_gmt":"2020-07-08T12:32:58","guid":{"rendered":"https:\/\/sitechecker.pro\/?page_id=1133"},"modified":"2026-02-16T17:01:21","modified_gmt":"2026-02-16T17:01:21","slug":"page-size","status":"publish","type":"page","link":"https:\/\/sitechecker.pro\/de\/page-size\/","title":{"rendered":"Web Page Size Checker: Testen Sie die Gr\u00f6\u00dfe von HTML-Seiten in Kilobytes \u2611"},"content":{"rendered":"<p><\/p>\n<h2 id=\"par1\">Was ist der Page Size Checker?<\/h2>\n<p>Der Page Size Checker von <a href=\"https:\/\/sitechecker.pro\/\" target=\"_blank\" rel=\"noopener noreferrer\">Sitechecker<\/a> ist ein Tool, das die Gr\u00f6\u00dfe von Webseiten in Megabyte analysiert, um die Leistung zu optimieren. Es bietet zwei Pr\u00fcfoptionen: eine schnelle \u00dcberpr\u00fcfung der Gr\u00f6\u00dfe einer einzelnen Seite und eine umfassende Analyse aller Website-URLs, die \u00fcbergro\u00dfe URLs, gr\u00f6\u00dfenbezogene Probleme und eine kontinuierliche \u00dcberwachung identifiziert.<\/p>\n<h3>Wie das Tool Ihnen helfen kann<\/h3>\n<p><strong>Identifiziert \u00fcbergro\u00dfe Inhalte: <\/strong>analysiert Seitengr\u00f6\u00dfen und hebt gro\u00dfe Dateien hervor, die die Ladezeiten verlangsamen.<\/p>\n<p><strong>Optimiert Inhaltsdimensionen: <\/strong>stellt sicher, dass URLs innerhalb der idealen Gr\u00f6\u00dfenbeschr\u00e4nkungen bleiben, um eine bessere Indizierung und Platzierung in Suchmaschinen zu erzielen.<\/p>\n<p><strong>\u00dcberwacht Seitengr\u00f6\u00dfen: <\/strong>verfolgt Variationen im Laufe der Zeit und hilft dabei, wachsende Gr\u00f6\u00dfen zu erkennen und zu verwalten, bevor sie die Leistung beeintr\u00e4chtigen.<\/p>\n<h3>Hauptfunktionen des Tools<\/h3>\n<p><strong>Einheitliches Dashboard: <\/strong>Bietet einen zentralen Hub zur Verfolgung der Website-Leistung und von SEO-Problemen an einem Ort.<\/p>\n<p><strong>Benutzerfreundliche Oberfl\u00e4che: <\/strong>Entwickelt f\u00fcr eine einfache Verwendung mit intuitiver Navigation, sodass die Website-Analyse f\u00fcr alle Benutzer zug\u00e4nglich ist.<\/p>\n<p><strong>Komplettes SEO-Toolset: <\/strong>Bietet eine umfassende Palette an Tools f\u00fcr SEO-Analysen, Site-Audits, Ranking-Tracking und kontinuierliche Optimierung.<\/p>\n<h2 id=\"par2\">So verwenden Sie das Tool<\/h2>\n<p>Um den Page Weight Checker zu verwenden, w\u00e4hlen Sie einfach eine Audit-Option entsprechend Ihren Anforderungen. W\u00e4hlen Sie \u201eSeitengr\u00f6\u00dfe der Seite testen\u201c f\u00fcr eine sofortige \u00dcberpr\u00fcfung der Gr\u00f6\u00dfe einer einzelnen Seite oder \u201eSeitengr\u00f6\u00dfen aller Seiten testen\u201c f\u00fcr eine vollst\u00e4ndige Website-Analyse. Nachdem Sie Ihre bevorzugte Option ausgew\u00e4hlt haben, klicken Sie auf \u201eAudit starten\u201c, um den Bericht zu erstellen und alle gr\u00f6\u00dfenbezogenen Probleme zu identifizieren.<\/p>\n<h2 id=\"par3\">Seitengr\u00f6\u00dfen-Checker f\u00fcr alle Website-URLs<\/h2>\n<h3>Schritt 1: Geben Sie Ihre Domain-URL-Adresse ein und w\u00e4hlen Sie die Option \u201eAlle Seiten\u201c<\/h3>\n<div class=\"content__img-wrap\"><img src=\"https:\/\/sitechecker.pro\/wp-content\/uploads\/2025\/02\/test-page-sizes-all-pages.png\" alt=\"Seitengr\u00f6\u00dfen aller Seiten testen\" class=\"description-img description-img-zoom\" loading=\"lazy\" ><\/div>\n<div class=\"important-block\">Um Ergebnisse zu erhalten und 14 Tage lang auf die Funktionen von Sitechecker zuzugreifen, starten Sie Ihre KOSTENLOSE Testversion. Die Anmeldung ist ganz einfach mit Ihrem E-Mail-, Google- oder Facebook-Konto. Sie ben\u00f6tigen keine Kreditkarte.<\/div>\n<h3>Schritt 2: Erhalten Sie die Ergebnisse<\/h3>\n<p>Identifizieren Sie \u00fcbergro\u00dfe URLs, die Ihre Website verlangsamen, SEO-Rankings beeintr\u00e4chtigen und Conversions reduzieren k\u00f6nnen. Erhalten Sie eine detaillierte Analyse der Gewichte, der betroffenen Seiten und Optimierungsempfehlungen zur Leistungssteigerung.<\/p>\n<div class=\"content__img-wrap\"><img src=\"https:\/\/sitechecker.pro\/wp-content\/uploads\/2025\/02\/check-page-size-issues.png\" alt=\"Seitengr\u00f6\u00dfenprobleme pr\u00fcfen\" class=\"description-img description-img-zoom\" loading=\"lazy\" ><\/div>\n<h3>Zus\u00e4tzliche Funktionen<\/h3>\n<p>Gewinnen Sie tiefere Einblicke \u00fcber die Seitengr\u00f6\u00dfe hinaus, einschlie\u00dflich kritischer SEO-Probleme, Geschwindigkeitsleistung, Indexierungsstatus und Linkintegrit\u00e4t. Identifizieren Sie betroffene URLs, kategorisieren Sie Probleme und greifen Sie auf detaillierte Berichte mit Optimierungsempfehlungen zu, um die Website-Effizienz zu verbessern.<\/p>\n<div class=\"content__img-wrap\"><img src=\"https:\/\/sitechecker.pro\/wp-content\/uploads\/2025\/02\/site-audit-issues-2.png\" alt=\"Site Audit Issues\" class=\"description-img description-img-zoom\" loading=\"lazy\" ><\/div>\n<h2 id=\"par4\">Webseitengr\u00f6\u00dfen-Checker<\/h2>\n<h3>Schritt 1: Geben Sie die URL-Adresse der Seite ein und klicken Sie auf \u201eAudit starten\u201c<\/h3>\n<div class=\"content__img-wrap\"><img src=\"https:\/\/sitechecker.pro\/wp-content\/uploads\/2025\/02\/test-page-size.png\" alt=\"Seitengr\u00f6\u00dfe testen\" class=\"description-img description-img-zoom\" loading=\"lazy\" ><\/div>\n<h3>Schritt 2: Erhalten Sie die Ergebnisse<\/h3>\n<p>Erhalten Sie sofortige Einblicke in Ihr URL-Gewicht, einschlie\u00dflich Gesamtgewicht in MB, Statuscode, Indexierbarkeit und Leistungseinbu\u00dfen. Identifizieren Sie \u00fcbergro\u00dfe URLs, die sich auf Ladegeschwindigkeit und SEO auswirken k\u00f6nnen, und sorgen Sie so f\u00fcr optimale Website-Effizienz.<\/p>\n<div class=\"content__img-wrap\"><img src=\"https:\/\/sitechecker.pro\/wp-content\/uploads\/2025\/02\/on-page-seo-checker-page-size.png\" alt=\"On Page SEO Checker Seitengr\u00f6\u00dfe\" class=\"description-img description-img-zoom\" loading=\"lazy\" ><\/div>\n<p>Entfesseln Sie das volle Potenzial des Tools im Abschnitt Site Audit. Probieren Sie die Demo aus, um zu sehen, wie es kritische SEO-Probleme erkennt, die Website-Leistung verbessert und die technische Optimierung rationalisiert.<\/p>\n<div class=\"content__img-wrap\"><img src=\"https:\/\/sitechecker.pro\/wp-content\/uploads\/2025\/02\/site-audit-2.png\" alt=\"Site Audit\" class=\"description-img description-img-zoom\" loading=\"lazy\" ><\/div>\n<h3>Zus\u00e4tzliche Funktionen der Seitengr\u00f6\u00dfenpr\u00fcfung<\/h3>\n<p>Erhalten Sie eine vollst\u00e4ndige Webseitenanalyse, einschlie\u00dflich Geschwindigkeitseinblicke, SEO-Warnungen, Inhaltsoptimierung und Indexierungsstatus. Identifizieren Sie langsame Ladezeiten, defekte Links und Indexierungsprobleme. Das Navigationsfeld rationalisiert SEO-Korrekturen, verbessert die Geschwindigkeit, optimiert Inhalte und verbessert Bilder mit umsetzbaren Empfehlungen.<\/p>\n<div class=\"content__img-wrap\"><img src=\"https:\/\/sitechecker.pro\/wp-content\/uploads\/2025\/02\/issues-overview-2.png\" alt=\"Problem\u00fcbersicht\" class=\"description-img description-img-zoom\" loading=\"lazy\" ><\/div>\n<h2 id=\"par5\">Abschlie\u00dfende Idee<\/h2>\n<p>Der Online-Website-Gr\u00f6\u00dfenpr\u00fcfer hilft bei der Analyse der Gr\u00f6\u00dfe von Webseiten, um Leistung und SEO zu optimieren. Er bietet schnelle Pr\u00fcfungen einzelner URLs und vollst\u00e4ndige Site-Audits, um \u00fcbergro\u00dfe Seiten und damit verbundene Probleme zu identifizieren. Das Tool verfolgt Gewichtsschwankungen, sorgt f\u00fcr optimale Indizierung und bietet umsetzbare Empfehlungen zur Verbesserung. Mit einem einheitlichen Dashboard, einer benutzerfreundlichen Oberfl\u00e4che und einem vollst\u00e4ndigen SEO-Toolset vereinfacht es die Website-Analyse. Zu den zus\u00e4tzlichen Funktionen geh\u00f6ren wichtige SEO-Einblicke, Geschwindigkeitsleistungsbewertung und \u00dcberwachung des Indizierungsstatus.<\/p>\n<div id=\"par6\"><\/div>\n<p><div class=\"front__faq-block\"><div class=\"faq__block-title\">FAQ<\/div><div class=\"panel-group\" id=\"faq-accordion\" itemscope itemtype=\"https:\/\/schema.org\/FAQPage\" role=\"tablist\" aria-multiselectable=\"true\"><div class=\"panel\" itemscope itemtype=\"https:\/\/schema.org\/Question\" itemprop=\"mainEntity\">\n                            <div class=\"panel-heading\" id=\"headingFaq-1\">\n                                <div class=\"panel-title\" data-toggle=\"collapse\" aria-expanded=\"false\" href=\"#collapseFaq-1\">\n                                    <h3 itemprop=\"name\">Was ist der Unterschied zwischen der \u00dcberpr\u00fcfung der Gr\u00f6\u00dfe einer einzelnen URL und der Pr\u00fcfung aller Seiten?<\/h3>\n                                <\/div>\n                            <\/div>\n                            <div id=\"collapseFaq-1\" class=\"panel-collapse collapse\" itemprop=\"acceptedAnswer\" itemscope itemtype=\"http:\/\/schema.org\/Answer\">\n                                <div class=\"panel-body\" itemprop=\"text\">Die \u00dcberpr\u00fcfung einer einzelnen URL liefert sofortige Einblicke in die Gewichtung, w\u00e4hrend eine vollst\u00e4ndige Website-Pr\u00fcfung \u00fcbergro\u00dfe Inhalte und Leistungsprobleme erkennt.<\/div>\n                            <\/div>\n                        <\/div><div class=\"panel\" itemscope itemtype=\"https:\/\/schema.org\/Question\" itemprop=\"mainEntity\">\n                            <div class=\"panel-heading\" id=\"headingFaq-2\">\n                                <div class=\"panel-title\" data-toggle=\"collapse\" aria-expanded=\"false\" href=\"#collapseFaq-2\">\n                                    <h3 itemprop=\"name\">Unterst\u00fctzt der Seitengr\u00f6\u00dfendetektor eine kontinuierliche \u00dcberwachung?<\/h3>\n                                <\/div>\n                            <\/div>\n                            <div id=\"collapseFaq-2\" class=\"panel-collapse collapse\" itemprop=\"acceptedAnswer\" itemscope itemtype=\"http:\/\/schema.org\/Answer\">\n                                <div class=\"panel-body\" itemprop=\"text\">Ja, das Tool verfolgt \u00c4nderungen der Seitengewichtung im Laufe der Zeit und hilft dabei, Erh\u00f6hungen zu erkennen und zu verwalten, bevor sie sich auf die Leistung auswirken.<\/div>\n                            <\/div>\n                        <\/div><div class=\"panel\" itemscope itemtype=\"https:\/\/schema.org\/Question\" itemprop=\"mainEntity\">\n                            <div class=\"panel-heading\" id=\"headingFaq-3\">\n                                <div class=\"panel-title\" data-toggle=\"collapse\" aria-expanded=\"false\" href=\"#collapseFaq-3\">\n                                    <h3 itemprop=\"name\">Gibt es eine M\u00f6glichkeit, Website-Pr\u00fcfungen zu automatisieren?<\/h3>\n                                <\/div>\n                            <\/div>\n                            <div id=\"collapseFaq-3\" class=\"panel-collapse collapse\" itemprop=\"acceptedAnswer\" itemscope itemtype=\"http:\/\/schema.org\/Answer\">\n                                <div class=\"panel-body\" itemprop=\"text\">Ja, Sitechecker bietet geplantes Crawling und automatische \u00dcberwachung, um SEO- und Leistungs\u00e4nderungen zu verfolgen.<\/div>\n                            <\/div>\n                        <\/div><div class=\"panel\" itemscope itemtype=\"https:\/\/schema.org\/Question\" itemprop=\"mainEntity\">\n                            <div class=\"panel-heading\" id=\"headingFaq-4\">\n                                <div class=\"panel-title\" data-toggle=\"collapse\" aria-expanded=\"false\" href=\"#collapseFaq-4\">\n                                    <h3 itemprop=\"name\">Was passiert, wenn meine Seite zu gro\u00df ist?<\/h3>\n                                <\/div>\n                            <\/div>\n                            <div id=\"collapseFaq-4\" class=\"panel-collapse collapse\" itemprop=\"acceptedAnswer\" itemscope itemtype=\"http:\/\/schema.org\/Answer\">\n                                <div class=\"panel-body\" itemprop=\"text\">Das Tool bietet Empfehlungen wie das Komprimieren von Bildern, Minimieren von Code und Optimieren von Ressourcen, um Gewicht zu reduzieren und die Leistung zu verbessern.<\/div>\n                            <\/div>\n                        <\/div><div class=\"panel\" itemscope itemtype=\"https:\/\/schema.org\/Question\" itemprop=\"mainEntity\">\n                            <div class=\"panel-heading\" id=\"headingFaq-5\">\n                                <div class=\"panel-title\" data-toggle=\"collapse\" aria-expanded=\"false\" href=\"#collapseFaq-5\">\n                                    <h3 itemprop=\"name\">Bietet das Tool Empfehlungen zum Beheben erkannter Probleme?<\/h3>\n                                <\/div>\n                            <\/div>\n                            <div id=\"collapseFaq-5\" class=\"panel-collapse collapse\" itemprop=\"acceptedAnswer\" itemscope itemtype=\"http:\/\/schema.org\/Answer\">\n                                <div class=\"panel-body\" itemprop=\"text\">Ja, f\u00fcr jedes identifizierte Problem gibt es umsetzbare Korrekturen zur Optimierung der Website-Leistung und SEO.<\/div>\n                            <\/div>\n                        <\/div><\/div><\/div><\/p>","protected":false},"excerpt":{"rendered":"Was ist der Page Size Checker? Der Page Size Checker von Sitechecker ist ein Tool, das die Gr\u00f6\u00dfe von Webseiten in Megabyte analysiert, um die Leistung zu optimieren. Es bietet zwei Pr\u00fcfoptionen: eine schnelle \u00dcberpr\u00fcfung der Gr\u00f6\u00dfe einer einzelnen Seite und eine umfassende Analyse aller Website-URLs, die \u00fcbergro\u00dfe URLs, gr\u00f6\u00dfenbezogene Probleme und eine kontinuierliche \u00dcberwachung&#8230;","protected":false},"author":10409641,"featured_media":3353,"parent":0,"menu_order":0,"comment_status":"closed","ping_status":"closed","template":"pages-templates\/pages-minitools-3.php","meta":[],"categories":[74],"tags":[],"_links":{"self":[{"href":"https:\/\/sitechecker.pro\/de\/wp-json\/wp\/v2\/pages\/1133"}],"collection":[{"href":"https:\/\/sitechecker.pro\/de\/wp-json\/wp\/v2\/pages"}],"about":[{"href":"https:\/\/sitechecker.pro\/de\/wp-json\/wp\/v2\/types\/page"}],"author":[{"embeddable":true,"href":"https:\/\/sitechecker.pro\/de\/wp-json\/wp\/v2\/users\/10409641"}],"replies":[{"embeddable":true,"href":"https:\/\/sitechecker.pro\/de\/wp-json\/wp\/v2\/comments?post=1133"}],"version-history":[{"count":89,"href":"https:\/\/sitechecker.pro\/de\/wp-json\/wp\/v2\/pages\/1133\/revisions"}],"predecessor-version":[{"id":39296,"href":"https:\/\/sitechecker.pro\/de\/wp-json\/wp\/v2\/pages\/1133\/revisions\/39296"}],"wp:featuredmedia":[{"embeddable":true,"href":"https:\/\/sitechecker.pro\/de\/wp-json\/wp\/v2\/media\/3353"}],"wp:attachment":[{"href":"https:\/\/sitechecker.pro\/de\/wp-json\/wp\/v2\/media?parent=1133"}],"wp:term":[{"taxonomy":"category","embeddable":true,"href":"https:\/\/sitechecker.pro\/de\/wp-json\/wp\/v2\/categories?post=1133"},{"taxonomy":"post_tag","embeddable":true,"href":"https:\/\/sitechecker.pro\/de\/wp-json\/wp\/v2\/tags?post=1133"}],"curies":[{"name":"wp","href":"https:\/\/api.w.org\/{rel}","templated":true}]}}