{"id":11222,"date":"2020-12-31T11:50:06","date_gmt":"2020-12-31T09:50:06","guid":{"rendered":"https:\/\/sitechecker.pro\/?page_id=11222"},"modified":"2024-10-09T16:04:02","modified_gmt":"2024-10-09T16:04:02","slug":"ghost-hosting","status":"publish","type":"page","link":"https:\/\/sitechecker.pro\/de\/web-hosting\/ghost-hosting\/","title":{"rendered":"Das beste Ghost-Hosting f\u00fcr Ihr Unternehmen | Sitechecker"},"content":{"rendered":"<p><span style=\"font-weight: 400;\">Wenn Sie mit der Erstellung eines Blogs beginnen, sollten Sie das geeignete Hosting ausw\u00e4hlen, das alle Aspekte eines erfolgreichen Bloggens abdeckt. Zum Beispiel erm\u00f6glicht das Hosten von Ghost-Blogs das Schreiben, Bearbeiten und Ver\u00f6ffentlichen von Beitr\u00e4gen ganz einfach und schnell. So k\u00f6nnen Sie sich auf das Schreiben konzentrieren, ohne von unn\u00f6tigen technischen Problemen abgelenkt zu werden.<\/span><\/p>\n<p><span style=\"font-weight: 400;\">Wir haben die besten Dienste f\u00fcr Ghost-Hosting zusammengestellt, die ihre Funktionen und Funktionen beschreiben, um Ihnen den besten Dienstanbieter n\u00e4her zu bringen.<\/span><\/p>\n<h2><span style=\"font-weight: 400;\">Die 7 besten Ghost-Hosting-Plattformen f\u00fcr Ihr Blog<\/span><\/h2>\n<ol>\n<li><a href=\"#ik_a2hosting\">A2 Hosting<\/a> \u2013 Bestes \u201eGesamt\u201c Ghost-Hosting<\/li>\n<li><a href=\"#ik_interserver\">InterServer<\/a> \u2013 Bestes \u201eG\u00fcnstiges\u201c Ghost-Hosting<\/li>\n<li><a href=\"#ik_hostpapa\">HostPapa<\/a> \u2013 Bestes \u201eStartup\u201c Ghost-Hosting<\/li>\n<li><a href=\"#ik_hostwinds\">Hostwinds<\/a> \u2013 Bestes \u201eISO\u201c Ghost-Hosting<\/li>\n<li><a href=\"#ik_inmotion\">InMotion<\/a> \u2013 Bestes \u201eSSD\u201c Ghost-Hosting<\/li>\n<li><a href=\"#ik_bluehost\">BlueHost<\/a> \u2013 Bestes \u201eMa\u00dfstabsgerechtes\u201c Ghost-Hosting<\/li>\n<li><a href=\"#ik_hostgator\">HostGator<\/a> \u2013 Bestes \u201eAll-inclusive\u201c Ghost-Hosting<\/li>\n<\/ol>\n<h2><span style=\"font-weight: 400;\">Wie w\u00e4hlt man den besten Ghost Host aus?<\/span><\/h2>\n<p><span style=\"font-weight: 400;\">Bevor Sie sich f\u00fcr ein geeignetes Hosting entscheiden, sollten Sie drei Hauptpunkte beachten: Funktionen, Zuverl\u00e4ssigkeit und Preis. Im Folgenden beschreiben wir jeden von ihnen genauer.<\/span><\/p>\n<h3><span style=\"font-weight: 400;\">Faktor 1 &#8211; Funktionen<\/span><\/h3>\n<p><span style=\"font-weight: 400;\">Es ist ziemlich offensichtlich. Sie sollten genau analysieren, was Sie f\u00fcr Ihren Blog ben\u00f6tigen. Welche Funktionen sollte der Dienst haben? Vielleicht ben\u00f6tigen Sie kostenlose Backups oder einen unbegrenzten Speicherplatz? Versuchen Sie nicht gleich alle Funktionen auf dem Markt zu erhalten, sondern versuchen Sie zu verstehen, welche davon f\u00fcr Ihr Unternehmen unerl\u00e4sslich sind und finden Sie den passenden Service.<\/span><\/p>\n<h3><span style=\"font-weight: 400;\">Faktor 2 &#8211; Zuverl\u00e4ssigkeit<\/span><\/h3>\n<p><span style=\"font-weight: 400;\">Es gibt viele neue und alte Dienste. Die neuen k\u00f6nnen Ihnen bessere Preise und interessante Funktionen bieten, aber Sie sollten Risiken einsch\u00e4tzen und Bewertungen von fr\u00fcheren Kunden finden. Es wird Ihnen helfen zu verstehen, ob Ihr zuk\u00fcnftiger Partner ein zuverl\u00e4ssiges Unternehmen ist, das qualitativ hochwertige Dienstleistungen erbringt. Wenn Sie einen pers\u00f6nlichen Blog haben, schaden Ihnen kleine Ausfallzeiten vielleicht nicht viel, aber wenn wir \u00fcber Gesch\u00e4fte sprechen, ist dies eine wichtige Sache.<\/span><\/p>\n<h3><span style=\"font-weight: 400;\">Faktor 3 &#8211; Preisgestaltung<\/span><\/h3>\n<p><span style=\"font-weight: 400;\">Trotz der Gr\u00f6\u00dfe Ihres Unternehmens haben Sie ein gewisses Budget f\u00fcr Marketingaktivit\u00e4ten und Blogging. Der Ghost-Hosting-Service sollte dieses Budget erf\u00fcllen und f\u00fcr Ihr Unternehmen erschwinglich sein. M\u00f6glicherweise ben\u00f6tigen Sie kostenloses Ghost-Hosting oder sind bereit f\u00fcr die kostenpflichtigen. Deshalb haben wir f\u00fcr jeden Service Preise geschrieben, damit Sie beim Lesen dieses Textes entscheiden k\u00f6nnen.<\/span><\/p>\n<h2><span style=\"font-weight: 400;\">Verschiedene Arten von besten Ghost Hosts\u00a0<\/span><\/h2>\n<p><span style=\"font-weight: 400;\">Es gibt drei Arten von Ghost-Hosting. Sie haben unterschiedliche Preise und Funktionen. Sie k\u00f6nnen unsere Beschreibung lesen und entscheiden, was f\u00fcr Sie besser ist.<\/span><\/p>\n<h3><span style=\"font-weight: 400;\">Gemeinsam genutztes Hosting (Shared Hosting)<\/span><\/h3>\n<p><span style=\"font-weight: 400;\">Dies ist eine sehr beliebte Art des Hostings, insbesondere f\u00fcr Benutzer, die die ersten Websites mit Blogs erstellen. Wie Sie dem Namen entnehmen k\u00f6nnen, teilen Sie sich beim \u201cShared Hosting\u201d oder gemeinsam genutzten Hosting den Serverraum mit anderen Benutzern. So werden viele Websites auf einem Server gestartet. Alle Benutzer sollten sich den Speicherplatz, den Arbeitsspeicher, die CPU und andere Ressourcen teilen. Die n\u00e4chste Analogie ist ein Mehrfamilienhaus, in dem Sie Ihre eigene Wohnung und gemeinsam nutzbare Ressourcen wie Parkpl\u00e4tze und Aufz\u00fcge haben. Dies ist die einfachste und g\u00fcnstigste Art des Hostings. Es eignet sich f\u00fcr pers\u00f6nliche Blogs oder Blogs von kleinen Unternehmen.<\/span><\/p>\n<p><span style=\"font-weight: 400;\">Erfahren Sie noch heute mehr \u00fcber das <\/span><span style=\"font-weight: 400;\">beste Shared Hosting<\/span><span style=\"font-weight: 400;\"> als den richtigen Einstieg in Ihr Webprojekt.<\/span><\/p>\n<h3><span style=\"font-weight: 400;\">VPS (Virtual Private Server) Hosting<\/span><\/h3>\n<p><span style=\"font-weight: 400;\">Es hat \u00e4hnliche Funktionen wie Shared Hosting. Sie teilen Ressourcen mit anderen Benutzern, aber es gibt weniger Websites und der Speicher wird f\u00fcr jeden Benutzer (Website) auf eine andere Umgebung aufgeteilt. Dieser Hosting-Typ bietet das Basispaket an Ressourcen f\u00fcr jeden Benutzer, Sie k\u00f6nnen jedoch auch zus\u00e4tzliche Funktionen bestellen. Apropos Analogie, VPS ist wie eine Eigentumswohnung. Sie teilen sich immer noch Territorium mit anderen Menschen, haben aber mehr Freiheit und einen eigenen Parkplatz.\u00a0<\/span><\/p>\n<p><span style=\"font-weight: 400;\">Sehen Sie, was <\/span><span style=\"font-weight: 400;\">g\u00fcnstiges VPS-Hosting<\/span><span style=\"font-weight: 400;\"> im Detail bieten kann.<\/span><\/p>\n<h3><span style=\"font-weight: 400;\">Dedicated Hosting<\/span><\/h3>\n<p><span style=\"font-weight: 400;\">Es stellt Ihren eigenen Server f\u00fcr den pers\u00f6nlichen Gebrauch bereit. Sie haben alle Rechte und k\u00f6nnen die Umgebung nach Bedarf anpassen. Dies ist die teuerste Art des Hostings. Sie erhalten jedoch einen vollst\u00e4ndig angepassten Server mit der gesamten Kapazit\u00e4t nur f\u00fcr Ihren Blog oder Ihre Website. Somit sind das Sicherheitsniveau und die Leistung viel h\u00f6her als bei anderen Typen. Die n\u00e4chste Analogie ist das eigene Haus. Sie k\u00f6nnen tun und lassen, was Sie wollen, aber die Verantwortung liegt auch bei Ihnen.<\/span><\/p>\n<p><span style=\"font-weight: 400;\">Profitieren Sie vom <\/span><span style=\"font-weight: 400;\">g\u00fcnstigen dedizierten Hosting und<\/span><span style=\"font-weight: 400;\"> nutzen Sie die volle Serverkapazit\u00e4t f\u00fcr Ihre Website.<\/span><\/p>\n<h2 id=\"ik_a2hosting\">#1 \u2013 <a style=\"font-size: 32px;\" href=\"https:\/\/www.a2hosting.com?aid=5fdcbd252ad90\">A2 Hosting<\/a> \u2013 Bestes \u201eGesamt\u201c Ghost-Hosting<\/h2>\n<p><span style=\"font-weight: 400;\">Dieser Dienst verf\u00fcgt \u00fcber eine reine SSD-Infrastruktur, die die Leistung bis zu 20-fach steigern kann. Mit der nativen effizienten Plattform namens SwiftServer bietet es sowohl verwaltete als auch nicht verwaltete Hosting-Pakete. Dieser Service verf\u00fcgt \u00fcber cPanel, optimiertes Caching, unbegrenzte Optionen und eine jederzeitige Geld-zur\u00fcck-Garantie. Der Preis beginnt jetzt bei 2,48 \u20ac pro Monat.<\/span><\/p>\n<div class=\"content__img-wrap\"><img src=\"https:\/\/sitechecker.pro\/wp-content\/uploads\/2020\/12\/Best-ghost-hosting-A2-hosting.png\" alt=\"Bestes Ghost-Hosting - A2-Hosting\" class=\"description-img description-img-zoom\" loading=\"lazy\" ><\/div>\n<p><span style=\"font-weight: 400;\">Weitere Funktionen und Vorteile:<\/span><\/p>\n<ul>\n<li style=\"font-weight: 400;\" aria-level=\"1\"><span style=\"font-weight: 400;\">kostenloser Virus Scan und erweiterte Sicherheit;<\/span><\/li>\n<li style=\"font-weight: 400;\" aria-level=\"1\"><span style=\"font-weight: 400;\">unbegrenzte E-Mails und Datenbanken;<\/span><\/li>\n<li style=\"font-weight: 400;\" aria-level=\"1\"><span style=\"font-weight: 400;\">24\/7 Support (E-Mail, Tickets und Telefon.<\/span><\/li>\n<\/ul>\n<p><b>Serverstandort: <\/b><span style=\"font-weight: 400;\">USA, Niederlande, Singapur<\/span><\/p>\n<h2 id=\"ik_interserver\">#2 \u2013 <a style=\"font-size: 32px;\" href=\"https:\/\/www.interserver.net\/r\/692607\">InterServer<\/a> \u2013 Bestes \u201eG\u00fcnstiges\u201c Ghost-Hosting<\/h2>\n<p><span style=\"font-weight: 400;\">InterServer hat eine ziemlich lange Geschichte. Das Projekt startete im Jahr 1999 und umfasst mittlerweile mehr als 20 Jahre Erfahrung. Dies ist ein zuverl\u00e4ssiger Service, der Webhosting, Speicher, Server und Cloud-VPS bietet. Apropos Hosting: InterServer bietet ein einfach zu bedienendes Control Panel, eine Fixpreisgarantie, kostenlose Migrationsdienste, garantierte E-Mail-Zustellung, und Nutzung von nur 50 % der Serverkapazit\u00e4t, um das Wachstum der Websites der Kunden zu unterst\u00fctzen. Weitere<\/span><\/p>\n<div class=\"content__img-wrap\"><img src=\"https:\/\/sitechecker.pro\/wp-content\/uploads\/2020\/12\/Best-ghost-hosting-InterServer.jpg\" alt=\"Bestes g\u00fcnstiges Ghost-Hosting - InterServer\" class=\"description-img description-img-zoom\" loading=\"lazy\" ><\/div>\n<p><span style=\"font-weight: 400;\">Funktionen und Vorteile:<\/span><\/p>\n<ul>\n<li style=\"font-weight: 400;\" aria-level=\"1\"><span style=\"font-weight: 400;\">Festpreis ohne pl\u00f6tzliche Erh\u00f6hungen (Fixpreis);<\/span><\/li>\n<li style=\"font-weight: 400;\" aria-level=\"1\"><span style=\"font-weight: 400;\">99,9 % Verf\u00fcgbarkeit;<\/span><\/li>\n<li style=\"font-weight: 400;\" aria-level=\"1\"><span style=\"font-weight: 400;\">unbegrenzte E-Mails und Daten\u00fcbertragung.<\/span><\/li>\n<\/ul>\n<p><b>Serverstandort: <\/b><span style=\"font-weight: 400;\">USA<\/span><\/p>\n<h2 id=\"ik_hostpapa\">#3 \u2013 <a style=\"font-size: 32px;\" href=\"https:\/\/tracking.opienetwork.com\/aff_c?offer_id=437\">HostPapa<\/a> \u2013 Bestes \u201eStartup\u201c Ghost-Hosting<\/h2>\n<p><span style=\"font-weight: 400;\">Dieser Dienst bezeichnet sich selbst als \u201eintelligentes Hosting f\u00fcr kleine Unternehmen&#8221;. Wenn Sie also kein Unternehmen sind, probieren Sie HostPapa aus. Es umfasst Hosting, E-Mail und mehr als 400 Anwendungen. Dieser Dienst hat auch schnellen Support, sie antworten auf Kundendienst Tickets in 10 Minuten und Sie k\u00f6nnen per E-Mail oder Online-Chat schreiben oder den Support anrufen und eine schnelle Antwort erhalten. Und wenn HostPapa Ihre Erwartungen nicht erf\u00fcllt, bieten sie eine risikolose 30-Tage-Geld-zur\u00fcck-Garantie an.<\/span><\/p>\n<div class=\"content__img-wrap\"><img src=\"https:\/\/sitechecker.pro\/wp-content\/uploads\/2020\/12\/Best-ghost-hosting-HostPapa.jpg\" alt=\"Bestes Startup-Ghost-Hosting - HostPapa\" class=\"description-img description-img-zoom\" loading=\"lazy\" ><\/div>\n<p><span style=\"font-weight: 400;\">Weitere Funktionen und Vorteile:<\/span><\/p>\n<ul>\n<li style=\"font-weight: 400;\" aria-level=\"1\"><span style=\"font-weight: 400;\">verbesserte SSD-Server;<\/span><\/li>\n<li style=\"font-weight: 400;\" aria-level=\"1\"><span style=\"font-weight: 400;\">kostenlose VPS-Migration;<\/span><\/li>\n<li style=\"font-weight: 400;\" aria-level=\"1\"><span style=\"font-weight: 400;\">unbegrenzte Domains hosten.<\/span><\/li>\n<\/ul>\n<p><b>Serverstandort: <\/b><span style=\"font-weight: 400;\">USA, Kanada<\/span><\/p>\n<h2 id=\"ik_hostwinds\">#4 \u2013 <a style=\"font-size: 32px;\" href=\"https:\/\/www.hostwinds.com\/9435.html\">Hostwinds<\/a> \u2013 Bestes \u201eISO\u201c Ghost-Hosting<\/h2>\n<p><span style=\"font-weight: 400;\">Dieses Tool bietet Cloud-Hosting mit st\u00fcndlicher oder monatlicher Abrechnung, automatischen n\u00e4chtlichen Backups und kostenloser \u00dcberwachung rund um die Uhr. Sie k\u00f6nnen es unter Windows und Linux verwenden. Hostwinds erm\u00f6glicht die Anpassung seiner Server mithilfe von ISO-Snapshots. Sie bieten auch Echtzeit\u00fcberwachung, verwaltete und nicht verwaltete L\u00f6sungen, Apps und Skript Bibliotheken.<\/span><\/p>\n<div class=\"content__img-wrap\"><img src=\"https:\/\/sitechecker.pro\/wp-content\/uploads\/2020\/12\/Best-ghost-hosting-Hostwinds.jpg\" alt=\"Bestes ISO-Ghost-Hosting - Hostwinds\" class=\"description-img description-img-zoom\" loading=\"lazy\" ><\/div>\n<p><span style=\"font-weight: 400;\">Weitere Funktionen und Vorteile:<\/span><\/p>\n<ul>\n<li style=\"font-weight: 400;\" aria-level=\"1\"><span style=\"font-weight: 400;\">sofortige Upgrades ohne Ausfallzeiten;<\/span><\/li>\n<li style=\"font-weight: 400;\" aria-level=\"1\"><span style=\"font-weight: 400;\">automatische Sicherungen in der Nacht;<\/span><\/li>\n<li style=\"font-weight: 400;\" aria-level=\"1\"><span style=\"font-weight: 400;\">benutzerdefinierte ISO.<\/span><\/li>\n<\/ul>\n<p><b>Serverstandort: <\/b><span style=\"font-weight: 400;\">USA, Niederlande<\/span><\/p>\n<h2 id=\"ik_inmotion\">#5 \u2013 <a style=\"font-size: 32px;\" href=\"https:\/\/ua.inmotionhosting.com\/cgi-bin\/gby\/clickthru.cgi?id=gmmediagroup\">InMotion<\/a> \u2013 Bestes \u201eSSD\u201c-Ghost-Hosting reinen<\/h2>\n<p><span style=\"font-weight: 400;\">Dieser Dienst war der erste, der aktiv die Nutzung von SSD-Servern und einem intelligenten Routing-Netzwerk f\u00fcr schnelles und nahtloses Hosting zur Verf\u00fcgung stellte. Es bietet kostenloses cPanel und Server-Management mit Updates und Patches, Cloud-Infrastruktur, Betriebssystem der Enterprise Klassifikation und Echtzeit-Redundanz. Sie k\u00f6nnen auch eine 90-t\u00e4gige Geld-zur\u00fcck-Garantie erhalten.<\/span><\/p>\n<div class=\"content__img-wrap\"><img src=\"https:\/\/sitechecker.pro\/wp-content\/uploads\/2021\/03\/InMotion-\u2013-Best-SSD-Ghost-Hosting.png\" alt=\"Bestes SSD-Ghost-Hosting - InMotion\" class=\"description-img description-img-zoom\" loading=\"lazy\" ><\/div>\n<p><span style=\"font-weight: 400;\">Weitere Funktionen und Vorteile:<\/span><\/p>\n<ul>\n<li style=\"font-weight: 400;\" aria-level=\"1\"><span style=\"font-weight: 400;\">Echtzeit-Redundanz;<\/span><\/li>\n<li style=\"font-weight: 400;\" aria-level=\"1\"><span style=\"font-weight: 400;\">kostenlose Serververwaltung;<\/span><\/li>\n<li style=\"font-weight: 400;\" aria-level=\"1\"><span style=\"font-weight: 400;\">unbegrenzte Datenbanken.<\/span><\/li>\n<\/ul>\n<p><b>Serverstandort: <\/b><span style=\"font-weight: 400;\">USA<\/span><\/p>\n<h2 id=\"ik_bluehost\">#6 \u2013 <a style=\"font-size: 32px;\" href=\"https:\/\/www.bluehost.com\/track\/gmmediagroup\/\" target=\"_blank\" rel=\"noopener noreferrer\">BlueHost<\/a> \u2013 Bestes \u201cMa\u00dfstabsgerechtes\u201dGhost-Hosting<\/h2>\n<p><span style=\"font-weight: 400;\">BlueHost bietet Kontrolle und Flexibilit\u00e4t f\u00fcr Ihre Ghost-Umgebung. Sie k\u00f6nnen nahtlose Migration, CodeGuard-Backups und SiteLock-Sicherheit verwenden. BlueHost bietet einen kostenlosen Domainnamen f\u00fcr das erste Jahr, Support rund um die Uhr und eine 30-t\u00e4gige Geld-zur\u00fcck-Garantie. Es verwendet KVM und OpenStack, um eine sofortige Skalierbarkeit Ihrer Ressourcen zu gew\u00e4hrleisten.<\/span><\/p>\n<div class=\"content__img-wrap\"><img src=\"https:\/\/sitechecker.pro\/wp-content\/uploads\/2020\/12\/Best-ghost-hosting-BlueHost.jpg\" alt=\"Bestes skalierbares Ghost-Hosting - BlueHost\" class=\"description-img description-img-zoom\" loading=\"lazy\" ><\/div>\n<p><span style=\"font-weight: 400;\">Weitere Funktionen und Vorteile:<\/span><\/p>\n<ul>\n<li style=\"font-weight: 400;\" aria-level=\"1\"><span style=\"font-weight: 400;\">unbegrenzte Bandbreite;<\/span><\/li>\n<li style=\"font-weight: 400;\" aria-level=\"1\"><span style=\"font-weight: 400;\">nahtlose Migration von gemeinsamen Pl\u00e4nen;<\/span><\/li>\n<li style=\"font-weight: 400;\" aria-level=\"1\"><span style=\"font-weight: 400;\">24\/7 verwaltet.<\/span><\/li>\n<\/ul>\n<p><b>Serverstandort: <\/b><span style=\"font-weight: 400;\">USA<\/span><\/p>\n<h2 id=\"ik_hostgator\">#7 \u2013 <a style=\"font-size: 32px;\" href=\"https:\/\/partners.hostgator.com\/jMrDa\">HostGator<\/a> \u2013 Bestes \u201eAll-Inclusive\u201cHosting<\/h2>\n<p><span style=\"font-weight: 400;\">-Ghost-Sie haben vielleicht von HostGator als Website-Builder geh\u00f6rt, aber jetzt ist seine Funktionalit\u00e4t viel breiter. Es umfasst Webhosting, Website-Builder und Domains. Hier k\u00f6nnen Sie verschiedene Hosting-Arten bestellen. Zum Beispiel VPS, Shared oder Dedicated Hosting. <\/span><\/p>\n<p><span style=\"font-weight: 400;\">Der Service bietet eine Verf\u00fcgbarkeitsgarantie von 99,9 % und Tools f\u00fcr Neulinge und Profis, einschlie\u00dflich Skalierbarkeit. HostGator existiert seit 2002 und hat einen guten Ruf auf dem Markt.<\/span><\/p>\n<div class=\"content__img-wrap\"><img src=\"https:\/\/sitechecker.pro\/wp-content\/uploads\/2020\/12\/Best-ghost-hosting-HostGator.jpg\" alt=\"Bestes All-Inclusive-Ghost-Hosting - HostGator\" class=\"description-img description-img-zoom\" loading=\"lazy\" ><\/div>\n<p><span style=\"font-weight: 400;\">Weitere Funktionen und Vorteile:<\/span><\/p>\n<ul>\n<li style=\"font-weight: 400;\" aria-level=\"1\"><span style=\"font-weight: 400;\">kostenlose Domain, Skript \u00dcbertragung und MySQL;<\/span><\/li>\n<li style=\"font-weight: 400;\" aria-level=\"1\"><span style=\"font-weight: 400;\">w\u00f6chentliche Backups;<\/span><\/li>\n<li style=\"font-weight: 400;\" aria-level=\"1\"><span style=\"font-weight: 400;\">komplette Anpassung.<\/span><\/li>\n<\/ul>\n<p><b>Serverstandort: <\/b><span style=\"font-weight: 400;\">USA<\/span><\/p>\n<h2><span style=\"font-weight: 400;\">Webhosting-Vergleiche<\/span><\/h2>\n<p><span style=\"font-weight: 400;\">Wenn Sie immer noch Zweifel haben, was Sie w\u00e4hlen sollen, k\u00f6nnen Sie verschiedene Dienste nacheinander vergleichen. Es ist ziemlich schwer, weil sie auf den ersten Blick \u00e4hnlich sind. Also haben wir ausf\u00fchrliche Artikel mit einem Vergleich verschiedener Tools geschrieben. Nach dem Lesen haben Sie eine Vorstellung davon, welcher Service zu Ihrem pers\u00f6nlichen oder kommerziellen Blog passt.<\/span><\/p>\n<ul>\n<li><a href=\"https:\/\/sitechecker.pro\/web-hosting\/namecheap-vs-bluehost\/\">Namecheap vs Bluehost: 2021 Ultimate Hosting Comparison<\/a><\/li>\n<li><a href=\"https:\/\/sitechecker.pro\/web-hosting\/siteground-vs-hostgator\/\">Siteground vs Hostgator: 2021 Ultimate Hosting Comparison<\/a><\/li>\n<li><a href=\"https:\/\/sitechecker.pro\/web-hosting\/namecheap-vs-godaddy\/\">Namecheap vs Godaddy: 2021 Ultimate Hosting Comparison<\/a><\/li>\n<\/ul>\n<h2><span style=\"font-weight: 400;\">N\u00fctzliche Hosting- und SEO-Tools<\/span><\/h2>\n<ul>\n<li style=\"font-weight: 400;\" aria-level=\"1\"><a href=\"https:\/\/sitechecker.pro\/hosting-checker\/\"><b>Hosting-Checker<\/b><\/a><span style=\"font-weight: 400;\"> &#8211; Finden Sie heraus, wo die Website gehostet wird und wer sie hostet.<\/span><\/li>\n<\/ul>\n<ul>\n<li style=\"font-weight: 400;\" aria-level=\"1\"><a href=\"https:\/\/sitechecker.pro\/website-down\/\"><b>Website nicht verf\u00fcgbar<\/b><\/a><span style=\"font-weight: 400;\"> &#8211; \u00dcberpr\u00fcfen Sie, ob die Website gerade f\u00fcr alle Benutzer oder nur f\u00fcr Sie ausgefallen ist.<\/span><\/li>\n<\/ul>\n<ul>\n<li style=\"font-weight: 400;\" aria-level=\"1\"><a href=\"https:\/\/sitechecker.pro\/speed-test\/\"><b>Geschwindigkeitstest<\/b><\/a><span style=\"font-weight: 400;\"> &#8211; \u00dcberpr\u00fcfen Sie die Geschwindigkeit der aktuellen Seite und sehen Sie, was Sie verbessern k\u00f6nnen, um die Geschwindigkeit zu erh\u00f6hen.<\/span><\/li>\n<\/ul>\n<ul>\n<li style=\"font-weight: 400;\" aria-level=\"1\"><a href=\"https:\/\/sitechecker.pro\/expired-domain-checker\/\"><b>Checker f\u00fcr abgelaufene Domains<\/b><\/a><span style=\"font-weight: 400;\"> &#8211; Holen Sie sich Informationen zum Ablaufdatum der Domain, um zu sehen, ob Sie sie kaufen k\u00f6nnen oder nicht.<\/span><\/li>\n<\/ul>\n<ul>\n<li style=\"font-weight: 400;\" aria-level=\"1\"><a href=\"https:\/\/sitechecker.pro\/website-safety\/\"><b>Website-Sicherheit<\/b><\/a><span style=\"font-weight: 400;\"> \u2013 Finden Sie heraus, ob eine Website sicher ist.<\/span><\/li>\n<li style=\"font-weight: 400;\" aria-level=\"1\"><a href=\"https:\/\/sitechecker.pro\/domain-availability\/\"><b>Domain-Verf\u00fcgbarkeit<\/b><\/a><span style=\"font-weight: 400;\"> &#8211; Finden Sie verf\u00fcgbare Domain-Namen f\u00fcr Ihre Website.\u00a0<\/span><\/li>\n<\/ul>\n<h2><span style=\"font-weight: 400;\">Beste Ghost-Hosts FAQ<\/span><\/h2>\n<h3><span style=\"font-weight: 400;\">Ist Ghost\u00a0 besser als WordPress?<\/span><\/h3>\n<p><span style=\"font-weight: 400;\">Was besser ist, ist schwer zu sagen. Beide Tools haben ihre eigenen Vorteile. Ghost und WordPress sind Open-Source-Tools. Beide sind flexibel, zuverl\u00e4ssig und sicher. Und beide k\u00f6nnen Sie verwenden, um einen bequemen pers\u00f6nlichen oder kommerziellen Blog zu erstellen.<\/span><\/p>\n<p><span style=\"font-weight: 400;\">Schauen wir uns nun die Unterschiede an. WordPress ist in PHP und Ghost in Node.js geschrieben. Ghost konzentriert sich mehr auf das Bloggen, w\u00e4hrend Sie mit WordPress sehr unterschiedliche Websites erstellen k\u00f6nnen. Ghost hat native Tools f\u00fcr SEO und WordPress ben\u00f6tigt zus\u00e4tzliche Plugins. WordPress ist beliebter und hat eine gr\u00f6\u00dfere Anzahl von Themen. Ghost ist jedoch schneller als WordPress und unterst\u00fctzt Markdown.<\/span><\/p>\n<p><span style=\"font-weight: 400;\">Wenn Sie also nach einem Blogging-Dienst suchen, ist Ghost besser, da er f\u00fcr das Bloggen erstellt wurde. Wenn Sie jedoch eine voll funktionsf\u00e4hige Website ben\u00f6tigen, k\u00f6nnen Sie WordPress ausprobieren.<\/span><\/p>\n<h3><span style=\"font-weight: 400;\">Gibt es kostenlose Ghost-Hosting Anbieter?<\/span><\/h3>\n<p><span style=\"font-weight: 400;\">Fast alle von uns aufgelisteten Ghost-Hosting-Anbieter haben kostenlose Pl\u00e4ne oder Testversionen. Einige von ihnen haben spezielle Angebote und Verk\u00e4ufe. Aber leider gibt es keine v\u00f6llig kostenlosen Dienstleister. Sie k\u00f6nnen einen nicht sehr teuren Plan w\u00e4hlen oder Sonderkonditionen und Werbeaktionen \u00fcberpr\u00fcfen.<\/span><\/p>\n<h3><span style=\"font-weight: 400;\">Wie hoch sind die Kosten f\u00fcr Ghost-Hosting?<\/span><\/h3>\n<p><span style=\"font-weight: 400;\">Wie Sie unserer Liste entnehmen k\u00f6nnen, gibt es unterschiedliche Preise. Sie h\u00e4ngen vom Tool, den ben\u00f6tigten Funktionen, dem Plan und den Sonderangeboten ab. Im Allgemeinen beginnen die Preise bei 4-5 EUR f\u00fcr Basispl\u00e4ne. Die PRO-Pl\u00e4ne kosten zwischen 40 und 100 EUR.<\/span><\/p>","protected":false},"excerpt":{"rendered":"Wenn Sie mit der Erstellung eines Blogs beginnen, sollten Sie das geeignete Hosting ausw\u00e4hlen, das alle Aspekte eines erfolgreichen Bloggens abdeckt. Zum Beispiel erm\u00f6glicht das Hosten von Ghost-Blogs das Schreiben, Bearbeiten und Ver\u00f6ffentlichen von Beitr\u00e4gen ganz einfach und schnell. So k\u00f6nnen Sie sich auf das Schreiben konzentrieren, ohne von unn\u00f6tigen technischen Problemen abgelenkt zu werden&#8230;.","protected":false},"author":10504980,"featured_media":11400,"parent":9033,"menu_order":0,"comment_status":"closed","ping_status":"closed","template":"pages-templates\/pages-v2.php","meta":[],"categories":[44],"tags":[],"_links":{"self":[{"href":"https:\/\/sitechecker.pro\/de\/wp-json\/wp\/v2\/pages\/11222"}],"collection":[{"href":"https:\/\/sitechecker.pro\/de\/wp-json\/wp\/v2\/pages"}],"about":[{"href":"https:\/\/sitechecker.pro\/de\/wp-json\/wp\/v2\/types\/page"}],"author":[{"embeddable":true,"href":"https:\/\/sitechecker.pro\/de\/wp-json\/wp\/v2\/users\/10504980"}],"replies":[{"embeddable":true,"href":"https:\/\/sitechecker.pro\/de\/wp-json\/wp\/v2\/comments?post=11222"}],"version-history":[{"count":8,"href":"https:\/\/sitechecker.pro\/de\/wp-json\/wp\/v2\/pages\/11222\/revisions"}],"predecessor-version":[{"id":33800,"href":"https:\/\/sitechecker.pro\/de\/wp-json\/wp\/v2\/pages\/11222\/revisions\/33800"}],"up":[{"embeddable":true,"href":"https:\/\/sitechecker.pro\/de\/wp-json\/wp\/v2\/pages\/9033"}],"wp:featuredmedia":[{"embeddable":true,"href":"https:\/\/sitechecker.pro\/de\/wp-json\/wp\/v2\/media\/11400"}],"wp:attachment":[{"href":"https:\/\/sitechecker.pro\/de\/wp-json\/wp\/v2\/media?parent=11222"}],"wp:term":[{"taxonomy":"category","embeddable":true,"href":"https:\/\/sitechecker.pro\/de\/wp-json\/wp\/v2\/categories?post=11222"},{"taxonomy":"post_tag","embeddable":true,"href":"https:\/\/sitechecker.pro\/de\/wp-json\/wp\/v2\/tags?post=11222"}],"curies":[{"name":"wp","href":"https:\/\/api.w.org\/{rel}","templated":true}]}}