{"id":1104,"date":"2018-01-09T09:34:19","date_gmt":"2018-01-09T09:34:19","guid":{"rendered":"https:\/\/sitechecker.pro\/?page_id=1104"},"modified":"2026-02-03T13:08:36","modified_gmt":"2026-02-03T13:08:36","slug":"external-links","status":"publish","type":"page","link":"https:\/\/sitechecker.pro\/de\/external-links\/","title":{"rendered":"Externer Link-Pr\u00fcfer | Ausgehende Links pr\u00fcfen \u2611"},"content":{"rendered":"<p><\/p>\n<h2 id=\"par1\">Was ist ein externer Link-Checker?<\/h2>\n<p>Der externe Link-Analysator ist ein professionell gestaltetes Tool, mit dem Sie alle ausgehenden Hyperlinks von einer bestimmten Seite Ihrer Website identifizieren und verfolgen k\u00f6nnen, wobei jede URL abgedeckt wird. Dar\u00fcber hinaus hilft es bei der Identifizierung und Behebung von Problemen im Zusammenhang mit externen ausgehenden Hyperlinks auf Ihrer Website. Dar\u00fcber hinaus hilft Ihnen dieses Tool auch bei der Entwicklung und Implementierung einer effektiven Strategie f\u00fcr ausgehende Links.<\/p>\n<h3>Wie kann Ihnen das Tool helfen?<\/h3>\n<p><strong>Analyse der Linkqualit\u00e4t und -quantit\u00e4t: <\/strong>Bewerten Sie die Quantit\u00e4t und Qualit\u00e4t der externen Websites, die mit Ihrer Website verkn\u00fcpft sind, und unterscheiden Sie zwischen Zielen hoher und niedriger Qualit\u00e4t.<\/p>\n<p><strong>Spam- und Relevanzpr\u00fcfung: <\/strong>Analysieren Sie die inhaltliche Relevanz ausgehender Links, um sicherzustellen, dass sie nicht als Spam wahrgenommen werden und sich positiv auf die Autorit\u00e4t Ihrer Website auswirken.<\/p>\n<p><strong>Hyperlink-Gewichtsverwaltung: <\/strong>Hilft bei der Aufrechterhaltung eines ausgewogenen Profils eingehender und ausgehender URLs, was f\u00fcr den Seitenrang und die Suchmaschinenoptimierung (SEO) entscheidend ist.<\/p>\n<h3>Hauptfunktionen des Tools<\/h3>\n<p><strong>Einheitliches Dashboard: <\/strong>Bietet eine zentrale Plattform, auf der Benutzer auf alle SEO-Daten und -Metriken zugreifen und diese analysieren k\u00f6nnen. Dieses Dashboard erm\u00f6glicht eine einfache \u00dcberwachung und Verwaltung verschiedener SEO-Aspekte einer Website, einschlie\u00dflich Verkehr, Keyword-Rankings und Site-Gesundheit.<\/p>\n<p><strong>Benutzerfreundliche Oberfl\u00e4che: <\/strong>Die auf Einfachheit ausgelegte Benutzeroberfl\u00e4che von Sitechecker ist intuitiv und somit auch f\u00fcr Nicht-SEO-Experten zug\u00e4nglich. Dies stellt sicher, dass Benutzer effizient navigieren und das Toolset nutzen k\u00f6nnen.<\/p>\n<p><strong>Komplettes SEO-Toolset: <\/strong><a href=\"https:\/\/sitechecker.pro\/\" target=\"_blank\" rel=\"noopener noreferrer\">Sitechecker<\/a> enth\u00e4lt einen umfassenden Satz von SEO-Tools, die verschiedene Aspekte wie Site-Auditing, Ranking-Tracking, Backlink-Pr\u00fcfung und mehr abdecken. Dieses Toolset bietet detaillierte Einblicke und umsetzbare Empfehlungen zur Verbesserung der Website-Leistung in den Suchmaschinenergebnissen.<\/p>\n<h2 id=\"par2\">Wie verwende ich das Tool zur \u00dcberpr\u00fcfung ausgehender Links?<\/h2>\n<p>Angenommen, Sie m\u00f6chten Ihre gesamte Website untersuchen und jede URL einzeln pr\u00fcfen, um nach externen Links zu suchen. Lassen Sie uns das Tool zur \u00dcberpr\u00fcfung externer Links Schritt f\u00fcr Schritt durchgehen.<\/p>\n<p>Die Scanergebnisse f\u00fcr eine einzelne Seite werden sofort auf dem Bildschirm angezeigt. Nutzen Sie die angebotene kostenlose Testphase, um die Domain zu \u00fcberpr\u00fcfen und alle externen Links zu \u00fcbermitteln, die zu Ihrer Site f\u00fchren.<\/p>\n<div class=\"content__img-wrap\"><img src=\"https:\/\/sitechecker.pro\/wp-content\/uploads\/2024\/08\/1-External-links-selector-min.png\" alt=\"Outbound External Link Checker\" class=\"description-img description-img-zoom\" loading=\"lazy\" ><\/div>\n<h2 id=\"par3\">Domain Check<\/h2>\n<h3>Schritt 1: W\u00e4hlen Sie die Domain-Option, geben Sie die Domain ein, die Sie pr\u00fcfen m\u00f6chten, und klicken Sie auf die Schaltfl\u00e4che \u201eExterne Links pr\u00fcfen\u201c<\/h3>\n<div class=\"content__img-wrap\"><img src=\"https:\/\/sitechecker.pro\/wp-content\/uploads\/2024\/08\/2-External-links-Website-Check-min.png\" alt=\"Outbound External Link Checker Domain Check\" class=\"description-img description-img-zoom\" loading=\"lazy\" ><\/div>\n<div class=\"important-block\">Um Ergebnisse zu erhalten und 14 Tage lang auf die Funktionen von Sitechecker zuzugreifen, starten Sie Ihre KOSTENLOSE Testversion. Die Anmeldung ist ganz einfach mit Ihrem E-Mail-, Google- oder Facebook-Konto. Es ist keine Kreditkarte erforderlich.<\/div>\n<h3>Schritt 2: Erhalten Sie das Ergebnis des externen Link-Checkers der Website<\/h3>\n<p>Eine kostenlose vollst\u00e4ndige Site-Pr\u00fcfung ist enthalten, wenn Sie eine Domain scannen. Unser Crawler erkennt Probleme mit externen URLs, wie z. B. Statuscodeprobleme und andere Dinge. Er hilft Ihnen, das externe Hyperlink-Problem der gesamten Site zu beheben und festzustellen, ob neue Probleme aufgetreten sind.<\/p>\n<p>Klicken Sie auf das Problem, um die Liste der URLs mit diesem Problem zu finden. Es gibt eine Schaltfl\u00e4che, um die interne Verbindung f\u00fcr defekte Seiten anzuzeigen und Tipps zur Behebung zu erhalten.<\/p>\n<div class=\"content__img-wrap\"><img src=\"https:\/\/sitechecker.pro\/wp-content\/uploads\/2024\/01\/links-issues.png\" alt=\"Links Issues\" class=\"description-img description-img-zoom\" loading=\"lazy\" ><\/div>\n<p>Das Tool bietet eine Funktion f\u00fcr \u201eExterne Links\u201c, mit der ausgehende Links von einer Website gepr\u00fcft werden k\u00f6nnen. Es bietet eine Liste der URLs, auf die die Site-Seiten extern verlinken, mit der zugeh\u00f6rigen Seitenzahl jeder URL. Es gibt Funktionen zum Filtern von URLs und Verwalten von Anzeigespalten, wodurch die Benutzerkontrolle \u00fcber die Daten verbessert wird. Das rechte Bedienfeld kategorisiert Probleme nach Typ und Priorit\u00e4t und verf\u00fcgt \u00fcber einen eigenen Abschnitt \u201eExterne Links\u201c. Diese Funktion hilft bei der Identifizierung und Verwaltung der Strategie der Site f\u00fcr SEO-Zwecke und stellt sicher, dass URLs positiv zur Online-Autorit\u00e4t und Relevanz der Site beitragen.<\/p>\n<div class=\"content__img-wrap\"><img src=\"https:\/\/sitechecker.pro\/wp-content\/uploads\/2024\/01\/external-links-issues.png\" alt=\"External Links Issues\" class=\"description-img description-img-zoom\" loading=\"lazy\" ><\/div>\n<div class=\"content__img-wrap\"><img src=\"https:\/\/sitechecker.pro\/wp-content\/uploads\/2024\/01\/pages-external-links.png\" alt=\"Pages External Links\" class=\"description-img description-img-zoom\" loading=\"lazy\" ><\/div>\n<h3>Der externe Linkscanner f\u00fcr Dom\u00e4nen\/Websites verf\u00fcgt au\u00dferdem \u00fcber die folgenden Funktionen<\/h3>\n<p>Auf der Site-Audit-Zusammenfassungsseite finden Sie eine \u00dcbersicht \u00fcber externe und <a href=\"https:\/\/sitechecker.pro\/internal-links\/\" target=\"_blank\" rel=\"noopener noreferrer\">interne Linkprobleme<\/a>. Sie k\u00f6nnen Probleme nach Kategorien filtern, z. B. kritische Probleme, Warnungen, M\u00f6glichkeiten und Hinweise. Alternativ k\u00f6nnen Sie sie nach Thementyp betrachten \u2013 beispielsweise Indexierbarkeit, Sicherheit, Seitengeschwindigkeit usw.<\/p>\n<p>Dadurch k\u00f6nnen Sie sich viel einfacher auf die Probleme konzentrieren, die f\u00fcr den Erfolg Ihrer Website am wichtigsten sind.<\/p>\n<div class=\"content__img-wrap\"><img src=\"https:\/\/sitechecker.pro\/wp-content\/uploads\/2024\/01\/all-issues-sort.png\" alt=\"Alle Probleme sortieren\" class=\"description-img description-img-zoom\" loading=\"lazy\" ><\/div>\n<h2 id=\"par4\">Seitenpr\u00fcfung<\/h2>\n<h3>Schritt 1: W\u00e4hlen Sie die URL-Option, geben Sie die URL ein, die Sie pr\u00fcfen m\u00f6chten, und klicken Sie auf die Schaltfl\u00e4che \u201eExterne Links pr\u00fcfen\u201c.<\/h3>\n<div class=\"content__img-wrap\"><img src=\"https:\/\/sitechecker.pro\/wp-content\/uploads\/2024\/08\/3-External-link-Page-Check-min.png\" alt=\"External Link Checker Page Check\" class=\"description-img description-img-zoom\" loading=\"lazy\" ><\/div>\n<h3>Schritt 2: Erhalten Sie das Ergebnis<\/h3>\n<p>Ein Abschnitt mit der Bezeichnung \u201eLinks\u201c, der sich auf \u201eExterne Links\u201c konzentriert, listet ausgehende Links auf, die auf der Seite gefunden wurden. F\u00fcr jede aufgelistete externe URL werden die Adresse, der verwendete Ankertext und der HTTP-Statuscode bereitgestellt, um die Antwort vom Server anzuzeigen.<\/p>\n<div class=\"content__img-wrap\"><img src=\"https:\/\/sitechecker.pro\/wp-content\/uploads\/2024\/01\/on-page-seo-checker-1.png\" alt=\"On Page Seo Checker\" class=\"description-img description-img-zoom\" loading=\"lazy\" ><\/div>\n<p>Ebenso enth\u00e4lt der Abschnitt \u201eLinks\u201c auch Kategorien f\u00fcr \u201eInterne Links\u201c und \u201eSubdomain-Links\u201c. Sie listen auch URLs auf, die die Adresse, den verwendeten Ankertext und den HTTP-Statuscode bereitstellen.<\/p>\n<div class=\"content__img-wrap\"><img src=\"https:\/\/sitechecker.pro\/wp-content\/uploads\/2024\/01\/internal-subdomain-links-1.png\" alt=\"Interne Subdomain-Links\" class=\"description-img description-img-zoom\" loading=\"lazy\" ><\/div>\n<p>Um ein umfassendes Verst\u00e4ndnis der Funktionalit\u00e4t des Tools \u00fcber die ausgehenden Links auf einer einzelnen Seite hinaus zu erlangen, konsultieren Sie bitte die Dom\u00e4nenbest\u00e4tigungsbildschirme im ersten Abschnitt des Handbuchs nach einem Dom\u00e4nenscan.<\/p>\n<p>Oder klicken Sie einfach auf \u201eSite-Audit\u201c, um die Funktionen des Tools zu erkunden.<\/p>\n<p>Sie k\u00f6nnen die Funktionen des Tools erkunden und sich vorstellen, wie es f\u00fcr Ihre Website funktionieren k\u00f6nnte.<\/p>\n<div class=\"content__img-wrap\"><img src=\"https:\/\/sitechecker.pro\/wp-content\/uploads\/2024\/01\/run-full-website-audit.png\" alt=\"Vollst\u00e4ndiges Website-Audit ausf\u00fchren\" class=\"description-img description-img-zoom\" loading=\"lazy\" ><\/div>\n<h2 id=\"par5\">Zus\u00e4tzliche Funktionen des Tools<\/h2>\n<p>Der externe Hyperlink-Tester steigert die SEO, indem er die Inhaltsqualit\u00e4t verbessert, sicherstellt, dass strukturierte Daten suchmaschinenfreundlich sind, Bilder f\u00fcr das Web optimiert, Einblicke in die Suchleistung bietet und Ladegeschwindigkeiten analysiert, um ein besseres Benutzererlebnis und Suchrankings zu erzielen.<\/p>\n<div class=\"content__img-wrap\"><img src=\"https:\/\/sitechecker.pro\/wp-content\/uploads\/2024\/01\/issues-overview-2.png\" alt=\"Problem\u00fcbersicht\" class=\"description-img description-img-zoom\" loading=\"lazy\" ><\/div>\n<h2 id=\"par6\">Abschlie\u00dfende Bemerkungen<\/h2>\n<p>Der Checker f\u00fcr ausgehende externe URLs ist ein professionell gestaltetes Tool, das Ihnen hilft, ausgehende Links zu finden und sie f\u00fcr bestimmte Seiten Ihrer Website zu verfolgen. Zu den wichtigsten Funktionen geh\u00f6ren das Sammeln umfangreicher Daten f\u00fcr jede URL, das Identifizieren von Fehlern und die Bereitstellung einer Rund-um-die-Uhr-\u00dcberwachung. Dieses Tool hilft dabei, ein Gleichgewicht im PageRank herzustellen, ausgehende Referenzen zu \u00fcberpr\u00fcfen und relevant und ma\u00dfgebend zu halten. Der <a href=\"https:\/\/sitechecker.pro\/on-page-seo-checker\/\" target=\"_blank\" rel=\"noopener noreferrer\">SEO-Checker<\/a> bietet sowohl Dom\u00e4nen- als auch Seitenpr\u00fcfungen und liefert Benutzern detaillierte Ergebnisse und Verbesserungsvorschl\u00e4ge.<\/p>\n<div id=\"par7\"><\/div>\n<p><div class=\"front__faq-block\"><div class=\"faq__block-title\">FAQ<\/div><div class=\"panel-group\" id=\"faq-accordion\" itemscope itemtype=\"https:\/\/schema.org\/FAQPage\" role=\"tablist\" aria-multiselectable=\"true\"><div class=\"panel\" itemscope itemtype=\"https:\/\/schema.org\/Question\" itemprop=\"mainEntity\">\n                            <div class=\"panel-heading\" id=\"headingFaq-1\">\n                                <div class=\"panel-title\" data-toggle=\"collapse\" aria-expanded=\"false\" href=\"#collapseFaq-1\">\n                                    <h3 itemprop=\"name\">Wie \u00fcberpr\u00fcfe ich externe Links auf einer Website?<\/h3>\n                                <\/div>\n                            <\/div>\n                            <div id=\"collapseFaq-1\" class=\"panel-collapse collapse\" itemprop=\"acceptedAnswer\" itemscope itemtype=\"http:\/\/schema.org\/Answer\">\n                                <div class=\"panel-body\" itemprop=\"text\">Um ausgehende externe URLs auf einer Website zu \u00fcberpr\u00fcfen, verwenden Sie das Tool von Sitechecker. W\u00e4hlen Sie die Option \u201eDom\u00e4nen- oder Seitenpr\u00fcfung\u201c, geben Sie die URL oder Dom\u00e4ne ein und starten Sie die kostenlose Testversion. Das Tool analysiert die Daten und erstellt umfassende Ergebnisse, einschlie\u00dflich Details zu ausgehenden URLs, Dofollow-Status und Ankertext. Dieser Prozess hilft Ihnen, alle Probleme mit ausgehenden Referenzen zu identifizieren und zu l\u00f6sen und bietet gleichzeitig Einblicke in eine effektive Strategie.<\/div>\n                            <\/div>\n                        <\/div><div class=\"panel\" itemscope itemtype=\"https:\/\/schema.org\/Question\" itemprop=\"mainEntity\">\n                            <div class=\"panel-heading\" id=\"headingFaq-2\">\n                                <div class=\"panel-title\" data-toggle=\"collapse\" aria-expanded=\"false\" href=\"#collapseFaq-2\">\n                                    <h3 itemprop=\"name\">Wie kann ich \u00fcberpr\u00fcfen, ob ein Link sicher ist?<\/h3>\n                                <\/div>\n                            <\/div>\n                            <div id=\"collapseFaq-2\" class=\"panel-collapse collapse\" itemprop=\"acceptedAnswer\" itemscope itemtype=\"http:\/\/schema.org\/Answer\">\n                                <div class=\"panel-body\" itemprop=\"text\">Wenn Sie \u00fcberpr\u00fcfen m\u00fcssen, ob eine Ressource, auf die Sie verlinken m\u00f6chten, sicher und kein Spam ist, k\u00f6nnen Sie Sitechecker <a href=\"https:\/\/sitechecker.pro\/website-safety\/\" target=\"_blank\" rel=\"noopener noreferrer\">Website-Sicherheitstool<\/a> verwenden.<\/div>\n                            <\/div>\n                        <\/div><div class=\"panel\" itemscope itemtype=\"https:\/\/schema.org\/Question\" itemprop=\"mainEntity\">\n                            <div class=\"panel-heading\" id=\"headingFaq-3\">\n                                <div class=\"panel-title\" data-toggle=\"collapse\" aria-expanded=\"false\" href=\"#collapseFaq-3\">\n                                    <h3 itemprop=\"name\">Wie \u00fcberpr\u00fcfen Sie, ob ein Link extern oder intern ist?<\/h3>\n                                <\/div>\n                            <\/div>\n                            <div id=\"collapseFaq-3\" class=\"panel-collapse collapse\" itemprop=\"acceptedAnswer\" itemscope itemtype=\"http:\/\/schema.org\/Answer\">\n                                <div class=\"panel-body\" itemprop=\"text\">Um zu \u00fcberpr\u00fcfen, ob eine URL intern oder extern ist, verwenden Sie einen externen URL-Analysator wie unseren Sitechecker. Durch das Scannen einer Dom\u00e4ne oder einer bestimmten Seite analysiert die L\u00f6sung Daten und liefert Informationen zu externen und internen URLs, sodass sich die beiden Typen leicht unterscheiden lassen.<\/div>\n                            <\/div>\n                        <\/div><div class=\"panel\" itemscope itemtype=\"https:\/\/schema.org\/Question\" itemprop=\"mainEntity\">\n                            <div class=\"panel-heading\" id=\"headingFaq-4\">\n                                <div class=\"panel-title\" data-toggle=\"collapse\" aria-expanded=\"false\" href=\"#collapseFaq-4\">\n                                    <h3 itemprop=\"name\">Wie machen Sie Ihre Seite relevant?<\/h3>\n                                <\/div>\n                            <\/div>\n                            <div id=\"collapseFaq-4\" class=\"panel-collapse collapse\" itemprop=\"acceptedAnswer\" itemscope itemtype=\"http:\/\/schema.org\/Answer\">\n                                <div class=\"panel-body\" itemprop=\"text\">Um die Seitenrelevanz zu verbessern, machen Sie alle Teile relevant, erstellen Sie eine hochwertige Site-Struktur und arbeiten Sie an der Verlinkung. Wichtiger Tipp: Der Anker sollte voller Schl\u00fcsselw\u00f6rter zum gleichen Thema wie die Zielseiten sein. Ausgew\u00e4hlte Schl\u00fcsselw\u00f6rter ziehen also gezielten Verkehr an. Dennoch ist es wichtig, andere Keyword-Texte zu verwenden, da Spam-Detektoren Ihre Website sperren k\u00f6nnen.<\/div>\n                            <\/div>\n                        <\/div><div class=\"panel\" itemscope itemtype=\"https:\/\/schema.org\/Question\" itemprop=\"mainEntity\">\n                            <div class=\"panel-heading\" id=\"headingFaq-5\">\n                                <div class=\"panel-title\" data-toggle=\"collapse\" aria-expanded=\"false\" href=\"#collapseFaq-5\">\n                                    <h3 itemprop=\"name\">Welche anderen M\u00f6glichkeiten gibt es, um externe Links auf meiner Website zu finden?<\/h3>\n                                <\/div>\n                            <\/div>\n                            <div id=\"collapseFaq-5\" class=\"panel-collapse collapse\" itemprop=\"acceptedAnswer\" itemscope itemtype=\"http:\/\/schema.org\/Answer\">\n                                <div class=\"panel-body\" itemprop=\"text\">Es gibt andere M\u00f6glichkeiten, externe Referenzen zu \u00fcberpr\u00fcfen \u2013 zum Beispiel die Google Search Console oder Tools, die unserem externen Link-Analyzer \u00e4hneln.<\/div>\n                            <\/div>\n                        <\/div><\/div><\/div><\/p>","protected":false},"excerpt":{"rendered":"Was ist ein externer Link-Checker? Der externe Link-Analysator ist ein professionell gestaltetes Tool, mit dem Sie alle ausgehenden Hyperlinks von einer bestimmten Seite Ihrer Website identifizieren und verfolgen k\u00f6nnen, wobei jede URL abgedeckt wird. Dar\u00fcber hinaus hilft es bei der Identifizierung und Behebung von Problemen im Zusammenhang mit externen ausgehenden Hyperlinks auf Ihrer Website. Dar\u00fcber&#8230;","protected":false},"author":10409641,"featured_media":3741,"parent":0,"menu_order":0,"comment_status":"closed","ping_status":"closed","template":"pages-templates\/pages-minitools-3.php","meta":[],"categories":[72],"tags":[],"_links":{"self":[{"href":"https:\/\/sitechecker.pro\/de\/wp-json\/wp\/v2\/pages\/1104"}],"collection":[{"href":"https:\/\/sitechecker.pro\/de\/wp-json\/wp\/v2\/pages"}],"about":[{"href":"https:\/\/sitechecker.pro\/de\/wp-json\/wp\/v2\/types\/page"}],"author":[{"embeddable":true,"href":"https:\/\/sitechecker.pro\/de\/wp-json\/wp\/v2\/users\/10409641"}],"replies":[{"embeddable":true,"href":"https:\/\/sitechecker.pro\/de\/wp-json\/wp\/v2\/comments?post=1104"}],"version-history":[{"count":78,"href":"https:\/\/sitechecker.pro\/de\/wp-json\/wp\/v2\/pages\/1104\/revisions"}],"predecessor-version":[{"id":39246,"href":"https:\/\/sitechecker.pro\/de\/wp-json\/wp\/v2\/pages\/1104\/revisions\/39246"}],"wp:featuredmedia":[{"embeddable":true,"href":"https:\/\/sitechecker.pro\/de\/wp-json\/wp\/v2\/media\/3741"}],"wp:attachment":[{"href":"https:\/\/sitechecker.pro\/de\/wp-json\/wp\/v2\/media?parent=1104"}],"wp:term":[{"taxonomy":"category","embeddable":true,"href":"https:\/\/sitechecker.pro\/de\/wp-json\/wp\/v2\/categories?post=1104"},{"taxonomy":"post_tag","embeddable":true,"href":"https:\/\/sitechecker.pro\/de\/wp-json\/wp\/v2\/tags?post=1104"}],"curies":[{"name":"wp","href":"https:\/\/api.w.org\/{rel}","templated":true}]}}