{"id":1063,"date":"2020-07-08T13:23:40","date_gmt":"2020-07-08T11:23:40","guid":{"rendered":"https:\/\/sitechecker.pro\/?page_id=1063"},"modified":"2026-02-19T15:27:13","modified_gmt":"2026-02-19T15:27:13","slug":"speed-test","status":"publish","type":"page","link":"https:\/\/sitechecker.pro\/de\/speed-test\/","title":{"rendered":"Kostenloser Website-Geschwindigkeitstest"},"content":{"rendered":"<p><\/p>\n<h2 id=\"par1\">Was ist ein Website-Geschwindigkeitstest?<\/h2>\n<p>Der Website-Geschwindigkeitstest von <a href=\"https:\/\/sitechecker.pro\/\" target=\"_blank\" rel=\"noopener noreferrer\">Sitechecker<\/a> ist ein Tool, das die Leistung von Webseiten durch die Analyse verschiedener Metriken wie <a href=\"https:\/\/sitechecker.pro\/what-is-first-contentful-paint\/\" target=\"_blank\" rel=\"noopener noreferrer\">FCP<\/a>, FID, <a href=\"https:\/\/sitechecker.pro\/what-is-largest-contentful-paint\/\" target=\"_blank\" rel=\"noopener noreferrer\">LCP<\/a>, <a href=\"https:\/\/sitechecker.pro\/what-is-cumulative-layout-shift\/\" target=\"_blank\" rel=\"noopener noreferrer\">CLS<\/a> und mehr bewertet. Diese Metriken bewerten, wie schnell Inhalte visuell angezeigt werden und wie gut eine Seite auf Ihre Interaktionen reagiert.<\/p>\n<p>Dieses Tool basiert auf der Google PageSpeed \u200b\u200bInsights API und bewertet die Website-Geschwindigkeit auf einer Skala von 0 bis 100, wobei h\u00f6here Werte eine bessere Leistung anzeigen. Es erleichtert das Testen sowohl der Desktop- als auch der Mobilversion einer Website und bietet Einblicke, um Faktoren zu ermitteln und zu beheben, die zur Latenz der Website beitragen.<\/p>\n<h3>Wie kann Ihnen das Tool helfen?<\/h3>\n<p><strong>Leistungsbewertung: <\/strong>Verwendet die Google PageSpeed \u200b\u200bInsights API, um die Geschwindigkeit einer Website auf einer Skala von 0 bis 100 zu bewerten.<\/p>\n<p><strong>Desktop- und Mobiltests: <\/strong>Bietet die M\u00f6glichkeit, die Leistung f\u00fcr Desktop- und Mobilversionen der Website zu analysieren.<\/p>\n<p><strong>Core Web Vitals-Bewertung: <\/strong>Bewertet wichtige Metriken zur Benutzererfahrung wie FCP, FID, LCP und CLS.<\/p>\n<p><strong>Empfehlungen zur L\u00f6sung von Problemen mit der Seitenladegeschwindigkeit: <\/strong>Bietet detaillierte Berichte und Vorschl\u00e4ge zur Verbesserung der Seitenladezeiten und der allgemeinen Website-Leistung.<\/p>\n<p><strong>Ergebnisse in Echtzeit: <\/strong>Bietet schnelles Scannen und sofortiges Feedback zu Website-Leistungsmetriken.<\/p>\n<h3>Hauptfunktionen des Tools<\/h3>\n<p><strong>Einheitliches Dashboard: <\/strong>Eine zentrale Plattform, auf der Sie umfassende Analysen und Berichte zur SEO-Leistung Ihrer Website anzeigen k\u00f6nnen.<\/p>\n<p><strong>Benutzerfreundliche Oberfl\u00e4che: <\/strong>Ein intuitives Design, das die Navigation vereinfacht und es Benutzern aller F\u00e4higkeitsstufen leicht macht, auf SEO-Tools zuzugreifen und diese zu verwenden.<\/p>\n<p><strong>Vollst\u00e4ndiges SEO-Toolset: <\/strong>Eine robuste Sammlung von Tools f\u00fcr Keyword-Recherche, Site-Auditing, Rangverfolgung, Backlink-Analyse und mehr, die eine vollst\u00e4ndige Suite von Ressourcen zur Optimierung der Suchmaschinenpr\u00e4senz einer Website bietet.<\/p>\n<h2 id=\"par2\">Wie verwende ich das Tool?<\/h2>\n<p>Erhalten Sie detaillierte Informationen zu Ladegeschwindigkeit und Seitengr\u00f6\u00dfe oder finden Sie Seiten mit Geschwindigkeitsproblemen f\u00fcr die gesamte Site. Ein Geschwindigkeitstest ist eine sehr praktische M\u00f6glichkeit, Testergebnisse zu erhalten und sie mit den Indikatoren zu vergleichen, nachdem Sie Fehler auf Ihrer Site behoben haben.<\/p>\n<p>Speed \u200b\u200bChecker kann auf zwei Arten verwendet werden: durch Testen der Website-Geschwindigkeit oder einer bestimmten Seite. W\u00e4hlen Sie die gew\u00fcnschte Option, f\u00fcgen Sie die URL oder Domain ein und \u00fcberpr\u00fcfen Sie. Danach beginnt das Tool mit dem Scannen der Daten. Unten k\u00f6nnen Sie sehen, wie Sie den Scanvorgang starten.<\/p>\n<div class=\"content__img-wrap\"><img src=\"https:\/\/sitechecker.pro\/wp-content\/uploads\/2024\/08\/1-Site-Speed-Selector-min.png\" alt=\"Website-Geschwindigkeitstest\" class=\"description-img description-img-zoom\" loading=\"lazy\" ><\/div>\n<h2 id=\"par3\">Geschwindigkeitstest f\u00fcr Website<\/h2>\n<h3>Schritt 1: Geben Sie Ihre Domain ein<\/h3>\n<p>Wenn Sie eine Domain \u00fcberpr\u00fcfen m\u00f6chten, klicken Sie auf die Schaltfl\u00e4che \u201eDomain \u00fcberpr\u00fcfen\u201c. Geben Sie Ihren Dom\u00e4nennamen in das Feld unten ein, klicken Sie auf die Schaltfl\u00e4che und schon kann es losgehen!<\/p>\n<div class=\"content__img-wrap\"><img src=\"https:\/\/sitechecker.pro\/wp-content\/uploads\/2024\/08\/2-Site-Speed-Test-min.png\" alt=\"Speed  Test Domain Check\" class=\"description-img description-img-zoom\" loading=\"lazy\" ><\/div>\n<div class=\"important-block\">Um Ergebnisse zu erhalten und 14 Tage lang auf die Funktionen von Sitechecker zuzugreifen, starten Sie Ihre KOSTENLOSE Testversion. Die Anmeldung ist ganz einfach mit Ihrem E-Mail-, Google- oder Facebook-Konto. Es ist keine Kreditkarte erforderlich.<\/div>\n<h3>Schritt 2: Erhalten Sie das Ergebnis<\/h3>\n<p>Durch das Scannen einer Dom\u00e4ne wird eine Pr\u00fcfung der Site f\u00fcr diese Dom\u00e4ne erstellt, die zahlreiche Probleme mit der Seitengeschwindigkeit aufdeckt, z. B. einen niedrigen Page Speed \u200b\u200bInsight Score, eine gro\u00dfe Seitengr\u00f6\u00dfe von mehr als 4 MB, CSS-Dateigr\u00f6\u00dfen von mehr als 15 KB usw. Sie k\u00f6nnen herausfinden, welche Seiten betroffen sind, indem Sie auf ein bestimmtes Problem klicken und einen detaillierten Page Speed \u200b\u200bInsight-Bericht erhalten. Auf diese Weise k\u00f6nnen Sie vorhandene M\u00e4ngel schnell identifizieren und beheben.<\/p>\n<div class=\"content__img-wrap\"><img src=\"https:\/\/sitechecker.pro\/wp-content\/uploads\/2024\/01\/page-speed-issues.png\" alt=\"Seitengeschwindigkeitsprobleme\" class=\"description-img description-img-zoom\" loading=\"lazy\" ><\/div>\n<h3>Zus\u00e4tzliche Funktionen des Geschwindigkeitstests bei der \u00dcberpr\u00fcfung der Domain<\/h3>\n<p>Au\u00dferdem erhalten Sie nach Abschluss der Domain\u00fcberpr\u00fcfung einen umfassenden Website-Auditbericht, der Ihnen dabei hilft, etwaige Probleme auf Ihrer Site zu finden. Die Studie enth\u00e4lt auch Vorschl\u00e4ge zur Behebung der festgestellten Probleme.<\/p>\n<p>Der Bericht kategorisiert Probleme nach Typ, z. B. Kritisch, Warnungen, Chancen, Hinweise und Nullprobleme, oder nach Kategorie, z. B. Links, Indexierbarkeit, Inhaltsrelevanz usw. Sie k\u00f6nnen auch den <a href=\"https:\/\/sitechecker.pro\/page-counter\/\">Seitenz\u00e4hler<\/a> verwenden, um die Gesamtzahl der Seiten auf Ihrer Site zu verfolgen und sicherzustellen, dass alle festgestellten Probleme f\u00fcr jede Seite behoben werden. Diese Funktion hilft Ihnen, die Probleme zu identifizieren und zu l\u00f6sen, die f\u00fcr den Erfolg Ihrer Website am relevantesten sind.<\/p>\n<div class=\"content__img-wrap\"><img src=\"https:\/\/sitechecker.pro\/wp-content\/uploads\/2024\/01\/issues-list-2.png\" alt=\"Issues List\" class=\"description-img description-img-zoom\" loading=\"lazy\" ><\/div>\n<h2 id=\"par4\">Seitengeschwindigkeitstest<\/h2>\n<h3>Schritt 1: Geben Sie Ihre URL ein<\/h3>\n<p>Wenn Sie eine bestimmte Seite \u00fcberpr\u00fcfen m\u00f6chten, klicken Sie auf die Schaltfl\u00e4che \u201eSeite \u00fcberpr\u00fcfen\u201c. Geben Sie Ihre URL in das Feld unten ein und klicken Sie auf die Schaltfl\u00e4che.<\/p>\n<div class=\"content__img-wrap\"><img src=\"https:\/\/sitechecker.pro\/wp-content\/uploads\/2024\/08\/3-Page-Speed-Test-min.png\" alt=\"Speed  Test Page Check\" class=\"description-img description-img-zoom\" loading=\"lazy\" ><\/div>\n<h3>Schritt 2: Analysieren Sie das Ergebnis<\/h3>\n<p>Wir scannen Ihre Seite und ermitteln die Seitenladegeschwindigkeit. Dies dauert nur wenige Sekunden und Sie erhalten sofort die Ergebnisse f\u00fcr Ihre URL.<\/p>\n<p>Auf der Ergebnisseite wird die Gesamtpunktzahl der Seite und darunter der Google Speed \u200b\u200bIndex zusammen mit den Ladegeschwindigkeitsmetriken angezeigt.<\/p>\n<div class=\"content__img-wrap\"><img src=\"https:\/\/sitechecker.pro\/wp-content\/uploads\/2024\/01\/page-speed-results.png\" alt=\"Page Speed  Results\" class=\"description-img description-img-zoom\" loading=\"lazy\" ><\/div>\n<p>Das Tool Page Speed \u200b\u200bChecker zeigt die Leistungsmetriken einer Website an. \u201eFelddaten\u201c weisen auf eine Nichterf\u00fcllung der Core Web Vitals hin und geben detaillierte Informationen zu Ladezeiten und Stabilit\u00e4t. \u201eLabordaten\u201c zeigen Interaktionsverz\u00f6gerungen in Echtzeit und visuelle Ladegeschwindigkeiten an und leiten so Optimierungsbem\u00fchungen.<\/p>\n<p>Der Page Speed \u200b\u200bChecker bietet Ihnen n\u00fctzliche Tipps, wie Sie die Seiten Ihrer Website beschleunigen k\u00f6nnen und welche Fehler Sie daf\u00fcr machen m\u00fcssen.<\/p>\n<div class=\"content__img-wrap\"><img src=\"https:\/\/sitechecker.pro\/wp-content\/uploads\/2024\/01\/page-speed-checker-metrics.png\" alt=\"Page Speed  Checker Metrics\" class=\"description-img description-img-zoom\" loading=\"lazy\" ><\/div>\n<p>Au\u00dferdem k\u00f6nnen Sie problemlos zwischen den Ergebnissen zur Seitengeschwindigkeit f\u00fcr Desktop und Mobilger\u00e4te wechseln. So k\u00f6nnen Sie die Seitengeschwindigkeit verbessern und f\u00fcr alle Arten von Ger\u00e4ten optimieren.<\/p>\n<div class=\"content__img-wrap\"><img src=\"https:\/\/sitechecker.pro\/wp-content\/uploads\/2024\/01\/page-speed-mobile-desktop.png\" alt=\"Page Speed  Mobile Desktop\" class=\"description-img description-img-zoom\" loading=\"lazy\" ><\/div>\n<p>Um die Funktionen des Website-Geschwindigkeitstests nach dem Scannen einer einzelnen URL umfassend zu verstehen, sollten Sie \u201eVollst\u00e4ndige Website-Pr\u00fcfung durchf\u00fchren\u201c ausw\u00e4hlen. Sie k\u00f6nnen auch den ersten Abschnitt des Handbuchs zur Dom\u00e4nenpr\u00fcfung lesen, um alle geschwindigkeitsbezogenen Probleme auf Ihrer Website zu identifizieren.<\/p>\n<p>Dar\u00fcber hinaus steht ein interaktives Demoprojekt zur Verf\u00fcgung, um die praktischen Vorteile der Verwendung dieses Tools zu demonstrieren.<\/p>\n<p>Im Abschnitt \u201eSite-Pr\u00fcfung\u201c pr\u00e4sentiert das Tool ein Beispielprojekt, mit dem Sie sich mit seinen Funktionen vertraut machen und lernen k\u00f6nnen, wie Sie sie f\u00fcr die SEO-Bewertung Ihrer Website nutzen k\u00f6nnen.<\/p>\n<div class=\"content__img-wrap\"><img src=\"https:\/\/sitechecker.pro\/wp-content\/uploads\/2024\/01\/run-full-website-audit-1.png\" alt=\"Vollst\u00e4ndige Website-Pr\u00fcfung ausf\u00fchren\" class=\"description-img description-img-zoom\" loading=\"lazy\" ><\/div>\n<h3>Zus\u00e4tzliche Funktionen<\/h3>\n<p>Der Seitenladegeschwindigkeitstester bietet eine detaillierte Pr\u00fcfung der Seitenleistung und hebt wichtige Erkenntnisse in einer optimierten Benutzeroberfl\u00e4che hervor.<\/p>\n<p>Im Abschnitt \u201eProblem\u00fcbersicht\u201c k\u00f6nnen Sie sofort den Schweregrad der unter \u201eKritisch\u201c und \u201eWarnungen\u201c kategorisierten Probleme erkennen.<\/p>\n<p>Die Seitennavigationsleiste auf der rechten Seite erm\u00f6glicht schnellen Zugriff auf verschiedene Abschnitte des Berichts, einschlie\u00dflich Inhaltsoptimierung, strukturierte Daten, Bilder, Suchoptimierung und Links, sodass Sie effizient durch die Analyse navigieren k\u00f6nnen.<\/p>\n<div class=\"content__img-wrap\"><img src=\"https:\/\/sitechecker.pro\/wp-content\/uploads\/2024\/01\/issues-overview-4.png\" alt=\"Problem\u00fcbersicht\" class=\"description-img description-img-zoom\" loading=\"lazy\" ><\/div>\n<p>Der Bericht bewertet auch leistungsbezogene Probleme, bei denen die Aktivierung der <a href=\"https:\/\/sitechecker.pro\/gzip-test\/\">GZIP-Komprimierung<\/a> die Geschwindigkeit Ihrer Website erheblich verbessern kann. Das Komprimieren von Textdaten verk\u00fcrzt die Ladezeiten und verbessert die Benutzererfahrung, was sich direkt auf die SEO auswirkt. Um sicherzustellen, dass Ihre Website f\u00fcr Suchmaschinen-Bots leicht zug\u00e4nglich ist, k\u00f6nnen Sie den <a href=\"https:\/\/sitechecker.pro\/crawlability-checker\/\">Crawlability Checker<\/a> verwenden, um alle Probleme zu identifizieren, die das ordnungsgem\u00e4\u00dfe Crawlen und Indexieren Ihrer Seiten verhindern, und so Ihre allgemeine Website-Optimierungsstrategie zu verbessern.<\/p>\n<h2 id=\"par5\">Abschlie\u00dfende Idee<\/h2>\n<p>Der Website Speed \u200b\u200bChecker ist ein umfassendes Tool, das die Leistung von Webseiten anhand von Kennzahlen wie FCP, FID, LCP und CLS misst und Leistungsbewertungen sowie umsetzbare Erkenntnisse f\u00fcr Desktop- und Mobilseiten bietet. Zu seinen wichtigsten Funktionen geh\u00f6ren ein einheitliches Dashboard, eine benutzerfreundliche Oberfl\u00e4che und ein komplettes SEO-Toolset. Zur Nutzung bietet es kostenlose Tests f\u00fcr Dom\u00e4nen oder bestimmte Seiten mit der Option einer vollst\u00e4ndigen Site-Pr\u00fcfung. Das Tool bietet au\u00dferdem detaillierte Pr\u00fcfungen, identifiziert Probleme und schl\u00e4gt Optimierungen zur Verbesserung der SEO-Leistung vor \u2013 alles zug\u00e4nglich \u00fcber eine intuitive Benutzeroberfl\u00e4che.<\/p>\n<div id=\"par6\"><\/div>\n<p><div class=\"front__faq-block\"><div class=\"faq__block-title\">FAQ<\/div><div class=\"panel-group\" id=\"faq-accordion\" itemscope itemtype=\"https:\/\/schema.org\/FAQPage\" role=\"tablist\" aria-multiselectable=\"true\"><div class=\"panel\" itemscope itemtype=\"https:\/\/schema.org\/Question\" itemprop=\"mainEntity\">\n                            <div class=\"panel-heading\" id=\"headingFaq-1\">\n                                <div class=\"panel-title\" data-toggle=\"collapse\" aria-expanded=\"false\" href=\"#collapseFaq-1\">\n                                    <h3 itemprop=\"name\">Kann das Site Speed  Test-Tool von Sitechecker mehrere Seiten gleichzeitig analysieren?<\/h3>\n                                <\/div>\n                            <\/div>\n                            <div id=\"collapseFaq-1\" class=\"panel-collapse collapse\" itemprop=\"acceptedAnswer\" itemscope itemtype=\"http:\/\/schema.org\/Answer\">\n                                <div class=\"panel-body\" itemprop=\"text\">Ja, das Tool kann die Website-Geschwindigkeit pr\u00fcfen und mehrere Seiten gleichzeitig auf Geschwindigkeits- und Leistungsprobleme analysieren.<\/div>\n                            <\/div>\n                        <\/div><div class=\"panel\" itemscope itemtype=\"https:\/\/schema.org\/Question\" itemprop=\"mainEntity\">\n                            <div class=\"panel-heading\" id=\"headingFaq-2\">\n                                <div class=\"panel-title\" data-toggle=\"collapse\" aria-expanded=\"false\" href=\"#collapseFaq-2\">\n                                    <h3 itemprop=\"name\">Sind mit der Nutzung des Website Speed  Test-Tools f\u00fcr Dom\u00e4nen- oder Seitenpr\u00fcfungen Kosten verbunden?<\/h3>\n                                <\/div>\n                            <\/div>\n                            <div id=\"collapseFaq-2\" class=\"panel-collapse collapse\" itemprop=\"acceptedAnswer\" itemscope itemtype=\"http:\/\/schema.org\/Answer\">\n                                <div class=\"panel-body\" itemprop=\"text\">Das Tool bietet eine kostenlose Testversion f\u00fcr Dom\u00e4nen- und Seitenpr\u00fcfungen, f\u00fcr die Anmeldung ist keine Kreditkarte erforderlich.<\/div>\n                            <\/div>\n                        <\/div><div class=\"panel\" itemscope itemtype=\"https:\/\/schema.org\/Question\" itemprop=\"mainEntity\">\n                            <div class=\"panel-heading\" id=\"headingFaq-3\">\n                                <div class=\"panel-title\" data-toggle=\"collapse\" aria-expanded=\"false\" href=\"#collapseFaq-3\">\n                                    <h3 itemprop=\"name\">Bietet das Website Speed  Test-Tool Vorschl\u00e4ge zur Verbesserung der Website-Leistung?<\/h3>\n                                <\/div>\n                            <\/div>\n                            <div id=\"collapseFaq-3\" class=\"panel-collapse collapse\" itemprop=\"acceptedAnswer\" itemscope itemtype=\"http:\/\/schema.org\/Answer\">\n                                <div class=\"panel-body\" itemprop=\"text\">Ja, es bietet einen detaillierten Bericht mit Optimierungsempfehlungen zur Verbesserung der Website-Leistung.<\/div>\n                            <\/div>\n                        <\/div><div class=\"panel\" itemscope itemtype=\"https:\/\/schema.org\/Question\" itemprop=\"mainEntity\">\n                            <div class=\"panel-heading\" id=\"headingFaq-4\">\n                                <div class=\"panel-title\" data-toggle=\"collapse\" aria-expanded=\"false\" href=\"#collapseFaq-4\">\n                                    <h3 itemprop=\"name\">Wie lange dauert es, bis die Ergebnisse des Website Speed  Test vorliegen?<\/h3>\n                                <\/div>\n                            <\/div>\n                            <div id=\"collapseFaq-4\" class=\"panel-collapse collapse\" itemprop=\"acceptedAnswer\" itemscope itemtype=\"http:\/\/schema.org\/Answer\">\n                                <div class=\"panel-body\" itemprop=\"text\">Das Tool bietet eine schnelle \u00dcberpr\u00fcfung und bietet sofortiges Feedback zu den Leistungsmetriken der Website.<\/div>\n                            <\/div>\n                        <\/div><\/div><\/div><\/p>","protected":false},"excerpt":{"rendered":"Was ist ein Website-Geschwindigkeitstest? Der Website-Geschwindigkeitstest von Sitechecker ist ein Tool, das die Leistung von Webseiten durch die Analyse verschiedener Metriken wie FCP, FID, LCP, CLS und mehr bewertet. Diese Metriken bewerten, wie schnell Inhalte visuell angezeigt werden und wie gut eine Seite auf Ihre Interaktionen reagiert. Dieses Tool basiert auf der Google PageSpeed \u200b\u200bInsights&#8230;","protected":false},"author":10409641,"featured_media":3348,"parent":0,"menu_order":0,"comment_status":"closed","ping_status":"closed","template":"pages-templates\/pages-minitools-3.php","meta":[],"categories":[74],"tags":[],"_links":{"self":[{"href":"https:\/\/sitechecker.pro\/de\/wp-json\/wp\/v2\/pages\/1063"}],"collection":[{"href":"https:\/\/sitechecker.pro\/de\/wp-json\/wp\/v2\/pages"}],"about":[{"href":"https:\/\/sitechecker.pro\/de\/wp-json\/wp\/v2\/types\/page"}],"author":[{"embeddable":true,"href":"https:\/\/sitechecker.pro\/de\/wp-json\/wp\/v2\/users\/10409641"}],"replies":[{"embeddable":true,"href":"https:\/\/sitechecker.pro\/de\/wp-json\/wp\/v2\/comments?post=1063"}],"version-history":[{"count":149,"href":"https:\/\/sitechecker.pro\/de\/wp-json\/wp\/v2\/pages\/1063\/revisions"}],"predecessor-version":[{"id":39384,"href":"https:\/\/sitechecker.pro\/de\/wp-json\/wp\/v2\/pages\/1063\/revisions\/39384"}],"wp:featuredmedia":[{"embeddable":true,"href":"https:\/\/sitechecker.pro\/de\/wp-json\/wp\/v2\/media\/3348"}],"wp:attachment":[{"href":"https:\/\/sitechecker.pro\/de\/wp-json\/wp\/v2\/media?parent=1063"}],"wp:term":[{"taxonomy":"category","embeddable":true,"href":"https:\/\/sitechecker.pro\/de\/wp-json\/wp\/v2\/categories?post=1063"},{"taxonomy":"post_tag","embeddable":true,"href":"https:\/\/sitechecker.pro\/de\/wp-json\/wp\/v2\/tags?post=1063"}],"curies":[{"name":"wp","href":"https:\/\/api.w.org\/{rel}","templated":true}]}}