{"id":1003,"date":"2017-12-27T09:37:14","date_gmt":"2017-12-27T09:37:14","guid":{"rendered":"https:\/\/sitechecker.pro\/?page_id=1003"},"modified":"2025-02-27T13:39:56","modified_gmt":"2025-02-27T13:39:56","slug":"http-status-codes","status":"publish","type":"page","link":"https:\/\/sitechecker.pro\/de\/http-status-codes\/","title":{"rendered":"HTTP Status Code Checker: Testen Sie die Antwort-Codes \u2611"},"content":{"rendered":"<p><\/p>\n<h2 id=\"par1\">Was ist der HTTP-Statuscode-Tester?<\/h2>\n<p>Der HTTP-Statuscode-Validator auf <a href=\"https:\/\/sitechecker.pro\/\" target=\"_blank\" rel=\"noopener noreferrer\">Sitechecker<\/a> hilft Benutzern, den HTTP-Antwortstatus einer bestimmten Webseite oder aller Seiten einer Website zu \u00fcberpr\u00fcfen. Damit k\u00f6nnen Websitebesitzer, Entwickler und SEO-Spezialisten potenzielle Probleme mit der Seitenzug\u00e4nglichkeit, Weiterleitungen, Serverfehlern und defekten Links schnell identifizieren und so eine reibungslose Website-Leistung und optimale Suchmaschinenindizierung sicherstellen.<\/p>\n<h3>Wie kann Ihnen das Tool helfen?<\/h3>\n<p><strong>HTTP-Statuscode-Pr\u00fcfung:<\/strong>erm\u00f6glicht Benutzern, den HTTP-Statuscode einer bestimmten Webseite schnell in Echtzeit zu \u00fcberpr\u00fcfen und so Zug\u00e4nglichkeitsprobleme sofort zu diagnostizieren.<\/p>\n<p><strong>Website-Statuspr\u00fcfung: <\/strong>Bietet eine vollst\u00e4ndige Pr\u00fcfung aller Seiten einer Website und identifiziert Statuscodes, die nicht zu 200 geh\u00f6ren (z. B. 404, 301, 500), defekte Links und Umleitungsketten, die sich auf SEO und Benutzererfahrung auswirken k\u00f6nnen.<\/p>\n<p><strong>Automatische \u00dcberwachung und Warnungen: <\/strong>verfolgt Website-Statuscodes und sendet E-Mail-Warnungen \u00fcber defekte Links, Ausfallzeiten und Verf\u00fcgbarkeiten, sodass Benutzer Zug\u00e4nglichkeitsprobleme proaktiv angehen und die Stabilit\u00e4t der Website sicherstellen k\u00f6nnen.<\/p>\n<h3>Hauptfunktionen des Tools<\/h3>\n<p><strong>Vereinheitlichtes Dashboard: <\/strong>bietet einen zentralen Hub, an dem Benutzer die Website-Leistung \u00fcberwachen, SEO-Kennzahlen verfolgen und an einem Ort auf Pr\u00fcfberichte zugreifen k\u00f6nnen, um ein nahtloses Workflow-Management zu gew\u00e4hrleisten.<\/p>\n<p><strong>Benutzerfreundliche Oberfl\u00e4che: <\/strong>mit Blick auf Einfachheit entwickelt, sodass Anf\u00e4nger und Profis problemlos navigieren, Erkenntnisse interpretieren und Ma\u00dfnahmen ohne technisches Fachwissen ergreifen k\u00f6nnen.<\/p>\n<p><strong>Komplettes SEO-Toolset: <\/strong>bietet eine umfassende Suite von SEO-Tools, darunter Site-Audits, Keyword-Tracking und Echtzeit\u00fcberwachung, die Benutzern dabei helfen, ihre Websites effektiv zu optimieren.<\/p>\n<h2 id=\"par2\">So verwenden Sie das Tool<\/h2>\n<p>Um das Tool zu verwenden, w\u00e4hlen Sie eine Audit-Option aus: eine Schnellpr\u00fcfung f\u00fcr eine einzelne Seite oder ein vollst\u00e4ndiges Website-Audit. Klicken Sie auf \u201eAudit starten\u201c, um zu beginnen, und \u00fcberpr\u00fcfen Sie dann den Bericht auf Statuscodes, defekte Links und andere Probleme, die die Leistung Ihrer Site beeintr\u00e4chtigen.<\/p>\n<h2 id=\"par3\">Statuscodes f\u00fcr alle Website-Seiten testen<\/h2>\n<h3>Schritt 1: W\u00e4hlen Sie die Option \u201eStatuscodes f\u00fcr alle Seiten testen\u201c<\/h3>\n<div class=\"content__img-wrap\"><img src=\"https:\/\/sitechecker.pro\/wp-content\/uploads\/2025\/02\/test-status-codes-all-pages.png\" alt=\"Statuscodes f\u00fcr alle Seiten testen\" class=\"description-img description-img-zoom\" loading=\"lazy\" ><\/div>\n<div class=\"important-block\">Um Ergebnisse zu erhalten und 14 Tage lang auf die Funktionen von Sitechecker zuzugreifen, starten Sie Ihre KOSTENLOSE Testversion. Die Anmeldung ist ganz einfach mit Ihrem E-Mail-, Google- oder Facebook-Konto. Es ist keine Kreditkarte erforderlich.<\/div>\n<h3>Schritt 2: Ergebnisanalyse<\/h3>\n<p>Erhalten Sie einen umfassenden \u00dcberblick \u00fcber die HTTP-Statuscodes Ihrer Website und identifizieren Sie erfolgreiche Seiten, Weiterleitungen, Fehler und defekte Links, um eine optimale Website-Leistung und Sichtbarkeit in Suchmaschinen sicherzustellen.<\/p>\n<div class=\"content__img-wrap\"><img src=\"https:\/\/sitechecker.pro\/wp-content\/uploads\/2025\/02\/all-html-pages-status-codes.png\" alt=\"Alle Statuscodes f\u00fcr HTML-Seiten\" class=\"description-img description-img-zoom\" loading=\"lazy\" ><\/div>\n<h3>Zus\u00e4tzliche Funktionen des vollst\u00e4ndigen Statuscode-Tests<\/h3>\n<p>Klicken Sie auf den Abschnitt \u201eSite Audit\u201c, um auf einen umfassenden Website-Gesundheitsbericht zuzugreifen. Erhalten Sie tiefere Einblicke \u00fcber HTTP-Statuscodes hinaus mit einem detaillierten Audit, das kritische Probleme, Indexierbarkeitsprobleme, Inhaltsrelevanz, Sicherheitsrisiken, Weiterleitungen, Seitengeschwindigkeit und Codevalidierungsfehler identifiziert \u2013 und Ihnen dabei hilft, die Gesundheit und Leistung Ihrer Website zu optimieren.<\/p>\n<div class=\"content__img-wrap\"><img src=\"https:\/\/sitechecker.pro\/wp-content\/uploads\/2025\/02\/site-audit-issues_67bf156dd1a7a.png\" alt=\"Site Audit Issues\" class=\"description-img description-img-zoom\" loading=\"lazy\" ><\/div>\n<h2 id=\"par4\">URL Status Code Checker<\/h2>\n<h3>Schritt 1: W\u00e4hlen Sie die Option \u201eStatus Code Testing\u201c f\u00fcr die Seite<\/h3>\n<div class=\"content__img-wrap\"><img src=\"https:\/\/sitechecker.pro\/wp-content\/uploads\/2025\/02\/test-status-code-one-page.png\" alt=\"Test Status Code One Page\" class=\"description-img description-img-zoom\" loading=\"lazy\" ><\/div>\n<h3>Schritt 2: Ergebnisse erhalten<\/h3>\n<p>Wenn Sie unserem Online-Tool eine URL hinzuf\u00fcgen, crawlen wir Ihre Site, um Daten f\u00fcr diese URL zu sammeln. Dieser Vorgang dauert nur wenige Sekunden. Auf der Ergebnisseite finden Sie den Antwortstatus der URL und andere On-Page-SEO-Audit-Daten.<\/p>\n<p><strong>HTTP-Statuspr\u00fcfer-Ergebnis f\u00fcr die Seite:<\/strong><\/p>\n<div class=\"content__img-wrap\"><img src=\"https:\/\/sitechecker.pro\/wp-content\/uploads\/2025\/02\/test-status-code-result.png\" alt=\"Teststatuscode-Ergebnis\" class=\"description-img description-img-zoom\" loading=\"lazy\" ><\/div>\n<p>Besuchen Sie den Abschnitt Site Audit, um die vollst\u00e4ndigen Funktionen des Tools freizuschalten. Probieren Sie die Demoversion aus, um zu sehen, wie Sitechecker kritische technische SEO-Probleme erkennt und l\u00f6st.<\/p>\n<div class=\"content__img-wrap\"><img src=\"https:\/\/sitechecker.pro\/wp-content\/uploads\/2025\/02\/sitechecker-site-audit_67bf1571df51a.png\" alt=\"Sitechecker Site Audit\" class=\"description-img description-img-zoom\" loading=\"lazy\" ><\/div>\n<h3>Zus\u00e4tzliche Funktionen des Seitenstatuscode-Tests<\/h3>\n<p>Navigieren Sie zum Seitennavigationsbereich auf der rechten Seite, um verschiedene Pr\u00fcfkategorien zu erkunden, z. B. Problem\u00fcbersicht, Inhaltsoptimierung, strukturierte Daten, Bilder, Suchoptimierung und PageSpeed \u200b\u200bInsights. Jeder Abschnitt bietet spezifische Einblicke, um die Leistung Ihrer Webseite zu verbessern.<\/p>\n<div class=\"content__img-wrap\"><img src=\"https:\/\/sitechecker.pro\/wp-content\/uploads\/2025\/02\/issues-overview_67bf1569d5d82.png\" alt=\"Problem\u00fcbersicht\" class=\"description-img description-img-zoom\" loading=\"lazy\" ><\/div>\n<p>Erhalten Sie eine vollst\u00e4ndige \u00dcbersicht \u00fcber den Zustand Ihrer Seite, einschlie\u00dflich kritischer Probleme und Warnmeldungen. Identifizieren Sie Leistungsprobleme, analysieren Sie den Status strukturierter Daten, optimieren Sie Bilder und ber\u00fccksichtigen Sie technische SEO-Faktoren, um die Suchsichtbarkeit und Inhaltseffektivit\u00e4t zu verbessern.<\/p>\n<h2 id=\"par5\">Abschlie\u00dfende Idee<\/h2>\n<p>Mit dem HTTP-Statuscode-Checker k\u00f6nnen Benutzer Server-Antwortcodes f\u00fcr einzelne Seiten oder ganze Websites schnell \u00fcberpr\u00fcfen. Er identifiziert Zug\u00e4nglichkeitsprobleme, Weiterleitungen, defekte Links und Serverfehler, um eine reibungslose Leistung und SEO-Optimierung sicherzustellen. Das Tool bietet eine Statuspr\u00fcfung in Echtzeit, eine vollst\u00e4ndige Website-Pr\u00fcfung und eine automatisierte \u00dcberwachung mit Warnmeldungen. Zu den zus\u00e4tzlichen Funktionen geh\u00f6ren ein einheitliches Dashboard, eine intuitive Benutzeroberfl\u00e4che und ein umfassendes SEO-Toolset. Benutzer k\u00f6nnen kritische Website-Probleme \u00fcber Statuscodes hinaus analysieren, einschlie\u00dflich Inhaltsrelevanz, Sicherheit und Seitengeschwindigkeit.<\/p>\n<div id=\"par6\"><\/div>\n<p><div class=\"front__faq-block\"><div class=\"faq__block-title\">FAQ<\/div><div class=\"panel-group\" id=\"faq-accordion\" itemscope itemtype=\"https:\/\/schema.org\/FAQPage\" role=\"tablist\" aria-multiselectable=\"true\"><div class=\"panel\" itemscope itemtype=\"https:\/\/schema.org\/Question\" itemprop=\"mainEntity\">\n                            <div class=\"panel-heading\" id=\"headingFaq-1\">\n                                <div class=\"panel-title\" data-toggle=\"collapse\" aria-expanded=\"false\" href=\"#collapseFaq-1\">\n                                    <h3 itemprop=\"name\">Was ist der Unterschied zwischen der \u00dcberpr\u00fcfung einer einzelnen Seite und einer vollst\u00e4ndigen Website-Pr\u00fcfung?<\/h3>\n                                <\/div>\n                            <\/div>\n                            <div id=\"collapseFaq-1\" class=\"panel-collapse collapse\" itemprop=\"acceptedAnswer\" itemscope itemtype=\"http:\/\/schema.org\/Answer\">\n                                <div class=\"panel-body\" itemprop=\"text\">Eine Einzelseitenpr\u00fcfung liefert eine sofortige HTTP-Statuscode-Antwort f\u00fcr eine bestimmte URL, w\u00e4hrend eine vollst\u00e4ndige Websitepr\u00fcfung alle Seiten analysiert und Weiterleitungen, defekte Links und SEO-Probleme erkennt.<\/div>\n                            <\/div>\n                        <\/div><div class=\"panel\" itemscope itemtype=\"https:\/\/schema.org\/Question\" itemprop=\"mainEntity\">\n                            <div class=\"panel-heading\" id=\"headingFaq-2\">\n                                <div class=\"panel-title\" data-toggle=\"collapse\" aria-expanded=\"false\" href=\"#collapseFaq-2\">\n                                    <h3 itemprop=\"name\">Unterst\u00fctzt das Tool die \u00dcberwachung laufender Websiteprobleme?<\/h3>\n                                <\/div>\n                            <\/div>\n                            <div id=\"collapseFaq-2\" class=\"panel-collapse collapse\" itemprop=\"acceptedAnswer\" itemscope itemtype=\"http:\/\/schema.org\/Answer\">\n                                <div class=\"panel-body\" itemprop=\"text\">Ja, das Tool umfasst automatische \u00dcberwachung und Warnmeldungen und benachrichtigt Benutzer per E-Mail \u00fcber defekte Links, Ausfallzeiten und Verf\u00fcgbarkeit.<\/div>\n                            <\/div>\n                        <\/div><div class=\"panel\" itemscope itemtype=\"https:\/\/schema.org\/Question\" itemprop=\"mainEntity\">\n                            <div class=\"panel-heading\" id=\"headingFaq-3\">\n                                <div class=\"panel-title\" data-toggle=\"collapse\" aria-expanded=\"false\" href=\"#collapseFaq-3\">\n                                    <h3 itemprop=\"name\">Wie kann ich auf fr\u00fchere Pr\u00fcfberichte zugreifen?<\/h3>\n                                <\/div>\n                            <\/div>\n                            <div id=\"collapseFaq-3\" class=\"panel-collapse collapse\" itemprop=\"acceptedAnswer\" itemscope itemtype=\"http:\/\/schema.org\/Answer\">\n                                <div class=\"panel-body\" itemprop=\"text\">Benutzer k\u00f6nnen fr\u00fchere Pr\u00fcfberichte vom Site-Audit-Dashboard aus erneut aufrufen, wo historische Daten und Trends zur Analyse gespeichert sind.<\/div>\n                            <\/div>\n                        <\/div><div class=\"panel\" itemscope itemtype=\"https:\/\/schema.org\/Question\" itemprop=\"mainEntity\">\n                            <div class=\"panel-heading\" id=\"headingFaq-4\">\n                                <div class=\"panel-title\" data-toggle=\"collapse\" aria-expanded=\"false\" href=\"#collapseFaq-4\">\n                                    <h3 itemprop=\"name\">Kann ich dieses Tool in die Google Search Console integrieren?<\/h3>\n                                <\/div>\n                            <\/div>\n                            <div id=\"collapseFaq-4\" class=\"panel-collapse collapse\" itemprop=\"acceptedAnswer\" itemscope itemtype=\"http:\/\/schema.org\/Answer\">\n                                <div class=\"panel-body\" itemprop=\"text\">Ja, das Tool erm\u00f6glicht die Integration in die Google Search Console, um die Analyse zu verbessern und genauere Einblicke in Indexierung und Ranking zu bieten.<\/div>\n                            <\/div>\n                        <\/div><div class=\"panel\" itemscope itemtype=\"https:\/\/schema.org\/Question\" itemprop=\"mainEntity\">\n                            <div class=\"panel-heading\" id=\"headingFaq-5\">\n                                <div class=\"panel-title\" data-toggle=\"collapse\" aria-expanded=\"false\" href=\"#collapseFaq-5\">\n                                    <h3 itemprop=\"name\">Wie lange dauert eine Websitepr\u00fcfung?<\/h3>\n                                <\/div>\n                            <\/div>\n                            <div id=\"collapseFaq-5\" class=\"panel-collapse collapse\" itemprop=\"acceptedAnswer\" itemscope itemtype=\"http:\/\/schema.org\/Answer\">\n                                <div class=\"panel-body\" itemprop=\"text\">Eine Einzelseitenpr\u00fcfung dauert nur wenige Sekunden, w\u00e4hrend eine vollst\u00e4ndige Websitepr\u00fcfung von der Anzahl der Seiten abh\u00e4ngt, aber normalerweise innerhalb weniger Minuten abgeschlossen ist.<\/div>\n                            <\/div>\n                        <\/div><div class=\"panel\" itemscope itemtype=\"https:\/\/schema.org\/Question\" itemprop=\"mainEntity\">\n                            <div class=\"panel-heading\" id=\"headingFaq-6\">\n                                <div class=\"panel-title\" data-toggle=\"collapse\" aria-expanded=\"false\" href=\"#collapseFaq-6\">\n                                    <h3 itemprop=\"name\">Kann ich \u00c4nderungen der Statuscodes meiner Website im Laufe der Zeit verfolgen?<\/h3>\n                                <\/div>\n                            <\/div>\n                            <div id=\"collapseFaq-6\" class=\"panel-collapse collapse\" itemprop=\"acceptedAnswer\" itemscope itemtype=\"http:\/\/schema.org\/Answer\">\n                                <div class=\"panel-body\" itemprop=\"text\">Ja, Sitechecker zeichnet historische Daten auf, sodass Benutzer Statuscode\u00e4nderungen verfolgen und Trends zur Website-Gesundheit \u00fcberwachen k\u00f6nnen.<\/div>\n                            <\/div>\n                        <\/div><\/div><\/div><\/p>","protected":false},"excerpt":{"rendered":"Was ist der HTTP-Statuscode-Tester? Der HTTP-Statuscode-Validator auf Sitechecker hilft Benutzern, den HTTP-Antwortstatus einer bestimmten Webseite oder aller Seiten einer Website zu \u00fcberpr\u00fcfen. Damit k\u00f6nnen Websitebesitzer, Entwickler und SEO-Spezialisten potenzielle Probleme mit der Seitenzug\u00e4nglichkeit, Weiterleitungen, Serverfehlern und defekten Links schnell identifizieren und so eine reibungslose Website-Leistung und optimale Suchmaschinenindizierung sicherstellen. Wie kann Ihnen das Tool helfen?&#8230;","protected":false},"author":10409641,"featured_media":3418,"parent":0,"menu_order":0,"comment_status":"closed","ping_status":"closed","template":"pages-templates\/pages-minitools-3.php","meta":[],"categories":[73],"tags":[],"_links":{"self":[{"href":"https:\/\/sitechecker.pro\/de\/wp-json\/wp\/v2\/pages\/1003"}],"collection":[{"href":"https:\/\/sitechecker.pro\/de\/wp-json\/wp\/v2\/pages"}],"about":[{"href":"https:\/\/sitechecker.pro\/de\/wp-json\/wp\/v2\/types\/page"}],"author":[{"embeddable":true,"href":"https:\/\/sitechecker.pro\/de\/wp-json\/wp\/v2\/users\/10409641"}],"replies":[{"embeddable":true,"href":"https:\/\/sitechecker.pro\/de\/wp-json\/wp\/v2\/comments?post=1003"}],"version-history":[{"count":5,"href":"https:\/\/sitechecker.pro\/de\/wp-json\/wp\/v2\/pages\/1003\/revisions"}],"predecessor-version":[{"id":35759,"href":"https:\/\/sitechecker.pro\/de\/wp-json\/wp\/v2\/pages\/1003\/revisions\/35759"}],"wp:featuredmedia":[{"embeddable":true,"href":"https:\/\/sitechecker.pro\/de\/wp-json\/wp\/v2\/media\/3418"}],"wp:attachment":[{"href":"https:\/\/sitechecker.pro\/de\/wp-json\/wp\/v2\/media?parent=1003"}],"wp:term":[{"taxonomy":"category","embeddable":true,"href":"https:\/\/sitechecker.pro\/de\/wp-json\/wp\/v2\/categories?post=1003"},{"taxonomy":"post_tag","embeddable":true,"href":"https:\/\/sitechecker.pro\/de\/wp-json\/wp\/v2\/tags?post=1003"}],"curies":[{"name":"wp","href":"https:\/\/api.w.org\/{rel}","templated":true}]}}