{"id":10026,"date":"2020-06-12T12:45:55","date_gmt":"2020-06-12T10:45:55","guid":{"rendered":"https:\/\/sitechecker.pro\/?page_id=10026"},"modified":"2026-02-16T17:22:27","modified_gmt":"2026-02-16T17:22:27","slug":"website-word-counter","status":"publish","type":"page","link":"https:\/\/sitechecker.pro\/de\/website-word-counter\/","title":{"rendered":"Website-Wortz\u00e4hler | Wortz\u00e4hlung f\u00fcr jede Website-Seite"},"content":{"rendered":"<p><\/p>\n<h2 id=\"par1\">Was ist der Website-Wortz\u00e4hler?<\/h2>\n<p>Der Website-Wortz\u00e4hler von <a href=\"https:\/\/sitechecker.pro\/\" target=\"_blank\" rel=\"noopener noreferrer\">Sitechecker<\/a> berechnet die Wortanzahl einzelner Seiten und ganzer Websites. Er ist unerl\u00e4sslich f\u00fcr SEO und hilft Ihnen, das Inhaltsvolumen Ihrer Website zu verstehen, das sich direkt auf Ranking, Nutzererfahrung und Wettbewerbsvorteil auswirkt. Das Tool identifiziert au\u00dferdem potenzielle Probleme und bietet eine detaillierte Anleitung zur L\u00f6sung. Es ist hilfreich f\u00fcr Autoren, SEO-Spezialisten und alle, die Wettbewerber analysieren, da es Einblicke in die Keyword-Dichte und die Optimierung der Inhaltsl\u00e4nge bietet.<\/p>\n<h3>Wie kann Ihnen das Tool helfen?<\/h3>\n<p><strong>Wortzahlberechnung<\/strong>: Berechnet die Gesamtzahl der Zeichen auf Webseiten oder ganzen Websites, was f\u00fcr eine umfassende SEO-Analyse entscheidend ist.<\/p>\n<p><strong>Problemerkennung<\/strong>: Identifiziert potenzielle Probleme im Inhalt sowie Seiten mit geringer Wortanzahl und bietet umsetzbare L\u00f6sungen.<\/p>\n<p><strong>Keyword-Dichte-Einblicke<\/strong>: Bietet detaillierte Einblicke in die Keyword-Dichte von Inhalten und unterst\u00fctzt so die Optimierung von Webseiten f\u00fcr eine bessere Sichtbarkeit in Suchmaschinen.<\/p>\n<h3>Hauptfunktionen des Tools<\/h3>\n<p><strong>Einheitliches Dashboard<\/strong>: Bietet einen umfassenden \u00dcberblick \u00fcber SEO-Kennzahlen und -Performance an einem Ort.<\/p>\n<p><strong>Benutzerfreundliche Oberfl\u00e4che<\/strong>: Die benutzerfreundliche Oberfl\u00e4che erm\u00f6glicht Nutzern aller Erfahrungsstufen die Navigation und effektive Nutzung der SEO-Tools.<\/p>\n<p><strong>Umfassendes SEO-Toolset<\/strong>: Bietet eine breite Palette an SEO-Tools f\u00fcr eine umfassende Website-Analyse und -Optimierung \u2013 von der Keyword-Recherche bis zur Backlink-Analyse.<\/p>\n<h2 id=\"par2\">So verwenden Sie das Tool<\/h2>\n<p>Eine umfassende Website-Analyse ist ganz einfach: \u00dcberpr\u00fcfen Sie einfach die Zeichenanzahl auf allen Seiten. Diese Funktion analysiert Ihre Website detailliert, analysiert das Inhaltsvolumen und deckt minderwertige Inhaltsbereiche auf.<\/p>\n<p>F\u00fcr eine schnellere Auswertung bietet das Tool auch die M\u00f6glichkeit, externe Links von einer Seite abzurufen. Diese Funktion eignet sich ideal, wenn Sie schnell eine Wortz\u00e4hlung und Qualit\u00e4tsanalyse einer bestimmten Seite ben\u00f6tigen \u2013 ganz ohne Konto.<\/p>\n<p>Um mit der Verbesserung Ihrer Website-Inhalte zu beginnen, w\u00e4hlen Sie einfach den gew\u00fcnschten Audit-Typ und klicken Sie auf \u201eAudit starten\u201c.<\/p>\n<div class=\"content__img-wrap\"><img src=\"https:\/\/sitechecker.pro\/wp-content\/uploads\/2024\/07\/choose-audit-option.png\" alt=\"Audit-Option ausw\u00e4hlen\" class=\"description-img description-img-zoom\" loading=\"lazy\" ><\/div>\n<h2 id=\"par3\">Wortanzahl der Website ermitteln<\/h2>\n<h3>Schritt 1: URL-Adresse eingeben<\/h3>\n<div class=\"content__img-wrap\"><img src=\"https:\/\/sitechecker.pro\/wp-content\/uploads\/2024\/07\/check-website-content.png\" alt=\"Website-Inhalt pr\u00fcfen\" class=\"description-img description-img-zoom\" loading=\"lazy\" ><\/div>\n<div class=\"important-block\">Um Ergebnisse zu erhalten und 14 Tage lang auf die Funktionen von Sitechecker zuzugreifen, starten Sie Ihre kostenlose Testversion. Die Anmeldung erfolgt ganz einfach mit Ihrem E-Mail-, Google- oder Facebook-Konto. Keine Kreditkarte erforderlich.<\/div>\n<h3>Schritt 2: Ergebnisse abrufen<\/h3>\n<p>Nachdem Sie den Website-Wort-Rechner ausgef\u00fchrt haben, sehen Sie eine \u00fcbersichtliche Aufschl\u00fcsselung der Inhaltsprobleme, die die Suchrelevanz Ihrer Website beeintr\u00e4chtigen. Im Abschnitt \u201eInhaltsrelevanz\u201c werden Probleme wie geringe Wortanzahl, leere Titel oder fehlender Alternativtext zusammen mit der Anzahl der betroffenen Seiten aufgelistet. Jedes Problem wird durch einen Fortschrittsbalken angezeigt, der Ihnen einen visuellen \u00dcberblick \u00fcber die H\u00e4ufigkeit des Problems gibt.<\/p>\n<div class=\"content__img-wrap\"><img src=\"https:\/\/sitechecker.pro\/wp-content\/uploads\/2024\/07\/content-relevance-issues.png\" alt=\"Probleme mit der Inhaltsrelevanz\" class=\"description-img description-img-zoom\" loading=\"lazy\" ><\/div>\n<h2 id=\"par4\">Zus\u00e4tzliche Funktionen<\/h2>\n<p>Klicken Sie auf den Reiter \u201eAlle Seiten anzeigen\u201c, um die Wortanzahl aller Artikel auf Ihrer Website zu \u00fcberpr\u00fcfen.<\/p>\n<div class=\"content__img-wrap\"><img src=\"https:\/\/sitechecker.pro\/wp-content\/uploads\/2024\/07\/view-all-pages.png\" alt=\"Alle Seiten anzeigen\" class=\"description-img description-img-zoom\" loading=\"lazy\" ><\/div>\n<p>W\u00e4hlen Sie die zu analysierende Seite aus und klicken Sie darauf, um die technischen Details sowie die Textl\u00e4nge nach W\u00f6rtern und Zeichen anzuzeigen.<\/p>\n<div class=\"content__img-wrap\"><img src=\"https:\/\/sitechecker.pro\/wp-content\/uploads\/2024\/07\/all-html-pages-list.png\" alt=\"Liste aller HTML-Seiten\" class=\"description-img description-img-zoom\" loading=\"lazy\" ><\/div>\n<div class=\"content__img-wrap\"><img src=\"https:\/\/sitechecker.pro\/wp-content\/uploads\/2024\/07\/text-length.png\" alt=\"Textl\u00e4nge\" class=\"description-img description-img-zoom\" loading=\"lazy\" ><\/div>\n<p>Das Tool analysiert die Keyword-H\u00e4ufigkeit und deren Einfluss auf die SEO. Sie k\u00f6nnen den Prozentsatz direkter Keyword-Vorkommen im Verh\u00e4ltnis zum gesamten Textvolumen der Seite ermitteln. W\u00e4hlen Sie zur besseren \u00dcbersichtlichkeit Keywords mit 1, 2 oder 3 W\u00f6rtern aus. \u00dcberpr\u00fcfen Sie anschlie\u00dfend die H\u00e4ufigkeit dieser Keywords im Text, um sicherzustellen, dass ihre Verwendung die Suchmaschinenoptimierung nicht durch \u00dcberoptimierung beeintr\u00e4chtigt.<\/p>\n<div class=\"content__img-wrap\"><img src=\"https:\/\/sitechecker.pro\/wp-content\/uploads\/2024\/07\/page-details-content-relevance.png\" alt=\"Seitendetails Inhaltsrelevanz\" class=\"description-img description-img-zoom\" loading=\"lazy\" ><\/div>\n<h2 id=\"par5\">Webseiten-Wortz\u00e4hler<\/h2>\n<h3>Schritt 1: Um die Wortanzahl einer Seite zu ermitteln, klicken Sie einfach auf die Pr\u00fcfung f\u00fcr eine einzelne Seite.<\/h3>\n<div class=\"content__img-wrap\"><img src=\"https:\/\/sitechecker.pro\/wp-content\/uploads\/2024\/07\/word-count-for-all-pages.png\" alt=\"Wortanzahl f\u00fcr alle Seiten\" class=\"description-img description-img-zoom\" loading=\"lazy\" ><\/div>\n<h3>Schritt 2: Ergebnisse des URL-Wortz\u00e4hlers abrufen<\/h3>\n<p>Das Tool berechnet die Textl\u00e4nge Ihrer Seite und liefert die exakte Zeichen- und Wortanzahl \u2013 unerl\u00e4sslich f\u00fcr SEO, um die empfohlenen Standards f\u00fcr Inhaltstiefe und Lesbarkeit zu erf\u00fcllen.<\/p>\n<p>Au\u00dferdem zeigt es das Text-zu-Code-Verh\u00e4ltnis an, das den Inhaltsreichtum im Verh\u00e4ltnis zum HTML-Code angibt \u2013 eine wichtige SEO-Kennzahl.<\/p>\n<p>Mit dieser Funktion k\u00f6nnen Sie beurteilen, ob Ihre Inhalte Ihren SEO-Zielen entsprechen, und so die Website-Performance optimieren.<\/p>\n<div class=\"content__img-wrap\"><img src=\"https:\/\/sitechecker.pro\/wp-content\/uploads\/2024\/07\/word-counter-results.png\" alt=\"Word Counter Results\" class=\"description-img description-img-zoom\" loading=\"lazy\" ><\/div>\n<p>Diese Informationen beziehen sich ausschlie\u00dflich auf eine einzelne Seite Ihrer Website. F\u00fcr eine umfassende Analyse aller Seiten und die Identifizierung von Inhaltsfehlern, die Ihre SEO-Performance beeintr\u00e4chtigen, empfehlen wir Ihnen ein vollst\u00e4ndiges Website-Audit.<\/p>\n<h2 id=\"par6\">Zusammenfassung<\/h2>\n<p>Der Website Word Count Checker ist ein wertvolles SEO-Tool, das detaillierte Analysen der Inhaltsanzahl bietet und Probleme sowohl f\u00fcr einzelne Seiten als auch f\u00fcr ganze Websites identifiziert. Es unterst\u00fctzt die Optimierung von Inhalten f\u00fcr die Sichtbarkeit in Suchmaschinen, indem es Einblicke in die Keyword-Dichte bietet und sicherstellt, dass Inhalte SEO-Standards entsprechen. Dank der benutzerfreundlichen Oberfl\u00e4che und einer umfassenden Palette an SEO-Tools vereinfacht es den Prozess der Inhaltsoptimierung \u2013 von der ersten Analyse bis zur Identifizierung von Verbesserungspotenzialen. Ob f\u00fcr eine schnelle Seiten\u00fcberpr\u00fcfung oder ein vollst\u00e4ndiges Website-Audit \u2013 es ist eine unverzichtbare Ressource zur Verbesserung von Inhalt und Performance Ihrer Website.<\/p>\n<div id=\"par7\"><\/div>\n<p><div class=\"front__faq-block\"><div class=\"faq__block-title\">FAQ<\/div><div class=\"panel-group\" id=\"faq-accordion\" itemscope itemtype=\"https:\/\/schema.org\/FAQPage\" role=\"tablist\" aria-multiselectable=\"true\"><div class=\"panel\" itemscope itemtype=\"https:\/\/schema.org\/Question\" itemprop=\"mainEntity\">\n                            <div class=\"panel-heading\" id=\"headingFaq-1\">\n                                <div class=\"panel-title\" data-toggle=\"collapse\" aria-expanded=\"false\" href=\"#collapseFaq-1\">\n                                    <h3 itemprop=\"name\">Ist der Total Word Counter f\u00fcr einmalige Nutzer oder nur f\u00fcr regelm\u00e4\u00dfige SEO-Arbeit geeignet?<\/h3>\n                                <\/div>\n                            <\/div>\n                            <div id=\"collapseFaq-1\" class=\"panel-collapse collapse\" itemprop=\"acceptedAnswer\" itemscope itemtype=\"http:\/\/schema.org\/Answer\">\n                                <div class=\"panel-body\" itemprop=\"text\">Das Tool ist vielseitig genug f\u00fcr einmalige Nutzer, die einen schnellen Check ben\u00f6tigen, und SEO-Experten, die detaillierte, regelm\u00e4\u00dfige Website-Audits ben\u00f6tigen.<\/div>\n                            <\/div>\n                        <\/div><div class=\"panel\" itemscope itemtype=\"https:\/\/schema.org\/Question\" itemprop=\"mainEntity\">\n                            <div class=\"panel-heading\" id=\"headingFaq-2\">\n                                <div class=\"panel-title\" data-toggle=\"collapse\" aria-expanded=\"false\" href=\"#collapseFaq-2\">\n                                    <h3 itemprop=\"name\">Wie unterst\u00fctzt der Website Content Counter die Verbesserung von Website-Inhalten?<\/h3>\n                                <\/div>\n                            <\/div>\n                            <div id=\"collapseFaq-2\" class=\"panel-collapse collapse\" itemprop=\"acceptedAnswer\" itemscope itemtype=\"http:\/\/schema.org\/Answer\">\n                                <div class=\"panel-body\" itemprop=\"text\">Durch die pr\u00e4zise Wortz\u00e4hlung, die Identifizierung von Inhalten geringer Qualit\u00e4t und Einblicke in die Keyword-Dichte unterst\u00fctzt das Tool Nutzer bei der Optimierung ihrer Inhalte f\u00fcr eine bessere SEO-Performance.<\/div>\n                            <\/div>\n                        <\/div><div class=\"panel\" itemscope itemtype=\"https:\/\/schema.org\/Question\" itemprop=\"mainEntity\">\n                            <div class=\"panel-heading\" id=\"headingFaq-3\">\n                                <div class=\"panel-title\" data-toggle=\"collapse\" aria-expanded=\"false\" href=\"#collapseFaq-3\">\n                                    <h3 itemprop=\"name\">Kann der Website-Wortz\u00e4hler spezifische SEO-Probleme auf einer Seite erkennen?<\/h3>\n                                <\/div>\n                            <\/div>\n                            <div id=\"collapseFaq-3\" class=\"panel-collapse collapse\" itemprop=\"acceptedAnswer\" itemscope itemtype=\"http:\/\/schema.org\/Answer\">\n                                <div class=\"panel-body\" itemprop=\"text\">Ja, er kann eine Vielzahl von SEO-Problemen erkennen, wie z. B. eine geringe Wortanzahl, leere Titel oder fehlenden Alternativtext, und bietet konkrete L\u00f6sungen zu deren Behebung.<\/div>\n                            <\/div>\n                        <\/div><div class=\"panel\" itemscope itemtype=\"https:\/\/schema.org\/Question\" itemprop=\"mainEntity\">\n                            <div class=\"panel-heading\" id=\"headingFaq-4\">\n                                <div class=\"panel-title\" data-toggle=\"collapse\" aria-expanded=\"false\" href=\"#collapseFaq-4\">\n                                    <h3 itemprop=\"name\">Bietet der Website-Wortz\u00e4hler-Detektor L\u00f6sungen oder identifiziert er nur Probleme?<\/h3>\n                                <\/div>\n                            <\/div>\n                            <div id=\"collapseFaq-4\" class=\"panel-collapse collapse\" itemprop=\"acceptedAnswer\" itemscope itemtype=\"http:\/\/schema.org\/Answer\">\n                                <div class=\"panel-body\" itemprop=\"text\">Neben der Problemerkennung bietet das Tool auch detaillierte Anleitungen zur L\u00f6sung der erkannten Probleme, um das Ranking und die Leistung Ihrer Website zu verbessern.<\/div>\n                            <\/div>\n                        <\/div><\/div><\/div><\/p>","protected":false},"excerpt":{"rendered":"Was ist der Website-Wortz\u00e4hler? Der Website-Wortz\u00e4hler von Sitechecker berechnet die Wortanzahl einzelner Seiten und ganzer Websites. Er ist unerl\u00e4sslich f\u00fcr SEO und hilft Ihnen, das Inhaltsvolumen Ihrer Website zu verstehen, das sich direkt auf Ranking, Nutzererfahrung und Wettbewerbsvorteil auswirkt. Das Tool identifiziert au\u00dferdem potenzielle Probleme und bietet eine detaillierte Anleitung zur L\u00f6sung. Es ist hilfreich&#8230;","protected":false},"author":10409641,"featured_media":10030,"parent":0,"menu_order":0,"comment_status":"closed","ping_status":"closed","template":"pages-templates\/pages-minitools-3.php","meta":[],"categories":[70],"tags":[],"_links":{"self":[{"href":"https:\/\/sitechecker.pro\/de\/wp-json\/wp\/v2\/pages\/10026"}],"collection":[{"href":"https:\/\/sitechecker.pro\/de\/wp-json\/wp\/v2\/pages"}],"about":[{"href":"https:\/\/sitechecker.pro\/de\/wp-json\/wp\/v2\/types\/page"}],"author":[{"embeddable":true,"href":"https:\/\/sitechecker.pro\/de\/wp-json\/wp\/v2\/users\/10409641"}],"replies":[{"embeddable":true,"href":"https:\/\/sitechecker.pro\/de\/wp-json\/wp\/v2\/comments?post=10026"}],"version-history":[{"count":29,"href":"https:\/\/sitechecker.pro\/de\/wp-json\/wp\/v2\/pages\/10026\/revisions"}],"predecessor-version":[{"id":39305,"href":"https:\/\/sitechecker.pro\/de\/wp-json\/wp\/v2\/pages\/10026\/revisions\/39305"}],"wp:featuredmedia":[{"embeddable":true,"href":"https:\/\/sitechecker.pro\/de\/wp-json\/wp\/v2\/media\/10030"}],"wp:attachment":[{"href":"https:\/\/sitechecker.pro\/de\/wp-json\/wp\/v2\/media?parent=10026"}],"wp:term":[{"taxonomy":"category","embeddable":true,"href":"https:\/\/sitechecker.pro\/de\/wp-json\/wp\/v2\/categories?post=10026"},{"taxonomy":"post_tag","embeddable":true,"href":"https:\/\/sitechecker.pro\/de\/wp-json\/wp\/v2\/tags?post=10026"}],"curies":[{"name":"wp","href":"https:\/\/api.w.org\/{rel}","templated":true}]}}